{"id":498,"date":"2015-06-16T13:17:07","date_gmt":"2015-06-16T11:17:07","guid":{"rendered":"https:\/\/webs.uab.cat\/oic\/estrategia-0\/"},"modified":"2015-06-16T13:17:07","modified_gmt":"2015-06-16T11:17:07","slug":"estrategia-0","status":"publish","type":"page","link":"https:\/\/webs.uab.cat\/oic\/estrategia-0\/","title":{"rendered":"Estrat\u00e8gia"},"content":{"rendered":"<p>&nbsp;L&#8217;estrat\u00e8gia del Grup de Recerca LOCALCOM per al per\u00edode 2018 &#8211; 2021 est\u00e0 orientada a tres objectius principals:<\/p>\n<ol>\n<li>Incrementar la investigaci\u00f3 competitiva i la pres\u00e8ncia del Grup a escala nacional.<\/li>\n<li>Internacionalitzar les diferents activitats dels membres del Grup.<\/li>\n<li>Potenciar la transfer\u00e8ncia de coneixements de l&#8217;Observatori Iberoameric\u00e0 de la Comunicaci\u00f3 (OIC) a les xarxes de col\u00b7laboradors i als grups d&#8217;inter\u00e8s espec\u00edfics.<\/li>\n<\/ol>\n<p>&nbsp;<\/p>\n<p>&nbsp;<\/p>\n","protected":false},"excerpt":{"rendered":"<p>&nbsp;L&#8217;estrat\u00e8gia del Grup de Recerca LOCALCOM per al per\u00edode 2018 &#8211; 2021 est\u00e0 orientada a tres objectius principals: Incrementar la investigaci\u00f3 competitiva i la pres\u00e8ncia del Grup a escala nacional. Internacionalitzar les diferents activitats dels membres del Grup. Potenciar la transfer\u00e8ncia de coneixements de l&#8217;Observatori Iberoameric\u00e0 de la Comunicaci\u00f3 (OIC) a les xarxes de col\u00b7laboradors [&hellip;]<\/p>\n","protected":false},"author":20,"featured_media":0,"parent":0,"menu_order":0,"comment_status":"closed","ping_status":"closed","template":"","meta":{"footnotes":""},"class_list":["post-498","page","type-page","status-publish","hentry"],"_links":{"self":[{"href":"https:\/\/webs.uab.cat\/oic\/wp-json\/wp\/v2\/pages\/498","targetHints":{"allow":["GET"]}}],"collection":[{"href":"https:\/\/webs.uab.cat\/oic\/wp-json\/wp\/v2\/pages"}],"about":[{"href":"https:\/\/webs.uab.cat\/oic\/wp-json\/wp\/v2\/types\/page"}],"author":[{"embeddable":true,"href":"https:\/\/webs.uab.cat\/oic\/wp-json\/wp\/v2\/users\/20"}],"replies":[{"embeddable":true,"href":"https:\/\/webs.uab.cat\/oic\/wp-json\/wp\/v2\/comments?post=498"}],"version-history":[{"count":0,"href":"https:\/\/webs.uab.cat\/oic\/wp-json\/wp\/v2\/pages\/498\/revisions"}],"wp:attachment":[{"href":"https:\/\/webs.uab.cat\/oic\/wp-json\/wp\/v2\/media?parent=498"}],"curies":[{"name":"wp","href":"https:\/\/api.w.org\/{rel}","templated":true}]}}