{"id":542,"date":"2018-01-17T13:46:10","date_gmt":"2018-01-17T11:46:10","guid":{"rendered":"https:\/\/webs.uab.cat\/oic\/esptv-presentacio\/"},"modified":"2022-10-05T14:49:42","modified_gmt":"2022-10-05T12:49:42","slug":"esptv-presentacio","status":"publish","type":"page","link":"https:\/\/webs.uab.cat\/oic\/esptv-presentacio\/","title":{"rendered":"Televisi\u00f3 p\u00fablica i entorns digitals"},"content":{"rendered":"\n<p>El projecte <em>Els reptes de la televisi\u00f3 p\u00fablica a Espanya davant el mercat \u00fanic digital europeu: estrat\u00e8gies multipantalla, innovaci\u00f3 i renovaci\u00f3 dels mandats del servei p\u00fablic <\/em>\u00e9s una iniciativa desenvolupada pel grup Localcom en el marc del&nbsp;Programa Estatal d&#8217;Investigaci\u00f3, Desenvolupament i Innovaci\u00f3 Orientada als Reptes de la Societat, finan\u00e7at pel Ministeri de Ci\u00e8ncia, Innovaci\u00f3 i Universitats.<\/p>\n\n\n\n<p>\u00a0\u00a0\u00a0 \u00bb <a href=\"#RESU\"><strong>Resum<\/strong><\/a><br>\u00a0\u00a0\u00a0 \u00bb <strong><a href=\"#EQU\">Finalitat del projecte<\/a><\/strong><\/p>\n\n\n\n<h2 class=\"wp-block-heading\" id=\"RESU\">Resum<\/h2>\n\n\n\n<p>El ple funcionament d&#8217;un mercat \u00fanic digital \u00e9s un dels grans objectius de la Uni\u00f3 Europea en el marc de l&#8217;estrat\u00e8gia Europa 2020. La seva implementaci\u00f3 afecta tots els sectors econ\u00f2mics i entre ells, a les televisions p\u00fabliques. El desplegament de la tecnologia digital en el sector televisiu t\u00e9 unes singularitats que requereixen d&#8217;un estudi detallat. A m\u00e9s la converg\u00e8ncia de la televisi\u00f3 i Internet permet al p\u00fablic accedir als continguts audiovisuals pr\u00e0cticament des de qualsevol lloc i en tot moment a trav\u00e9s de diversos dispositius connectats.<\/p>\n\n\n\n<p>Davant d&#8217;aquesta realitat, els canals de televisi\u00f3 de servei p\u00fablic s&#8217;esforcen per atreure i mantenir a les seves audi\u00e8ncies amb noves plataformes i aplicacions digitals, amb la finalitat d&#8217;enfortir la interacci\u00f3 amb els seus espectadors i diferenciar-se d&#8217;altres canals, mitjan\u00e7ant el conjunt de valors institucionals que li s\u00f3n propis. Encara que en la Uni\u00f3 Europea existeixen directrius precises respecte al desenvolupament del mercat \u00fanic digital i a la gesti\u00f3 de l&#8217;espectre radioel\u00e8ctric, el disseny i desenvolupament del servei p\u00fablic es troba sota la compet\u00e8ncia dels estats membres. A falta d&#8217;una pol\u00edtica comuna, m\u00e9s enll\u00e0 del manteniment de la import\u00e0ncia del mandat de servei p\u00fablic, la nova realitat multipantalla planteja molts interrogants sobre com mantenir la vitalitat i la rellev\u00e0ncia de la televisi\u00f3 p\u00fablica. D&#8217;altra banda, a partir del 2020 l&#8217;impacte de la liberalitzaci\u00f3 de la banda dels 700MHz i el desenvolupament de la tecnologia 5G podran en q\u00fcesti\u00f3 l&#8217;espai espectral destinat a la televisi\u00f3 digital terrestre i afavoriran la transmissi\u00f3 en xarxa dels senyals de v\u00eddeo d&#8217; qualitat.<\/p>\n\n\n\n<p>En aquest escenari, les estrat\u00e8gies d&#8217;innovaci\u00f3 i adaptaci\u00f3 de la televisi\u00f3 p\u00fablica a un ecosistema multipantalla s&#8217;han convertit en temes prioritaris per a investigadors i mitjans a escala europea. Aix\u00ed mateix deure oc\u00f3rrer en el cas espanyol on s&#8217;hauria de col\u00b7locar en l&#8217;agenda de prioritats de la televisi\u00f3 p\u00fablica, nacional, auton\u00f2mica i local.<\/p>\n\n\n\n<h2 class=\"wp-block-heading\" id=\"EQU\">Finalitat del projecte<\/h2>\n\n\n\n<p>El present projecte de recerca t\u00e9 la voluntat d&#8217;aportar des de l&#8217;\u00e0mbit acad\u00e8mic propostes sobre l&#8217;estructura i la pol\u00edtica de comunicaci\u00f3 que contribueixin a col\u00b7locar en l&#8217;agenda dels mitjans p\u00fablics aquest imperi\u00f3s debat. La proposta persegueix els seg\u00fcents objectius espec\u00edfics:<\/p>\n\n\n\n<p>1) Seleccionar, analitzar i valorar, des d&#8217;una perspectiva comparada, les estrat\u00e8gies internacionals desplegades per les televisions p\u00fabliques per a la seva adaptaci\u00f3 a l&#8217;escenari multipantalla en el marc de la consolidaci\u00f3 del mercat \u00fanic digital europeu;<\/p>\n\n\n\n<p>2) Elaborar un model d&#8217;indicadors, basat en els criteris de disponibilitat, usos i context, que permeti mesurar i diagnosticar l&#8217;adaptaci\u00f3 dels mitjans p\u00fablics al nou entorn digital;<\/p>\n\n\n\n<p>3) Aplicar el model d&#8217;indicadors desenvolupat al cas espanyol, a partir d&#8217;una mostra de canals p\u00fablics que emeten en els seg\u00fcents espais comunicatius: nacional, auton\u00f2mic i local;<\/p>\n\n\n\n<p>4) Crear una cartografia de plataformes, din\u00e0miques d&#8217;interacci\u00f3 i recursos digitals de la televisi\u00f3 p\u00fablica a escala nacional, auton\u00f2mica i local, per tal d&#8217;avaluar i comparar la seva adaptaci\u00f3 a l&#8217;escenari multipantalla; i<\/p>\n\n\n\n<p>5) Proposar una agenda d&#8217;iniciatives pol\u00edtiques que permetin donar continu\u00eftat als principis del servei p\u00fablic a l&#8217;escenari multicanal, multiplataforma i amb diversitat de continguts.<\/p>\n","protected":false},"excerpt":{"rendered":"<p>El projecte Els reptes de la televisi\u00f3 p\u00fablica a Espanya davant el mercat \u00fanic digital europeu: estrat\u00e8gies multipantalla, innovaci\u00f3 i renovaci\u00f3 dels mandats del servei p\u00fablic \u00e9s una iniciativa desenvolupada pel grup Localcom en el marc del&nbsp;Programa Estatal d&#8217;Investigaci\u00f3, Desenvolupament i Innovaci\u00f3 Orientada als Reptes de la Societat, finan\u00e7at pel Ministeri de Ci\u00e8ncia, Innovaci\u00f3 i [&hellip;]<\/p>\n","protected":false},"author":20,"featured_media":0,"parent":0,"menu_order":0,"comment_status":"closed","ping_status":"closed","template":"","meta":{"footnotes":""},"class_list":["post-542","page","type-page","status-publish","hentry"],"_links":{"self":[{"href":"https:\/\/webs.uab.cat\/oic\/wp-json\/wp\/v2\/pages\/542","targetHints":{"allow":["GET"]}}],"collection":[{"href":"https:\/\/webs.uab.cat\/oic\/wp-json\/wp\/v2\/pages"}],"about":[{"href":"https:\/\/webs.uab.cat\/oic\/wp-json\/wp\/v2\/types\/page"}],"author":[{"embeddable":true,"href":"https:\/\/webs.uab.cat\/oic\/wp-json\/wp\/v2\/users\/20"}],"replies":[{"embeddable":true,"href":"https:\/\/webs.uab.cat\/oic\/wp-json\/wp\/v2\/comments?post=542"}],"version-history":[{"count":1,"href":"https:\/\/webs.uab.cat\/oic\/wp-json\/wp\/v2\/pages\/542\/revisions"}],"predecessor-version":[{"id":2513,"href":"https:\/\/webs.uab.cat\/oic\/wp-json\/wp\/v2\/pages\/542\/revisions\/2513"}],"wp:attachment":[{"href":"https:\/\/webs.uab.cat\/oic\/wp-json\/wp\/v2\/media?parent=542"}],"curies":[{"name":"wp","href":"https:\/\/api.w.org\/{rel}","templated":true}]}}