{"id":2227,"date":"2024-07-26T10:47:13","date_gmt":"2024-07-26T08:47:13","guid":{"rendered":"https:\/\/webs.uab.cat\/openlabs\/?page_id=2227"},"modified":"2025-01-28T11:24:35","modified_gmt":"2025-01-28T09:24:35","slug":"coneix-els-labs","status":"publish","type":"page","link":"https:\/\/webs.uab.cat\/openlabs\/coneix-els-labs\/","title":{"rendered":"Qui som"},"content":{"rendered":"\n<p>La xarxa de Laboratoris d\u2019Innovaci\u00f3 Oberta (UAB Open Labs) \u00e9s un ecosistema de la UAB per al desenvolupament d\u2019idees i projectes que promou la col\u00b7laboraci\u00f3, la innovaci\u00f3 i la transfer\u00e8ncia de coneixement entre personal investigador, organitzacions empresarials o socials, estudiants i ciutadania.<\/p>\n\n\n\n<p>Fomentem els enfocaments plurals i treballem perqu\u00e8 l\u2019experi\u00e8ncia tant d\u2019individus com d\u2019organitzacions pugui alimentar projectes col\u00b7laboratius que vagin m\u00e9s enll\u00e0 dels \u00e0mbits professionals o disciplinaris. Mantenint sempre el focus envers un futur responsable, afavorim la capacitaci\u00f3 digital&nbsp;i&nbsp;impulsem la innovaci\u00f3 social i l\u2019ecoinnovaci\u00f3.<\/p>\n\n\n\n<figure class=\"wp-block-embed is-type-video is-provider-youtube wp-block-embed-youtube wp-embed-aspect-16-9 wp-has-aspect-ratio\"><div class=\"wp-block-embed__wrapper\">\n<iframe loading=\"lazy\" title=\"UAB Open Labs - presentaci\u00f3\" width=\"580\" height=\"326\" src=\"https:\/\/www.youtube.com\/embed\/IXLNuFNdI_g?feature=oembed\" frameborder=\"0\" allow=\"accelerometer; autoplay; clipboard-write; encrypted-media; gyroscope; picture-in-picture; web-share\" referrerpolicy=\"strict-origin-when-cross-origin\" allowfullscreen><\/iframe>\n<\/div><\/figure>\n\n\n\n<h4 class=\"wp-block-heading\" id=\"objectius\">OBJECTIUS<\/h4>\n\n\n\n<ul class=\"wp-block-list\">\n<li><strong>Donar<\/strong>\u00a0<strong>suport<\/strong>\u00a0a la innovaci\u00f3 en recerca, educaci\u00f3 i transfer\u00e8ncia.<\/li>\n\n\n\n<li><strong>Contribuir\u00a0<\/strong>a consolidar un ecosistema d\u2019innovaci\u00f3 oberta dins la Universitat i el seu territori per fomentar la innovaci\u00f3 social digital, l\u2019ecoinnovaci\u00f3 i la innovaci\u00f3 empresarial basada en reptes socials.<\/li>\n\n\n\n<li><strong>Capacitar<\/strong> la comunitat universit\u00e0ria mitjan\u00e7ant l\u2019adquisici\u00f3 de compet\u00e8ncies digitals i fomentar vocacions tecnol\u00f2giques.<\/li>\n\n\n\n<li><strong>Crear<\/strong>\u00a0i consolidar comunitats i equips col\u00b7laboratius interdisciplinaris, oberts i creatius.<\/li>\n<\/ul>\n\n\n\n<p><\/p>\n","protected":false},"excerpt":{"rendered":"<p>La xarxa de Laboratoris d\u2019Innovaci\u00f3 Oberta (UAB Open Labs) \u00e9s un ecosistema de la UAB per al desenvolupament d\u2019idees i projectes que promou la col\u00b7laboraci\u00f3, la innovaci\u00f3 i la transfer\u00e8ncia de coneixement entre personal investigador, organitzacions empresarials o socials, estudiants i ciutadania. Fomentem els enfocaments plurals i treballem perqu\u00e8 l\u2019experi\u00e8ncia tant d\u2019individus com d\u2019organitzacions pugui [&hellip;]<\/p>\n","protected":false},"author":2595,"featured_media":0,"parent":0,"menu_order":2,"comment_status":"closed","ping_status":"closed","template":"","meta":{"footnotes":""},"class_list":["post-2227","page","type-page","status-publish","hentry"],"yoast_head":"<!-- This site is optimized with the Yoast SEO plugin v26.8 - https:\/\/yoast.com\/product\/yoast-seo-wordpress\/ -->\n<title>Qui som - Laboratoris d&#039;innovaci\u00f3 Oberta<\/title>\n<meta name=\"robots\" content=\"index, follow, max-snippet:-1, max-image-preview:large, max-video-preview:-1\" \/>\n<link rel=\"canonical\" href=\"https:\/\/webs.uab.cat\/openlabs\/coneix-els-labs\/\" \/>\n<meta property=\"og:locale\" content=\"ca_ES\" \/>\n<meta property=\"og:type\" content=\"article\" \/>\n<meta property=\"og:title\" content=\"Qui som - Laboratoris d&#039;innovaci\u00f3 Oberta\" \/>\n<meta property=\"og:description\" content=\"La xarxa de Laboratoris d\u2019Innovaci\u00f3 Oberta (UAB Open Labs) \u00e9s un ecosistema de la UAB per al desenvolupament d\u2019idees i projectes que promou la col\u00b7laboraci\u00f3, la innovaci\u00f3 i la transfer\u00e8ncia de coneixement entre personal investigador, organitzacions empresarials o socials, estudiants i ciutadania. Fomentem els enfocaments plurals i treballem perqu\u00e8 l\u2019experi\u00e8ncia tant d\u2019individus com d\u2019organitzacions pugui [&hellip;]\" \/>\n<meta property=\"og:url\" content=\"https:\/\/webs.uab.cat\/openlabs\/coneix-els-labs\/\" \/>\n<meta property=\"og:site_name\" content=\"Laboratoris d&#039;innovaci\u00f3 Oberta\" \/>\n<meta property=\"article:modified_time\" content=\"2025-01-28T09:24:35+00:00\" \/>\n<meta name=\"twitter:card\" content=\"summary_large_image\" \/>\n<meta name=\"twitter:label1\" content=\"Temps estimat de lectura\" \/>\n\t<meta name=\"twitter:data1\" content=\"1 minut\" \/>\n<script type=\"application\/ld+json\" class=\"yoast-schema-graph\">{\"@context\":\"https:\/\/schema.org\",\"@graph\":[{\"@type\":\"WebPage\",\"@id\":\"https:\/\/webs.uab.cat\/openlabs\/coneix-els-labs\/\",\"url\":\"https:\/\/webs.uab.cat\/openlabs\/coneix-els-labs\/\",\"name\":\"Qui som - Laboratoris d&#039;innovaci\u00f3 Oberta\",\"isPartOf\":{\"@id\":\"https:\/\/webs.uab.cat\/openlabs\/#website\"},\"datePublished\":\"2024-07-26T08:47:13+00:00\",\"dateModified\":\"2025-01-28T09:24:35+00:00\",\"breadcrumb\":{\"@id\":\"https:\/\/webs.uab.cat\/openlabs\/coneix-els-labs\/#breadcrumb\"},\"inLanguage\":\"ca\",\"potentialAction\":[{\"@type\":\"ReadAction\",\"target\":[\"https:\/\/webs.uab.cat\/openlabs\/coneix-els-labs\/\"]}]},{\"@type\":\"BreadcrumbList\",\"@id\":\"https:\/\/webs.uab.cat\/openlabs\/coneix-els-labs\/#breadcrumb\",\"itemListElement\":[{\"@type\":\"ListItem\",\"position\":1,\"name\":\"Inici\",\"item\":\"https:\/\/webs.uab.cat\/openlabs\/\"},{\"@type\":\"ListItem\",\"position\":2,\"name\":\"Qui som\"}]},{\"@type\":\"WebSite\",\"@id\":\"https:\/\/webs.uab.cat\/openlabs\/#website\",\"url\":\"https:\/\/webs.uab.cat\/openlabs\/\",\"name\":\"Laboratoris d&#039;innovaci\u00f3 Oberta\",\"description\":\"UAB Open Labs - espai obert per les ments obertes\",\"potentialAction\":[{\"@type\":\"SearchAction\",\"target\":{\"@type\":\"EntryPoint\",\"urlTemplate\":\"https:\/\/webs.uab.cat\/openlabs\/?s={search_term_string}\"},\"query-input\":{\"@type\":\"PropertyValueSpecification\",\"valueRequired\":true,\"valueName\":\"search_term_string\"}}],\"inLanguage\":\"ca\"}]}<\/script>\n<!-- \/ Yoast SEO plugin. -->","yoast_head_json":{"title":"Qui som - Laboratoris d&#039;innovaci\u00f3 Oberta","robots":{"index":"index","follow":"follow","max-snippet":"max-snippet:-1","max-image-preview":"max-image-preview:large","max-video-preview":"max-video-preview:-1"},"canonical":"https:\/\/webs.uab.cat\/openlabs\/coneix-els-labs\/","og_locale":"ca_ES","og_type":"article","og_title":"Qui som - Laboratoris d&#039;innovaci\u00f3 Oberta","og_description":"La xarxa de Laboratoris d\u2019Innovaci\u00f3 Oberta (UAB Open Labs) \u00e9s un ecosistema de la UAB per al desenvolupament d\u2019idees i projectes que promou la col\u00b7laboraci\u00f3, la innovaci\u00f3 i la transfer\u00e8ncia de coneixement entre personal investigador, organitzacions empresarials o socials, estudiants i ciutadania. Fomentem els enfocaments plurals i treballem perqu\u00e8 l\u2019experi\u00e8ncia tant d\u2019individus com d\u2019organitzacions pugui [&hellip;]","og_url":"https:\/\/webs.uab.cat\/openlabs\/coneix-els-labs\/","og_site_name":"Laboratoris d&#039;innovaci\u00f3 Oberta","article_modified_time":"2025-01-28T09:24:35+00:00","twitter_card":"summary_large_image","twitter_misc":{"Temps estimat de lectura":"1 minut"},"schema":{"@context":"https:\/\/schema.org","@graph":[{"@type":"WebPage","@id":"https:\/\/webs.uab.cat\/openlabs\/coneix-els-labs\/","url":"https:\/\/webs.uab.cat\/openlabs\/coneix-els-labs\/","name":"Qui som - Laboratoris d&#039;innovaci\u00f3 Oberta","isPartOf":{"@id":"https:\/\/webs.uab.cat\/openlabs\/#website"},"datePublished":"2024-07-26T08:47:13+00:00","dateModified":"2025-01-28T09:24:35+00:00","breadcrumb":{"@id":"https:\/\/webs.uab.cat\/openlabs\/coneix-els-labs\/#breadcrumb"},"inLanguage":"ca","potentialAction":[{"@type":"ReadAction","target":["https:\/\/webs.uab.cat\/openlabs\/coneix-els-labs\/"]}]},{"@type":"BreadcrumbList","@id":"https:\/\/webs.uab.cat\/openlabs\/coneix-els-labs\/#breadcrumb","itemListElement":[{"@type":"ListItem","position":1,"name":"Inici","item":"https:\/\/webs.uab.cat\/openlabs\/"},{"@type":"ListItem","position":2,"name":"Qui som"}]},{"@type":"WebSite","@id":"https:\/\/webs.uab.cat\/openlabs\/#website","url":"https:\/\/webs.uab.cat\/openlabs\/","name":"Laboratoris d&#039;innovaci\u00f3 Oberta","description":"UAB Open Labs - espai obert per les ments obertes","potentialAction":[{"@type":"SearchAction","target":{"@type":"EntryPoint","urlTemplate":"https:\/\/webs.uab.cat\/openlabs\/?s={search_term_string}"},"query-input":{"@type":"PropertyValueSpecification","valueRequired":true,"valueName":"search_term_string"}}],"inLanguage":"ca"}]}},"_links":{"self":[{"href":"https:\/\/webs.uab.cat\/openlabs\/wp-json\/wp\/v2\/pages\/2227","targetHints":{"allow":["GET"]}}],"collection":[{"href":"https:\/\/webs.uab.cat\/openlabs\/wp-json\/wp\/v2\/pages"}],"about":[{"href":"https:\/\/webs.uab.cat\/openlabs\/wp-json\/wp\/v2\/types\/page"}],"author":[{"embeddable":true,"href":"https:\/\/webs.uab.cat\/openlabs\/wp-json\/wp\/v2\/users\/2595"}],"replies":[{"embeddable":true,"href":"https:\/\/webs.uab.cat\/openlabs\/wp-json\/wp\/v2\/comments?post=2227"}],"version-history":[{"count":19,"href":"https:\/\/webs.uab.cat\/openlabs\/wp-json\/wp\/v2\/pages\/2227\/revisions"}],"predecessor-version":[{"id":4397,"href":"https:\/\/webs.uab.cat\/openlabs\/wp-json\/wp\/v2\/pages\/2227\/revisions\/4397"}],"wp:attachment":[{"href":"https:\/\/webs.uab.cat\/openlabs\/wp-json\/wp\/v2\/media?parent=2227"}],"curies":[{"name":"wp","href":"https:\/\/api.w.org\/{rel}","templated":true}]}}