{"id":2261,"date":"2024-07-30T11:41:32","date_gmt":"2024-07-30T09:41:32","guid":{"rendered":"https:\/\/webs.uab.cat\/openlabs\/?page_id=2261"},"modified":"2025-01-29T10:58:29","modified_gmt":"2025-01-29T08:58:29","slug":"laboratori-digital","status":"publish","type":"page","link":"https:\/\/webs.uab.cat\/openlabs\/labs\/laboratori-digital\/","title":{"rendered":"Digital Lab"},"content":{"rendered":"<div class=\"wp-block-post-excerpt has-background has-gris-pubilla-background-color\"><p class=\"wp-block-post-excerpt__excerpt\">Per aprofitar tots els avantatges i el poder de la realitat digital, \u00e9s imprescindible digitalitzar els\u00a0objectes f\u00edsics, els conceptes, els m\u00e8todes i els processos. <\/p><\/div>\n\n\n<h3 class=\"wp-block-heading\">Laboratori<\/h3>\n\n\n\n<p>Descobreix totes les <a href=\"https:\/\/webs.uab.cat\/openlabs\/equipament\/maquinari-digital-lab\/\" target=\"_blank\" rel=\"noreferrer noopener\">eines <\/a>que el <strong>Digital Lab<\/strong> posa a la teva disposici\u00f3 i que podr\u00e0s aplicar en teus <a href=\"https:\/\/webs.uab.cat\/openlabs\/projectes\/projectes-digital-lab\/\">projectes <\/a>sobre tot all\u00f2 el que tens al teu voltant: fotografies, diapositives, documents, llibres, objectes, edificis&#8230;<\/p>\n\n\n\n<figure class=\"wp-block-embed is-type-video is-provider-youtube wp-block-embed-youtube wp-embed-aspect-16-9 wp-has-aspect-ratio\"><div class=\"wp-block-embed__wrapper\">\n<iframe loading=\"lazy\" title=\"UAB Open Labs - Digital Lab\" width=\"580\" height=\"326\" src=\"https:\/\/www.youtube.com\/embed\/KtRK63w1780?start=16&#038;feature=oembed\" frameborder=\"0\" allow=\"accelerometer; autoplay; clipboard-write; encrypted-media; gyroscope; picture-in-picture; web-share\" referrerpolicy=\"strict-origin-when-cross-origin\" allowfullscreen><\/iframe>\n<\/div><\/figure>\n\n\n\n<p>El m\u00f3n digital, el m\u00f3n virtual i la xarxa complementen el m\u00f3n f\u00edsic i presenten un munt d\u2019avantatges en termes de comunicaci\u00f3, divulgaci\u00f3, aprenentatge, conservaci\u00f3, c\u00e0lcul i mesura, an\u00e0lisi i comparacions.<\/p>\n\n\n\n<p>Si us voleu fer una idea del que podr\u00edeu fer al Digital Lab, vegeu la nostra col\u00b7lecci\u00f3 de projectes destacats i de m\u00e0quines disponibles. No oblideu que tamb\u00e9 tenim altres laboratoris i que el vostre projecte pot ser transversal i incloure eines, espais i m\u00e8todes del&nbsp;<a href=\"https:\/\/webs.uab.cat\/openlabs\/labs\/disseny-lab\/\">Disseny Lab <\/a>o de l\u2019<a href=\"https:\/\/webs.uab.cat\/openlabs\/labs\/audio-lab\/\">Audio Lab<\/a>, per exemple.<\/p>\n\n\n\n<div class=\"wp-block-buttons is-layout-flex wp-block-buttons-is-layout-flex\">\n<div class=\"wp-block-button is-style-outline is-style-outline--1\"><a class=\"wp-block-button__link wp-element-button\" href=\"https:\/\/webs.uab.cat\/openlabs\/projectes\/projectes-digital-lab\/\">projectes<\/a><\/div>\n\n\n\n<div class=\"wp-block-button is-style-outline is-style-outline--2\"><a class=\"wp-block-button__link wp-element-button\" href=\"https:\/\/webs.uab.cat\/openlabs\/equipament\/maquinari-digital-lab\/\">equipament<\/a><\/div>\n<\/div>\n\n\n\n<h3 class=\"wp-block-heading\" id=\"ESPAI\">Espais<\/h3>\n\n\n\n<div class=\"wp-block-media-text is-stacked-on-mobile is-vertically-aligned-top has-gris-pubilla-background-color has-background\"><figure class=\"wp-block-media-text__media\"><img loading=\"lazy\" decoding=\"async\" width=\"1000\" height=\"750\" src=\"https:\/\/webs.uab.cat\/openlabs\/wp-content\/uploads\/sites\/582\/2024\/09\/sala-1-reunio.jpg\" alt=\"\" class=\"wp-image-3480 size-full\" srcset=\"https:\/\/webs.uab.cat\/openlabs\/wp-content\/uploads\/sites\/582\/2024\/09\/sala-1-reunio.jpg 1000w, https:\/\/webs.uab.cat\/openlabs\/wp-content\/uploads\/sites\/582\/2024\/09\/sala-1-reunio-300x225.jpg 300w, https:\/\/webs.uab.cat\/openlabs\/wp-content\/uploads\/sites\/582\/2024\/09\/sala-1-reunio-768x576.jpg 768w\" sizes=\"auto, (max-width: 1000px) 100vw, 1000px\" \/><\/figure><div class=\"wp-block-media-text__content\">\n<h4 class=\"wp-block-heading\">Sala 1<\/h4>\n\n\n\n<p>\u00c9s una aula polivalent equipada amb un projector, una pantalla, una pissarra i un sistema de videoconfer\u00e8ncies. Est\u00e0 moblada amb taules amb rodes i cadires apilables.<\/p>\n<\/div><\/div>\n\n\n\n<p>La distribuci\u00f3 d\u2019aquest mobiliari \u00e9s flexible i es pot adaptar a activitats diverses, com ara reunions, classes din\u00e0miques, processos de cocreaci\u00f3, treballs en grup\u2026<\/p>\n\n\n\n<p>La sala 1 es pot&nbsp;reservar&nbsp;per a un \u00fas exclusiu.<\/p>\n\n\n\n<div class=\"wp-block-media-text has-media-on-the-right is-stacked-on-mobile is-vertically-aligned-top has-gris-pubilla-background-color has-background\"><div class=\"wp-block-media-text__content\">\n<h4 class=\"wp-block-heading\"><strong>Sala 2<\/strong>&nbsp;<\/h4>\n\n\n\n<p>\u00c9s l\u2019espai on hi ha les m\u00e0quines del laboratori, que podeu utilitzar tant de manera individual com en grup: <a href=\"https:\/\/webs.uab.cat\/openlabs\/equipament\/maquinari-digital-lab\/#E3D\">esc\u00e0ners 3D<\/a>, equipament de&nbsp;<a href=\"https:\/\/webs.uab.cat\/openlabs\/equipament\/maquinari-digital-lab\/#CAM\">fotogrametria<\/a>, c\u00e0mera de 360 \u00b0, entorns de <a href=\"https:\/\/webs.uab.cat\/openlabs\/equipament\/maquinari-digital-lab\/#RV\">realitat virtual<\/a>\u2026 <\/p>\n<\/div><figure class=\"wp-block-media-text__media\"><img loading=\"lazy\" decoding=\"async\" width=\"1024\" height=\"768\" src=\"https:\/\/webs.uab.cat\/openlabs\/wp-content\/uploads\/sites\/582\/2022\/12\/Cristian-geografia-1024x768.jpg\" alt=\"\" class=\"wp-image-382 size-full\" srcset=\"https:\/\/webs.uab.cat\/openlabs\/wp-content\/uploads\/sites\/582\/2022\/12\/Cristian-geografia-1024x768.jpg 1024w, https:\/\/webs.uab.cat\/openlabs\/wp-content\/uploads\/sites\/582\/2022\/12\/Cristian-geografia-300x225.jpg 300w, https:\/\/webs.uab.cat\/openlabs\/wp-content\/uploads\/sites\/582\/2022\/12\/Cristian-geografia-768x576.jpg 768w, https:\/\/webs.uab.cat\/openlabs\/wp-content\/uploads\/sites\/582\/2022\/12\/Cristian-geografia-1536x1152.jpg 1536w, https:\/\/webs.uab.cat\/openlabs\/wp-content\/uploads\/sites\/582\/2022\/12\/Cristian-geografia-1200x900.jpg 1200w, https:\/\/webs.uab.cat\/openlabs\/wp-content\/uploads\/sites\/582\/2022\/12\/Cristian-geografia-1980x1485.jpg 1980w, https:\/\/webs.uab.cat\/openlabs\/wp-content\/uploads\/sites\/582\/2022\/12\/Cristian-geografia.jpg 2048w\" sizes=\"auto, (max-width: 1024px) 100vw, 1024px\" \/><\/figure><\/div>\n\n\n\n<p>Tamb\u00e9 hi podreu fer servir una selecci\u00f3 de programari especialitzat.<\/p>\n\n\n\n<p>La sala 2 \u00e9s d\u2019\u00fas compartit i no es pot reservar per a un \u00fas exclusiu.<\/p>\n\n\n\n<h5 class=\"wp-block-heading has-gris-londres-background-color has-background\">On som?<\/h5>\n\n\n\n<p>Sala de Revistes d&#8217;Humanitats, Edifici B<br>C\/\u00a0Fortuna s\/n<br>Campus de la UAB<br>08193 Bellaterra (Cerdanyola del Vall\u00e8s)<\/p>\n\n\n\n<h5 class=\"wp-block-heading\">Responsable<\/h5>\n\n\n\n<p><a href=\"https:\/\/webs.uab.cat\/openlabs\/coneix-els-labs\/equip\/#IB\">Igor Bogdanovic<\/a><\/p>\n\n\n\n<h5 class=\"wp-block-heading\">Horari<\/h5>\n\n\n\n<p>De dilluns a dijous de\u00a09.30 a 17.00 h<\/p>\n\n\n\n<p>\u00a0Tel. 93 581 13 08<\/p>\n\n\n\n<figure class=\"wp-block-image size-full\"><img loading=\"lazy\" decoding=\"async\" width=\"500\" height=\"345\" src=\"https:\/\/webs.uab.cat\/openlabs\/wp-content\/uploads\/sites\/582\/2024\/09\/ubicacio-digital-lab-map.jpg\" alt=\"\" class=\"wp-image-3635\" srcset=\"https:\/\/webs.uab.cat\/openlabs\/wp-content\/uploads\/sites\/582\/2024\/09\/ubicacio-digital-lab-map.jpg 500w, https:\/\/webs.uab.cat\/openlabs\/wp-content\/uploads\/sites\/582\/2024\/09\/ubicacio-digital-lab-map-300x207.jpg 300w\" sizes=\"auto, (max-width: 500px) 100vw, 500px\" \/><\/figure>\n\n\n\n<p><a href=\"#top\">TORNAR A L&#8217;INICI<\/a><\/p>\n","protected":false},"excerpt":{"rendered":"<p>Per aprofitar tots els avantatges i el poder de la realitat digital, \u00e9s imprescindible digitalitzar els\u00a0objectes f\u00edsics, els conceptes, els m\u00e8todes i els processos.<\/p>\n","protected":false},"author":2595,"featured_media":3690,"parent":2231,"menu_order":1,"comment_status":"closed","ping_status":"closed","template":"","meta":{"footnotes":""},"class_list":["post-2261","page","type-page","status-publish","has-post-thumbnail","hentry"],"yoast_head":"<!-- This site is optimized with the Yoast SEO plugin v26.8 - https:\/\/yoast.com\/product\/yoast-seo-wordpress\/ -->\n<title>Digital Lab - Laboratoris d&#039;innovaci\u00f3 Oberta<\/title>\n<meta name=\"description\" content=\"La digitalitzaci\u00f3 dels objectes f\u00edsics, dels conceptes, dels m\u00e8todes i dels processos es el pas imprescindible que hem de fer per aprofitar totes les avantatges i el poder de la realitat digital.\" \/>\n<meta name=\"robots\" content=\"index, follow, max-snippet:-1, max-image-preview:large, max-video-preview:-1\" \/>\n<link rel=\"canonical\" href=\"https:\/\/webs.uab.cat\/openlabs\/labs\/laboratori-digital\/\" \/>\n<meta property=\"og:locale\" content=\"ca_ES\" \/>\n<meta property=\"og:type\" content=\"article\" \/>\n<meta property=\"og:title\" content=\"Digital Lab - Laboratoris d&#039;innovaci\u00f3 Oberta\" \/>\n<meta property=\"og:description\" content=\"La digitalitzaci\u00f3 dels objectes f\u00edsics, dels conceptes, dels m\u00e8todes i dels processos es el pas imprescindible que hem de fer per aprofitar totes les avantatges i el poder de la realitat digital.\" \/>\n<meta property=\"og:url\" content=\"https:\/\/webs.uab.cat\/openlabs\/labs\/laboratori-digital\/\" \/>\n<meta property=\"og:site_name\" content=\"Laboratoris d&#039;innovaci\u00f3 Oberta\" \/>\n<meta property=\"article:modified_time\" content=\"2025-01-29T08:58:29+00:00\" \/>\n<meta property=\"og:image\" content=\"https:\/\/webs.uab.cat\/openlabs\/wp-content\/uploads\/sites\/582\/2024\/09\/digLab_banner_700.jpg\" \/>\n\t<meta property=\"og:image:width\" content=\"700\" \/>\n\t<meta property=\"og:image:height\" content=\"70\" \/>\n\t<meta property=\"og:image:type\" content=\"image\/jpeg\" \/>\n<meta name=\"twitter:card\" content=\"summary_large_image\" \/>\n<meta name=\"twitter:label1\" content=\"Temps estimat de lectura\" \/>\n\t<meta name=\"twitter:data1\" content=\"3 minuts\" \/>\n<script type=\"application\/ld+json\" class=\"yoast-schema-graph\">{\"@context\":\"https:\/\/schema.org\",\"@graph\":[{\"@type\":\"WebPage\",\"@id\":\"https:\/\/webs.uab.cat\/openlabs\/labs\/laboratori-digital\/\",\"url\":\"https:\/\/webs.uab.cat\/openlabs\/labs\/laboratori-digital\/\",\"name\":\"Digital Lab - Laboratoris d&#039;innovaci\u00f3 Oberta\",\"isPartOf\":{\"@id\":\"https:\/\/webs.uab.cat\/openlabs\/#website\"},\"primaryImageOfPage\":{\"@id\":\"https:\/\/webs.uab.cat\/openlabs\/labs\/laboratori-digital\/#primaryimage\"},\"image\":{\"@id\":\"https:\/\/webs.uab.cat\/openlabs\/labs\/laboratori-digital\/#primaryimage\"},\"thumbnailUrl\":\"https:\/\/webs.uab.cat\/openlabs\/wp-content\/uploads\/sites\/582\/2024\/09\/digLab_banner_700.jpg\",\"datePublished\":\"2024-07-30T09:41:32+00:00\",\"dateModified\":\"2025-01-29T08:58:29+00:00\",\"description\":\"La digitalitzaci\u00f3 dels objectes f\u00edsics, dels conceptes, dels m\u00e8todes i dels processos es el pas imprescindible que hem de fer per aprofitar totes les avantatges i el poder de la realitat digital.\",\"breadcrumb\":{\"@id\":\"https:\/\/webs.uab.cat\/openlabs\/labs\/laboratori-digital\/#breadcrumb\"},\"inLanguage\":\"ca\",\"potentialAction\":[{\"@type\":\"ReadAction\",\"target\":[\"https:\/\/webs.uab.cat\/openlabs\/labs\/laboratori-digital\/\"]}]},{\"@type\":\"ImageObject\",\"inLanguage\":\"ca\",\"@id\":\"https:\/\/webs.uab.cat\/openlabs\/labs\/laboratori-digital\/#primaryimage\",\"url\":\"https:\/\/webs.uab.cat\/openlabs\/wp-content\/uploads\/sites\/582\/2024\/09\/digLab_banner_700.jpg\",\"contentUrl\":\"https:\/\/webs.uab.cat\/openlabs\/wp-content\/uploads\/sites\/582\/2024\/09\/digLab_banner_700.jpg\",\"width\":700,\"height\":70},{\"@type\":\"BreadcrumbList\",\"@id\":\"https:\/\/webs.uab.cat\/openlabs\/labs\/laboratori-digital\/#breadcrumb\",\"itemListElement\":[{\"@type\":\"ListItem\",\"position\":1,\"name\":\"Inici\",\"item\":\"https:\/\/webs.uab.cat\/openlabs\/\"},{\"@type\":\"ListItem\",\"position\":2,\"name\":\"Laboratoris\",\"item\":\"https:\/\/webs.uab.cat\/openlabs\/labs\/\"},{\"@type\":\"ListItem\",\"position\":3,\"name\":\"Digital Lab\"}]},{\"@type\":\"WebSite\",\"@id\":\"https:\/\/webs.uab.cat\/openlabs\/#website\",\"url\":\"https:\/\/webs.uab.cat\/openlabs\/\",\"name\":\"Laboratoris d&#039;innovaci\u00f3 Oberta\",\"description\":\"UAB Open Labs - espai obert per les ments obertes\",\"potentialAction\":[{\"@type\":\"SearchAction\",\"target\":{\"@type\":\"EntryPoint\",\"urlTemplate\":\"https:\/\/webs.uab.cat\/openlabs\/?s={search_term_string}\"},\"query-input\":{\"@type\":\"PropertyValueSpecification\",\"valueRequired\":true,\"valueName\":\"search_term_string\"}}],\"inLanguage\":\"ca\"}]}<\/script>\n<!-- \/ Yoast SEO plugin. -->","yoast_head_json":{"title":"Digital Lab - Laboratoris d&#039;innovaci\u00f3 Oberta","description":"La digitalitzaci\u00f3 dels objectes f\u00edsics, dels conceptes, dels m\u00e8todes i dels processos es el pas imprescindible que hem de fer per aprofitar totes les avantatges i el poder de la realitat digital.","robots":{"index":"index","follow":"follow","max-snippet":"max-snippet:-1","max-image-preview":"max-image-preview:large","max-video-preview":"max-video-preview:-1"},"canonical":"https:\/\/webs.uab.cat\/openlabs\/labs\/laboratori-digital\/","og_locale":"ca_ES","og_type":"article","og_title":"Digital Lab - Laboratoris d&#039;innovaci\u00f3 Oberta","og_description":"La digitalitzaci\u00f3 dels objectes f\u00edsics, dels conceptes, dels m\u00e8todes i dels processos es el pas imprescindible que hem de fer per aprofitar totes les avantatges i el poder de la realitat digital.","og_url":"https:\/\/webs.uab.cat\/openlabs\/labs\/laboratori-digital\/","og_site_name":"Laboratoris d&#039;innovaci\u00f3 Oberta","article_modified_time":"2025-01-29T08:58:29+00:00","og_image":[{"width":700,"height":70,"url":"https:\/\/webs.uab.cat\/openlabs\/wp-content\/uploads\/sites\/582\/2024\/09\/digLab_banner_700.jpg","type":"image\/jpeg"}],"twitter_card":"summary_large_image","twitter_misc":{"Temps estimat de lectura":"3 minuts"},"schema":{"@context":"https:\/\/schema.org","@graph":[{"@type":"WebPage","@id":"https:\/\/webs.uab.cat\/openlabs\/labs\/laboratori-digital\/","url":"https:\/\/webs.uab.cat\/openlabs\/labs\/laboratori-digital\/","name":"Digital Lab - Laboratoris d&#039;innovaci\u00f3 Oberta","isPartOf":{"@id":"https:\/\/webs.uab.cat\/openlabs\/#website"},"primaryImageOfPage":{"@id":"https:\/\/webs.uab.cat\/openlabs\/labs\/laboratori-digital\/#primaryimage"},"image":{"@id":"https:\/\/webs.uab.cat\/openlabs\/labs\/laboratori-digital\/#primaryimage"},"thumbnailUrl":"https:\/\/webs.uab.cat\/openlabs\/wp-content\/uploads\/sites\/582\/2024\/09\/digLab_banner_700.jpg","datePublished":"2024-07-30T09:41:32+00:00","dateModified":"2025-01-29T08:58:29+00:00","description":"La digitalitzaci\u00f3 dels objectes f\u00edsics, dels conceptes, dels m\u00e8todes i dels processos es el pas imprescindible que hem de fer per aprofitar totes les avantatges i el poder de la realitat digital.","breadcrumb":{"@id":"https:\/\/webs.uab.cat\/openlabs\/labs\/laboratori-digital\/#breadcrumb"},"inLanguage":"ca","potentialAction":[{"@type":"ReadAction","target":["https:\/\/webs.uab.cat\/openlabs\/labs\/laboratori-digital\/"]}]},{"@type":"ImageObject","inLanguage":"ca","@id":"https:\/\/webs.uab.cat\/openlabs\/labs\/laboratori-digital\/#primaryimage","url":"https:\/\/webs.uab.cat\/openlabs\/wp-content\/uploads\/sites\/582\/2024\/09\/digLab_banner_700.jpg","contentUrl":"https:\/\/webs.uab.cat\/openlabs\/wp-content\/uploads\/sites\/582\/2024\/09\/digLab_banner_700.jpg","width":700,"height":70},{"@type":"BreadcrumbList","@id":"https:\/\/webs.uab.cat\/openlabs\/labs\/laboratori-digital\/#breadcrumb","itemListElement":[{"@type":"ListItem","position":1,"name":"Inici","item":"https:\/\/webs.uab.cat\/openlabs\/"},{"@type":"ListItem","position":2,"name":"Laboratoris","item":"https:\/\/webs.uab.cat\/openlabs\/labs\/"},{"@type":"ListItem","position":3,"name":"Digital Lab"}]},{"@type":"WebSite","@id":"https:\/\/webs.uab.cat\/openlabs\/#website","url":"https:\/\/webs.uab.cat\/openlabs\/","name":"Laboratoris d&#039;innovaci\u00f3 Oberta","description":"UAB Open Labs - espai obert per les ments obertes","potentialAction":[{"@type":"SearchAction","target":{"@type":"EntryPoint","urlTemplate":"https:\/\/webs.uab.cat\/openlabs\/?s={search_term_string}"},"query-input":{"@type":"PropertyValueSpecification","valueRequired":true,"valueName":"search_term_string"}}],"inLanguage":"ca"}]}},"_links":{"self":[{"href":"https:\/\/webs.uab.cat\/openlabs\/wp-json\/wp\/v2\/pages\/2261","targetHints":{"allow":["GET"]}}],"collection":[{"href":"https:\/\/webs.uab.cat\/openlabs\/wp-json\/wp\/v2\/pages"}],"about":[{"href":"https:\/\/webs.uab.cat\/openlabs\/wp-json\/wp\/v2\/types\/page"}],"author":[{"embeddable":true,"href":"https:\/\/webs.uab.cat\/openlabs\/wp-json\/wp\/v2\/users\/2595"}],"replies":[{"embeddable":true,"href":"https:\/\/webs.uab.cat\/openlabs\/wp-json\/wp\/v2\/comments?post=2261"}],"version-history":[{"count":42,"href":"https:\/\/webs.uab.cat\/openlabs\/wp-json\/wp\/v2\/pages\/2261\/revisions"}],"predecessor-version":[{"id":4453,"href":"https:\/\/webs.uab.cat\/openlabs\/wp-json\/wp\/v2\/pages\/2261\/revisions\/4453"}],"up":[{"embeddable":true,"href":"https:\/\/webs.uab.cat\/openlabs\/wp-json\/wp\/v2\/pages\/2231"}],"wp:featuredmedia":[{"embeddable":true,"href":"https:\/\/webs.uab.cat\/openlabs\/wp-json\/wp\/v2\/media\/3690"}],"wp:attachment":[{"href":"https:\/\/webs.uab.cat\/openlabs\/wp-json\/wp\/v2\/media?parent=2261"}],"curies":[{"name":"wp","href":"https:\/\/api.w.org\/{rel}","templated":true}]}}