{"id":2346,"date":"2024-07-30T12:46:34","date_gmt":"2024-07-30T10:46:34","guid":{"rendered":"https:\/\/webs.uab.cat\/openlabs\/?page_id=2346"},"modified":"2026-01-23T14:50:48","modified_gmt":"2026-01-23T12:50:48","slug":"disseny-lab","status":"publish","type":"page","link":"https:\/\/webs.uab.cat\/openlabs\/labs\/disseny-lab\/","title":{"rendered":"Disseny Lab"},"content":{"rendered":"<div class=\"wp-block-post-excerpt has-background has-gris-londres-background-color\"><p class=\"wp-block-post-excerpt__excerpt\">El Disseny Lab \u00e9s el nostre espai de fabricaci\u00f3 i prototipatge r\u00e0pid. El seu equipament us permetr\u00e0 fer els prototips dels vostres projectes d\u2019innovaci\u00f3 <\/p><\/div>\n\n\n<figure class=\"wp-block-embed is-type-video is-provider-youtube wp-block-embed-youtube wp-embed-aspect-16-9 wp-has-aspect-ratio\"><div class=\"wp-block-embed__wrapper\">\n<iframe loading=\"lazy\" title=\"UAB Open Labs - Disseny Lab\" width=\"580\" height=\"326\" src=\"https:\/\/www.youtube.com\/embed\/Cwt8NbnsuFw?feature=oembed\" frameborder=\"0\" allow=\"accelerometer; autoplay; clipboard-write; encrypted-media; gyroscope; picture-in-picture; web-share\" referrerpolicy=\"strict-origin-when-cross-origin\" allowfullscreen><\/iframe>\n<\/div><\/figure>\n\n\n\n<div class=\"wp-block-buttons has-custom-font-size has-small-font-size is-horizontal is-content-justification-center is-layout-flex wp-container-core-buttons-is-layout-5f1ce0a9 wp-block-buttons-is-layout-flex\">\n<div class=\"wp-block-button has-custom-width wp-block-button__width-50 is-style-outline is-style-outline--1\"><a class=\"wp-block-button__link has-verd-tropic-color has-blanc-coco-background-color has-text-color has-background has-link-color wp-element-button\" href=\"https:\/\/webs.uab.cat\/openlabs\/equipament\/\" style=\"border-radius:25px;font-style:normal;font-weight:600;text-transform:uppercase\" target=\"_blank\" rel=\"noreferrer noopener\">equipament<\/a><\/div>\n\n\n\n<div class=\"wp-block-button has-custom-width wp-block-button__width-50 is-style-outline is-style-outline--2\"><a class=\"wp-block-button__link has-verd-tropic-color has-blanc-coco-background-color has-text-color has-background has-link-color wp-element-button\" href=\"https:\/\/webs.uab.cat\/openlabs\/projectes\/\" style=\"border-radius:25px;font-style:normal;font-weight:600;text-transform:uppercase\" target=\"_blank\" rel=\"noreferrer noopener\">Projectes<\/a><\/div>\n<\/div>\n\n\n\n<h2 class=\"wp-block-heading\">Espais <\/h2>\n\n\n\n<p>El Disseny Lab \u00e9s un espai de gaireb\u00e9 300 m<sup>2<\/sup> equipat amb eines manuals, mec\u00e0niques i digitals on podreu desenvolupar els vostres projectes o b\u00e9 reparar o transformar maquin\u00e0ria, i on us ajudarem a tenir a les mans el que ara tan sols \u00e9s una idea.<\/p>\n\n\n\n<div class=\"wp-block-media-text is-stacked-on-mobile is-image-fill-element\" style=\"grid-template-columns:40% auto\"><figure class=\"wp-block-media-text__media\"><img loading=\"lazy\" decoding=\"async\" width=\"2108\" height=\"948\" src=\"https:\/\/webs.uab.cat\/openlabs\/wp-content\/uploads\/sites\/582\/2024\/07\/IMG_20211028_114907_2.jpg\" alt=\"\" class=\"wp-image-2347 size-full\" style=\"object-position:41% 60%\" srcset=\"https:\/\/webs.uab.cat\/openlabs\/wp-content\/uploads\/sites\/582\/2024\/07\/IMG_20211028_114907_2.jpg 2108w, https:\/\/webs.uab.cat\/openlabs\/wp-content\/uploads\/sites\/582\/2024\/07\/IMG_20211028_114907_2-300x135.jpg 300w, https:\/\/webs.uab.cat\/openlabs\/wp-content\/uploads\/sites\/582\/2024\/07\/IMG_20211028_114907_2-1024x461.jpg 1024w, https:\/\/webs.uab.cat\/openlabs\/wp-content\/uploads\/sites\/582\/2024\/07\/IMG_20211028_114907_2-768x345.jpg 768w, https:\/\/webs.uab.cat\/openlabs\/wp-content\/uploads\/sites\/582\/2024\/07\/IMG_20211028_114907_2-1536x691.jpg 1536w, https:\/\/webs.uab.cat\/openlabs\/wp-content\/uploads\/sites\/582\/2024\/07\/IMG_20211028_114907_2-2048x921.jpg 2048w, https:\/\/webs.uab.cat\/openlabs\/wp-content\/uploads\/sites\/582\/2024\/07\/IMG_20211028_114907_2-1200x540.jpg 1200w, https:\/\/webs.uab.cat\/openlabs\/wp-content\/uploads\/sites\/582\/2024\/07\/IMG_20211028_114907_2-1980x890.jpg 1980w\" sizes=\"auto, (max-width: 2108px) 100vw, 2108px\" \/><\/figure><div class=\"wp-block-media-text__content\">\n<p><strong>Sala principal<\/strong><\/p>\n\n\n\n<p>\u00c9s un espai di\u00e0fan amb taules i cadires apilables que permet fer sessions de cocreaci\u00f3 amb grups de fins a 25 persones. En aquesta sala hi ha algunes de les m\u00e0quines de fabricaci\u00f3 digital, com ara impressores 3D i la talladora de vinil.<\/p>\n<\/div><\/div>\n\n\n\n<div class=\"wp-block-media-text has-media-on-the-right is-stacked-on-mobile is-image-fill-element\" style=\"grid-template-columns:auto 40%\"><div class=\"wp-block-media-text__content\">\n<p><strong>Taller<\/strong><\/p>\n\n\n\n<p>Aqu\u00ed hi trobem les m\u00e0quines que generen m\u00e9s pols, soroll o olor i tamb\u00e9 totes les eines de fusteria. Disposa d\u2019un gran banc de treball i una pissarra.<\/p>\n<\/div><figure class=\"wp-block-media-text__media\"><img loading=\"lazy\" decoding=\"async\" width=\"1024\" height=\"460\" src=\"https:\/\/webs.uab.cat\/openlabs\/wp-content\/uploads\/sites\/582\/2024\/07\/sala-bruta-1024x460.jpg\" alt=\"\" class=\"wp-image-2327 size-full\" style=\"object-position:32% 58%\" srcset=\"https:\/\/webs.uab.cat\/openlabs\/wp-content\/uploads\/sites\/582\/2024\/07\/sala-bruta-1024x460.jpg 1024w, https:\/\/webs.uab.cat\/openlabs\/wp-content\/uploads\/sites\/582\/2024\/07\/sala-bruta-300x135.jpg 300w, https:\/\/webs.uab.cat\/openlabs\/wp-content\/uploads\/sites\/582\/2024\/07\/sala-bruta-768x345.jpg 768w, https:\/\/webs.uab.cat\/openlabs\/wp-content\/uploads\/sites\/582\/2024\/07\/sala-bruta-1536x690.jpg 1536w, https:\/\/webs.uab.cat\/openlabs\/wp-content\/uploads\/sites\/582\/2024\/07\/sala-bruta-1200x539.jpg 1200w, https:\/\/webs.uab.cat\/openlabs\/wp-content\/uploads\/sites\/582\/2024\/07\/sala-bruta.jpg 1920w\" sizes=\"auto, (max-width: 1024px) 100vw, 1024px\" \/><\/figure><\/div>\n\n\n\n<div class=\"wp-block-media-text is-stacked-on-mobile is-image-fill-element\" style=\"grid-template-columns:40% auto\"><figure class=\"wp-block-media-text__media\"><img loading=\"lazy\" decoding=\"async\" width=\"1024\" height=\"577\" src=\"https:\/\/webs.uab.cat\/openlabs\/wp-content\/uploads\/sites\/582\/2024\/07\/lab1-1024x577-1.jpg\" alt=\"\" class=\"wp-image-2348 size-full\" style=\"object-position:74% 54%\" srcset=\"https:\/\/webs.uab.cat\/openlabs\/wp-content\/uploads\/sites\/582\/2024\/07\/lab1-1024x577-1.jpg 1024w, https:\/\/webs.uab.cat\/openlabs\/wp-content\/uploads\/sites\/582\/2024\/07\/lab1-1024x577-1-300x169.jpg 300w, https:\/\/webs.uab.cat\/openlabs\/wp-content\/uploads\/sites\/582\/2024\/07\/lab1-1024x577-1-768x433.jpg 768w\" sizes=\"auto, (max-width: 1024px) 100vw, 1024px\" \/><\/figure><div class=\"wp-block-media-text__content\">\n<p><strong>Aula d\u2019innovaci\u00f3 oberta<\/strong><\/p>\n\n\n\n<p>Aquesta sala, amb capacitat per a 25 persones, \u00e9s ideal per fer-hi classes participatives en qu\u00e8 l\u2019alumnat formi part de l\u2019aprenentatge conjunt.<\/p>\n<\/div><\/div>\n\n\n\n<p>Per visitar-nos, fer un projecte als nostres laboratoris, experimentar amb les nostres instal\u00b7lacions o plantejar-nos qualsevol dubte, poseu-vos en&nbsp;<a href=\"https:\/\/webs.uab.cat\/openlabs\/contacte\/\">contacte<\/a>&nbsp;amb nosaltres!<\/p>\n\n\n\n<div style=\"height:30px\" aria-hidden=\"true\" class=\"wp-block-spacer\"><\/div>\n\n\n\n<h5 class=\"wp-block-heading has-gris-londres-background-color has-background\">On som?<\/h5>\n\n\n\n<p>Escola d&#8217;Enginyeria<br>C\/ de les Sitges s\/n<br>Campus de la UAB<br>08193 Bellaterra (Cerdanyola del Vall\u00e8s)<\/p>\n\n\n\n<h5 class=\"wp-block-heading\">Responsable:<\/h5>\n\n\n\n<p><a href=\"https:\/\/webs.uab.cat\/openlabs\/coneix-els-labs\/equip\/#JV\">Juan Vicente Rodr\u00edguez&nbsp;<\/a><\/p>\n\n\n\n<h5 class=\"wp-block-heading\">Horari<\/h5>\n\n\n\n<p>De dilluns a dijous de&nbsp;9.30 a 13.30 i de 15.00 a 17.00 h<\/p>\n\n\n\n<p>&nbsp;Tel. 93 581 40 31<\/p>\n\n\n\n<figure class=\"wp-block-image size-full\"><img loading=\"lazy\" decoding=\"async\" width=\"817\" height=\"557\" src=\"https:\/\/webs.uab.cat\/openlabs\/wp-content\/uploads\/sites\/582\/2024\/09\/Ubicacio-disseny-lab-map.jpg\" alt=\"\" class=\"wp-image-3638\" srcset=\"https:\/\/webs.uab.cat\/openlabs\/wp-content\/uploads\/sites\/582\/2024\/09\/Ubicacio-disseny-lab-map.jpg 817w, https:\/\/webs.uab.cat\/openlabs\/wp-content\/uploads\/sites\/582\/2024\/09\/Ubicacio-disseny-lab-map-300x205.jpg 300w, https:\/\/webs.uab.cat\/openlabs\/wp-content\/uploads\/sites\/582\/2024\/09\/Ubicacio-disseny-lab-map-768x524.jpg 768w\" sizes=\"auto, (max-width: 817px) 100vw, 817px\" \/><\/figure>\n\n\n\n<p><a href=\"#TOP\">TORNAR A L\u2019INICI<\/a><\/p>\n","protected":false},"excerpt":{"rendered":"<p>El Disseny Lab \u00e9s el nostre espai de fabricaci\u00f3 i prototipatge r\u00e0pid. El seu equipament us permetr\u00e0 fer els prototips dels vostres projectes d\u2019innovaci\u00f3<\/p>\n","protected":false},"author":2595,"featured_media":3687,"parent":2231,"menu_order":2,"comment_status":"closed","ping_status":"closed","template":"","meta":{"footnotes":""},"class_list":["post-2346","page","type-page","status-publish","has-post-thumbnail","hentry"],"yoast_head":"<!-- This site is optimized with the Yoast SEO plugin v26.8 - https:\/\/yoast.com\/product\/yoast-seo-wordpress\/ -->\n<title>Disseny Lab - Laboratoris d&#039;innovaci\u00f3 Oberta<\/title>\n<meta name=\"robots\" content=\"index, follow, max-snippet:-1, max-image-preview:large, max-video-preview:-1\" \/>\n<link rel=\"canonical\" href=\"https:\/\/webs.uab.cat\/openlabs\/labs\/disseny-lab\/\" \/>\n<meta property=\"og:locale\" content=\"ca_ES\" \/>\n<meta property=\"og:type\" content=\"article\" \/>\n<meta property=\"og:title\" content=\"Disseny Lab - Laboratoris d&#039;innovaci\u00f3 Oberta\" \/>\n<meta property=\"og:description\" content=\"El Disseny Lab \u00e9s el nostre espai de fabricaci\u00f3 i prototipatge r\u00e0pid. El seu equipament us permetr\u00e0 fer els prototips dels vostres projectes d\u2019innovaci\u00f3\" \/>\n<meta property=\"og:url\" content=\"https:\/\/webs.uab.cat\/openlabs\/labs\/disseny-lab\/\" \/>\n<meta property=\"og:site_name\" content=\"Laboratoris d&#039;innovaci\u00f3 Oberta\" \/>\n<meta property=\"article:modified_time\" content=\"2026-01-23T12:50:48+00:00\" \/>\n<meta property=\"og:image\" content=\"https:\/\/webs.uab.cat\/openlabs\/wp-content\/uploads\/sites\/582\/2024\/09\/dislab_bann700.jpg\" \/>\n\t<meta property=\"og:image:width\" content=\"700\" \/>\n\t<meta property=\"og:image:height\" content=\"70\" \/>\n\t<meta property=\"og:image:type\" content=\"image\/jpeg\" \/>\n<meta name=\"twitter:card\" content=\"summary_large_image\" \/>\n<meta name=\"twitter:label1\" content=\"Temps estimat de lectura\" \/>\n\t<meta name=\"twitter:data1\" content=\"3 minuts\" \/>\n<script type=\"application\/ld+json\" class=\"yoast-schema-graph\">{\"@context\":\"https:\/\/schema.org\",\"@graph\":[{\"@type\":\"WebPage\",\"@id\":\"https:\/\/webs.uab.cat\/openlabs\/labs\/disseny-lab\/\",\"url\":\"https:\/\/webs.uab.cat\/openlabs\/labs\/disseny-lab\/\",\"name\":\"Disseny Lab - Laboratoris d&#039;innovaci\u00f3 Oberta\",\"isPartOf\":{\"@id\":\"https:\/\/webs.uab.cat\/openlabs\/#website\"},\"primaryImageOfPage\":{\"@id\":\"https:\/\/webs.uab.cat\/openlabs\/labs\/disseny-lab\/#primaryimage\"},\"image\":{\"@id\":\"https:\/\/webs.uab.cat\/openlabs\/labs\/disseny-lab\/#primaryimage\"},\"thumbnailUrl\":\"https:\/\/webs.uab.cat\/openlabs\/wp-content\/uploads\/sites\/582\/2024\/09\/dislab_bann700.jpg\",\"datePublished\":\"2024-07-30T10:46:34+00:00\",\"dateModified\":\"2026-01-23T12:50:48+00:00\",\"breadcrumb\":{\"@id\":\"https:\/\/webs.uab.cat\/openlabs\/labs\/disseny-lab\/#breadcrumb\"},\"inLanguage\":\"ca\",\"potentialAction\":[{\"@type\":\"ReadAction\",\"target\":[\"https:\/\/webs.uab.cat\/openlabs\/labs\/disseny-lab\/\"]}]},{\"@type\":\"ImageObject\",\"inLanguage\":\"ca\",\"@id\":\"https:\/\/webs.uab.cat\/openlabs\/labs\/disseny-lab\/#primaryimage\",\"url\":\"https:\/\/webs.uab.cat\/openlabs\/wp-content\/uploads\/sites\/582\/2024\/09\/dislab_bann700.jpg\",\"contentUrl\":\"https:\/\/webs.uab.cat\/openlabs\/wp-content\/uploads\/sites\/582\/2024\/09\/dislab_bann700.jpg\",\"width\":700,\"height\":70},{\"@type\":\"BreadcrumbList\",\"@id\":\"https:\/\/webs.uab.cat\/openlabs\/labs\/disseny-lab\/#breadcrumb\",\"itemListElement\":[{\"@type\":\"ListItem\",\"position\":1,\"name\":\"Inici\",\"item\":\"https:\/\/webs.uab.cat\/openlabs\/\"},{\"@type\":\"ListItem\",\"position\":2,\"name\":\"Laboratoris\",\"item\":\"https:\/\/webs.uab.cat\/openlabs\/labs\/\"},{\"@type\":\"ListItem\",\"position\":3,\"name\":\"Disseny Lab\"}]},{\"@type\":\"WebSite\",\"@id\":\"https:\/\/webs.uab.cat\/openlabs\/#website\",\"url\":\"https:\/\/webs.uab.cat\/openlabs\/\",\"name\":\"Laboratoris d&#039;innovaci\u00f3 Oberta\",\"description\":\"UAB Open Labs - espai obert per les ments obertes\",\"potentialAction\":[{\"@type\":\"SearchAction\",\"target\":{\"@type\":\"EntryPoint\",\"urlTemplate\":\"https:\/\/webs.uab.cat\/openlabs\/?s={search_term_string}\"},\"query-input\":{\"@type\":\"PropertyValueSpecification\",\"valueRequired\":true,\"valueName\":\"search_term_string\"}}],\"inLanguage\":\"ca\"}]}<\/script>\n<!-- \/ Yoast SEO plugin. -->","yoast_head_json":{"title":"Disseny Lab - Laboratoris d&#039;innovaci\u00f3 Oberta","robots":{"index":"index","follow":"follow","max-snippet":"max-snippet:-1","max-image-preview":"max-image-preview:large","max-video-preview":"max-video-preview:-1"},"canonical":"https:\/\/webs.uab.cat\/openlabs\/labs\/disseny-lab\/","og_locale":"ca_ES","og_type":"article","og_title":"Disseny Lab - Laboratoris d&#039;innovaci\u00f3 Oberta","og_description":"El Disseny Lab \u00e9s el nostre espai de fabricaci\u00f3 i prototipatge r\u00e0pid. El seu equipament us permetr\u00e0 fer els prototips dels vostres projectes d\u2019innovaci\u00f3","og_url":"https:\/\/webs.uab.cat\/openlabs\/labs\/disseny-lab\/","og_site_name":"Laboratoris d&#039;innovaci\u00f3 Oberta","article_modified_time":"2026-01-23T12:50:48+00:00","og_image":[{"width":700,"height":70,"url":"https:\/\/webs.uab.cat\/openlabs\/wp-content\/uploads\/sites\/582\/2024\/09\/dislab_bann700.jpg","type":"image\/jpeg"}],"twitter_card":"summary_large_image","twitter_misc":{"Temps estimat de lectura":"3 minuts"},"schema":{"@context":"https:\/\/schema.org","@graph":[{"@type":"WebPage","@id":"https:\/\/webs.uab.cat\/openlabs\/labs\/disseny-lab\/","url":"https:\/\/webs.uab.cat\/openlabs\/labs\/disseny-lab\/","name":"Disseny Lab - Laboratoris d&#039;innovaci\u00f3 Oberta","isPartOf":{"@id":"https:\/\/webs.uab.cat\/openlabs\/#website"},"primaryImageOfPage":{"@id":"https:\/\/webs.uab.cat\/openlabs\/labs\/disseny-lab\/#primaryimage"},"image":{"@id":"https:\/\/webs.uab.cat\/openlabs\/labs\/disseny-lab\/#primaryimage"},"thumbnailUrl":"https:\/\/webs.uab.cat\/openlabs\/wp-content\/uploads\/sites\/582\/2024\/09\/dislab_bann700.jpg","datePublished":"2024-07-30T10:46:34+00:00","dateModified":"2026-01-23T12:50:48+00:00","breadcrumb":{"@id":"https:\/\/webs.uab.cat\/openlabs\/labs\/disseny-lab\/#breadcrumb"},"inLanguage":"ca","potentialAction":[{"@type":"ReadAction","target":["https:\/\/webs.uab.cat\/openlabs\/labs\/disseny-lab\/"]}]},{"@type":"ImageObject","inLanguage":"ca","@id":"https:\/\/webs.uab.cat\/openlabs\/labs\/disseny-lab\/#primaryimage","url":"https:\/\/webs.uab.cat\/openlabs\/wp-content\/uploads\/sites\/582\/2024\/09\/dislab_bann700.jpg","contentUrl":"https:\/\/webs.uab.cat\/openlabs\/wp-content\/uploads\/sites\/582\/2024\/09\/dislab_bann700.jpg","width":700,"height":70},{"@type":"BreadcrumbList","@id":"https:\/\/webs.uab.cat\/openlabs\/labs\/disseny-lab\/#breadcrumb","itemListElement":[{"@type":"ListItem","position":1,"name":"Inici","item":"https:\/\/webs.uab.cat\/openlabs\/"},{"@type":"ListItem","position":2,"name":"Laboratoris","item":"https:\/\/webs.uab.cat\/openlabs\/labs\/"},{"@type":"ListItem","position":3,"name":"Disseny Lab"}]},{"@type":"WebSite","@id":"https:\/\/webs.uab.cat\/openlabs\/#website","url":"https:\/\/webs.uab.cat\/openlabs\/","name":"Laboratoris d&#039;innovaci\u00f3 Oberta","description":"UAB Open Labs - espai obert per les ments obertes","potentialAction":[{"@type":"SearchAction","target":{"@type":"EntryPoint","urlTemplate":"https:\/\/webs.uab.cat\/openlabs\/?s={search_term_string}"},"query-input":{"@type":"PropertyValueSpecification","valueRequired":true,"valueName":"search_term_string"}}],"inLanguage":"ca"}]}},"_links":{"self":[{"href":"https:\/\/webs.uab.cat\/openlabs\/wp-json\/wp\/v2\/pages\/2346","targetHints":{"allow":["GET"]}}],"collection":[{"href":"https:\/\/webs.uab.cat\/openlabs\/wp-json\/wp\/v2\/pages"}],"about":[{"href":"https:\/\/webs.uab.cat\/openlabs\/wp-json\/wp\/v2\/types\/page"}],"author":[{"embeddable":true,"href":"https:\/\/webs.uab.cat\/openlabs\/wp-json\/wp\/v2\/users\/2595"}],"replies":[{"embeddable":true,"href":"https:\/\/webs.uab.cat\/openlabs\/wp-json\/wp\/v2\/comments?post=2346"}],"version-history":[{"count":28,"href":"https:\/\/webs.uab.cat\/openlabs\/wp-json\/wp\/v2\/pages\/2346\/revisions"}],"predecessor-version":[{"id":5470,"href":"https:\/\/webs.uab.cat\/openlabs\/wp-json\/wp\/v2\/pages\/2346\/revisions\/5470"}],"up":[{"embeddable":true,"href":"https:\/\/webs.uab.cat\/openlabs\/wp-json\/wp\/v2\/pages\/2231"}],"wp:featuredmedia":[{"embeddable":true,"href":"https:\/\/webs.uab.cat\/openlabs\/wp-json\/wp\/v2\/media\/3687"}],"wp:attachment":[{"href":"https:\/\/webs.uab.cat\/openlabs\/wp-json\/wp\/v2\/media?parent=2346"}],"curies":[{"name":"wp","href":"https:\/\/api.w.org\/{rel}","templated":true}]}}