{"id":2911,"date":"2024-09-04T10:35:20","date_gmt":"2024-09-04T08:35:20","guid":{"rendered":"https:\/\/webs.uab.cat\/openlabs\/?page_id=2911"},"modified":"2026-03-12T16:07:12","modified_gmt":"2026-03-12T14:07:12","slug":"portal-de-transparencia","status":"publish","type":"page","link":"https:\/\/webs.uab.cat\/openlabs\/coneix-els-labs\/portal-de-transparencia\/","title":{"rendered":"Portal de transpar\u00e8ncia"},"content":{"rendered":"\n<p><\/p>\n\n\n\n<h5 class=\"wp-block-heading\"><strong>Mem\u00f2ries dels Laboratoris d\u2019Innovaci\u00f3 Oberta (UAB Open Labs)<\/strong><\/h5>\n\n\n\n<p>A continuaci\u00f3, podeu consultar els resums de l\u2019activitat dels darrers anys:<\/p>\n\n\n\n<p class=\"has-small-font-size\"><a href=\"https:\/\/webs.uab.cat\/openlabs\/wp-content\/uploads\/sites\/582\/2024\/09\/Informe_Labs.2021.pdf\" target=\"_blank\" rel=\"noreferrer noopener\">Mem\u00f2ria de 2021<\/a>\u00a0 | \u00a0<a href=\"https:\/\/webs.uab.cat\/openlabs\/wp-content\/uploads\/sites\/582\/2024\/09\/Memoria_Labs.2022.pdf\" target=\"_blank\" rel=\"noreferrer noopener\">Mem\u00f2ria de 2022<\/a>\u00a0 | \u00a0<a href=\"https:\/\/webs.uab.cat\/openlabs\/wp-content\/uploads\/sites\/582\/2024\/09\/Memoria_Labs.2023.pdf\" target=\"_blank\" rel=\"noreferrer noopener\">Mem\u00f2ria de 2023<\/a> | <a href=\"https:\/\/webs.uab.cat\/openlabs\/wp-content\/uploads\/sites\/582\/2025\/03\/Memoria_O.Labs24.pdf\">Mem\u00f2ria de 2024<\/a> | <a href=\"https:\/\/webs.uab.cat\/openlabs\/wp-content\/uploads\/sites\/582\/2026\/03\/Memoria-de-2025.pdf\" id=\"https:\/\/webs.uab.cat\/openlabs\/wp-content\/uploads\/sites\/582\/2026\/03\/Memoria-de-2025.pdf\">Mem\u00f2ria de 2025<\/a><\/p>\n\n\n\n<p><\/p>\n\n\n\n<h5 class=\"wp-block-heading\">NORMATIVA<\/h5>\n\n\n\n<p>Aqu\u00ed hi trobareu tota la normativa relacionada amb els Laboratoris d\u2019Innovaci\u00f3 Oberta:<\/p>\n\n\n\n<p><a href=\"https:\/\/webs.uab.cat\/openlabs\/wp-content\/uploads\/sites\/582\/2024\/09\/Decaleg.pdf\">Dec\u00e0leg<\/a>&nbsp;amb els principis b\u00e0sics de la nostra comunitat<\/p>\n\n\n\n<p><a href=\"https:\/\/www.uab.cat\/doc\/CDG-acord63-11072024\">Normativa i recomanacions generals d\u2019acc\u00e9s i \u00fas dels Laboratoris d\u2019Innovaci\u00f3 Oberta<\/a> de la UAB<\/p>\n\n\n\n<p><a href=\"https:\/\/www.uab.cat\/doc\/OCI_reglamentlaboratorisinnovaciodocent_A56\">Reglament dels Laboratoris d\u2019Innovaci\u00f3 Oberta de la UAB<\/a><\/p>\n\n\n\n<p><a href=\"https:\/\/www.uab.cat\/doc\/Text_refos_materia_investigacio\">Text ref\u00f3s de la Normativa de la UAB en mat\u00e8ria d\u2019investigaci\u00f3<\/a><\/p>\n\n\n\n<p><\/p>\n","protected":false},"excerpt":{"rendered":"<p>Mem\u00f2ries dels Laboratoris d\u2019Innovaci\u00f3 Oberta (UAB Open Labs) A continuaci\u00f3, podeu consultar els resums de l\u2019activitat dels darrers anys: Mem\u00f2ria de 2021\u00a0 | \u00a0Mem\u00f2ria de 2022\u00a0 | \u00a0Mem\u00f2ria de 2023 | Mem\u00f2ria de 2024 | Mem\u00f2ria de 2025 NORMATIVA Aqu\u00ed hi trobareu tota la normativa relacionada amb els Laboratoris d\u2019Innovaci\u00f3 Oberta: Dec\u00e0leg&nbsp;amb els principis b\u00e0sics [&hellip;]<\/p>\n","protected":false},"author":2595,"featured_media":0,"parent":2227,"menu_order":5,"comment_status":"closed","ping_status":"closed","template":"","meta":{"footnotes":""},"class_list":["post-2911","page","type-page","status-publish","hentry"],"yoast_head":"<!-- This site is optimized with the Yoast SEO plugin v26.8 - https:\/\/yoast.com\/product\/yoast-seo-wordpress\/ -->\n<title>Portal de transpar\u00e8ncia - Laboratoris d&#039;innovaci\u00f3 Oberta<\/title>\n<meta name=\"robots\" content=\"index, follow, max-snippet:-1, max-image-preview:large, max-video-preview:-1\" \/>\n<link rel=\"canonical\" href=\"https:\/\/webs.uab.cat\/openlabs\/coneix-els-labs\/portal-de-transparencia\/\" \/>\n<meta property=\"og:locale\" content=\"ca_ES\" \/>\n<meta property=\"og:type\" content=\"article\" \/>\n<meta property=\"og:title\" content=\"Portal de transpar\u00e8ncia - Laboratoris d&#039;innovaci\u00f3 Oberta\" \/>\n<meta property=\"og:description\" content=\"Mem\u00f2ries dels Laboratoris d\u2019Innovaci\u00f3 Oberta (UAB Open Labs) A continuaci\u00f3, podeu consultar els resums de l\u2019activitat dels darrers anys: Mem\u00f2ria de 2021\u00a0 | \u00a0Mem\u00f2ria de 2022\u00a0 | \u00a0Mem\u00f2ria de 2023 | Mem\u00f2ria de 2024 | Mem\u00f2ria de 2025 NORMATIVA Aqu\u00ed hi trobareu tota la normativa relacionada amb els Laboratoris d\u2019Innovaci\u00f3 Oberta: Dec\u00e0leg&nbsp;amb els principis b\u00e0sics [&hellip;]\" \/>\n<meta property=\"og:url\" content=\"https:\/\/webs.uab.cat\/openlabs\/coneix-els-labs\/portal-de-transparencia\/\" \/>\n<meta property=\"og:site_name\" content=\"Laboratoris d&#039;innovaci\u00f3 Oberta\" \/>\n<meta property=\"article:modified_time\" content=\"2026-03-12T14:07:12+00:00\" \/>\n<meta name=\"twitter:card\" content=\"summary_large_image\" \/>\n<meta name=\"twitter:label1\" content=\"Temps estimat de lectura\" \/>\n\t<meta name=\"twitter:data1\" content=\"1 minut\" \/>\n<script type=\"application\/ld+json\" class=\"yoast-schema-graph\">{\"@context\":\"https:\/\/schema.org\",\"@graph\":[{\"@type\":\"WebPage\",\"@id\":\"https:\/\/webs.uab.cat\/openlabs\/coneix-els-labs\/portal-de-transparencia\/\",\"url\":\"https:\/\/webs.uab.cat\/openlabs\/coneix-els-labs\/portal-de-transparencia\/\",\"name\":\"Portal de transpar\u00e8ncia - Laboratoris d&#039;innovaci\u00f3 Oberta\",\"isPartOf\":{\"@id\":\"https:\/\/webs.uab.cat\/openlabs\/#website\"},\"datePublished\":\"2024-09-04T08:35:20+00:00\",\"dateModified\":\"2026-03-12T14:07:12+00:00\",\"breadcrumb\":{\"@id\":\"https:\/\/webs.uab.cat\/openlabs\/coneix-els-labs\/portal-de-transparencia\/#breadcrumb\"},\"inLanguage\":\"ca\",\"potentialAction\":[{\"@type\":\"ReadAction\",\"target\":[\"https:\/\/webs.uab.cat\/openlabs\/coneix-els-labs\/portal-de-transparencia\/\"]}]},{\"@type\":\"BreadcrumbList\",\"@id\":\"https:\/\/webs.uab.cat\/openlabs\/coneix-els-labs\/portal-de-transparencia\/#breadcrumb\",\"itemListElement\":[{\"@type\":\"ListItem\",\"position\":1,\"name\":\"Inici\",\"item\":\"https:\/\/webs.uab.cat\/openlabs\/\"},{\"@type\":\"ListItem\",\"position\":2,\"name\":\"Qui som\",\"item\":\"https:\/\/webs.uab.cat\/openlabs\/coneix-els-labs\/\"},{\"@type\":\"ListItem\",\"position\":3,\"name\":\"Portal de transpar\u00e8ncia\"}]},{\"@type\":\"WebSite\",\"@id\":\"https:\/\/webs.uab.cat\/openlabs\/#website\",\"url\":\"https:\/\/webs.uab.cat\/openlabs\/\",\"name\":\"Laboratoris d&#039;innovaci\u00f3 Oberta\",\"description\":\"UAB Open Labs - espai obert per les ments obertes\",\"potentialAction\":[{\"@type\":\"SearchAction\",\"target\":{\"@type\":\"EntryPoint\",\"urlTemplate\":\"https:\/\/webs.uab.cat\/openlabs\/?s={search_term_string}\"},\"query-input\":{\"@type\":\"PropertyValueSpecification\",\"valueRequired\":true,\"valueName\":\"search_term_string\"}}],\"inLanguage\":\"ca\"}]}<\/script>\n<!-- \/ Yoast SEO plugin. -->","yoast_head_json":{"title":"Portal de transpar\u00e8ncia - Laboratoris d&#039;innovaci\u00f3 Oberta","robots":{"index":"index","follow":"follow","max-snippet":"max-snippet:-1","max-image-preview":"max-image-preview:large","max-video-preview":"max-video-preview:-1"},"canonical":"https:\/\/webs.uab.cat\/openlabs\/coneix-els-labs\/portal-de-transparencia\/","og_locale":"ca_ES","og_type":"article","og_title":"Portal de transpar\u00e8ncia - Laboratoris d&#039;innovaci\u00f3 Oberta","og_description":"Mem\u00f2ries dels Laboratoris d\u2019Innovaci\u00f3 Oberta (UAB Open Labs) A continuaci\u00f3, podeu consultar els resums de l\u2019activitat dels darrers anys: Mem\u00f2ria de 2021\u00a0 | \u00a0Mem\u00f2ria de 2022\u00a0 | \u00a0Mem\u00f2ria de 2023 | Mem\u00f2ria de 2024 | Mem\u00f2ria de 2025 NORMATIVA Aqu\u00ed hi trobareu tota la normativa relacionada amb els Laboratoris d\u2019Innovaci\u00f3 Oberta: Dec\u00e0leg&nbsp;amb els principis b\u00e0sics [&hellip;]","og_url":"https:\/\/webs.uab.cat\/openlabs\/coneix-els-labs\/portal-de-transparencia\/","og_site_name":"Laboratoris d&#039;innovaci\u00f3 Oberta","article_modified_time":"2026-03-12T14:07:12+00:00","twitter_card":"summary_large_image","twitter_misc":{"Temps estimat de lectura":"1 minut"},"schema":{"@context":"https:\/\/schema.org","@graph":[{"@type":"WebPage","@id":"https:\/\/webs.uab.cat\/openlabs\/coneix-els-labs\/portal-de-transparencia\/","url":"https:\/\/webs.uab.cat\/openlabs\/coneix-els-labs\/portal-de-transparencia\/","name":"Portal de transpar\u00e8ncia - Laboratoris d&#039;innovaci\u00f3 Oberta","isPartOf":{"@id":"https:\/\/webs.uab.cat\/openlabs\/#website"},"datePublished":"2024-09-04T08:35:20+00:00","dateModified":"2026-03-12T14:07:12+00:00","breadcrumb":{"@id":"https:\/\/webs.uab.cat\/openlabs\/coneix-els-labs\/portal-de-transparencia\/#breadcrumb"},"inLanguage":"ca","potentialAction":[{"@type":"ReadAction","target":["https:\/\/webs.uab.cat\/openlabs\/coneix-els-labs\/portal-de-transparencia\/"]}]},{"@type":"BreadcrumbList","@id":"https:\/\/webs.uab.cat\/openlabs\/coneix-els-labs\/portal-de-transparencia\/#breadcrumb","itemListElement":[{"@type":"ListItem","position":1,"name":"Inici","item":"https:\/\/webs.uab.cat\/openlabs\/"},{"@type":"ListItem","position":2,"name":"Qui som","item":"https:\/\/webs.uab.cat\/openlabs\/coneix-els-labs\/"},{"@type":"ListItem","position":3,"name":"Portal de transpar\u00e8ncia"}]},{"@type":"WebSite","@id":"https:\/\/webs.uab.cat\/openlabs\/#website","url":"https:\/\/webs.uab.cat\/openlabs\/","name":"Laboratoris d&#039;innovaci\u00f3 Oberta","description":"UAB Open Labs - espai obert per les ments obertes","potentialAction":[{"@type":"SearchAction","target":{"@type":"EntryPoint","urlTemplate":"https:\/\/webs.uab.cat\/openlabs\/?s={search_term_string}"},"query-input":{"@type":"PropertyValueSpecification","valueRequired":true,"valueName":"search_term_string"}}],"inLanguage":"ca"}]}},"_links":{"self":[{"href":"https:\/\/webs.uab.cat\/openlabs\/wp-json\/wp\/v2\/pages\/2911","targetHints":{"allow":["GET"]}}],"collection":[{"href":"https:\/\/webs.uab.cat\/openlabs\/wp-json\/wp\/v2\/pages"}],"about":[{"href":"https:\/\/webs.uab.cat\/openlabs\/wp-json\/wp\/v2\/types\/page"}],"author":[{"embeddable":true,"href":"https:\/\/webs.uab.cat\/openlabs\/wp-json\/wp\/v2\/users\/2595"}],"replies":[{"embeddable":true,"href":"https:\/\/webs.uab.cat\/openlabs\/wp-json\/wp\/v2\/comments?post=2911"}],"version-history":[{"count":14,"href":"https:\/\/webs.uab.cat\/openlabs\/wp-json\/wp\/v2\/pages\/2911\/revisions"}],"predecessor-version":[{"id":5541,"href":"https:\/\/webs.uab.cat\/openlabs\/wp-json\/wp\/v2\/pages\/2911\/revisions\/5541"}],"up":[{"embeddable":true,"href":"https:\/\/webs.uab.cat\/openlabs\/wp-json\/wp\/v2\/pages\/2227"}],"wp:attachment":[{"href":"https:\/\/webs.uab.cat\/openlabs\/wp-json\/wp\/v2\/media?parent=2911"}],"curies":[{"name":"wp","href":"https:\/\/api.w.org\/{rel}","templated":true}]}}