{"id":2974,"date":"2024-09-04T15:48:33","date_gmt":"2024-09-04T13:48:33","guid":{"rendered":"https:\/\/webs.uab.cat\/openlabs\/?page_id=2974"},"modified":"2026-02-10T14:38:45","modified_gmt":"2026-02-10T12:38:45","slug":"circulab","status":"publish","type":"page","link":"https:\/\/webs.uab.cat\/openlabs\/labs\/circulab\/","title":{"rendered":"CircuLab"},"content":{"rendered":"\n<div class=\"wp-block-columns alignwide is-layout-flex wp-container-core-columns-is-layout-9d6595d7 wp-block-columns-is-layout-flex\">\n<div class=\"wp-block-column is-layout-flow wp-block-column-is-layout-flow\" style=\"flex-basis:66.66%\"><div class=\"wp-block-post-excerpt has-background has-gris-londres-background-color\"><p class=\"wp-block-post-excerpt__excerpt\">El CircuLab \u00e9s l\u2019espai dedicat a l\u2019economia circular i al reciclatge. T\u00e9 com a objectiu donar suport als projectes d\u2019innovaci\u00f3 en el marc d\u2019una transici\u00f3 verda. <\/p><\/div>\n\n\n<h2 class=\"wp-block-heading\">Espais<\/h2>\n\n\n\n<div class=\"wp-block-columns is-layout-flex wp-container-core-columns-is-layout-9d6595d7 wp-block-columns-is-layout-flex\">\n<div class=\"wp-block-column is-layout-flow wp-block-column-is-layout-flow\" style=\"flex-basis:100%\">\n<div class=\"wp-block-media-text is-stacked-on-mobile\"><figure class=\"wp-block-media-text__media\"><img loading=\"lazy\" decoding=\"async\" width=\"1024\" height=\"768\" src=\"https:\/\/webs.uab.cat\/openlabs\/wp-content\/uploads\/sites\/582\/2026\/01\/UOL_Circulab_tallertaules-2-1024x768.jpeg\" alt=\"\" class=\"wp-image-5459 size-full\" srcset=\"https:\/\/webs.uab.cat\/openlabs\/wp-content\/uploads\/sites\/582\/2026\/01\/UOL_Circulab_tallertaules-2-1024x768.jpeg 1024w, https:\/\/webs.uab.cat\/openlabs\/wp-content\/uploads\/sites\/582\/2026\/01\/UOL_Circulab_tallertaules-2-300x225.jpeg 300w, https:\/\/webs.uab.cat\/openlabs\/wp-content\/uploads\/sites\/582\/2026\/01\/UOL_Circulab_tallertaules-2-768x576.jpeg 768w, https:\/\/webs.uab.cat\/openlabs\/wp-content\/uploads\/sites\/582\/2026\/01\/UOL_Circulab_tallertaules-2-1536x1152.jpeg 1536w, https:\/\/webs.uab.cat\/openlabs\/wp-content\/uploads\/sites\/582\/2026\/01\/UOL_Circulab_tallertaules-2-1200x900.jpeg 1200w, https:\/\/webs.uab.cat\/openlabs\/wp-content\/uploads\/sites\/582\/2026\/01\/UOL_Circulab_tallertaules-2-1980x1485.jpeg 1980w, https:\/\/webs.uab.cat\/openlabs\/wp-content\/uploads\/sites\/582\/2026\/01\/UOL_Circulab_tallertaules-2.jpeg 2016w\" sizes=\"auto, (max-width: 1024px) 100vw, 1024px\" \/><\/figure><div class=\"wp-block-media-text__content\">\n<p><strong>Laboratori<\/strong><\/p>\n\n\n\n<p>En aquest espai de treball hi podem trobar maquin\u00e0ria per transformar residus de mat\u00e8ria org\u00e0nica, pl\u00e0stic, fusta i material electr\u00f2nic, aix\u00ed com taules, cadires i un projector. T\u00e9 capacitat per a unes 20 persones.<\/p>\n<\/div><\/div>\n\n\n\n<div class=\"wp-block-media-text has-media-on-the-right is-stacked-on-mobile\"><div class=\"wp-block-media-text__content\">\n<p><strong>Magatzem<\/strong><\/p>\n\n\n\n<p>\u00c9s un espai de 200 m<sup>2<\/sup> dedicat a recuperar i emmagatzemar els millors materials que arriben a la deixalleria. Hi podem trobar:<\/p>\n\n\n\n<ul class=\"wp-block-list\">\n<li><strong>Borsa de material reutilitzat: <\/strong>els materials en bon estat que es poden reutilitzar s\u2019incorporen a la borsa per posar-los a disposici\u00f3 de les persones, les entitats i les empreses que puguin estar-hi interessades.<br><\/li>\n\n\n\n<li><strong>La Biblioteca de les Coses: <\/strong>es poden demanar en pr\u00e9stec eines i objectes durant un per\u00edode de temps.<\/li>\n<\/ul>\n<\/div><figure class=\"wp-block-media-text__media\"><img loading=\"lazy\" decoding=\"async\" width=\"1022\" height=\"1024\" src=\"https:\/\/webs.uab.cat\/openlabs\/wp-content\/uploads\/sites\/582\/2026\/01\/UOL_Circulab_Magatzem-1-e1768825923742-1022x1024.jpeg\" alt=\"\" class=\"wp-image-5429 size-full\" srcset=\"https:\/\/webs.uab.cat\/openlabs\/wp-content\/uploads\/sites\/582\/2026\/01\/UOL_Circulab_Magatzem-1-e1768825923742-1022x1024.jpeg 1022w, https:\/\/webs.uab.cat\/openlabs\/wp-content\/uploads\/sites\/582\/2026\/01\/UOL_Circulab_Magatzem-1-e1768825923742-300x300.jpeg 300w, https:\/\/webs.uab.cat\/openlabs\/wp-content\/uploads\/sites\/582\/2026\/01\/UOL_Circulab_Magatzem-1-e1768825923742-150x150.jpeg 150w, https:\/\/webs.uab.cat\/openlabs\/wp-content\/uploads\/sites\/582\/2026\/01\/UOL_Circulab_Magatzem-1-e1768825923742-768x770.jpeg 768w, https:\/\/webs.uab.cat\/openlabs\/wp-content\/uploads\/sites\/582\/2026\/01\/UOL_Circulab_Magatzem-1-e1768825923742-1200x1202.jpeg 1200w, https:\/\/webs.uab.cat\/openlabs\/wp-content\/uploads\/sites\/582\/2026\/01\/UOL_Circulab_Magatzem-1-e1768825923742-400x400.jpeg 400w, https:\/\/webs.uab.cat\/openlabs\/wp-content\/uploads\/sites\/582\/2026\/01\/UOL_Circulab_Magatzem-1-e1768825923742-600x600.jpeg 600w, https:\/\/webs.uab.cat\/openlabs\/wp-content\/uploads\/sites\/582\/2026\/01\/UOL_Circulab_Magatzem-1-e1768825923742.jpeg 1512w\" sizes=\"auto, (max-width: 1022px) 100vw, 1022px\" \/><\/figure><\/div>\n<\/div>\n<\/div>\n\n\n\n<div class=\"wp-block-media-text is-stacked-on-mobile\"><figure class=\"wp-block-media-text__media\"><img loading=\"lazy\" decoding=\"async\" width=\"1024\" height=\"828\" src=\"https:\/\/webs.uab.cat\/openlabs\/wp-content\/uploads\/sites\/582\/2024\/09\/IMG-20240628-WA0005-e1768826098104-1024x828.jpg\" alt=\"\" class=\"wp-image-3753 size-full\" srcset=\"https:\/\/webs.uab.cat\/openlabs\/wp-content\/uploads\/sites\/582\/2024\/09\/IMG-20240628-WA0005-e1768826098104-1024x828.jpg 1024w, https:\/\/webs.uab.cat\/openlabs\/wp-content\/uploads\/sites\/582\/2024\/09\/IMG-20240628-WA0005-e1768826098104-300x243.jpg 300w, https:\/\/webs.uab.cat\/openlabs\/wp-content\/uploads\/sites\/582\/2024\/09\/IMG-20240628-WA0005-e1768826098104-768x621.jpg 768w, https:\/\/webs.uab.cat\/openlabs\/wp-content\/uploads\/sites\/582\/2024\/09\/IMG-20240628-WA0005-e1768826098104.jpg 1058w\" sizes=\"auto, (max-width: 1024px) 100vw, 1024px\" \/><\/figure><div class=\"wp-block-media-text__content\">\n<p><strong>Porxada<\/strong><\/p>\n\n\n\n<p>Es tracta de la zona exterior que hi ha sota la porxada de l\u2019Espai R. Quan fa bon temps, es pot utilitzar per fer-hi jornades, pon\u00e8ncies o presentacions. T\u00e9 capacitat per a 60 persones i disposa d\u2019una pantalla. Durant els actes cal utilitzar un sistema de microfonia.<\/p>\n<\/div><\/div>\n\n\n\n<p><\/p>\n\n\n\n<h5 class=\"wp-block-heading has-gris-londres-background-color has-background\">On som?<\/h5>\n\n\n\n<p>C\/Serragalliners s\/n (deixalleria)<br>Campus de la UAB<br>08193 Bellaterra (Cerdanyola del Vall\u00e8s)<\/p>\n\n\n\n<h5 class=\"wp-block-heading\">Responsable:<\/h5>\n\n\n\n<p><a href=\"https:\/\/webs.uab.cat\/openlabs\/coneix-els-labs\/equip\/#CB\" target=\"_blank\" rel=\"noreferrer noopener\">Clara Borr\u00e0s Coll<\/a><\/p>\n\n\n\n<h5 class=\"wp-block-heading\">Horari<\/h5>\n\n\n\n<p>De dilluns a dijous de&nbsp;9.30 a 13.30 i de 15.00 a 17.00 h<\/p>\n\n\n\n<p>Deixalleria (campus de la UAB) <a href=\"https:\/\/maps.app.goo.gl\/fvJY4VkLbmRgeuvFA\">ubicaci\u00f3 de Google Maps<\/a><\/p>\n\n\n\n<figure class=\"wp-block-image size-full is-resized\"><a href=\"https:\/\/maps.app.goo.gl\/rmGgGz2sahqkX1Vx9\" target=\"_blank\" rel=\" noreferrer noopener\"><img loading=\"lazy\" decoding=\"async\" width=\"869\" height=\"750\" src=\"https:\/\/webs.uab.cat\/openlabs\/wp-content\/uploads\/sites\/582\/2025\/09\/mapa-circulab-maps.png\" alt=\"\" class=\"wp-image-5060\" style=\"width:582px;height:auto\" srcset=\"https:\/\/webs.uab.cat\/openlabs\/wp-content\/uploads\/sites\/582\/2025\/09\/mapa-circulab-maps.png 869w, https:\/\/webs.uab.cat\/openlabs\/wp-content\/uploads\/sites\/582\/2025\/09\/mapa-circulab-maps-300x259.png 300w, https:\/\/webs.uab.cat\/openlabs\/wp-content\/uploads\/sites\/582\/2025\/09\/mapa-circulab-maps-768x663.png 768w\" sizes=\"auto, (max-width: 869px) 100vw, 869px\" \/><\/a><\/figure>\n\n\n\n<p><a href=\"#TOP\">TORNAR A L\u2019INICI<\/a><\/p>\n<\/div>\n\n\n\n<div class=\"wp-block-column is-layout-flow wp-block-column-is-layout-flow\" style=\"flex-basis:33.33%\">\n<div class=\"wp-block-buttons is-layout-flex wp-block-buttons-is-layout-flex\">\n<div class=\"wp-block-button is-style-fill\"><a class=\"wp-block-button__link wp-element-button\" href=\"https:\/\/webs.uab.cat\/openlabs\/projectes\/projectes-de-circulab\/\">Projectes<\/a><\/div>\n\n\n\n<div class=\"wp-block-button is-style-fill\"><a class=\"wp-block-button__link wp-element-button\" href=\"https:\/\/webs.uab.cat\/openlabs\/equipament\/equipament-circulab\/\">Equipament<\/a><\/div>\n<\/div>\n\n\n\n<h5 class=\"wp-block-heading\">Recursos <\/h5>\n\n\n\n<details class=\"wp-block-details alignwide is-layout-flow wp-block-details-is-layout-flow\"><summary>Borsa de Material Reutilitzable<\/summary>\n<p><a href=\"https:\/\/www.uab.cat\/web\/residus\/borsa-de-material-reutilitzable-1274857048968.html\"><strong>Recirculaci\u00f3 de material<\/strong> <strong>en des\u00fas <\/strong><br><\/a>Coneix, consulta i sol\u00b7licita el material disponible. <\/p>\n<\/details>\n\n\n\n<details class=\"wp-block-details alignwide is-layout-flow wp-block-details-is-layout-flow\"><summary>SustainEd<\/summary>\n<p><a href=\"https:\/\/sustain-ed.eu\/ca\/\"><strong>PROJECTE ERASMUS+ 2023<\/strong><br><\/a>Una Iniciativa Conjunta d&#8217;Empreses i Educaci\u00f3 Superior per a un Futur M\u00e9s Verd<\/p>\n<\/details>\n\n\n\n<details class=\"wp-block-details alignwide is-layout-flow wp-block-details-is-layout-flow\"><summary>Grid Granollers<\/summary>\n<p><a href=\"https:\/\/www.gridgranollers.com\/\">Plataforma<\/a> al servei d&#8217;empreses i entitats per a l\u2019\u00fas eficient dels recursos no aprofitats i la cooperaci\u00f3 entre empreses<\/p>\n<\/details>\n\n\n\n<div class=\"wp-block-buttons is-layout-flex wp-block-buttons-is-layout-flex\"><\/div>\n<\/div>\n<\/div>\n","protected":false},"excerpt":{"rendered":"<p>El CircuLab \u00e9s l\u2019espai dedicat a l\u2019economia circular i al reciclatge. T\u00e9 com a objectiu donar suport als projectes d\u2019innovaci\u00f3 en el marc d\u2019una transici\u00f3 verda.<\/p>\n","protected":false},"author":2595,"featured_media":3695,"parent":2231,"menu_order":4,"comment_status":"closed","ping_status":"closed","template":"","meta":{"footnotes":""},"class_list":["post-2974","page","type-page","status-publish","has-post-thumbnail","hentry"],"yoast_head":"<!-- This site is optimized with the Yoast SEO plugin v26.8 - https:\/\/yoast.com\/product\/yoast-seo-wordpress\/ -->\n<title>CircuLab - Laboratoris d&#039;innovaci\u00f3 Oberta<\/title>\n<meta name=\"robots\" content=\"index, follow, max-snippet:-1, max-image-preview:large, max-video-preview:-1\" \/>\n<link rel=\"canonical\" href=\"https:\/\/webs.uab.cat\/openlabs\/labs\/circulab\/\" \/>\n<meta property=\"og:locale\" content=\"ca_ES\" \/>\n<meta property=\"og:type\" content=\"article\" \/>\n<meta property=\"og:title\" content=\"CircuLab - Laboratoris d&#039;innovaci\u00f3 Oberta\" \/>\n<meta property=\"og:description\" content=\"El CircuLab \u00e9s l\u2019espai dedicat a l\u2019economia circular i al reciclatge. T\u00e9 com a objectiu donar suport als projectes d\u2019innovaci\u00f3 en el marc d\u2019una transici\u00f3 verda.\" \/>\n<meta property=\"og:url\" content=\"https:\/\/webs.uab.cat\/openlabs\/labs\/circulab\/\" \/>\n<meta property=\"og:site_name\" content=\"Laboratoris d&#039;innovaci\u00f3 Oberta\" \/>\n<meta property=\"article:modified_time\" content=\"2026-02-10T12:38:45+00:00\" \/>\n<meta property=\"og:image\" content=\"https:\/\/webs.uab.cat\/openlabs\/wp-content\/uploads\/sites\/582\/2024\/09\/circulab_banner_700.jpg\" \/>\n\t<meta property=\"og:image:width\" content=\"700\" \/>\n\t<meta property=\"og:image:height\" content=\"72\" \/>\n\t<meta property=\"og:image:type\" content=\"image\/jpeg\" \/>\n<meta name=\"twitter:card\" content=\"summary_large_image\" \/>\n<meta name=\"twitter:label1\" content=\"Temps estimat de lectura\" \/>\n\t<meta name=\"twitter:data1\" content=\"3 minuts\" \/>\n<script type=\"application\/ld+json\" class=\"yoast-schema-graph\">{\"@context\":\"https:\/\/schema.org\",\"@graph\":[{\"@type\":\"WebPage\",\"@id\":\"https:\/\/webs.uab.cat\/openlabs\/labs\/circulab\/\",\"url\":\"https:\/\/webs.uab.cat\/openlabs\/labs\/circulab\/\",\"name\":\"CircuLab - Laboratoris d&#039;innovaci\u00f3 Oberta\",\"isPartOf\":{\"@id\":\"https:\/\/webs.uab.cat\/openlabs\/#website\"},\"primaryImageOfPage\":{\"@id\":\"https:\/\/webs.uab.cat\/openlabs\/labs\/circulab\/#primaryimage\"},\"image\":{\"@id\":\"https:\/\/webs.uab.cat\/openlabs\/labs\/circulab\/#primaryimage\"},\"thumbnailUrl\":\"https:\/\/webs.uab.cat\/openlabs\/wp-content\/uploads\/sites\/582\/2024\/09\/circulab_banner_700.jpg\",\"datePublished\":\"2024-09-04T13:48:33+00:00\",\"dateModified\":\"2026-02-10T12:38:45+00:00\",\"breadcrumb\":{\"@id\":\"https:\/\/webs.uab.cat\/openlabs\/labs\/circulab\/#breadcrumb\"},\"inLanguage\":\"ca\",\"potentialAction\":[{\"@type\":\"ReadAction\",\"target\":[\"https:\/\/webs.uab.cat\/openlabs\/labs\/circulab\/\"]}]},{\"@type\":\"ImageObject\",\"inLanguage\":\"ca\",\"@id\":\"https:\/\/webs.uab.cat\/openlabs\/labs\/circulab\/#primaryimage\",\"url\":\"https:\/\/webs.uab.cat\/openlabs\/wp-content\/uploads\/sites\/582\/2024\/09\/circulab_banner_700.jpg\",\"contentUrl\":\"https:\/\/webs.uab.cat\/openlabs\/wp-content\/uploads\/sites\/582\/2024\/09\/circulab_banner_700.jpg\",\"width\":700,\"height\":72},{\"@type\":\"BreadcrumbList\",\"@id\":\"https:\/\/webs.uab.cat\/openlabs\/labs\/circulab\/#breadcrumb\",\"itemListElement\":[{\"@type\":\"ListItem\",\"position\":1,\"name\":\"Inici\",\"item\":\"https:\/\/webs.uab.cat\/openlabs\/\"},{\"@type\":\"ListItem\",\"position\":2,\"name\":\"Laboratoris\",\"item\":\"https:\/\/webs.uab.cat\/openlabs\/labs\/\"},{\"@type\":\"ListItem\",\"position\":3,\"name\":\"CircuLab\"}]},{\"@type\":\"WebSite\",\"@id\":\"https:\/\/webs.uab.cat\/openlabs\/#website\",\"url\":\"https:\/\/webs.uab.cat\/openlabs\/\",\"name\":\"Laboratoris d&#039;innovaci\u00f3 Oberta\",\"description\":\"UAB Open Labs - espai obert per les ments obertes\",\"potentialAction\":[{\"@type\":\"SearchAction\",\"target\":{\"@type\":\"EntryPoint\",\"urlTemplate\":\"https:\/\/webs.uab.cat\/openlabs\/?s={search_term_string}\"},\"query-input\":{\"@type\":\"PropertyValueSpecification\",\"valueRequired\":true,\"valueName\":\"search_term_string\"}}],\"inLanguage\":\"ca\"}]}<\/script>\n<!-- \/ Yoast SEO plugin. -->","yoast_head_json":{"title":"CircuLab - Laboratoris d&#039;innovaci\u00f3 Oberta","robots":{"index":"index","follow":"follow","max-snippet":"max-snippet:-1","max-image-preview":"max-image-preview:large","max-video-preview":"max-video-preview:-1"},"canonical":"https:\/\/webs.uab.cat\/openlabs\/labs\/circulab\/","og_locale":"ca_ES","og_type":"article","og_title":"CircuLab - Laboratoris d&#039;innovaci\u00f3 Oberta","og_description":"El CircuLab \u00e9s l\u2019espai dedicat a l\u2019economia circular i al reciclatge. T\u00e9 com a objectiu donar suport als projectes d\u2019innovaci\u00f3 en el marc d\u2019una transici\u00f3 verda.","og_url":"https:\/\/webs.uab.cat\/openlabs\/labs\/circulab\/","og_site_name":"Laboratoris d&#039;innovaci\u00f3 Oberta","article_modified_time":"2026-02-10T12:38:45+00:00","og_image":[{"width":700,"height":72,"url":"https:\/\/webs.uab.cat\/openlabs\/wp-content\/uploads\/sites\/582\/2024\/09\/circulab_banner_700.jpg","type":"image\/jpeg"}],"twitter_card":"summary_large_image","twitter_misc":{"Temps estimat de lectura":"3 minuts"},"schema":{"@context":"https:\/\/schema.org","@graph":[{"@type":"WebPage","@id":"https:\/\/webs.uab.cat\/openlabs\/labs\/circulab\/","url":"https:\/\/webs.uab.cat\/openlabs\/labs\/circulab\/","name":"CircuLab - Laboratoris d&#039;innovaci\u00f3 Oberta","isPartOf":{"@id":"https:\/\/webs.uab.cat\/openlabs\/#website"},"primaryImageOfPage":{"@id":"https:\/\/webs.uab.cat\/openlabs\/labs\/circulab\/#primaryimage"},"image":{"@id":"https:\/\/webs.uab.cat\/openlabs\/labs\/circulab\/#primaryimage"},"thumbnailUrl":"https:\/\/webs.uab.cat\/openlabs\/wp-content\/uploads\/sites\/582\/2024\/09\/circulab_banner_700.jpg","datePublished":"2024-09-04T13:48:33+00:00","dateModified":"2026-02-10T12:38:45+00:00","breadcrumb":{"@id":"https:\/\/webs.uab.cat\/openlabs\/labs\/circulab\/#breadcrumb"},"inLanguage":"ca","potentialAction":[{"@type":"ReadAction","target":["https:\/\/webs.uab.cat\/openlabs\/labs\/circulab\/"]}]},{"@type":"ImageObject","inLanguage":"ca","@id":"https:\/\/webs.uab.cat\/openlabs\/labs\/circulab\/#primaryimage","url":"https:\/\/webs.uab.cat\/openlabs\/wp-content\/uploads\/sites\/582\/2024\/09\/circulab_banner_700.jpg","contentUrl":"https:\/\/webs.uab.cat\/openlabs\/wp-content\/uploads\/sites\/582\/2024\/09\/circulab_banner_700.jpg","width":700,"height":72},{"@type":"BreadcrumbList","@id":"https:\/\/webs.uab.cat\/openlabs\/labs\/circulab\/#breadcrumb","itemListElement":[{"@type":"ListItem","position":1,"name":"Inici","item":"https:\/\/webs.uab.cat\/openlabs\/"},{"@type":"ListItem","position":2,"name":"Laboratoris","item":"https:\/\/webs.uab.cat\/openlabs\/labs\/"},{"@type":"ListItem","position":3,"name":"CircuLab"}]},{"@type":"WebSite","@id":"https:\/\/webs.uab.cat\/openlabs\/#website","url":"https:\/\/webs.uab.cat\/openlabs\/","name":"Laboratoris d&#039;innovaci\u00f3 Oberta","description":"UAB Open Labs - espai obert per les ments obertes","potentialAction":[{"@type":"SearchAction","target":{"@type":"EntryPoint","urlTemplate":"https:\/\/webs.uab.cat\/openlabs\/?s={search_term_string}"},"query-input":{"@type":"PropertyValueSpecification","valueRequired":true,"valueName":"search_term_string"}}],"inLanguage":"ca"}]}},"_links":{"self":[{"href":"https:\/\/webs.uab.cat\/openlabs\/wp-json\/wp\/v2\/pages\/2974","targetHints":{"allow":["GET"]}}],"collection":[{"href":"https:\/\/webs.uab.cat\/openlabs\/wp-json\/wp\/v2\/pages"}],"about":[{"href":"https:\/\/webs.uab.cat\/openlabs\/wp-json\/wp\/v2\/types\/page"}],"author":[{"embeddable":true,"href":"https:\/\/webs.uab.cat\/openlabs\/wp-json\/wp\/v2\/users\/2595"}],"replies":[{"embeddable":true,"href":"https:\/\/webs.uab.cat\/openlabs\/wp-json\/wp\/v2\/comments?post=2974"}],"version-history":[{"count":16,"href":"https:\/\/webs.uab.cat\/openlabs\/wp-json\/wp\/v2\/pages\/2974\/revisions"}],"predecessor-version":[{"id":5488,"href":"https:\/\/webs.uab.cat\/openlabs\/wp-json\/wp\/v2\/pages\/2974\/revisions\/5488"}],"up":[{"embeddable":true,"href":"https:\/\/webs.uab.cat\/openlabs\/wp-json\/wp\/v2\/pages\/2231"}],"wp:featuredmedia":[{"embeddable":true,"href":"https:\/\/webs.uab.cat\/openlabs\/wp-json\/wp\/v2\/media\/3695"}],"wp:attachment":[{"href":"https:\/\/webs.uab.cat\/openlabs\/wp-json\/wp\/v2\/media?parent=2974"}],"curies":[{"name":"wp","href":"https:\/\/api.w.org\/{rel}","templated":true}]}}