{"id":4114,"date":"2024-10-22T09:52:01","date_gmt":"2024-10-22T07:52:01","guid":{"rendered":"https:\/\/webs.uab.cat\/openlabs\/?page_id=4114"},"modified":"2025-09-23T13:04:33","modified_gmt":"2025-09-23T11:04:33","slug":"comunitats","status":"publish","type":"page","link":"https:\/\/webs.uab.cat\/openlabs\/comunitats\/","title":{"rendered":"Comunitats"},"content":{"rendered":"\n<p>Les comunitats s\u00f3n espais col\u00b7laboratius on persones amb coneixements especialitzats comparteixen idees i desenvolupen projectes conjuntament.<\/p>\n\n\n\n<p>Actuen com acceleradors de projectes facilitant suport per portar-los a terme. A m\u00e9s, creen un ecosistema de coneixement obert i din\u00e0mic que va m\u00e9s enll\u00e0 de les estructures tradicionals.<\/p>\n\n\n\n<p>Aquestes comunitats funcionen com una extensi\u00f3 dels nostres laboratoris i permeten la cocreaci\u00f3 entre equips multidisciplinaris de diferents facultats. Tamb\u00e9 impulsen la innovaci\u00f3 i afavoreixen la creaci\u00f3 de vincles de confian\u00e7a entre els membres.<\/p>\n\n\n\n<p>Les persones de la UAB poden unir-se a les comunitats existents o b\u00e9 proposar-ne de noves. Aquestes comunitats ajuden a identificar necessitats tecnol\u00f2giques i faciliten el proc\u00e9s de preparaci\u00f3 de propostes per a convocat\u00f2ries de finan\u00e7ament d\u2019infraestructures. Aix\u00ed, es consoliden com a motors de creativitat i generadors de coneixement transversal dins i fora dels nostres laboratoris.<\/p>\n\n\n\n<h4 class=\"wp-block-heading\">Comunitat de realitat virtual<\/h4>\n\n\n\n<div class=\"wp-block-media-text is-stacked-on-mobile is-vertically-aligned-top\" style=\"grid-template-columns:24% auto\"><figure class=\"wp-block-media-text__media\"><img loading=\"lazy\" decoding=\"async\" width=\"800\" height=\"800\" src=\"https:\/\/webs.uab.cat\/openlabs\/wp-content\/uploads\/sites\/582\/2024\/07\/oculus_quest_2_64gb_gafas_realidad_virtual_01_l.jpg\" alt=\"\" class=\"wp-image-2297 size-full\" srcset=\"https:\/\/webs.uab.cat\/openlabs\/wp-content\/uploads\/sites\/582\/2024\/07\/oculus_quest_2_64gb_gafas_realidad_virtual_01_l.jpg 800w, https:\/\/webs.uab.cat\/openlabs\/wp-content\/uploads\/sites\/582\/2024\/07\/oculus_quest_2_64gb_gafas_realidad_virtual_01_l-300x300.jpg 300w, https:\/\/webs.uab.cat\/openlabs\/wp-content\/uploads\/sites\/582\/2024\/07\/oculus_quest_2_64gb_gafas_realidad_virtual_01_l-150x150.jpg 150w, https:\/\/webs.uab.cat\/openlabs\/wp-content\/uploads\/sites\/582\/2024\/07\/oculus_quest_2_64gb_gafas_realidad_virtual_01_l-768x768.jpg 768w\" sizes=\"auto, (max-width: 800px) 100vw, 800px\" \/><\/figure><div class=\"wp-block-media-text__content\">\n<p>\u00c9s un espai on es poden compartir experi\u00e8ncies i recursos vinculats a la realitat virtual, amb l\u2019objectiu que les persones que en formin part puguin utilitzar aquesta eina en doc\u00e8ncia, recerca i transfer\u00e8ncia.<\/p>\n\n\n\n<p>No cal tenir coneixements previs de realitat virtual. Si us interessa i us hi voleu donar d\u2019alta, podeu fer-ho enviant un correu electr\u00f2nic a&nbsp;<a href=\"mailto:openlabs@uab.cat\">openlabs@uab.cat<\/a>.<\/p>\n<\/div><\/div>\n\n\n\n<figure class=\"wp-block-video\"><video height=\"480\" style=\"aspect-ratio: 852 \/ 480;\" width=\"852\" controls src=\"https:\/\/webs.uab.cat\/openlabs\/wp-content\/uploads\/sites\/582\/2024\/10\/Presentacio_ComunitatRV.mp4\"><\/video><\/figure>\n\n\n\n<p><a href=\"https:\/\/teams.microsoft.com\/l\/team\/19%3APdnX7UnVRTyA2DCAeoeANNLSgkhZV5Vc3FQpbjHqX601%40thread.tacv2\/conversations?groupId=98518fe1-03c4-4a61-a0c9-53519b258602&amp;tenantId=6b514c29-2391-4831-b774-84f35c45bf01\">General | Comunitat de Realitat Virtual de la UAB | Microsoft Teams<\/a><\/p>\n\n\n\n<p><\/p>\n","protected":false},"excerpt":{"rendered":"<p>Les comunitats s\u00f3n espais col\u00b7laboratius on persones amb coneixements especialitzats comparteixen idees i desenvolupen projectes conjuntament.<\/p>\n","protected":false},"author":2595,"featured_media":4119,"parent":0,"menu_order":5,"comment_status":"closed","ping_status":"closed","template":"","meta":{"footnotes":""},"class_list":["post-4114","page","type-page","status-publish","has-post-thumbnail","hentry"],"yoast_head":"<!-- This site is optimized with the Yoast SEO plugin v26.8 - https:\/\/yoast.com\/product\/yoast-seo-wordpress\/ -->\n<title>Comunitats - Laboratoris d&#039;innovaci\u00f3 Oberta<\/title>\n<meta name=\"description\" content=\"Les persones de la UAB poden participar en les comunitats ja existents o proposar la creaci\u00f3 de noves. A m\u00e9s, aquestes comunitats tamb\u00e9 ajuden a identificar necessitats tecnol\u00f2giques clau i faciliten la preparaci\u00f3 de propostes per presentar-se a convocat\u00f2ries de finan\u00e7ament d&#039;infraestructures, consolidant-se com a motors de creativitat i generadors de coneixement transversal dins i fora dels Labs.\" \/>\n<meta name=\"robots\" content=\"index, follow, max-snippet:-1, max-image-preview:large, max-video-preview:-1\" \/>\n<link rel=\"canonical\" href=\"https:\/\/webs.uab.cat\/openlabs\/comunitats\/\" \/>\n<meta property=\"og:locale\" content=\"ca_ES\" \/>\n<meta property=\"og:type\" content=\"article\" \/>\n<meta property=\"og:title\" content=\"Comunitats - Laboratoris d&#039;innovaci\u00f3 Oberta\" \/>\n<meta property=\"og:description\" content=\"Les persones de la UAB poden participar en les comunitats ja existents o proposar la creaci\u00f3 de noves. A m\u00e9s, aquestes comunitats tamb\u00e9 ajuden a identificar necessitats tecnol\u00f2giques clau i faciliten la preparaci\u00f3 de propostes per presentar-se a convocat\u00f2ries de finan\u00e7ament d&#039;infraestructures, consolidant-se com a motors de creativitat i generadors de coneixement transversal dins i fora dels Labs.\" \/>\n<meta property=\"og:url\" content=\"https:\/\/webs.uab.cat\/openlabs\/comunitats\/\" \/>\n<meta property=\"og:site_name\" content=\"Laboratoris d&#039;innovaci\u00f3 Oberta\" \/>\n<meta property=\"article:modified_time\" content=\"2025-09-23T11:04:33+00:00\" \/>\n<meta property=\"og:image\" content=\"https:\/\/webs.uab.cat\/openlabs\/wp-content\/uploads\/sites\/582\/2024\/10\/Piano-1.jpg\" \/>\n\t<meta property=\"og:image:width\" content=\"997\" \/>\n\t<meta property=\"og:image:height\" content=\"91\" \/>\n\t<meta property=\"og:image:type\" content=\"image\/jpeg\" \/>\n<meta name=\"twitter:card\" content=\"summary_large_image\" \/>\n<meta name=\"twitter:label1\" content=\"Temps estimat de lectura\" \/>\n\t<meta name=\"twitter:data1\" content=\"2 minuts\" \/>\n<script type=\"application\/ld+json\" class=\"yoast-schema-graph\">{\"@context\":\"https:\/\/schema.org\",\"@graph\":[{\"@type\":\"WebPage\",\"@id\":\"https:\/\/webs.uab.cat\/openlabs\/comunitats\/\",\"url\":\"https:\/\/webs.uab.cat\/openlabs\/comunitats\/\",\"name\":\"Comunitats - Laboratoris d&#039;innovaci\u00f3 Oberta\",\"isPartOf\":{\"@id\":\"https:\/\/webs.uab.cat\/openlabs\/#website\"},\"primaryImageOfPage\":{\"@id\":\"https:\/\/webs.uab.cat\/openlabs\/comunitats\/#primaryimage\"},\"image\":{\"@id\":\"https:\/\/webs.uab.cat\/openlabs\/comunitats\/#primaryimage\"},\"thumbnailUrl\":\"https:\/\/webs.uab.cat\/openlabs\/wp-content\/uploads\/sites\/582\/2024\/10\/Piano-1.jpg\",\"datePublished\":\"2024-10-22T07:52:01+00:00\",\"dateModified\":\"2025-09-23T11:04:33+00:00\",\"description\":\"Les persones de la UAB poden participar en les comunitats ja existents o proposar la creaci\u00f3 de noves. A m\u00e9s, aquestes comunitats tamb\u00e9 ajuden a identificar necessitats tecnol\u00f2giques clau i faciliten la preparaci\u00f3 de propostes per presentar-se a convocat\u00f2ries de finan\u00e7ament d'infraestructures, consolidant-se com a motors de creativitat i generadors de coneixement transversal dins i fora dels Labs.\",\"breadcrumb\":{\"@id\":\"https:\/\/webs.uab.cat\/openlabs\/comunitats\/#breadcrumb\"},\"inLanguage\":\"ca\",\"potentialAction\":[{\"@type\":\"ReadAction\",\"target\":[\"https:\/\/webs.uab.cat\/openlabs\/comunitats\/\"]}]},{\"@type\":\"ImageObject\",\"inLanguage\":\"ca\",\"@id\":\"https:\/\/webs.uab.cat\/openlabs\/comunitats\/#primaryimage\",\"url\":\"https:\/\/webs.uab.cat\/openlabs\/wp-content\/uploads\/sites\/582\/2024\/10\/Piano-1.jpg\",\"contentUrl\":\"https:\/\/webs.uab.cat\/openlabs\/wp-content\/uploads\/sites\/582\/2024\/10\/Piano-1.jpg\",\"width\":997,\"height\":91},{\"@type\":\"BreadcrumbList\",\"@id\":\"https:\/\/webs.uab.cat\/openlabs\/comunitats\/#breadcrumb\",\"itemListElement\":[{\"@type\":\"ListItem\",\"position\":1,\"name\":\"Inici\",\"item\":\"https:\/\/webs.uab.cat\/openlabs\/\"},{\"@type\":\"ListItem\",\"position\":2,\"name\":\"Comunitats\"}]},{\"@type\":\"WebSite\",\"@id\":\"https:\/\/webs.uab.cat\/openlabs\/#website\",\"url\":\"https:\/\/webs.uab.cat\/openlabs\/\",\"name\":\"Laboratoris d&#039;innovaci\u00f3 Oberta\",\"description\":\"UAB Open Labs - espai obert per les ments obertes\",\"potentialAction\":[{\"@type\":\"SearchAction\",\"target\":{\"@type\":\"EntryPoint\",\"urlTemplate\":\"https:\/\/webs.uab.cat\/openlabs\/?s={search_term_string}\"},\"query-input\":{\"@type\":\"PropertyValueSpecification\",\"valueRequired\":true,\"valueName\":\"search_term_string\"}}],\"inLanguage\":\"ca\"}]}<\/script>\n<!-- \/ Yoast SEO plugin. -->","yoast_head_json":{"title":"Comunitats - Laboratoris d&#039;innovaci\u00f3 Oberta","description":"Les persones de la UAB poden participar en les comunitats ja existents o proposar la creaci\u00f3 de noves. A m\u00e9s, aquestes comunitats tamb\u00e9 ajuden a identificar necessitats tecnol\u00f2giques clau i faciliten la preparaci\u00f3 de propostes per presentar-se a convocat\u00f2ries de finan\u00e7ament d'infraestructures, consolidant-se com a motors de creativitat i generadors de coneixement transversal dins i fora dels Labs.","robots":{"index":"index","follow":"follow","max-snippet":"max-snippet:-1","max-image-preview":"max-image-preview:large","max-video-preview":"max-video-preview:-1"},"canonical":"https:\/\/webs.uab.cat\/openlabs\/comunitats\/","og_locale":"ca_ES","og_type":"article","og_title":"Comunitats - Laboratoris d&#039;innovaci\u00f3 Oberta","og_description":"Les persones de la UAB poden participar en les comunitats ja existents o proposar la creaci\u00f3 de noves. A m\u00e9s, aquestes comunitats tamb\u00e9 ajuden a identificar necessitats tecnol\u00f2giques clau i faciliten la preparaci\u00f3 de propostes per presentar-se a convocat\u00f2ries de finan\u00e7ament d'infraestructures, consolidant-se com a motors de creativitat i generadors de coneixement transversal dins i fora dels Labs.","og_url":"https:\/\/webs.uab.cat\/openlabs\/comunitats\/","og_site_name":"Laboratoris d&#039;innovaci\u00f3 Oberta","article_modified_time":"2025-09-23T11:04:33+00:00","og_image":[{"width":997,"height":91,"url":"https:\/\/webs.uab.cat\/openlabs\/wp-content\/uploads\/sites\/582\/2024\/10\/Piano-1.jpg","type":"image\/jpeg"}],"twitter_card":"summary_large_image","twitter_misc":{"Temps estimat de lectura":"2 minuts"},"schema":{"@context":"https:\/\/schema.org","@graph":[{"@type":"WebPage","@id":"https:\/\/webs.uab.cat\/openlabs\/comunitats\/","url":"https:\/\/webs.uab.cat\/openlabs\/comunitats\/","name":"Comunitats - Laboratoris d&#039;innovaci\u00f3 Oberta","isPartOf":{"@id":"https:\/\/webs.uab.cat\/openlabs\/#website"},"primaryImageOfPage":{"@id":"https:\/\/webs.uab.cat\/openlabs\/comunitats\/#primaryimage"},"image":{"@id":"https:\/\/webs.uab.cat\/openlabs\/comunitats\/#primaryimage"},"thumbnailUrl":"https:\/\/webs.uab.cat\/openlabs\/wp-content\/uploads\/sites\/582\/2024\/10\/Piano-1.jpg","datePublished":"2024-10-22T07:52:01+00:00","dateModified":"2025-09-23T11:04:33+00:00","description":"Les persones de la UAB poden participar en les comunitats ja existents o proposar la creaci\u00f3 de noves. A m\u00e9s, aquestes comunitats tamb\u00e9 ajuden a identificar necessitats tecnol\u00f2giques clau i faciliten la preparaci\u00f3 de propostes per presentar-se a convocat\u00f2ries de finan\u00e7ament d'infraestructures, consolidant-se com a motors de creativitat i generadors de coneixement transversal dins i fora dels Labs.","breadcrumb":{"@id":"https:\/\/webs.uab.cat\/openlabs\/comunitats\/#breadcrumb"},"inLanguage":"ca","potentialAction":[{"@type":"ReadAction","target":["https:\/\/webs.uab.cat\/openlabs\/comunitats\/"]}]},{"@type":"ImageObject","inLanguage":"ca","@id":"https:\/\/webs.uab.cat\/openlabs\/comunitats\/#primaryimage","url":"https:\/\/webs.uab.cat\/openlabs\/wp-content\/uploads\/sites\/582\/2024\/10\/Piano-1.jpg","contentUrl":"https:\/\/webs.uab.cat\/openlabs\/wp-content\/uploads\/sites\/582\/2024\/10\/Piano-1.jpg","width":997,"height":91},{"@type":"BreadcrumbList","@id":"https:\/\/webs.uab.cat\/openlabs\/comunitats\/#breadcrumb","itemListElement":[{"@type":"ListItem","position":1,"name":"Inici","item":"https:\/\/webs.uab.cat\/openlabs\/"},{"@type":"ListItem","position":2,"name":"Comunitats"}]},{"@type":"WebSite","@id":"https:\/\/webs.uab.cat\/openlabs\/#website","url":"https:\/\/webs.uab.cat\/openlabs\/","name":"Laboratoris d&#039;innovaci\u00f3 Oberta","description":"UAB Open Labs - espai obert per les ments obertes","potentialAction":[{"@type":"SearchAction","target":{"@type":"EntryPoint","urlTemplate":"https:\/\/webs.uab.cat\/openlabs\/?s={search_term_string}"},"query-input":{"@type":"PropertyValueSpecification","valueRequired":true,"valueName":"search_term_string"}}],"inLanguage":"ca"}]}},"_links":{"self":[{"href":"https:\/\/webs.uab.cat\/openlabs\/wp-json\/wp\/v2\/pages\/4114","targetHints":{"allow":["GET"]}}],"collection":[{"href":"https:\/\/webs.uab.cat\/openlabs\/wp-json\/wp\/v2\/pages"}],"about":[{"href":"https:\/\/webs.uab.cat\/openlabs\/wp-json\/wp\/v2\/types\/page"}],"author":[{"embeddable":true,"href":"https:\/\/webs.uab.cat\/openlabs\/wp-json\/wp\/v2\/users\/2595"}],"replies":[{"embeddable":true,"href":"https:\/\/webs.uab.cat\/openlabs\/wp-json\/wp\/v2\/comments?post=4114"}],"version-history":[{"count":10,"href":"https:\/\/webs.uab.cat\/openlabs\/wp-json\/wp\/v2\/pages\/4114\/revisions"}],"predecessor-version":[{"id":5071,"href":"https:\/\/webs.uab.cat\/openlabs\/wp-json\/wp\/v2\/pages\/4114\/revisions\/5071"}],"wp:featuredmedia":[{"embeddable":true,"href":"https:\/\/webs.uab.cat\/openlabs\/wp-json\/wp\/v2\/media\/4119"}],"wp:attachment":[{"href":"https:\/\/webs.uab.cat\/openlabs\/wp-json\/wp\/v2\/media?parent=4114"}],"curies":[{"name":"wp","href":"https:\/\/api.w.org\/{rel}","templated":true}]}}