{"id":5025,"date":"2025-09-17T11:54:27","date_gmt":"2025-09-17T09:54:27","guid":{"rendered":"https:\/\/webs.uab.cat\/openlabs\/?page_id=5025"},"modified":"2025-10-10T13:05:21","modified_gmt":"2025-10-10T11:05:21","slug":"comunitat-de-realitat-virtual","status":"publish","type":"page","link":"https:\/\/webs.uab.cat\/openlabs\/comunitats\/comunitat-de-realitat-virtual\/","title":{"rendered":"Comunitat de Realitat Virtual"},"content":{"rendered":"\n<div class=\"wp-block-columns alignwide is-layout-flex wp-container-core-columns-is-layout-9d6595d7 wp-block-columns-is-layout-flex\">\n<div class=\"wp-block-column is-layout-flow wp-block-column-is-layout-flow\" style=\"flex-basis:66.66%\">\n<p>Impulsada per UAB Open Labs, la Comunitat de Realitat Virtual s&#8217;ha constitu\u00eft l&#8217;estiu de 2024. Al dia d&#8217;avui (octubre 2025) compta amb mes de 70 membres.<\/p>\n\n\n\n<p>L&#8217;objectiu d&#8217;aquesta Comunitat es crear una xarxa de col\u00b7laboraci\u00f3 i de intercanvi de coneixement i d&#8217;experi\u00e8ncies relacionades amb l&#8217;\u00fas de les tecnologies de la Realitat Digital en doc\u00e8ncia, recerca i transfer\u00e8ncia.<\/p>\n\n\n\n<p>Si us interessa participar-hi i us hi voleu donar d\u2019alta, podeu fer-ho enviant un correu electr\u00f2nic a&nbsp;<a href=\"mailto:openlabs@uab.cat\">openlabs@uab.cat<\/a>.<\/p>\n\n\n\n<h3 class=\"wp-block-heading has-gris-pubilla-background-color has-background\">Recursos i altres continguts relacionats<\/h3>\n\n\n\n<div class=\"wp-block-query is-layout-flow wp-block-query-is-layout-flow\"><ul class=\"wp-block-post-template is-layout-flow wp-block-post-template-is-layout-flow\"><li class=\"wp-block-post post-5179 post type-post status-publish format-standard hentry category-recurs tag-rv-2\">\n<h2 class=\"wp-block-post-title\"><a href=\"https:\/\/webs.uab.cat\/openlabs\/2025\/10\/10\/ensenyar-amb-la-rv\/\" target=\"_self\" >Ensenyar amb la RV<\/a><\/h2>\n\n\n\n<div class=\"wp-block-post-excerpt\"><p class=\"wp-block-post-excerpt__excerpt\">WEBINAR &#8211; Ense\u00f1ar con Realidad Virtual (Invelon) https:\/\/event.webinarjam.com\/replay\/86\/5owlqtk4upmckys4k3 <\/p><\/div>\n\n\n<hr class=\"wp-block-separator has-css-opacity\" \/>\n\n\n<div class=\"wp-block-post-date\"><time datetime=\"2025-10-10T13:01:56+02:00\">10 d&#8217;octubre de 2025<\/time><\/div>\n<\/li><\/ul><\/div>\n<\/div>\n\n\n\n<div class=\"wp-block-column has-negre-eben-background-color has-background is-layout-flow wp-block-column-is-layout-flow\" style=\"flex-basis:33.33%\">\n<figure class=\"wp-block-embed is-type-wp-embed is-provider-laboratoris-d-039-innovaci-oberta wp-block-embed-laboratoris-d-039-innovaci-oberta\"><div class=\"wp-block-embed__wrapper\">\n<blockquote class=\"wp-embedded-content\" data-secret=\"BS5JdK9ggs\"><a href=\"https:\/\/webs.uab.cat\/openlabs\/2025\/09\/17\/proposta-de-creacio-del-laboratori-obert-de-realitat-digital-lord-a-la-uab\/\">Proposta de creaci\u00f3 del Laboratori Obert de Realitat Digital (LORD) a la UAB<\/a><\/blockquote><iframe loading=\"lazy\" class=\"wp-embedded-content\" sandbox=\"allow-scripts\" security=\"restricted\" style=\"position: absolute; visibility: hidden;\" title=\"&#8220;Proposta de creaci\u00f3 del Laboratori Obert de Realitat Digital (LORD) a la UAB&#8221; &#8212; Laboratoris d&#039;innovaci\u00f3 Oberta\" src=\"https:\/\/webs.uab.cat\/openlabs\/2025\/09\/17\/proposta-de-creacio-del-laboratori-obert-de-realitat-digital-lord-a-la-uab\/embed\/#?secret=BJ6CfNLVWk#?secret=BS5JdK9ggs\" data-secret=\"BS5JdK9ggs\" width=\"580\" height=\"327\" frameborder=\"0\" marginwidth=\"0\" marginheight=\"0\" scrolling=\"no\"><\/iframe>\n<\/div><\/figure>\n<\/div>\n<\/div>\n\n\n\n<p><\/p>\n","protected":false},"excerpt":{"rendered":"<p>Impulsada per UAB Open Labs, la Comunitat de Realitat Virtual s&#8217;ha constitu\u00eft l&#8217;estiu de 2024. Al dia d&#8217;avui (octubre 2025) compta amb mes de 70 membres. L&#8217;objectiu d&#8217;aquesta Comunitat es crear una xarxa de col\u00b7laboraci\u00f3 i de intercanvi de coneixement i d&#8217;experi\u00e8ncies relacionades amb l&#8217;\u00fas de les tecnologies de la Realitat Digital en doc\u00e8ncia, recerca [&hellip;]<\/p>\n","protected":false},"author":2595,"featured_media":0,"parent":4114,"menu_order":0,"comment_status":"closed","ping_status":"closed","template":"","meta":{"footnotes":""},"class_list":["post-5025","page","type-page","status-publish","hentry"],"yoast_head":"<!-- This site is optimized with the Yoast SEO plugin v26.8 - https:\/\/yoast.com\/product\/yoast-seo-wordpress\/ -->\n<title>Comunitat de Realitat Virtual - Laboratoris d&#039;innovaci\u00f3 Oberta<\/title>\n<meta name=\"robots\" content=\"index, follow, max-snippet:-1, max-image-preview:large, max-video-preview:-1\" \/>\n<link rel=\"canonical\" href=\"https:\/\/webs.uab.cat\/openlabs\/comunitats\/comunitat-de-realitat-virtual\/\" \/>\n<meta property=\"og:locale\" content=\"ca_ES\" \/>\n<meta property=\"og:type\" content=\"article\" \/>\n<meta property=\"og:title\" content=\"Comunitat de Realitat Virtual - Laboratoris d&#039;innovaci\u00f3 Oberta\" \/>\n<meta property=\"og:description\" content=\"Impulsada per UAB Open Labs, la Comunitat de Realitat Virtual s&#8217;ha constitu\u00eft l&#8217;estiu de 2024. Al dia d&#8217;avui (octubre 2025) compta amb mes de 70 membres. L&#8217;objectiu d&#8217;aquesta Comunitat es crear una xarxa de col\u00b7laboraci\u00f3 i de intercanvi de coneixement i d&#8217;experi\u00e8ncies relacionades amb l&#8217;\u00fas de les tecnologies de la Realitat Digital en doc\u00e8ncia, recerca [&hellip;]\" \/>\n<meta property=\"og:url\" content=\"https:\/\/webs.uab.cat\/openlabs\/comunitats\/comunitat-de-realitat-virtual\/\" \/>\n<meta property=\"og:site_name\" content=\"Laboratoris d&#039;innovaci\u00f3 Oberta\" \/>\n<meta property=\"article:modified_time\" content=\"2025-10-10T11:05:21+00:00\" \/>\n<meta name=\"twitter:card\" content=\"summary_large_image\" \/>\n<meta name=\"twitter:label1\" content=\"Temps estimat de lectura\" \/>\n\t<meta name=\"twitter:data1\" content=\"1 minut\" \/>\n<script type=\"application\/ld+json\" class=\"yoast-schema-graph\">{\"@context\":\"https:\/\/schema.org\",\"@graph\":[{\"@type\":\"WebPage\",\"@id\":\"https:\/\/webs.uab.cat\/openlabs\/comunitats\/comunitat-de-realitat-virtual\/\",\"url\":\"https:\/\/webs.uab.cat\/openlabs\/comunitats\/comunitat-de-realitat-virtual\/\",\"name\":\"Comunitat de Realitat Virtual - Laboratoris d&#039;innovaci\u00f3 Oberta\",\"isPartOf\":{\"@id\":\"https:\/\/webs.uab.cat\/openlabs\/#website\"},\"datePublished\":\"2025-09-17T09:54:27+00:00\",\"dateModified\":\"2025-10-10T11:05:21+00:00\",\"breadcrumb\":{\"@id\":\"https:\/\/webs.uab.cat\/openlabs\/comunitats\/comunitat-de-realitat-virtual\/#breadcrumb\"},\"inLanguage\":\"ca\",\"potentialAction\":[{\"@type\":\"ReadAction\",\"target\":[\"https:\/\/webs.uab.cat\/openlabs\/comunitats\/comunitat-de-realitat-virtual\/\"]}]},{\"@type\":\"BreadcrumbList\",\"@id\":\"https:\/\/webs.uab.cat\/openlabs\/comunitats\/comunitat-de-realitat-virtual\/#breadcrumb\",\"itemListElement\":[{\"@type\":\"ListItem\",\"position\":1,\"name\":\"Inici\",\"item\":\"https:\/\/webs.uab.cat\/openlabs\/\"},{\"@type\":\"ListItem\",\"position\":2,\"name\":\"Comunitats\",\"item\":\"https:\/\/webs.uab.cat\/openlabs\/comunitats\/\"},{\"@type\":\"ListItem\",\"position\":3,\"name\":\"Comunitat de Realitat Virtual\"}]},{\"@type\":\"WebSite\",\"@id\":\"https:\/\/webs.uab.cat\/openlabs\/#website\",\"url\":\"https:\/\/webs.uab.cat\/openlabs\/\",\"name\":\"Laboratoris d&#039;innovaci\u00f3 Oberta\",\"description\":\"UAB Open Labs - espai obert per les ments obertes\",\"potentialAction\":[{\"@type\":\"SearchAction\",\"target\":{\"@type\":\"EntryPoint\",\"urlTemplate\":\"https:\/\/webs.uab.cat\/openlabs\/?s={search_term_string}\"},\"query-input\":{\"@type\":\"PropertyValueSpecification\",\"valueRequired\":true,\"valueName\":\"search_term_string\"}}],\"inLanguage\":\"ca\"}]}<\/script>\n<!-- \/ Yoast SEO plugin. -->","yoast_head_json":{"title":"Comunitat de Realitat Virtual - Laboratoris d&#039;innovaci\u00f3 Oberta","robots":{"index":"index","follow":"follow","max-snippet":"max-snippet:-1","max-image-preview":"max-image-preview:large","max-video-preview":"max-video-preview:-1"},"canonical":"https:\/\/webs.uab.cat\/openlabs\/comunitats\/comunitat-de-realitat-virtual\/","og_locale":"ca_ES","og_type":"article","og_title":"Comunitat de Realitat Virtual - Laboratoris d&#039;innovaci\u00f3 Oberta","og_description":"Impulsada per UAB Open Labs, la Comunitat de Realitat Virtual s&#8217;ha constitu\u00eft l&#8217;estiu de 2024. Al dia d&#8217;avui (octubre 2025) compta amb mes de 70 membres. L&#8217;objectiu d&#8217;aquesta Comunitat es crear una xarxa de col\u00b7laboraci\u00f3 i de intercanvi de coneixement i d&#8217;experi\u00e8ncies relacionades amb l&#8217;\u00fas de les tecnologies de la Realitat Digital en doc\u00e8ncia, recerca [&hellip;]","og_url":"https:\/\/webs.uab.cat\/openlabs\/comunitats\/comunitat-de-realitat-virtual\/","og_site_name":"Laboratoris d&#039;innovaci\u00f3 Oberta","article_modified_time":"2025-10-10T11:05:21+00:00","twitter_card":"summary_large_image","twitter_misc":{"Temps estimat de lectura":"1 minut"},"schema":{"@context":"https:\/\/schema.org","@graph":[{"@type":"WebPage","@id":"https:\/\/webs.uab.cat\/openlabs\/comunitats\/comunitat-de-realitat-virtual\/","url":"https:\/\/webs.uab.cat\/openlabs\/comunitats\/comunitat-de-realitat-virtual\/","name":"Comunitat de Realitat Virtual - Laboratoris d&#039;innovaci\u00f3 Oberta","isPartOf":{"@id":"https:\/\/webs.uab.cat\/openlabs\/#website"},"datePublished":"2025-09-17T09:54:27+00:00","dateModified":"2025-10-10T11:05:21+00:00","breadcrumb":{"@id":"https:\/\/webs.uab.cat\/openlabs\/comunitats\/comunitat-de-realitat-virtual\/#breadcrumb"},"inLanguage":"ca","potentialAction":[{"@type":"ReadAction","target":["https:\/\/webs.uab.cat\/openlabs\/comunitats\/comunitat-de-realitat-virtual\/"]}]},{"@type":"BreadcrumbList","@id":"https:\/\/webs.uab.cat\/openlabs\/comunitats\/comunitat-de-realitat-virtual\/#breadcrumb","itemListElement":[{"@type":"ListItem","position":1,"name":"Inici","item":"https:\/\/webs.uab.cat\/openlabs\/"},{"@type":"ListItem","position":2,"name":"Comunitats","item":"https:\/\/webs.uab.cat\/openlabs\/comunitats\/"},{"@type":"ListItem","position":3,"name":"Comunitat de Realitat Virtual"}]},{"@type":"WebSite","@id":"https:\/\/webs.uab.cat\/openlabs\/#website","url":"https:\/\/webs.uab.cat\/openlabs\/","name":"Laboratoris d&#039;innovaci\u00f3 Oberta","description":"UAB Open Labs - espai obert per les ments obertes","potentialAction":[{"@type":"SearchAction","target":{"@type":"EntryPoint","urlTemplate":"https:\/\/webs.uab.cat\/openlabs\/?s={search_term_string}"},"query-input":{"@type":"PropertyValueSpecification","valueRequired":true,"valueName":"search_term_string"}}],"inLanguage":"ca"}]}},"_links":{"self":[{"href":"https:\/\/webs.uab.cat\/openlabs\/wp-json\/wp\/v2\/pages\/5025","targetHints":{"allow":["GET"]}}],"collection":[{"href":"https:\/\/webs.uab.cat\/openlabs\/wp-json\/wp\/v2\/pages"}],"about":[{"href":"https:\/\/webs.uab.cat\/openlabs\/wp-json\/wp\/v2\/types\/page"}],"author":[{"embeddable":true,"href":"https:\/\/webs.uab.cat\/openlabs\/wp-json\/wp\/v2\/users\/2595"}],"replies":[{"embeddable":true,"href":"https:\/\/webs.uab.cat\/openlabs\/wp-json\/wp\/v2\/comments?post=5025"}],"version-history":[{"count":8,"href":"https:\/\/webs.uab.cat\/openlabs\/wp-json\/wp\/v2\/pages\/5025\/revisions"}],"predecessor-version":[{"id":5182,"href":"https:\/\/webs.uab.cat\/openlabs\/wp-json\/wp\/v2\/pages\/5025\/revisions\/5182"}],"up":[{"embeddable":true,"href":"https:\/\/webs.uab.cat\/openlabs\/wp-json\/wp\/v2\/pages\/4114"}],"wp:attachment":[{"href":"https:\/\/webs.uab.cat\/openlabs\/wp-json\/wp\/v2\/media?parent=5025"}],"curies":[{"name":"wp","href":"https:\/\/api.w.org\/{rel}","templated":true}]}}