{"id":1057,"date":"2024-01-22T19:17:26","date_gmt":"2024-01-22T17:17:26","guid":{"rendered":"https:\/\/webs.uab.cat\/optics\/?page_id=1057"},"modified":"2024-09-18T16:15:10","modified_gmt":"2024-09-18T14:15:10","slug":"dr-adam-valles","status":"publish","type":"page","link":"https:\/\/webs.uab.cat\/optics\/dr-adam-valles\/","title":{"rendered":"Dr. Adam Vall\u00e9s"},"content":{"rendered":"\n<div class=\"wp-block-cover\" style=\"min-height:300px;aspect-ratio:unset;\"><span aria-hidden=\"true\" class=\"wp-block-cover__background has-negre-eben-background-color has-background-dim-100 has-background-dim\"><\/span><div class=\"wp-block-cover__inner-container is-layout-flow wp-block-cover-is-layout-flow\">\n<p class=\"has-text-align-right has-large-font-size\"><strong><em>Dr. Adam Vall\u00e9s<\/em><\/strong><\/p>\n\n\n<div class=\"wp-block-image\">\n<figure class=\"alignleft size-full is-resized\"><img loading=\"lazy\" decoding=\"async\" width=\"1500\" height=\"1500\" src=\"https:\/\/webs.uab.cat\/optics\/wp-content\/uploads\/sites\/502\/2024\/02\/AdamValles-edited.jpg\" alt=\"\" class=\"wp-image-1910\" style=\"width:170px\" srcset=\"https:\/\/webs.uab.cat\/optics\/wp-content\/uploads\/sites\/502\/2024\/02\/AdamValles-edited.jpg 1500w, https:\/\/webs.uab.cat\/optics\/wp-content\/uploads\/sites\/502\/2024\/02\/AdamValles-edited-300x300.jpg 300w, https:\/\/webs.uab.cat\/optics\/wp-content\/uploads\/sites\/502\/2024\/02\/AdamValles-edited-1024x1024.jpg 1024w, https:\/\/webs.uab.cat\/optics\/wp-content\/uploads\/sites\/502\/2024\/02\/AdamValles-edited-150x150.jpg 150w, https:\/\/webs.uab.cat\/optics\/wp-content\/uploads\/sites\/502\/2024\/02\/AdamValles-edited-768x768.jpg 768w, https:\/\/webs.uab.cat\/optics\/wp-content\/uploads\/sites\/502\/2024\/02\/AdamValles-edited-1200x1200.jpg 1200w\" sizes=\"auto, (max-width: 1500px) 100vw, 1500px\" \/><\/figure>\n<\/div>\n\n\n<p class=\"has-text-align-right\"><strong><em>Position<\/em><\/strong>: Assistant professor<\/p>\n\n\n\n<p class=\"has-text-align-right\"><strong><em>Office<\/em><\/strong>: C3\/-152<\/p>\n\n\n\n<p class=\"has-text-align-right\"><strong><em>E-Mail: <\/em><\/strong>adam.valles(at)uab.cat<\/p>\n\n\n<div class=\"wp-block-image is-style-rounded\">\n<figure class=\"alignright size-large is-resized\"><a href=\"https:\/\/scholar.google.com\/citations?user=fA-LcnMAAAAJ&amp;hl\"><img loading=\"lazy\" decoding=\"async\" width=\"1024\" height=\"1024\" src=\"https:\/\/webs.uab.cat\/optics\/wp-content\/uploads\/sites\/502\/2024\/02\/google-scholar-icon-1-7-1024x1024.png\" alt=\"\" class=\"wp-image-1619\" style=\"width:30px\" srcset=\"https:\/\/webs.uab.cat\/optics\/wp-content\/uploads\/sites\/502\/2024\/02\/google-scholar-icon-1-7-1024x1024.png 1024w, https:\/\/webs.uab.cat\/optics\/wp-content\/uploads\/sites\/502\/2024\/02\/google-scholar-icon-1-7-300x300.png 300w, https:\/\/webs.uab.cat\/optics\/wp-content\/uploads\/sites\/502\/2024\/02\/google-scholar-icon-1-7-150x150.png 150w, https:\/\/webs.uab.cat\/optics\/wp-content\/uploads\/sites\/502\/2024\/02\/google-scholar-icon-1-7-768x768.png 768w, https:\/\/webs.uab.cat\/optics\/wp-content\/uploads\/sites\/502\/2024\/02\/google-scholar-icon-1-7-1536x1536.png 1536w, https:\/\/webs.uab.cat\/optics\/wp-content\/uploads\/sites\/502\/2024\/02\/google-scholar-icon-1-7-1200x1200.png 1200w, https:\/\/webs.uab.cat\/optics\/wp-content\/uploads\/sites\/502\/2024\/02\/google-scholar-icon-1-7-1980x1980.png 1980w, https:\/\/webs.uab.cat\/optics\/wp-content\/uploads\/sites\/502\/2024\/02\/google-scholar-icon-1-7.png 2048w\" sizes=\"auto, (max-width: 1024px) 100vw, 1024px\" \/><\/a><\/figure>\n<\/div>\n\n<div class=\"wp-block-image is-style-rounded\">\n<figure class=\"alignright size-full is-resized\"><a href=\"https:\/\/www.webofscience.com\/wos\/author\/record\/K-1425-2019\"><img loading=\"lazy\" decoding=\"async\" width=\"240\" height=\"240\" src=\"https:\/\/webs.uab.cat\/optics\/wp-content\/uploads\/sites\/502\/2024\/02\/icono-7.webp\" alt=\"\" class=\"wp-image-1623\" style=\"width:30px\" srcset=\"https:\/\/webs.uab.cat\/optics\/wp-content\/uploads\/sites\/502\/2024\/02\/icono-7.webp 240w, https:\/\/webs.uab.cat\/optics\/wp-content\/uploads\/sites\/502\/2024\/02\/icono-7-150x150.webp 150w\" sizes=\"auto, (max-width: 240px) 100vw, 240px\" \/><\/a><\/figure>\n<\/div>\n\n<div class=\"wp-block-image is-style-rounded\">\n<figure class=\"alignright size-full is-resized\"><a href=\"https:\/\/www.scopus.com\/authid\/detail.uri?authorId=41862787800\"><img loading=\"lazy\" decoding=\"async\" width=\"225\" height=\"225\" src=\"https:\/\/webs.uab.cat\/optics\/wp-content\/uploads\/sites\/502\/2024\/02\/scorpus-author-icon-7.png\" alt=\"\" class=\"wp-image-1626\" style=\"width:30px\" srcset=\"https:\/\/webs.uab.cat\/optics\/wp-content\/uploads\/sites\/502\/2024\/02\/scorpus-author-icon-7.png 225w, https:\/\/webs.uab.cat\/optics\/wp-content\/uploads\/sites\/502\/2024\/02\/scorpus-author-icon-7-150x150.png 150w\" sizes=\"auto, (max-width: 225px) 100vw, 225px\" \/><\/a><\/figure>\n<\/div>\n\n<div class=\"wp-block-image is-style-rounded\">\n<figure class=\"alignright size-large is-resized\"><a href=\"https:\/\/orcid.org\/0000-0002-5200-4914\"><img loading=\"lazy\" decoding=\"async\" width=\"1024\" height=\"1024\" src=\"https:\/\/webs.uab.cat\/optics\/wp-content\/uploads\/sites\/502\/2024\/02\/ORCID-icon-10-1024x1024.png\" alt=\"\" class=\"wp-image-1616\" style=\"width:30px\" srcset=\"https:\/\/webs.uab.cat\/optics\/wp-content\/uploads\/sites\/502\/2024\/02\/ORCID-icon-10-1024x1024.png 1024w, https:\/\/webs.uab.cat\/optics\/wp-content\/uploads\/sites\/502\/2024\/02\/ORCID-icon-10-300x300.png 300w, https:\/\/webs.uab.cat\/optics\/wp-content\/uploads\/sites\/502\/2024\/02\/ORCID-icon-10-150x150.png 150w, https:\/\/webs.uab.cat\/optics\/wp-content\/uploads\/sites\/502\/2024\/02\/ORCID-icon-10-768x768.png 768w, https:\/\/webs.uab.cat\/optics\/wp-content\/uploads\/sites\/502\/2024\/02\/ORCID-icon-10-1536x1536.png 1536w, https:\/\/webs.uab.cat\/optics\/wp-content\/uploads\/sites\/502\/2024\/02\/ORCID-icon-10-1200x1200.png 1200w, https:\/\/webs.uab.cat\/optics\/wp-content\/uploads\/sites\/502\/2024\/02\/ORCID-icon-10-1980x1980.png 1980w, https:\/\/webs.uab.cat\/optics\/wp-content\/uploads\/sites\/502\/2024\/02\/ORCID-icon-10.png 2000w\" sizes=\"auto, (max-width: 1024px) 100vw, 1024px\" \/><\/a><\/figure>\n<\/div><\/div><\/div>\n\n\n\n<p>Adam Vall\u00e9s received his BSc in telecom engineering from the Universitat Polit\u00e8cnica de Catalunya (UPC) in 2011, his MSc in photonics from the Institut de Ci\u00e8ncies Fot\u00f2niques (ICFO) in 2012, and his PhD in photonics also from ICFO in 2017, where he had the opportunity of designing and implementing quantum optics-based experiments. He was then awarded a Claude Leon Foundation postdoctoral fellowship to work in the Structured Light Lab from the University of the Witwatersrand, South Africa. He also worked as Assistant Professor at Chiba University, Japan, devising novel imaging techniques for the terahertz region. <\/p>\n\n\n\n<p>After over 4 years of postdoctoral experience supervising students and leading international projects in collaboration with Heriot-Watt, Naples, Tohoku or Harvard universities, among others, he joined the Optoelectronics group in ICFO where he is currently working as a Research Fellow. He is also lecturing in different BSc courses in Universitat Aut\u00f2noma de Barcelona (UAB) and in the Photonics MSc coordinated by UPC, UAB, ICFO and also Universitat de Barcelona (UB). His research interests are mainly focused on high-dimensional quantum communication and quantum imaging.&nbsp;<\/p>\n","protected":false},"excerpt":{"rendered":"<p>Adam Vall\u00e9s received his BSc in telecom engineering from the Universitat Polit\u00e8cnica de Catalunya (UPC) in 2011, his MSc in photonics from the Institut de Ci\u00e8ncies Fot\u00f2niques (ICFO) in 2012, and his PhD in photonics also from ICFO in 2017, where he had the opportunity of designing and implementing quantum optics-based experiments. He was then [&hellip;]<\/p>\n","protected":false},"author":2801,"featured_media":0,"parent":0,"menu_order":0,"comment_status":"closed","ping_status":"closed","template":"","meta":{"footnotes":""},"class_list":["post-1057","page","type-page","status-publish","hentry"],"_links":{"self":[{"href":"https:\/\/webs.uab.cat\/optics\/wp-json\/wp\/v2\/pages\/1057","targetHints":{"allow":["GET"]}}],"collection":[{"href":"https:\/\/webs.uab.cat\/optics\/wp-json\/wp\/v2\/pages"}],"about":[{"href":"https:\/\/webs.uab.cat\/optics\/wp-json\/wp\/v2\/types\/page"}],"author":[{"embeddable":true,"href":"https:\/\/webs.uab.cat\/optics\/wp-json\/wp\/v2\/users\/2801"}],"replies":[{"embeddable":true,"href":"https:\/\/webs.uab.cat\/optics\/wp-json\/wp\/v2\/comments?post=1057"}],"version-history":[{"count":11,"href":"https:\/\/webs.uab.cat\/optics\/wp-json\/wp\/v2\/pages\/1057\/revisions"}],"predecessor-version":[{"id":2607,"href":"https:\/\/webs.uab.cat\/optics\/wp-json\/wp\/v2\/pages\/1057\/revisions\/2607"}],"wp:attachment":[{"href":"https:\/\/webs.uab.cat\/optics\/wp-json\/wp\/v2\/media?parent=1057"}],"curies":[{"name":"wp","href":"https:\/\/api.w.org\/{rel}","templated":true}]}}