{"id":185,"date":"2023-11-22T18:13:25","date_gmt":"2023-11-22T16:13:25","guid":{"rendered":"https:\/\/webs.uab.cat\/optics\/?page_id=185"},"modified":"2024-03-04T18:52:17","modified_gmt":"2024-03-04T16:52:17","slug":"dr-jordi-mompart","status":"publish","type":"page","link":"https:\/\/webs.uab.cat\/optics\/dr-jordi-mompart\/","title":{"rendered":"Dr. Jordi Mompart"},"content":{"rendered":"\n<div class=\"wp-block-cover\" style=\"min-height:293px;aspect-ratio:unset;\"><span aria-hidden=\"true\" class=\"wp-block-cover__background has-negre-eben-background-color has-background-dim-100 has-background-dim\"><\/span><div class=\"wp-block-cover__inner-container is-layout-flow wp-block-cover-is-layout-flow\">\n<p class=\"has-text-align-right has-large-font-size\"><em><strong>Dr. Jordi Mompart<\/strong><\/em> &#8211; <strong><em>(Voluntary Leave)<\/em><\/strong><\/p>\n\n\n<div class=\"wp-block-image is-resized\">\n<figure class=\"alignleft size-full\"><img loading=\"lazy\" decoding=\"async\" width=\"225\" height=\"225\" src=\"https:\/\/webs.uab.cat\/optics\/wp-content\/uploads\/sites\/502\/2024\/01\/jordi.jpg\" alt=\"\" class=\"wp-image-938\" style=\"width:200px\" srcset=\"https:\/\/webs.uab.cat\/optics\/wp-content\/uploads\/sites\/502\/2024\/01\/jordi.jpg 225w, https:\/\/webs.uab.cat\/optics\/wp-content\/uploads\/sites\/502\/2024\/01\/jordi-150x150.jpg 150w\" sizes=\"auto, (max-width: 225px) 100vw, 225px\" \/><\/figure>\n<\/div>\n\n\n<p class=\"has-text-align-right\"><em><strong>Position:<\/strong><\/em> Professor<\/p>\n\n\n\n<p class=\"has-text-align-right\"><em><strong>Office<\/strong><\/em>: C3\/-152<\/p>\n\n\n\n<p class=\"has-text-align-right\"><strong><em>e-mail<\/em><\/strong>: jordi.mompart(at)fcbarcelona.cat<\/p>\n\n\n<div class=\"wp-block-image is-style-rounded\">\n<figure class=\"alignright size-thumbnail is-resized\"><a href=\"https:\/\/scholar.google.es\/citations?user=egAP5LgAAAAJ&amp;hl=es\"><img loading=\"lazy\" decoding=\"async\" width=\"150\" height=\"150\" src=\"https:\/\/webs.uab.cat\/optics\/wp-content\/uploads\/sites\/502\/2024\/02\/google-scholar-icon-1-12-150x150.png\" alt=\"\" class=\"wp-image-1697\" style=\"width:30px\" srcset=\"https:\/\/webs.uab.cat\/optics\/wp-content\/uploads\/sites\/502\/2024\/02\/google-scholar-icon-1-12-150x150.png 150w, https:\/\/webs.uab.cat\/optics\/wp-content\/uploads\/sites\/502\/2024\/02\/google-scholar-icon-1-12-300x300.png 300w, https:\/\/webs.uab.cat\/optics\/wp-content\/uploads\/sites\/502\/2024\/02\/google-scholar-icon-1-12-1024x1024.png 1024w, https:\/\/webs.uab.cat\/optics\/wp-content\/uploads\/sites\/502\/2024\/02\/google-scholar-icon-1-12-768x768.png 768w, https:\/\/webs.uab.cat\/optics\/wp-content\/uploads\/sites\/502\/2024\/02\/google-scholar-icon-1-12-1536x1536.png 1536w, https:\/\/webs.uab.cat\/optics\/wp-content\/uploads\/sites\/502\/2024\/02\/google-scholar-icon-1-12-1200x1200.png 1200w, https:\/\/webs.uab.cat\/optics\/wp-content\/uploads\/sites\/502\/2024\/02\/google-scholar-icon-1-12-1980x1980.png 1980w, https:\/\/webs.uab.cat\/optics\/wp-content\/uploads\/sites\/502\/2024\/02\/google-scholar-icon-1-12.png 2048w\" sizes=\"auto, (max-width: 150px) 100vw, 150px\" \/><\/a><\/figure>\n<\/div>\n\n<div class=\"wp-block-image is-style-rounded\">\n<figure class=\"alignright size-thumbnail is-resized\"><a href=\"http:\/\/www.researcherid.com\/rid\/F-9698-2011  \"><img loading=\"lazy\" decoding=\"async\" width=\"150\" height=\"150\" src=\"https:\/\/webs.uab.cat\/optics\/wp-content\/uploads\/sites\/502\/2024\/02\/icono-12-150x150.webp\" alt=\"\" class=\"wp-image-1700\" style=\"width:30px\" srcset=\"https:\/\/webs.uab.cat\/optics\/wp-content\/uploads\/sites\/502\/2024\/02\/icono-12-150x150.webp 150w, https:\/\/webs.uab.cat\/optics\/wp-content\/uploads\/sites\/502\/2024\/02\/icono-12.webp 240w\" sizes=\"auto, (max-width: 150px) 100vw, 150px\" \/><\/a><\/figure>\n<\/div>\n\n<div class=\"wp-block-image is-style-rounded\">\n<figure class=\"alignright size-thumbnail is-resized\"><a href=\"https:\/\/www.scopus.com\/authid\/detail.uri?authorId=7004168505\"><img loading=\"lazy\" decoding=\"async\" width=\"150\" height=\"150\" src=\"https:\/\/webs.uab.cat\/optics\/wp-content\/uploads\/sites\/502\/2024\/02\/scorpus-author-icon-11-150x150.png\" alt=\"\" class=\"wp-image-1703\" style=\"width:30px\" srcset=\"https:\/\/webs.uab.cat\/optics\/wp-content\/uploads\/sites\/502\/2024\/02\/scorpus-author-icon-11-150x150.png 150w, https:\/\/webs.uab.cat\/optics\/wp-content\/uploads\/sites\/502\/2024\/02\/scorpus-author-icon-11.png 225w\" sizes=\"auto, (max-width: 150px) 100vw, 150px\" \/><\/a><\/figure>\n<\/div>\n\n<div class=\"wp-block-image is-style-rounded\">\n<figure class=\"alignright size-thumbnail is-resized\"><a href=\"https:\/\/orcid.org\/0000-0002-9634-9455 \"><img loading=\"lazy\" decoding=\"async\" width=\"150\" height=\"150\" src=\"https:\/\/webs.uab.cat\/optics\/wp-content\/uploads\/sites\/502\/2024\/02\/ORCID-icon-15-150x150.png\" alt=\"\" class=\"wp-image-1693\" style=\"width:30px\" srcset=\"https:\/\/webs.uab.cat\/optics\/wp-content\/uploads\/sites\/502\/2024\/02\/ORCID-icon-15-150x150.png 150w, https:\/\/webs.uab.cat\/optics\/wp-content\/uploads\/sites\/502\/2024\/02\/ORCID-icon-15-300x300.png 300w, https:\/\/webs.uab.cat\/optics\/wp-content\/uploads\/sites\/502\/2024\/02\/ORCID-icon-15-1024x1024.png 1024w, https:\/\/webs.uab.cat\/optics\/wp-content\/uploads\/sites\/502\/2024\/02\/ORCID-icon-15-768x768.png 768w, https:\/\/webs.uab.cat\/optics\/wp-content\/uploads\/sites\/502\/2024\/02\/ORCID-icon-15-1536x1536.png 1536w, https:\/\/webs.uab.cat\/optics\/wp-content\/uploads\/sites\/502\/2024\/02\/ORCID-icon-15-1200x1200.png 1200w, https:\/\/webs.uab.cat\/optics\/wp-content\/uploads\/sites\/502\/2024\/02\/ORCID-icon-15-1980x1980.png 1980w, https:\/\/webs.uab.cat\/optics\/wp-content\/uploads\/sites\/502\/2024\/02\/ORCID-icon-15.png 2000w\" sizes=\"auto, (max-width: 150px) 100vw, 150px\" \/><\/a><\/figure>\n<\/div><\/div><\/div>\n\n\n\n<p>Dr. Jordi Mompart received his PhD in Physics from the Universitat Aut\u00f2noma de Barcelona (UAB) in 1999 with the Thesis entitled \u201cLasing without inversion\u201d and under the supervision of Prof. Ram\u00f3n Corbal\u00e1n. <\/p>\n\n\n\n<p>Dr. Jordi Mompart has been a visiting researcher at several universities and research institutes worldwide: Universit\u00e4t M\u00fcnster, Universit\u00e0 degli Studi Milano, Texas A&amp;M University, Leibnitz Universit\u00e4t Hannover, Karlsruhe Institute of Technology, and Okinawa Institute of Science and Technology. After a postdoctoral stay at the Leibniz Universit\u00e4t Hannover, where he worked on the use of cold atoms for quantum information purposes, he became associate professor at the UAB. His research interests range from laser physics and quantum optics to quantum information and artificial intelligence. <\/p>\n\n\n\n<p>He is author of more than 100 articles, co-editor of the book \u201cApplied Bohmian mechanics: from nanoscale systems to cosmology\u201d, Pan Stanford Publishing 2012 and 2019, and holds three patents. He has supervised 8 PhD thesis. Presently, he is the coordinator of the Physics Doctorate program at the UAB.<\/p>\n","protected":false},"excerpt":{"rendered":"<p>Dr. Jordi Mompart received his PhD in Physics from the Universitat Aut\u00f2noma de Barcelona (UAB) in 1999 with the Thesis entitled \u201cLasing without inversion\u201d and under the supervision of Prof. Ram\u00f3n Corbal\u00e1n. Dr. Jordi Mompart has been a visiting researcher at several universities and research institutes worldwide: Universit\u00e4t M\u00fcnster, Universit\u00e0 degli Studi Milano, Texas A&amp;M [&hellip;]<\/p>\n","protected":false},"author":2801,"featured_media":0,"parent":0,"menu_order":0,"comment_status":"closed","ping_status":"closed","template":"","meta":{"footnotes":""},"class_list":["post-185","page","type-page","status-publish","hentry"],"_links":{"self":[{"href":"https:\/\/webs.uab.cat\/optics\/wp-json\/wp\/v2\/pages\/185","targetHints":{"allow":["GET"]}}],"collection":[{"href":"https:\/\/webs.uab.cat\/optics\/wp-json\/wp\/v2\/pages"}],"about":[{"href":"https:\/\/webs.uab.cat\/optics\/wp-json\/wp\/v2\/types\/page"}],"author":[{"embeddable":true,"href":"https:\/\/webs.uab.cat\/optics\/wp-json\/wp\/v2\/users\/2801"}],"replies":[{"embeddable":true,"href":"https:\/\/webs.uab.cat\/optics\/wp-json\/wp\/v2\/comments?post=185"}],"version-history":[{"count":13,"href":"https:\/\/webs.uab.cat\/optics\/wp-json\/wp\/v2\/pages\/185\/revisions"}],"predecessor-version":[{"id":1852,"href":"https:\/\/webs.uab.cat\/optics\/wp-json\/wp\/v2\/pages\/185\/revisions\/1852"}],"wp:attachment":[{"href":"https:\/\/webs.uab.cat\/optics\/wp-json\/wp\/v2\/media?parent=185"}],"curies":[{"name":"wp","href":"https:\/\/api.w.org\/{rel}","templated":true}]}}