{"id":2318,"date":"2024-03-09T16:53:41","date_gmt":"2024-03-09T14:53:41","guid":{"rendered":"https:\/\/webs.uab.cat\/optics\/?page_id=2318"},"modified":"2025-02-05T00:59:33","modified_gmt":"2025-02-04T22:59:33","slug":"gender-and-equality-actions-talks","status":"publish","type":"page","link":"https:\/\/webs.uab.cat\/optics\/gender-and-equality-actions-talks\/","title":{"rendered":"Gender and Equality Actions Talks"},"content":{"rendered":"\n<p>The Optics Group is committed to promoting gender and equality in the field of optics, photonics and sciences. We organize regular talks to share our insights and experiences on topics such as career development, mentoring, networking, and diversity. Our goal is to create a supportive and inclusive environment for all members of the physics community, regardless of their gender identity, sexual orientation, ethnicity, or background.<\/p>\n\n\n\n<hr class=\"wp-block-separator has-alpha-channel-opacity is-style-default\" \/>\n\n\n\n<!--more-->\n\n\n\n<div style=\"height:20px\" aria-hidden=\"true\" class=\"wp-block-spacer\"><\/div>\n\n\n\n<div class=\"wp-block-buttons is-layout-flex wp-block-buttons-is-layout-flex\">\n<div class=\"wp-block-button has-custom-width wp-block-button__width-100 is-style-outline is-style-outline--1\"><a class=\"wp-block-button__link wp-element-button\" href=\"https:\/\/www.spie.org\/community-support\/equity-diversity-inclusion\/women-in-optics\/2025-wio-notebook\" target=\"_blank\" rel=\"noreferrer noopener\">2025 Women in Optics notebook &#8211; SPIE<\/a><\/div>\n<\/div>\n\n\n\n<p>Prof. Mar\u00eda Josefa Yzuel | <a href=\"https:\/\/www.spie.org\/community-support\/equity-diversity-inclusion\/women-in-optics\/2025-wio-notebook\">2025 Women in Optics notebook<\/a> (January 2025).<\/p>\n\n\n\n<div style=\"height:20px\" aria-hidden=\"true\" class=\"wp-block-spacer\"><\/div>\n\n\n\n<div class=\"wp-block-buttons is-layout-flex wp-block-buttons-is-layout-flex\">\n<div class=\"wp-block-button has-custom-width wp-block-button__width-100 is-style-outline is-style-outline--2\"><a class=\"wp-block-button__link wp-element-button\" href=\"https:\/\/premi-equitat.uoc.edu\/edicions-anteriors\/6a-edicio-del-premi-equitt-2024\/\">Vocacions Cient\u00edfiques<\/a><\/div>\n<\/div>\n\n\n\n<p>Prof. Ver\u00f2nica Ahufinger contributed to the 6th edition of the <em><a href=\"https:\/\/premi-equitat.uoc.edu\/edicions-anteriors\/6a-edicio-del-premi-equitt-2024\/\">Vocacions cient\u00edfiques<\/a><\/em> | <a href=\"https:\/\/www.youtube.com\/watch?v=TgmNJjdvL3g\">Premis Equit@t 2024<\/a>, Spain (February 2024).<\/p>\n\n\n\n<div style=\"height:20px\" aria-hidden=\"true\" class=\"wp-block-spacer\"><\/div>\n\n\n\n<div class=\"wp-block-buttons is-layout-flex wp-block-buttons-is-layout-flex\">\n<div class=\"wp-block-button has-custom-width wp-block-button__width-100 is-style-outline is-style-outline--3\"><a class=\"wp-block-button__link wp-element-button\" href=\"https:\/\/elpirineoaragones.com\/2024\/02\/14\/dialogamos-con-maria-josefa-yzuel-en-el-ies-pirineos\/\" target=\"_blank\" rel=\"noreferrer noopener\">D\u00eda Internacional de la Mujer y la Ni\u00f1a en la Ciencia<\/a><\/div>\n<\/div>\n\n\n\n<p>Prof. Mar\u00eda Josefa Yzuel |<a href=\"https:\/\/elpirineoaragones.com\/2024\/02\/14\/dialogamos-con-maria-josefa-yzuel-en-el-ies-pirineos\/\"> IES Pirineos de Jaca<\/a>, Spain (February 2024).<\/p>\n\n\n\n<div style=\"height:20px\" aria-hidden=\"true\" class=\"wp-block-spacer\"><\/div>\n\n\n\n<div class=\"wp-block-buttons is-layout-flex wp-block-buttons-is-layout-flex\">\n<div class=\"wp-block-button has-custom-width wp-block-button__width-100 is-style-outline is-style-outline--4\"><a class=\"wp-block-button__link wp-element-button\" href=\"https:\/\/spie.org\/about-spie\/advocacy\/women-in-optics\/veronica-ahufinger#_=_\" target=\"_blank\" rel=\"noreferrer noopener\">Prof. Ver\u00f2nica Ahufinger | 2023 Women in Optics Planner &#8211; SPIE<\/a><\/div>\n<\/div>\n\n\n\n<p>Prof. Ver\u00f2nica Ahufinger | <a href=\"https:\/\/spie.org\/about-spie\/advocacy\/women-in-optics\/veronica-ahufinger#_=_\">2023 Women in Optics Planner<\/a> &#8211; SPIE, USA (January 2023).<\/p>\n\n\n\n<div style=\"height:20px\" aria-hidden=\"true\" class=\"wp-block-spacer\"><\/div>\n\n\n\n<div style=\"height:0px;width:0px\" aria-hidden=\"true\" class=\"wp-block-spacer\"><\/div>\n\n\n\n<div class=\"wp-block-buttons is-layout-flex wp-block-buttons-is-layout-flex\">\n<div class=\"wp-block-button has-custom-width wp-block-button__width-100 is-style-outline is-style-outline--5\"><a class=\"wp-block-button__link wp-element-button\" href=\"https:\/\/www.youtube.com\/watch?v=UQUU_X1sZZo\" target=\"_blank\" rel=\"noreferrer noopener\"><strong><em>&#8220;Igualdad de G\u00e9nero en Sociedades Cient\u00edficas en el siglo XXI&#8221;<\/em><\/strong><\/a><\/div>\n<\/div>\n\n\n\n<p>Prof. Mar\u00eda Josefa Yzuel, Dr. Pilar L\u00f3pez Sancho and Dr. Carmen Carreras&nbsp;&#8211; Instituto de \u00d3ptica Daza De Vald\u00e9s, Spain (January 2023). <a href=\"https:\/\/www.youtube.com\/watch?v=UQUU_X1sZZo\" data-type=\"link\" data-id=\"https:\/\/www.youtube.com\/watch?v=UQUU_X1sZZo\">Youtube<\/a><\/p>\n\n\n\n<div style=\"height:20px\" aria-hidden=\"true\" class=\"wp-block-spacer\"><\/div>\n\n\n\n<div style=\"height:0px;width:0px\" aria-hidden=\"true\" class=\"wp-block-spacer\"><\/div>\n\n\n\n<div class=\"wp-block-buttons is-layout-flex wp-block-buttons-is-layout-flex\">\n<div class=\"wp-block-button has-custom-width wp-block-button__width-100 is-style-outline is-style-outline--6\"><a class=\"wp-block-button__link wp-element-button\" href=\"https:\/\/www.uab.cat\/web\/detall-de-noticia\/trobades-cientifiques-en-femeni-1345722997310.html?noticiaid=1345853528992\"><em>&#8220;Trobades cient\u00edfiques en femen\u00ed&#8221;<\/em><\/a><\/div>\n<\/div>\n\n\n\n<p>Prof. Ver\u00f2nica Ahufinger,<em> <\/em>Facultat de Ci\u00e8ncies &#8211; Universitat Aut\u00f2noma de Barcelona, Spain (February 2022).<\/p>\n\n\n\n<div style=\"height:20px\" aria-hidden=\"true\" class=\"wp-block-spacer\"><\/div>\n\n\n\n<div style=\"height:0px;width:0px\" aria-hidden=\"true\" class=\"wp-block-spacer\"><\/div>\n\n\n\n<div class=\"wp-block-buttons is-layout-flex wp-block-buttons-is-layout-flex\">\n<div class=\"wp-block-button has-custom-width wp-block-button__width-100 is-style-outline is-style-outline--7\"><a class=\"wp-block-button__link wp-element-button\" href=\"https:\/\/www.eldiario.es\/aragon\/sociedad\/maria-josefa-yzuel-pionera-referente-cientificas-primera-profesora-fisica-universidad-espanola_1_7282740.html\" target=\"_blank\" rel=\"noreferrer noopener\"><em>8M 2021 | <strong>Entrevista Mar\u00eda Josefa Yzuel<\/strong><\/em><\/a><\/div>\n<\/div>\n\n\n\n<p>Prof. Mar\u00eda Josefa Yzuel,<em> pionera y referente para las cient\u00edficas: la primera profesora de f\u00edsica en una universidad espa\u00f1ola<\/em>, <a href=\"https:\/\/www.eldiario.es\/aragon\/sociedad\/maria-josefa-yzuel-pionera-referente-cientificas-primera-profesora-fisica-universidad-espanola_1_7282740.html\">eldiario.es<\/a>, Spain (March 2021).<\/p>\n\n\n\n<div style=\"height:20px\" aria-hidden=\"true\" class=\"wp-block-spacer\"><\/div>\n\n\n\n<div class=\"wp-block-buttons is-layout-flex wp-block-buttons-is-layout-flex\">\n<div class=\"wp-block-button has-custom-width wp-block-button__width-100 is-style-outline is-style-outline--8\"><a class=\"wp-block-button__link wp-element-button\" href=\"https:\/\/www.youtube.com\/watch?v=44niOjOYWEU&amp;t=29s\" target=\"_blank\" rel=\"noreferrer noopener\"><strong><em>\u201cLa luz en la ciencia y en la tecnolog\u00eda\u201d<\/em><\/strong><\/a><\/div>\n<\/div>\n\n\n\n<p>Prof. Mar\u00eda Josefa Yzuel &#8211; Ciclo Cient\u00edficas brillantes in IFCA CSIC-UC, Spain (April 2019). <a href=\"https:\/\/www.youtube.com\/watch?v=44niOjOYWEU&amp;t=29s\" data-type=\"link\" data-id=\"https:\/\/www.youtube.com\/watch?v=44niOjOYWEU&amp;t=29s\">Youtube<\/a><\/p>\n\n\n\n<div style=\"height:20px\" aria-hidden=\"true\" class=\"wp-block-spacer\"><\/div>\n\n\n\n<div class=\"wp-block-buttons is-layout-flex wp-block-buttons-is-layout-flex\">\n<div class=\"wp-block-button has-custom-width wp-block-button__width-100 is-style-outline is-style-outline--9\"><a class=\"wp-block-button__link wp-element-button\" href=\"https:\/\/www.ucm.es\/porquetanpocas\/maria-josefa-yzuel-gimenez\" target=\"_blank\" rel=\"noreferrer noopener\">\u00bfPor qu\u00e9 tan pocas?: Tecn\u00f3logas y cient\u00edficas a la luz<\/a><\/div>\n<\/div>\n\n\n\n<p>Prof. Mar\u00eda Josefa Yzuel &#8211; \u00bfPor qu\u00e9 tan pocas?: Tecn\u00f3logas y cient\u00edficas a la luz, Spain (March 2019). <a href=\"https:\/\/www.youtube.com\/watch?v=Z-HM5ASA11o\">YouTube<\/a><\/p>\n\n\n\n<div style=\"height:20px\" aria-hidden=\"true\" class=\"wp-block-spacer\"><\/div>\n\n\n\n<div class=\"wp-block-buttons is-layout-flex wp-block-buttons-is-layout-flex\">\n<div class=\"wp-block-button has-custom-width wp-block-button__width-100 is-style-outline is-style-outline--10\"><a class=\"wp-block-button__link wp-element-button\" href=\"https:\/\/amit-es.org\/cientificas\/maria-josefa-yzuel-gimenez\/\" target=\"_blank\" rel=\"noreferrer noopener\">Asociaci\u00f3n de Mujeres Investigadoras y Tecn\u00f3logas (AMIT)<\/a><\/div>\n<\/div>\n\n\n\n<p>Interview with Prof. Mar\u00eda Josefa Yzuel | Asociaci\u00f3n de Mujeres Investigadoras y Tecn\u00f3logas (<a href=\"https:\/\/amit-es.org\/cientificas\/maria-josefa-yzuel-gimenez\/\">AMIT<\/a>), Spain (July 2014).<\/p>\n","protected":false},"excerpt":{"rendered":"<p>The Optics Group is committed to promoting gender and equality in the field of optics, photonics and sciences. We organize regular talks to share our insights and experiences on topics such as career development, mentoring, networking, and diversity. Our goal is to create a supportive and inclusive environment for all members of the physics community, [&hellip;]<\/p>\n","protected":false},"author":2777,"featured_media":0,"parent":0,"menu_order":0,"comment_status":"closed","ping_status":"closed","template":"","meta":{"footnotes":""},"class_list":["post-2318","page","type-page","status-publish","hentry"],"_links":{"self":[{"href":"https:\/\/webs.uab.cat\/optics\/wp-json\/wp\/v2\/pages\/2318","targetHints":{"allow":["GET"]}}],"collection":[{"href":"https:\/\/webs.uab.cat\/optics\/wp-json\/wp\/v2\/pages"}],"about":[{"href":"https:\/\/webs.uab.cat\/optics\/wp-json\/wp\/v2\/types\/page"}],"author":[{"embeddable":true,"href":"https:\/\/webs.uab.cat\/optics\/wp-json\/wp\/v2\/users\/2777"}],"replies":[{"embeddable":true,"href":"https:\/\/webs.uab.cat\/optics\/wp-json\/wp\/v2\/comments?post=2318"}],"version-history":[{"count":26,"href":"https:\/\/webs.uab.cat\/optics\/wp-json\/wp\/v2\/pages\/2318\/revisions"}],"predecessor-version":[{"id":2716,"href":"https:\/\/webs.uab.cat\/optics\/wp-json\/wp\/v2\/pages\/2318\/revisions\/2716"}],"wp:attachment":[{"href":"https:\/\/webs.uab.cat\/optics\/wp-json\/wp\/v2\/media?parent=2318"}],"curies":[{"name":"wp","href":"https:\/\/api.w.org\/{rel}","templated":true}]}}