{"id":2367,"date":"2024-03-09T17:35:35","date_gmt":"2024-03-09T15:35:35","guid":{"rendered":"https:\/\/webs.uab.cat\/optics\/?page_id=2367"},"modified":"2025-11-06T13:33:31","modified_gmt":"2025-11-06T11:33:31","slug":"interviews","status":"publish","type":"page","link":"https:\/\/webs.uab.cat\/optics\/interviews\/","title":{"rendered":"Interviews"},"content":{"rendered":"\n<p>The Optics Group is a team of researchers who specialize in the study of light and its applications.Our group has been invited to share our findings and insights in various journals, radio shows, podcasts, and webinars. The group hopes to inspire more people to pursue careers in optics and to foster collaboration with other scientists and engineers.<\/p>\n\n\n\n<hr class=\"wp-block-separator has-alpha-channel-opacity\" \/>\n\n\n\n<div class=\"wp-block-buttons is-layout-flex wp-block-buttons-is-layout-flex\">\n<div class=\"wp-block-button has-custom-width wp-block-button__width-100 is-style-outline is-style-outline--1\"><a class=\"wp-block-button__link wp-element-button\" href=\"https:\/\/mujeresconciencia.com\/2025\/08\/18\/maria-josefa-yzuel\/\">Poetry &#8211; Mar\u00eda Josefa Yzuel | gigantas en verso<\/a><\/div>\n<\/div>\n\n\n\n<p>Mar\u00eda Josefa Yzuel featured in &#8220;<a href=\"https:\/\/mujeresconciencia.com\/2025\/08\/18\/maria-josefa-yzuel\/\">Gigantas en verso<\/a>&#8221; on the <em>Mujeres con ciencia<\/em> website (August 2025).<\/p>\n\n\n\n<div style=\"height:20px\" aria-hidden=\"true\" class=\"wp-block-spacer\"><\/div>\n\n\n\n<div class=\"wp-block-buttons is-layout-flex wp-block-buttons-is-layout-flex\">\n<div class=\"wp-block-button has-custom-width wp-block-button__width-100 is-style-outline is-style-outline--2\"><a class=\"wp-block-button__link wp-element-button\" href=\"https:\/\/premi-equitat.uoc.edu\/edicions-anteriors\/6a-edicio-del-premi-equitt-2024\/\">Interview &#8211; VERONICA aHUFINGER | Vocacions Cient\u00edfiques<\/a><\/div>\n<\/div>\n\n\n\n<p>Ver\u00f2nica Ahufinger contributed to the 6th edition of the <em><a href=\"https:\/\/premi-equitat.uoc.edu\/edicions-anteriors\/6a-edicio-del-premi-equitt-2024\/\">Vocacions cient\u00edfiques<\/a><\/em> | <a href=\"https:\/\/www.youtube.com\/watch?v=TgmNJjdvL3g\">Premis Equit@t 2024<\/a>, Spain (February 2024).<\/p>\n\n\n\n<div style=\"height:20px\" aria-hidden=\"true\" class=\"wp-block-spacer\"><\/div>\n\n\n\n<div class=\"wp-block-buttons is-layout-flex wp-block-buttons-is-layout-flex\">\n<div class=\"wp-block-button has-custom-width wp-block-button__width-100 is-style-outline is-style-outline--3\"><a class=\"wp-block-button__link wp-element-button\" href=\"https:\/\/www.heraldo.es\/noticias\/aragon\/2023\/12\/31\/maria-josefa-yzuel-soy-optimista-en-el-futuro-de-la-humanidad-hay-que-controlar-que-los-avances-no-la-amenacen-1700221.html\">Interview &#8211; Mar\u00eda Josefa Yzuel | El Heraldo de arag\u00f3n<\/a><\/div>\n<\/div>\n\n\n\n<p>Interview with Mar\u00eda Josefa Yzuel | <a href=\"https:\/\/www.heraldo.es\/noticias\/aragon\/2023\/12\/31\/maria-josefa-yzuel-soy-optimista-en-el-futuro-de-la-humanidad-hay-que-controlar-que-los-avances-no-la-amenacen-1700221.html\">El Heraldo de Arag\u00f3n<\/a>, Spain (December 2023).<\/p>\n\n\n\n<div style=\"height:20px\" aria-hidden=\"true\" class=\"wp-block-spacer\"><\/div>\n\n\n\n<div class=\"wp-block-buttons is-layout-flex wp-block-buttons-is-layout-flex\">\n<div class=\"wp-block-button has-custom-width wp-block-button__width-100 is-style-outline is-style-outline--4\"><a class=\"wp-block-button__link wp-element-button\" href=\"https:\/\/www.eldiario.es\/aragon\/sociedad\/maria-josefa-yzuel-luz-base-vida-todavia-queda-descubrir_128_10181133.html\" target=\"_blank\" rel=\"noreferrer noopener\">Interview &#8211; Mar\u00eda Josefa Yzuel | El Diario<\/a><\/div>\n<\/div>\n\n\n\n<p>Interview with Mar\u00eda Josefa Yzuel | <a href=\"https:\/\/www.eldiario.es\/aragon\/sociedad\/maria-josefa-yzuel-luz-base-vida-todavia-queda-descubrir_128_10181133.html\">eldiario.es<\/a>, Spain (May 2023).<\/p>\n\n\n\n<div style=\"height:20px\" aria-hidden=\"true\" class=\"wp-block-spacer\"><\/div>\n\n\n\n<div class=\"wp-block-buttons is-layout-flex wp-block-buttons-is-layout-flex\">\n<div class=\"wp-block-button has-custom-width wp-block-button__width-100 is-style-outline is-style-outline--5\"><a class=\"wp-block-button__link wp-element-button\" href=\"https:\/\/www.eitb.eus\/es\/radio\/radio-euskadi\/programas\/distrito-euskadi\/detalle\/9071004\/maria-josefa-yzuel-pionera-en-ciencias-que-reivindica-curiosidad-perseverancia-y-mas-mujeres-en-aulas\/\" target=\"_blank\" rel=\"noreferrer noopener\">Interview &#8211;  Mar\u00eda Josefa Yzuel | EITB<\/a><\/div>\n<\/div>\n\n\n\n<p>Interview with Mar\u00eda Josefa Yzuel | <a href=\"https:\/\/www.eitb.eus\/es\/radio\/radio-euskadi\/programas\/distrito-euskadi\/detalle\/9071004\/maria-josefa-yzuel-pionera-en-ciencias-que-reivindica-curiosidad-perseverancia-y-mas-mujeres-en-aulas\/\">eitb.eus<\/a>, Spain (January 2023).<\/p>\n\n\n\n<div style=\"height:20px\" aria-hidden=\"true\" class=\"wp-block-spacer\"><\/div>\n\n\n\n<div class=\"wp-block-buttons is-layout-flex wp-block-buttons-is-layout-flex\">\n<div class=\"wp-block-button has-custom-width wp-block-button__width-100 is-style-outline is-style-outline--6\"><a class=\"wp-block-button__link wp-element-button\" href=\"https:\/\/ciudadeladejaca.es\/maria-josefa-yzuel-dialogos-desde-la-fortaleza\/\" target=\"_blank\" rel=\"noreferrer noopener\">Interview &#8211;  Mar\u00eda Josefa Yzuel | DI\u00c1LOGOS DESDE LA FORTALEZA<\/a><\/div>\n<\/div>\n\n\n\n<p>Interview with Mar\u00eda Josefa Yzuel | <a href=\"https:\/\/ciudadeladejaca.es\/maria-josefa-yzuel-dialogos-desde-la-fortaleza\/\">Di\u00e1logo 43<\/a> | DI\u00c1LOGOS DESDE LA FORTALEZA, Spain (January 2023).<\/p>\n\n\n\n<div style=\"height:20px\" aria-hidden=\"true\" class=\"wp-block-spacer\"><\/div>\n\n\n\n<div class=\"wp-block-buttons is-layout-flex wp-block-buttons-is-layout-flex\">\n<div class=\"wp-block-button has-custom-width wp-block-button__width-100 is-style-outline is-style-outline--7\"><a class=\"wp-block-button__link wp-element-button\" href=\"https:\/\/spie.org\/about-spie\/advocacy\/women-in-optics\/veronica-ahufinger#_=_\" target=\"_blank\" rel=\"noreferrer noopener\">Entrevista Ver\u00f2nica Ahufinger | 2023 Women in Optics Planner &#8211; SPIE<\/a><\/div>\n<\/div>\n\n\n\n<p>Interview with Ver\u00f2nica Ahufinger | <a href=\"https:\/\/spie.org\/about-spie\/advocacy\/women-in-optics\/veronica-ahufinger#_=_\">2023 Women in Optics Planner<\/a> &#8211; SPIE, USA (January 2023).<\/p>\n\n\n\n<div style=\"height:20px\" aria-hidden=\"true\" class=\"wp-block-spacer\"><\/div>\n\n\n\n<div class=\"wp-block-buttons is-layout-flex wp-block-buttons-is-layout-flex\">\n<div class=\"wp-block-button has-custom-width wp-block-button__width-100 is-style-outline is-style-outline--8\"><a class=\"wp-block-button__link wp-element-button\" href=\"https:\/\/elpais.com\/ciencia\/2023-01-02\/maria-josefa-yzuel-en-ciencia-hay-que-tener-siempre-la-mente-abierta.html\" target=\"_blank\" rel=\"noreferrer noopener\">Interview &#8211; Mar\u00eda Josefa Yzuel | CIENCIA &#8211; El Pa\u00eds<\/a><\/div>\n<\/div>\n\n\n\n<p>Interview with Mar\u00eda Josefa Yzuel | Ciencia | EL PA\u00cdS (<a href=\"https:\/\/elpais.com\/ciencia\/2023-01-02\/maria-josefa-yzuel-en-ciencia-hay-que-tener-siempre-la-mente-abierta.html\">elpais.com<\/a>), Spain (January 2023).<\/p>\n\n\n\n<div style=\"height:20px\" aria-hidden=\"true\" class=\"wp-block-spacer\"><\/div>\n\n\n\n<div class=\"wp-block-buttons is-layout-flex wp-block-buttons-is-layout-flex\">\n<div class=\"wp-block-button has-custom-width wp-block-button__width-100 is-style-outline is-style-outline--9\"><a class=\"wp-block-button__link wp-element-button\" href=\"https:\/\/www.elperiodicodearagon.com\/vida-y-estilo\/gente\/personajes\/2020\/03\/07\/maria-josefa-yzuel-mujeres-deberian-46551922.html\" target=\"_blank\" rel=\"noreferrer noopener\">Interview &#8211; Mar\u00eda Josefa Yzuel | El Peri\u00f3dico de Arag\u00f3n<\/a><\/div>\n<\/div>\n\n\n\n<p>Interview with Mar\u00eda Josefa Yzuel | <a href=\"https:\/\/www.elperiodicodearagon.com\/vida-y-estilo\/gente\/personajes\/2020\/03\/07\/maria-josefa-yzuel-mujeres-deberian-46551922.html\">El Peri\u00f3dico de Arag\u00f3n<\/a>, Spain (March 2020).<\/p>\n\n\n\n<div style=\"height:20px\" aria-hidden=\"true\" class=\"wp-block-spacer\"><\/div>\n\n\n\n<div class=\"wp-block-buttons is-layout-flex wp-block-buttons-is-layout-flex\">\n<div class=\"wp-block-button has-custom-width wp-block-button__width-100 is-style-outline is-style-outline--10\"><a class=\"wp-block-button__link wp-element-button\" href=\"https:\/\/www.youtube.com\/watch?v=NpHoMD3H7ak\" target=\"_blank\" rel=\"noreferrer noopener\">Interview &#8211; Mar\u00eda Josefa Yzuel | Radio Huesca &#8211; Cadena SER<\/a><\/div>\n<\/div>\n\n\n\n<p>Interview with Mar\u00eda Josefa Yzuel | Radio Huesca &#8211; Cadena SER, Spain (December 2019).<\/p>\n\n\n\n<figure class=\"wp-block-embed is-type-video is-provider-youtube wp-block-embed-youtube wp-embed-aspect-16-9 wp-has-aspect-ratio\"><div class=\"wp-block-embed__wrapper\">\n<iframe loading=\"lazy\" title=\"Htv: Entrevista a Mar\u00eda Josefa Yzuel\" width=\"580\" height=\"326\" src=\"https:\/\/www.youtube.com\/embed\/NpHoMD3H7ak?feature=oembed\" frameborder=\"0\" allow=\"accelerometer; autoplay; clipboard-write; encrypted-media; gyroscope; picture-in-picture; web-share\" referrerpolicy=\"strict-origin-when-cross-origin\" allowfullscreen><\/iframe>\n<\/div><\/figure>\n\n\n\n<div style=\"height:20px\" aria-hidden=\"true\" class=\"wp-block-spacer\"><\/div>\n\n\n\n<div class=\"wp-block-buttons is-layout-flex wp-block-buttons-is-layout-flex\">\n<div class=\"wp-block-button has-custom-width wp-block-button__width-100 is-style-outline is-style-outline--11\"><a class=\"wp-block-button__link wp-element-button\" href=\"https:\/\/www.ucm.es\/porquetanpocas\/maria-josefa-yzuel-gimenez\" target=\"_blank\" rel=\"noreferrer noopener\">Interview &#8211; Mar\u00eda Josefa Yzuel | \u00bfPor qu\u00e9 tan pocas?: Tecn\u00f3logas y cient\u00edficas a la luz<\/a><\/div>\n<\/div>\n\n\n\n<p>Interview with Mar\u00eda Josefa Yzuel | \u00bfPor qu\u00e9 tan pocas?: Tecn\u00f3logas y cient\u00edficas a la luz, Spain (March 2019). <\/p>\n\n\n\n<figure class=\"wp-block-embed is-type-video is-provider-youtube wp-block-embed-youtube wp-embed-aspect-16-9 wp-has-aspect-ratio\"><div class=\"wp-block-embed__wrapper\">\n<iframe loading=\"lazy\" title=\"Mar\u00eda Josefa Yzuel\" width=\"580\" height=\"326\" src=\"https:\/\/www.youtube.com\/embed\/Z-HM5ASA11o?feature=oembed\" frameborder=\"0\" allow=\"accelerometer; autoplay; clipboard-write; encrypted-media; gyroscope; picture-in-picture; web-share\" referrerpolicy=\"strict-origin-when-cross-origin\" allowfullscreen><\/iframe>\n<\/div><\/figure>\n\n\n\n<div style=\"height:20px\" aria-hidden=\"true\" class=\"wp-block-spacer\"><\/div>\n\n\n\n<div class=\"wp-block-buttons is-layout-flex wp-block-buttons-is-layout-flex\">\n<div class=\"wp-block-button has-custom-width wp-block-button__width-100 is-style-outline is-style-outline--12\"><a class=\"wp-block-button__link wp-element-button\" href=\"https:\/\/www.lasexta.com\/programas\/sexta-noche\/entrevistas\/maria-josefa-yzuel-fisica-experta-en-optica-no-hay-carreras-para-hombres-y-otras-para-mujeres-que-escojan-libremente_2017041658f2be5f0cf2f2c8756d584c.html\" target=\"_blank\" rel=\"noreferrer noopener\">Interview &#8211; Mar\u00eda Josefa Yzuel | &nbsp;<strong>laSexta Noche<\/strong> &#8211; La Sexta<\/a><\/div>\n<\/div>\n\n\n\n<p>Interview with Mar\u00eda Josefa Yzuel | <a href=\"https:\/\/www.lasexta.com\/programas\/sexta-noche\/entrevistas\/maria-josefa-yzuel-fisica-experta-en-optica-no-hay-carreras-para-hombres-y-otras-para-mujeres-que-escojan-libremente_2017041658f2be5f0cf2f2c8756d584c.html\">laSexta Noche<\/a> &#8211; La Sexta, Spain (October 2017).<\/p>\n\n\n\n<div style=\"height:20px\" aria-hidden=\"true\" class=\"wp-block-spacer\"><\/div>\n\n\n\n<div class=\"wp-block-buttons is-layout-flex wp-block-buttons-is-layout-flex\">\n<div class=\"wp-block-button has-custom-width wp-block-button__width-100 is-style-outline is-style-outline--13\"><a class=\"wp-block-button__link wp-element-button\" href=\"https:\/\/www.uab.cat\/web\/sala-de-prensa\/detalle-noticia-1345667994339.html?noticiaid=1345725423148\" target=\"_blank\" rel=\"noreferrer noopener\">Mar\u00eda Josefa Yzuel  | &nbsp;doctora&nbsp;honoris causa &#8211; UGR<\/a><\/div>\n<\/div>\n\n\n\n<p>Mar\u00eda Josefa Yzuel, Doctor Honoris Causa by the University of Granada, Spain | <a href=\"https:\/\/www.uab.cat\/web\/sala-de-prensa\/detalle-noticia-1345667994339.html?noticiaid=1345725423148\">UAB<\/a>, <a href=\"https:\/\/canal.ugr.es\/noticia\/tres-mujeres-lideres-investigacion-docencia-nuevas-doctoras-honoris-causa-la-universidad-granada\/\">UGR<\/a> (May 2017).<\/p>\n\n\n\n<figure class=\"wp-block-embed is-type-video is-provider-youtube wp-block-embed-youtube wp-embed-aspect-16-9 wp-has-aspect-ratio\"><div class=\"wp-block-embed__wrapper\">\n<iframe loading=\"lazy\" title=\"Tres mujeres, l\u00edderes en investigaci\u00f3n y docencia, nuevas Doctoras Honoris Causa por la UGR\" width=\"580\" height=\"326\" src=\"https:\/\/www.youtube.com\/embed\/eYTqY7oQAuI?feature=oembed\" frameborder=\"0\" allow=\"accelerometer; autoplay; clipboard-write; encrypted-media; gyroscope; picture-in-picture; web-share\" referrerpolicy=\"strict-origin-when-cross-origin\" allowfullscreen><\/iframe>\n<\/div><\/figure>\n\n\n\n<div style=\"height:20px\" aria-hidden=\"true\" class=\"wp-block-spacer\"><\/div>\n\n\n\n<div class=\"wp-block-buttons is-layout-flex wp-block-buttons-is-layout-flex\">\n<div class=\"wp-block-button has-custom-width wp-block-button__width-100 is-style-outline is-style-outline--14\"><a class=\"wp-block-button__link wp-element-button\" href=\"https:\/\/www.youtube.com\/watch?v=NORz4DG1Wyc\" target=\"_blank\" rel=\"noreferrer noopener\">Interview &#8211; Mar\u00eda Josefa Yzuel | &nbsp;Miguel Hernandez University<\/a><\/div>\n<\/div>\n\n\n\n<p>Interview with Mar\u00eda Josefa Yzuel | Miguel Hernandez University, Spain (March 2017).<\/p>\n\n\n\n<figure class=\"wp-block-embed is-type-video is-provider-youtube wp-block-embed-youtube wp-embed-aspect-16-9 wp-has-aspect-ratio\"><div class=\"wp-block-embed__wrapper\">\n<iframe loading=\"lazy\" title=\"Entrevista con...Mar\u00eda Josefa Yzuel\" width=\"580\" height=\"326\" src=\"https:\/\/www.youtube.com\/embed\/NORz4DG1Wyc?feature=oembed\" frameborder=\"0\" allow=\"accelerometer; autoplay; clipboard-write; encrypted-media; gyroscope; picture-in-picture; web-share\" referrerpolicy=\"strict-origin-when-cross-origin\" allowfullscreen><\/iframe>\n<\/div><\/figure>\n\n\n\n<div style=\"height:20px\" aria-hidden=\"true\" class=\"wp-block-spacer\"><\/div>\n\n\n\n<div class=\"wp-block-buttons is-layout-flex wp-block-buttons-is-layout-flex\">\n<div class=\"wp-block-button has-custom-width wp-block-button__width-100 is-style-outline is-style-outline--15\"><a class=\"wp-block-button__link wp-element-button\" href=\"https:\/\/mujeresconciencia.com\/2015\/12\/16\/maria-josefa-yzuel-la-arrogancia-de-algunos-cientificos-no-facilita-la-comunicacion-de-la-ciencia\/\" target=\"_blank\" rel=\"noreferrer noopener\">Interview &#8211; Mar\u00eda Josefa Yzuel | Mujeres con ciencia<\/a><\/div>\n<\/div>\n\n\n\n<p>Interview with Mar\u00eda Josefa Yzuel | <a href=\"https:\/\/mujeresconciencia.com\/2015\/12\/16\/maria-josefa-yzuel-la-arrogancia-de-algunos-cientificos-no-facilita-la-comunicacion-de-la-ciencia\/\">Mujeres con ciencia<\/a>, Spain (December 2015).<\/p>\n\n\n\n<div style=\"height:20px\" aria-hidden=\"true\" class=\"wp-block-spacer\"><\/div>\n\n\n\n<div class=\"wp-block-buttons is-layout-flex wp-block-buttons-is-layout-flex\">\n<div class=\"wp-block-button has-custom-width wp-block-button__width-100 is-style-outline is-style-outline--16\"><a class=\"wp-block-button__link wp-element-button\" href=\"https:\/\/amit-es.org\/cientificas\/maria-josefa-yzuel-gimenez\/\" target=\"_blank\" rel=\"noreferrer noopener\">Interview &#8211; Mar\u00eda Josefa Yzuel | AMIT<\/a><\/div>\n<\/div>\n\n\n\n<p>Interview with Mar\u00eda Josefa Yzuel | Asociaci\u00f3n de Mujeres Investigadoras y Tecn\u00f3logas (<a href=\"https:\/\/amit-es.org\/cientificas\/maria-josefa-yzuel-gimenez\/\">AMIT<\/a>), Spain (July 2014).<\/p>\n\n\n\n<div style=\"height:20px\" aria-hidden=\"true\" class=\"wp-block-spacer\"><\/div>\n\n\n\n<div class=\"wp-block-buttons is-layout-flex wp-block-buttons-is-layout-flex\">\n<div class=\"wp-block-button has-custom-width wp-block-button__width-100 is-style-outline is-style-outline--17\"><a class=\"wp-block-button__link wp-element-button\" href=\"https:\/\/comunicacion.umh.es\/2012\/01\/27\/la-umh-inviste-como-doctora-honoris-causa-a-maria-josefa-yzuel-gimenez-durante-la-festividad-de-santo-tomas-de-aquino\/\" target=\"_blank\" rel=\"noreferrer noopener\">Mar\u00eda Josefa Yzuel | &nbsp;doctora&nbsp;honoris causa &#8211; UMH<\/a><\/div>\n<\/div>\n\n\n\n<p>Mar\u00eda Josefa Yzuel, Doctor Honoris Causa by the Miguel Hern\u00e1ndez University, Spain | <a href=\"https:\/\/www.uab.cat\/web\/sala-de-prensa\/detalle-noticia\/m-josefa-yzuel-sera-investida-doctora-em-honoris-causa-\/em-por-la-umh-1345667994339.html?noticiaid=1327476484148\">UAB<\/a>, <a href=\"https:\/\/comunicacion.umh.es\/2012\/01\/27\/la-umh-inviste-como-doctora-honoris-causa-a-maria-josefa-yzuel-gimenez-durante-la-festividad-de-santo-tomas-de-aquino\/\">UMH<\/a> (January 2012).<\/p>\n\n\n\n<p><\/p>\n","protected":false},"excerpt":{"rendered":"<p>The Optics Group is a team of researchers who specialize in the study of light and its applications.Our group has been invited to share our findings and insights in various journals, radio shows, podcasts, and webinars. The group hopes to inspire more people to pursue careers in optics and to foster collaboration with other scientists [&hellip;]<\/p>\n","protected":false},"author":2777,"featured_media":0,"parent":0,"menu_order":0,"comment_status":"closed","ping_status":"closed","template":"","meta":{"footnotes":""},"class_list":["post-2367","page","type-page","status-publish","hentry"],"_links":{"self":[{"href":"https:\/\/webs.uab.cat\/optics\/wp-json\/wp\/v2\/pages\/2367","targetHints":{"allow":["GET"]}}],"collection":[{"href":"https:\/\/webs.uab.cat\/optics\/wp-json\/wp\/v2\/pages"}],"about":[{"href":"https:\/\/webs.uab.cat\/optics\/wp-json\/wp\/v2\/types\/page"}],"author":[{"embeddable":true,"href":"https:\/\/webs.uab.cat\/optics\/wp-json\/wp\/v2\/users\/2777"}],"replies":[{"embeddable":true,"href":"https:\/\/webs.uab.cat\/optics\/wp-json\/wp\/v2\/comments?post=2367"}],"version-history":[{"count":34,"href":"https:\/\/webs.uab.cat\/optics\/wp-json\/wp\/v2\/pages\/2367\/revisions"}],"predecessor-version":[{"id":3063,"href":"https:\/\/webs.uab.cat\/optics\/wp-json\/wp\/v2\/pages\/2367\/revisions\/3063"}],"wp:attachment":[{"href":"https:\/\/webs.uab.cat\/optics\/wp-json\/wp\/v2\/media?parent=2367"}],"curies":[{"name":"wp","href":"https:\/\/api.w.org\/{rel}","templated":true}]}}