{"id":277,"date":"2023-12-30T12:19:25","date_gmt":"2023-12-30T10:19:25","guid":{"rendered":"https:\/\/webs.uab.cat\/optics\/?page_id=277"},"modified":"2024-03-09T14:10:21","modified_gmt":"2024-03-09T12:10:21","slug":"collaborations","status":"publish","type":"page","link":"https:\/\/webs.uab.cat\/optics\/collaborations\/","title":{"rendered":"Recent Collaborations"},"content":{"rendered":"\n<h2 class=\"wp-block-heading\">Photonic simulators<\/h2>\n\n\n\n<p><strong>Alexander Szameit. <\/strong><a href=\"https:\/\/www.optics.physik.uni-rostock.de\/en\/our-group\/\" data-type=\"URL\" data-id=\"https:\/\/www.optics.physik.uni-rostock.de\/en\/our-group\/\"><em>Experimental Solid-State Optics, Universit\u00e4t Rostock <\/em>(Germany)<\/a>.<\/p>\n\n\n\n<p><strong>Anselmo Marques and Ricardo Dias.<\/strong> <a href=\"https:\/\/sweet.ua.pt\/rdias\/people_anselmo_marques.html\" data-type=\"link\" data-id=\"https:\/\/sweet.ua.pt\/rdias\/people_anselmo_marques.html\"><em>Quantum Transport, University of Aveiro <\/em>(Portugal)\u00a0<\/a><\/p>\n\n\n\n<p><strong>Christina J\u00f6rg and Georg von Freymann.<\/strong> <em><a href=\"https:\/\/physik.rptu.de\/ags\/freymann\/mitarbeiter\/\" data-type=\"URL\" data-id=\"https:\/\/physik.rptu.de\/ags\/freymann\/mitarbeiter\/\">Department of Physics<\/a>, <a href=\"https:\/\/rptu.de\/en\/home\/\" data-type=\"URL\" data-id=\"https:\/\/rptu.de\/en\/home\/\">Technische Universit\u00e4t Kaiserslautern <\/a><\/em><a href=\"https:\/\/rptu.de\/en\/home\/\" data-type=\"URL\" data-id=\"https:\/\/rptu.de\/en\/home\/\">(Germany).<\/a><\/p>\n\n\n\n<p><strong>Rodrigo Vicencio<\/strong>.\u00a0<a href=\"https:\/\/uchile.cl\/portafolio-academico\/portafolio-academico\/impresion\/45566-Rodrigo-Andr%C3%A9s-Vicencio-Poblete\" data-type=\"link\" data-id=\"https:\/\/uchile.cl\/portafolio-academico\/portafolio-academico\/impresion\/45566-Rodrigo-Andr%C3%A9s-Vicencio-Poblete\"><em>Universidad de Chile<\/em> (Chile)<\/a>\u00a0<\/p>\n\n\n\n<div style=\"height:10px\" aria-hidden=\"true\" class=\"wp-block-spacer\"><\/div>\n\n\n\n<h2 class=\"wp-block-heading\">Ultracold atoms<\/h2>\n\n\n\n<p><strong>Andrew Daley.<\/strong><a href=\"https:\/\/www.physics.ox.ac.uk\/our-people\/daley\" data-type=\"link\" data-id=\"https:\/\/www.physics.ox.ac.uk\/our-people\/daley\"><em>\u00a0Department od Physics. University of Oxford<\/em> (UK)<\/a>\u00a0<\/p>\n\n\n\n<p><strong>Anna Minguzzi.\u00a0<\/strong><em><a href=\"https:\/\/lpmmc.cnrs.fr\/spip.php?article496&amp;lang=fr\">Laboratoire de Physique et Mod\u00e9lisation des Milieux Condens\u00e9s<\/a><\/em>,\u00a0<a href=\"https:\/\/www.univ-grenoble-alpes.fr\/\">Universit\u00e9 Grenoble-Alps (France)<\/a>\u00a0<\/p>\n\n\n\n<p><strong>Anna Sanpera.<\/strong>\u00a0<em><a href=\"http:\/\/grupsderecerca.uab.cat\/giq\/\">Quantum Information Group<\/a><\/em>,<em>\u00a0<a href=\"http:\/\/www.uab.cat\/\">Universitat Aut\u00f2noma de Barcelona <\/a><\/em><a href=\"http:\/\/www.uab.cat\/\">(Spain)<\/a><\/p>\n\n\n\n<p><strong>Anselmo Marques and Ricardo Dias.\u00a0<\/strong><em><a href=\"http:\/\/sweet.ua.pt\/rdias\/index.html\">Quantum Transport<\/a>,\u00a0<a href=\"https:\/\/www.ua.pt\/#\">University of Aveiro<\/a><\/em><a href=\"https:\/\/www.ua.pt\/#\"> (Portugal)<\/a><\/p>\n\n\n\n<p><strong>Bruno Juli\u00e1.<\/strong>\u00a0<em><a href=\"http:\/\/www.ecm.ub.es\/~bruno\/\">Departament de F\u00edsica Qu\u00e0ntica i Astrof\u00edsica<\/a><\/em>,\u00a0<a href=\"https:\/\/www.ub.edu\/web\/ub\/en\/index.html?\"><em>Universitat de Barcelona<\/em><\/a><\/p>\n\n\n\n<p><strong>Gerhard Birkl.\u00a0<\/strong><a href=\"http:\/\/www.iap.tu-darmstadt.de\/apq\/\"><em>Atom \u2013 Photons- Quafnta<\/em>.<\/a>\u00a0<a href=\"http:\/\/www.tu-darmstadt.de\/\"><em>Technische Universit\u00e4t Darmstadt <\/em>(Germany)<\/a><\/p>\n\n\n\n<p><strong>Joan Claramunt.<\/strong><a href=\"https:\/\/www.researchgate.net\/profile\/Joan-Claramunt\" data-type=\"link\" data-id=\"https:\/\/www.researchgate.net\/profile\/Joan-Claramunt\"> <em>Universidad Carlos III de Madrid<\/em> (Spain)<\/a> \u00a0<\/p>\n\n\n\n<p><strong>Maciej Lewenstein.\u00a0<\/strong><em><a href=\"http:\/\/www.icfo.eu\/research\/group_details.php?id=23\">Quantum Optics Theory Group<\/a><\/em>,\u00a0<a href=\"http:\/\/www.icfo.eu\/\"><em>Institute of Photonic Sciences, ICFO <\/em>(Spain)<\/a><\/p>\n\n\n\n<p><strong>Thomas Busch.<\/strong>\u00a0<a href=\"https:\/\/groups.oist.jp\/qsu\"><em>Quantum Systems Unit<\/em><\/a><em><a href=\"https:\/\/groups.oist.jp\/qsu\">.<\/a>\u00a0<a href=\"http:\/\/www.oist.jp\/\">Okinawa Institute of Science and Technology <\/a><\/em><a href=\"http:\/\/www.oist.jp\/\">(Japan)<\/a><\/p>\n\n\n\n<p><strong>Yongping Zhang.<\/strong>\u00a0<em><a href=\"http:\/\/my.shu.edu.cn\/Index.aspx?TID=1940\">Department of Physics<\/a><\/em>,\u00a0<a href=\"http:\/\/en.shu.edu.cn\/\"><em>Shanghai University<\/em> (China)<\/a><\/p>\n\n\n\n<div style=\"height:10px\" aria-hidden=\"true\" class=\"wp-block-spacer\"><\/div>\n\n\n\n<h2 class=\"wp-block-heading\">Laser-matter interaction<\/h2>\n\n\n\n<p><strong>Antonio Pic\u00f3n.<em>\u00a0<\/em><\/strong><em><a href=\"https:\/\/campusys.qui.uam.es\/?page_id=1481\">Computations in Atomic and Molecular Physics of Undbound\u00a0Systems<\/a><\/em>,\u00a0<a href=\"http:\/\/www.uam.es\/UAM\/Home.htm?language=es\"><em>Universidad Aut\u00f3noma de Madrid<\/em> (Spain)<\/a><\/p>\n\n\n\n<p><strong>Carlo Callegari.\u00a0<\/strong><em><a href=\"http:\/\/www.elettra.eu\/lightsources\/fermi\/fermi-beamlines\/ldm\/ldmhome-page.html\">Low Density Matter beamline<\/a>,<a href=\"https:\/\/www.elettra.trieste.it\/\">\u00a0Elettra-Sincrotrone Trieste<\/a><\/em><a href=\"https:\/\/www.elettra.trieste.it\/\"> (Italy)<\/a><\/p>\n\n\n\n<p><strong>John Marangos.<\/strong>\u00a0<em><a href=\"http:\/\/www.imperial.ac.uk\/a-z-research\/quantum-optics-and-laser-science\/\">Quantum Optics and Laser Science<\/a><\/em>.<em>\u00a0<a href=\"https:\/\/www.imperial.ac.uk\/\">Imperial College London<\/a><\/em><a href=\"https:\/\/www.imperial.ac.uk\/\"> (UK)<\/a><\/p>\n\n\n\n<p><strong>Luis Plaja.\u00a0<\/strong><em><a href=\"http:\/\/optica.usal.es\/GIOE\/\">Grupo de Investigaci\u00f3n en \u00d3ptica Extrema.<\/a>\u00a0<a href=\"http:\/\/usal.es\/webusal\/en\">Universidad de Salamanca<\/a><\/em><a href=\"http:\/\/usal.es\/webusal\/en\"> (Spain)<\/a><\/p>\n\n\n\n<div style=\"height:10px\" aria-hidden=\"true\" class=\"wp-block-spacer\"><\/div>\n\n\n\n<h2 class=\"wp-block-heading\">Polarimetry<\/h2>\n\n\n\n<p><strong>Asticio Vargas and Fabi\u00e1n Torres. <\/strong><a href=\"https:\/\/fisica.ufro.cl\/investigacion\/fotonica-y-teledeteccion.html\"><em>Fot\u00f3nica y Teledetecci\u00f3n. Universidad de La Frontera<\/em> (Chile)<\/a><\/p>\n\n\n\n<p><strong>Enrique Garcia-Caurel and Razvigor Ossikovski.<\/strong><em><strong> <\/strong><a href=\"https:\/\/lpicm.cnrs.fr\/\">Laboratoire de Physique des Interfaces et des Couches Minces<\/a>,\u00a0<a href=\"http:\/\/www.polytechnique.edu\/\">\u00c9cole Polytechnique<\/a><\/em><a href=\"http:\/\/www.polytechnique.edu\/\"> (France)<\/a><\/p>\n\n\n\n<p><strong>Ignacio Moreno.<\/strong>\u00a0<a href=\"http:\/\/tecnopto.edu.umh.es\/\" target=\"_blank\" rel=\"noreferrer noopener\"><em>Group on Optics and Optoelectronics Technologies<\/em><\/a>,<em>\u00a0<a href=\"http:\/\/www.umh.es\/\" target=\"_blank\" rel=\"noreferrer noopener\">Universidad Miguel Hern\u00e1ndez<\/a><\/em><a href=\"http:\/\/www.umh.es\/\" target=\"_blank\" rel=\"noreferrer noopener\"> (Spain)<\/a><\/p>\n\n\n\n<p><strong>Jos\u00e9 Jorge Gil. <\/strong><em><a href=\"https:\/\/fisicaaplicada.unizar.es\/\">Departamento de F\u00edsica Aplicada<\/a>, <a href=\"https:\/\/www.unizar.es\/\">Universidad de Zaragoza<\/a><\/em><a href=\"https:\/\/www.unizar.es\/\"> (Spain)<\/a><\/p>\n\n\n\n<div style=\"height:10px\" aria-hidden=\"true\" class=\"wp-block-spacer\"><\/div>\n\n\n\n<h2 class=\"wp-block-heading\">Holography and Optical Processing<\/h2>\n\n\n\n<p><strong>Andr\u00e9s M\u00e1rquez.\u00a0<\/strong><a href=\"http:\/\/web.ua.es\/en\/ghpo\" target=\"_blank\" rel=\"noreferrer noopener\"><em>Holography and Optical Processing Group<\/em><\/a>.\u00a0<em>\u00a0<a href=\"http:\/\/www.ua.es\/en\/index.html\" target=\"_blank\" rel=\"noreferrer noopener\">Universidad de Alicante <\/a><\/em><a href=\"http:\/\/www.ua.es\/en\/index.html\" target=\"_blank\" rel=\"noreferrer noopener\">(Spain)<\/a><\/p>\n\n\n\n<p><strong>Claudio Iemmi.\u00a0<\/strong><a href=\"http:\/\/loft.df.uba.ar\/\" target=\"_blank\" rel=\"noreferrer noopener\"><em>Laboratorio de Procesado de Im\u00e1genes<\/em><\/a>.\u00a0<a href=\"http:\/\/www.uba.ar\/\" target=\"_blank\" rel=\"noreferrer noopener\"><em>Universidad de Buenos Aires <\/em>(Argentina)<\/a><\/p>\n\n\n\n<p><strong>Claudio Ram\u00edrez.\u00a0<\/strong><em><a href=\"https:\/\/www.icat.unam.mx\/instrumentacion-optica\/\">Grupo de Instrumentaci\u00f3n \u00d3ptica<\/a>. <a href=\"https:\/\/www.icat.unam.mx\/\">Instituto de Ciencias Aplicadas y Tecnolog\u00eda <\/a><\/em><a href=\"https:\/\/www.icat.unam.mx\/\">(Mexico)<\/a><\/p>\n\n\n\n<div style=\"height:10px\" aria-hidden=\"true\" class=\"wp-block-spacer\"><\/div>\n\n\n\n<h2 class=\"wp-block-heading\">Metrology<\/h2>\n\n\n\n<p><strong>Josep Nicol\u00e1s and Albert Van Eeckhout. <\/strong><a href=\"https:\/\/www.cells.es\/en\/about\/welcome\"><em>CELLS_ALBA light source <\/em>(Spain)<\/a><\/p>\n\n\n\n<div style=\"height:10px\" aria-hidden=\"true\" class=\"wp-block-spacer\"><\/div>\n\n\n\n<h2 class=\"wp-block-heading\">Diffractive Optics<\/h2>\n\n\n\n<p><strong>Esmail Ahouzi.<\/strong> <a href=\"https:\/\/www.inpt.ac.ma\/Pages\/Default.aspx\"><em>Institut National des Postes et T\u00e9l\u00e9communications<\/em> (Morocco<\/a>)<\/p>\n\n\n\n<div style=\"height:10px\" aria-hidden=\"true\" class=\"wp-block-spacer\"><\/div>\n\n\n\n<h2 class=\"wp-block-heading\">Biological Applications<\/h2>\n\n\n\n<p><strong>Emilio Gonz\u00e1lez-Arnay. <\/strong><em><a href=\"https:\/\/portalciencia.ull.es\/grupos\/6418\/detalle\">Mecanismos Moleculares en Neurodegeneraci\u00f3n<\/a>, <a href=\"https:\/\/www.ull.es\/\">Universidad de la Laguna <\/a><\/em><a href=\"https:\/\/www.ull.es\/\">(Spain)<\/a><\/p>\n\n\n\n<p><strong>Jordi Luque.<\/strong> <a href=\"https:\/\/www.irta.cat\/en\/\"><em>Institute of Agrifood Research and Technology<\/em> (Spain)<\/a><\/p>\n\n\n\n<p><strong>Teresa Garnatje.<\/strong> <a href=\"https:\/\/www.ibb.csic.es\/en\/the-institute\/\"><em>Botanical Institute of Barcelona <\/em>(Spain)<\/a><\/p>\n\n\n\n<div style=\"height:10px\" aria-hidden=\"true\" class=\"wp-block-spacer\"><\/div>\n\n\n\n<h2 class=\"wp-block-heading\">Others<\/h2>\n\n\n\n<p><strong>Pep Vidal.<\/strong> <a href=\"http:\/\/www.adngaleria.com\/\"><em>Galeria ADN<\/em><\/a><a href=\"https:\/\/www.universityofcalifornia.edu\/\" target=\"_blank\" rel=\"noreferrer noopener\"><em>;\u00a0<\/em><\/a><a href=\"http:\/\/lmno.be\/\"><em>Galeria LMNO<\/em> (Spain)<\/a><\/p>\n\n\n\n<p><\/p>\n","protected":false},"excerpt":{"rendered":"<p>Photonic simulators Alexander Szameit. Experimental Solid-State Optics, Universit\u00e4t Rostock (Germany). Anselmo Marques and Ricardo Dias. Quantum Transport, University of Aveiro (Portugal)\u00a0 Christina J\u00f6rg and Georg von Freymann. Department of Physics, Technische Universit\u00e4t Kaiserslautern (Germany). Rodrigo Vicencio.\u00a0Universidad de Chile (Chile)\u00a0 Ultracold atoms Andrew Daley.\u00a0Department od Physics. University of Oxford (UK)\u00a0 Anna Minguzzi.\u00a0Laboratoire de Physique et Mod\u00e9lisation [&hellip;]<\/p>\n","protected":false},"author":2801,"featured_media":0,"parent":0,"menu_order":0,"comment_status":"closed","ping_status":"closed","template":"","meta":{"footnotes":""},"class_list":["post-277","page","type-page","status-publish","hentry"],"_links":{"self":[{"href":"https:\/\/webs.uab.cat\/optics\/wp-json\/wp\/v2\/pages\/277","targetHints":{"allow":["GET"]}}],"collection":[{"href":"https:\/\/webs.uab.cat\/optics\/wp-json\/wp\/v2\/pages"}],"about":[{"href":"https:\/\/webs.uab.cat\/optics\/wp-json\/wp\/v2\/types\/page"}],"author":[{"embeddable":true,"href":"https:\/\/webs.uab.cat\/optics\/wp-json\/wp\/v2\/users\/2801"}],"replies":[{"embeddable":true,"href":"https:\/\/webs.uab.cat\/optics\/wp-json\/wp\/v2\/comments?post=277"}],"version-history":[{"count":19,"href":"https:\/\/webs.uab.cat\/optics\/wp-json\/wp\/v2\/pages\/277\/revisions"}],"predecessor-version":[{"id":2148,"href":"https:\/\/webs.uab.cat\/optics\/wp-json\/wp\/v2\/pages\/277\/revisions\/2148"}],"wp:attachment":[{"href":"https:\/\/webs.uab.cat\/optics\/wp-json\/wp\/v2\/media?parent=277"}],"curies":[{"name":"wp","href":"https:\/\/api.w.org\/{rel}","templated":true}]}}