{"id":32,"date":"2023-11-07T13:05:02","date_gmt":"2023-11-07T11:05:02","guid":{"rendered":"https:\/\/webs.uab.cat\/optics\/?page_id=32"},"modified":"2024-07-18T19:16:15","modified_gmt":"2024-07-18T17:16:15","slug":"outreach","status":"publish","type":"page","link":"https:\/\/webs.uab.cat\/optics\/outreach\/","title":{"rendered":"Outreach"},"content":{"rendered":"\n<p>Our research group is engaged in various outreach initiatives that aim to promote the awareness and understanding of photonics and physics among the public. We organize workshops, demonstrations, lectures and exhibitions to showcase the applications and benefits of these fields in science, technology and society. We also collaborate with schools, high schools, universities, museums and other organizations.<\/p>\n\n\n\n<div style=\"height:42px\" aria-hidden=\"true\" class=\"wp-block-spacer\"><\/div>\n\n\n\n<!--more-->\n\n\n\n<h2 class=\"wp-block-heading has-text-align-center has-larger-font-size\" style=\"font-style:normal;font-weight:800\">Outreach Activities<\/h2>\n\n\n\n<div style=\"height:10px\" aria-hidden=\"true\" class=\"wp-block-spacer\"><\/div>\n\n\n\n<div class=\"wp-block-buttons is-layout-flex wp-block-buttons-is-layout-flex\">\n<div class=\"wp-block-button has-custom-width wp-block-button__width-100 is-style-outline is-style-outline--1\"><a class=\"wp-block-button__link wp-element-button\" href=\"https:\/\/www.uab.cat\/web\/campus-itaca-1345819591004.html\">Campus \u00cdtaca<\/a><\/div>\n<\/div>\n\n\n\n<p><strong>Campus \u00cdtaca<\/strong> is a social and educational programme of the Universitat Aut\u00f2noma de Barcelona, sponsored by Banco Santander, and aimed at secondary-school pupils.<\/p>\n\n\n\n<div style=\"height:10px\" aria-hidden=\"true\" class=\"wp-block-spacer\"><\/div>\n\n\n\n<div class=\"wp-block-buttons is-layout-flex wp-block-buttons-is-layout-flex\">\n<div class=\"wp-block-button has-custom-width wp-block-button__width-100 is-style-outline is-style-outline--2\"><a class=\"wp-block-button__link wp-element-button\" href=\"https:\/\/11defebrero.org\/\"><strong>11F, the International Day of Women and Girls in Science<\/strong><\/a><\/div>\n<\/div>\n\n\n\n<p><strong>11F<\/strong> is intended to make visible the work of women who are dedicated to STEM areas (Science, Technology, Engineering and Mathematics), thus creating female references for children who can contribute to the choice of these areas as professional careers.&nbsp;<\/p>\n\n\n\n<div style=\"height:10px\" aria-hidden=\"true\" class=\"wp-block-spacer\"><\/div>\n\n\n\n<div class=\"wp-block-buttons is-layout-flex wp-block-buttons-is-layout-flex\">\n<div class=\"wp-block-button has-custom-width wp-block-button__width-100 is-style-outline is-style-outline--3\"><a class=\"wp-block-button__link wp-element-button\" href=\"https:\/\/www.uab.cat\/web\/studies\/visit-the-uab\/dia-de-les-families-1345858015754.html\"><strong>D\u00eda de les famil\u00edes<\/strong><\/a><\/div>\n<\/div>\n\n\n\n<p>The objective of&nbsp;<strong>Family Day<\/strong>&nbsp;is to offer students the chance to visit the campus and faculties and teaching centres.&nbsp; Future students are able to spend the morning visiting the faculty that interests them most, as well as the UAB campus and the Vila Universit\u00e0ria residence halls.&nbsp;<\/p>\n\n\n\n<div style=\"height:10px\" aria-hidden=\"true\" class=\"wp-block-spacer\"><\/div>\n\n\n\n<div class=\"wp-block-buttons is-layout-flex wp-block-buttons-is-layout-flex\">\n<div class=\"wp-block-button has-custom-width wp-block-button__width-100 is-style-outline is-style-outline--4\"><a class=\"wp-block-button__link wp-element-button\" href=\"https:\/\/www.uab.cat\/en\/physics\/dissabtesfisica\"><strong>Dissabtes de la F\u00edsica<\/strong><\/a><\/div>\n<\/div>\n\n\n\n<p><strong>Physics Saturdays<\/strong> are a series of meetings to get to know the world of physics aimed at high school students. The physics department schedules a series of conferences each year related to the present and future of physics. The meeting is complemented with activities, presentation of the degrees in which the department participates and a visit to the laboratories.<\/p>\n\n\n\n<div style=\"height:10px\" aria-hidden=\"true\" class=\"wp-block-spacer\"><\/div>\n\n\n\n<div class=\"wp-block-buttons is-layout-flex wp-block-buttons-is-layout-flex\">\n<div class=\"wp-block-button has-custom-width wp-block-button__width-100 is-style-outline is-style-outline--5\"><a class=\"wp-block-button__link wp-element-button\" href=\"https:\/\/espaiciencia.fundaciorecerca.cat\/\"><strong>Espai Ciencia<\/strong><\/a><\/div>\n<\/div>\n\n\n\n<p><strong>Espai Ci\u00e8ncia<\/strong> is an initiative to make the public, and especially kids and teenagers, aware of the research and innovation that is carried out at the universities, research centers, companies, professional organizations, etc. in Catalonia.&nbsp;<\/p>\n\n\n\n<div style=\"height:10px\" aria-hidden=\"true\" class=\"wp-block-spacer\"><\/div>\n\n\n\n<div class=\"wp-block-buttons is-layout-flex wp-block-buttons-is-layout-flex\">\n<div class=\"wp-block-button has-custom-width wp-block-button__width-100 is-style-outline is-style-outline--6\"><a class=\"wp-block-button__link wp-element-button\" href=\"https:\/\/lanitdelarecerca.cat\/\">Nit Europea de la Recerca<\/a><\/div>\n<\/div>\n\n\n\n<p>The&nbsp;<strong>European Night of Researchers<\/strong>&nbsp;is a public event dedicated to the dissemination of science. Its aim is to bring research, innovation, and its protagonists closer to the public of all ages in a straightforward and enjoyable way. This event is celebrated annually in more than 300 cities across 30 European countries simultaneously.<\/p>\n\n\n\n<div style=\"height:10px\" aria-hidden=\"true\" class=\"wp-block-spacer\"><\/div>\n\n\n\n<div class=\"wp-block-buttons is-layout-flex wp-block-buttons-is-layout-flex\">\n<div class=\"wp-block-button has-custom-width wp-block-button__width-100 is-style-outline is-style-outline--7\"><a class=\"wp-block-button__link wp-element-button\" href=\"https:\/\/diadelaluz.es\/\"><strong>International Day of Light<\/strong><\/a><\/div>\n<\/div>\n\n\n\n<p><strong>Prof. Mar\u00eda J. Yzuel<\/strong> is the president of the Spanish Committee for the<strong> International Day of Light<\/strong>.<\/p>\n\n\n\n<figure class=\"wp-block-image size-full\"><img loading=\"lazy\" decoding=\"async\" width=\"886\" height=\"354\" src=\"https:\/\/webs.uab.cat\/optics\/wp-content\/uploads\/sites\/502\/2024\/01\/image-1.png\" alt=\"\" class=\"wp-image-418\" srcset=\"https:\/\/webs.uab.cat\/optics\/wp-content\/uploads\/sites\/502\/2024\/01\/image-1.png 886w, https:\/\/webs.uab.cat\/optics\/wp-content\/uploads\/sites\/502\/2024\/01\/image-1-300x120.png 300w, https:\/\/webs.uab.cat\/optics\/wp-content\/uploads\/sites\/502\/2024\/01\/image-1-768x307.png 768w\" sizes=\"auto, (max-width: 886px) 100vw, 886px\" \/><\/figure>\n\n\n\n<p class=\"has-small-font-size\"><em><sub>Photograph of the attendants to the first meeting of the Spanish Committee for celebrating the International Year of Light. From left to right. Luis Roso (CLPU), Llu\u00eds Torner (ICFO), Mariona Pedr\u00f3s and Vaclovas Radvilas (SECPhO), Maria Josefa Yzuel (UAB and RACAB), Jos\u00e9 Ignacio Fern\u00e1ndez Vera (FECYT), Caterina Biscari (ALBA), Joan R. Sarroca (CEISP), Santiago Vallmitjana (UB and SEDOPTICA), Joaqu\u00edn Campos (IO- CSIC), M\u00aa Luisa Calvo (UCM and RSEF) and Gast\u00f3n Garc\u00eda (ALBA). Photography from <a href=\"https:\/\/www.cells.es\/en\/media\/news\/spanish-committee-for-the-international-year-of-light-2015\">SPANISH COMMITTEE FOR THE INTERNATIONAL YEAR OF LIGHT 2015 \u2014 en (cells.es)<\/a><\/sub><\/em><\/p>\n\n\n\n<div style=\"height:10px\" aria-hidden=\"true\" class=\"wp-block-spacer\"><\/div>\n\n\n\n<div class=\"wp-block-buttons is-layout-flex wp-block-buttons-is-layout-flex\">\n<div class=\"wp-block-button has-custom-width wp-block-button__width-100 is-style-outline is-style-outline--8\"><a class=\"wp-block-button__link wp-element-button\" href=\"https:\/\/www.fundaciocatalunya-lapedrera.com\/en\/mad-science\/course\/physics\"><strong>Bojos per la f\u00edsica<\/strong><\/a><\/div>\n<\/div>\n\n\n\n<p>The Physics course of the<strong> Mad for&nbsp;Science<\/strong> programme of the Catalunya La Pedrera Foundation&nbsp;is a course aimed at 1st year A-Level students with a special interest and talent in physics. The basic purpose of this course is to foster the scientific vocation of these young people and especially their enthusiasm for physics.&nbsp;<\/p>\n\n\n\n<div style=\"height:10px\" aria-hidden=\"true\" class=\"wp-block-spacer\"><\/div>\n\n\n\n<div class=\"wp-block-buttons is-layout-flex wp-block-buttons-is-layout-flex\">\n<div class=\"wp-block-button has-custom-width wp-block-button__width-100 is-style-outline is-style-outline--9\"><a class=\"wp-block-button__link wp-element-button\" href=\"http:\/\/Dia de la ci\u00e8ncia a les escoles - Ci\u00e8ncia en primera persona\" target=\"_blank\" rel=\"noreferrer noopener\"><strong>Dia de la ci\u00e8ncia a les escoles &#8211; Ci\u00e8ncia en primera persona&nbsp;<\/strong><\/a><\/div>\n<\/div>\n\n\n\n<p>Promotion of scientific and technological vocations among Catalan students, with the aim of bringing science to high schools.&nbsp;<\/p>\n\n\n\n<div style=\"height:10px\" aria-hidden=\"true\" class=\"wp-block-spacer\"><\/div>\n\n\n\n<div class=\"wp-block-buttons is-layout-flex wp-block-buttons-is-layout-flex\">\n<div class=\"wp-block-button has-custom-width wp-block-button__width-100 is-style-outline is-style-outline--10\"><a class=\"wp-block-button__link wp-element-button\" href=\"https:\/\/www.macba.cat\/es\/exposiciones-actividades\/actividades\/summerlight-0\" target=\"_blank\" rel=\"noreferrer noopener\">SummerLight &#8211; Taller participativo sobre \u00f3ptica y arte<\/a><\/div>\n<\/div>\n\n\n\n<p><strong>SummerLight<\/strong> is a scientific-artistic project that aims to connect the science of light and contemporary art through a one-week workshop for high school students. The workshop explores the physical properties of light, such as reflection, refraction, diffraction and polarization, and how they can be used to create artistic expressions.<\/p>\n\n\n\n<div style=\"height:10px\" aria-hidden=\"true\" class=\"wp-block-spacer\"><\/div>\n\n\n\n<div class=\"wp-block-buttons is-layout-flex wp-block-buttons-is-layout-flex\">\n<div class=\"wp-block-button has-custom-width wp-block-button__width-100 is-style-outline is-style-outline--11\"><a class=\"wp-block-button__link wp-element-button\" href=\"https:\/\/www.facebook.com\/YoMoBCN\/\"><strong>The Youth Mobile Festival<\/strong> &#8211; <strong>YoMoBCN<\/strong><\/a><\/div>\n<\/div>\n\n\n\n<p><strong>YoMoBCN<\/strong> is a live event experience designed to inspire young people and help them learn more about and pursue careers in science and technology.&nbsp;<\/p>\n\n\n\n<div style=\"height:100px\" aria-hidden=\"true\" class=\"wp-block-spacer\"><\/div>\n\n\n\n<h2 class=\"wp-block-heading has-text-align-center has-larger-font-size\" style=\"font-style:normal;font-weight:800\">Outreach Conferences<\/h2>\n\n\n\n<div style=\"height:10px\" aria-hidden=\"true\" class=\"wp-block-spacer\"><\/div>\n\n\n\n<div class=\"wp-block-buttons is-layout-flex wp-block-buttons-is-layout-flex\">\n<div class=\"wp-block-button has-custom-width wp-block-button__width-100 is-style-outline is-style-outline--12\"><a class=\"wp-block-button__link wp-element-button\" href=\"https:\/\/bist.eu\/research\/conference-2021\/\">2021 BIST Conference &#8211; Quantum Technologies: Present and Future<\/a><\/div>\n<\/div>\n\n\n\n<p>The 2021 BIST Conference focused on a key BIST research initiative: quantum technologies. Leading experts in the field presented and discussed the status of quantum technologies in Catalonia, Europe, and the World, their applications in industry, and their influence in creative fields.<\/p>\n\n\n\n<div style=\"height:10px\" aria-hidden=\"true\" class=\"wp-block-spacer\"><\/div>\n\n\n\n<div class=\"wp-block-buttons is-layout-flex wp-block-buttons-is-layout-flex\">\n<div class=\"wp-block-button has-custom-width wp-block-button__width-100 is-style-outline is-style-outline--13\"><a class=\"wp-block-button__link wp-element-button\" href=\"https:\/\/icap2018.eu\/nobel-panel\/\">ICAP2018 &#8211; Atomic Physics: past, present and future<\/a><\/div>\n<\/div>\n\n\n\n<p>ICAP2018 hosted a round table with five Nobel laureates who talked about the main achievements in atomic physics, the current trends and the ones expected for the near future.<\/p>\n","protected":false},"excerpt":{"rendered":"<p>Our research group is engaged in various outreach initiatives that aim to promote the awareness and understanding of photonics and physics among the public. We organize workshops, demonstrations, lectures and exhibitions to showcase the applications and benefits of these fields in science, technology and society. We also collaborate with schools, high schools, universities, museums and [&hellip;]<\/p>\n","protected":false},"author":2801,"featured_media":0,"parent":0,"menu_order":0,"comment_status":"closed","ping_status":"closed","template":"","meta":{"footnotes":""},"class_list":["post-32","page","type-page","status-publish","hentry"],"_links":{"self":[{"href":"https:\/\/webs.uab.cat\/optics\/wp-json\/wp\/v2\/pages\/32","targetHints":{"allow":["GET"]}}],"collection":[{"href":"https:\/\/webs.uab.cat\/optics\/wp-json\/wp\/v2\/pages"}],"about":[{"href":"https:\/\/webs.uab.cat\/optics\/wp-json\/wp\/v2\/types\/page"}],"author":[{"embeddable":true,"href":"https:\/\/webs.uab.cat\/optics\/wp-json\/wp\/v2\/users\/2801"}],"replies":[{"embeddable":true,"href":"https:\/\/webs.uab.cat\/optics\/wp-json\/wp\/v2\/comments?post=32"}],"version-history":[{"count":29,"href":"https:\/\/webs.uab.cat\/optics\/wp-json\/wp\/v2\/pages\/32\/revisions"}],"predecessor-version":[{"id":2556,"href":"https:\/\/webs.uab.cat\/optics\/wp-json\/wp\/v2\/pages\/32\/revisions\/2556"}],"wp:attachment":[{"href":"https:\/\/webs.uab.cat\/optics\/wp-json\/wp\/v2\/media?parent=32"}],"curies":[{"name":"wp","href":"https:\/\/api.w.org\/{rel}","templated":true}]}}