{"id":830,"date":"2024-01-15T17:41:44","date_gmt":"2024-01-15T15:41:44","guid":{"rendered":"https:\/\/webs.uab.cat\/optics\/?page_id=830"},"modified":"2025-11-06T13:34:48","modified_gmt":"2025-11-06T11:34:48","slug":"outreach-talks","status":"publish","type":"page","link":"https:\/\/webs.uab.cat\/optics\/outreach-talks\/","title":{"rendered":"Outreach talks"},"content":{"rendered":"\n<p>The Optics Group is dedicated to sharing our research work with the public through various outreach presentations. We give several outreach talks every year on various topics related to optics and photonics. These talks explain the basic concepts and applications of optics in an accessible way.<\/p>\n\n\n\n<div style=\"height:10px\" aria-hidden=\"true\" class=\"wp-block-spacer\"><\/div>\n\n\n\n<!--more-->\n\n\n\n<div class=\"wp-block-buttons is-layout-flex wp-block-buttons-is-layout-flex\">\n<div class=\"wp-block-button has-custom-width wp-block-button__width-100 is-style-outline is-style-outline--1\"><a class=\"wp-block-button__link wp-element-button\" href=\"https:\/\/www.youtube.com\/watch?v=uYVmYrP9zFg\">Artificial Intelligence in a Sports Club<\/a><\/div>\n<\/div>\n\n\n\n<p>Dr. Jordi Mompart &#8211; &#8220;Intel\u00b7lig\u00e8ncia artificial en un club esportiu&#8221;. XIII GEFENOL-DIFENSC Summer School on Statistical Physics of Complex Systems, Centre de Recerca Matem\u00e0tica (CRM), Spain (October 2025).<\/p>\n\n\n\n<figure class=\"wp-block-embed is-type-video is-provider-youtube wp-block-embed-youtube wp-embed-aspect-16-9 wp-has-aspect-ratio\"><div class=\"wp-block-embed__wrapper\">\n<iframe loading=\"lazy\" title=\"Intel\u00b7lig\u00e8ncia artificial en un club esportiu: Entrevista a Jordi Mompart\" width=\"580\" height=\"326\" src=\"https:\/\/www.youtube.com\/embed\/uYVmYrP9zFg?feature=oembed\" frameborder=\"0\" allow=\"accelerometer; autoplay; clipboard-write; encrypted-media; gyroscope; picture-in-picture; web-share\" referrerpolicy=\"strict-origin-when-cross-origin\" allowfullscreen><\/iframe>\n<\/div><\/figure>\n\n\n\n<div style=\"height:20px\" aria-hidden=\"true\" class=\"wp-block-spacer\"><\/div>\n\n\n\n<div class=\"wp-block-buttons is-layout-flex wp-block-buttons-is-layout-flex\">\n<div class=\"wp-block-button has-custom-width wp-block-button__width-100 is-style-outline is-style-outline--2\"><a class=\"wp-block-button__link wp-element-button\" href=\"https:\/\/youtu.be\/XQ3Qd8IWXD8?feature=shared&amp;t=3702\" target=\"_blank\" rel=\"noreferrer noopener\">&#8220;<strong><em><em>Simulaci\u00f3 qu\u00e0ntica amb \u00e0toms ultrafreds<\/em>&#8220;<\/em><\/strong><\/a><\/div>\n<\/div>\n\n\n\n<p>Dr. Ver\u00f2nica Ahufinger\u00a0&#8211; &#8220;La Realitat Qu\u00e0ntica\u201d. Jornada de Ci\u00e8ncia i Tecnologia Qu\u00e0ntiques,\u00a0Real Acad\u00e8mia de les Ci\u00e8ncies i les Arts de Barcelona (RACAB), Spain (May 2025).<\/p>\n\n\n\n<figure class=\"wp-block-embed is-type-video is-provider-youtube wp-block-embed-youtube wp-embed-aspect-16-9 wp-has-aspect-ratio\"><div class=\"wp-block-embed__wrapper\">\n<iframe loading=\"lazy\" title=\"\u201cLa Realitat Qu\u00e0ntica\u201d Jornada de Ci\u00e8ncia i Tecnologia Qu\u00e0ntiques. PART 2\" width=\"580\" height=\"326\" src=\"https:\/\/www.youtube.com\/embed\/XQ3Qd8IWXD8?start=3702&#038;feature=oembed\" frameborder=\"0\" allow=\"accelerometer; autoplay; clipboard-write; encrypted-media; gyroscope; picture-in-picture; web-share\" referrerpolicy=\"strict-origin-when-cross-origin\" allowfullscreen><\/iframe>\n<\/div><\/figure>\n\n\n\n<div style=\"height:20px\" aria-hidden=\"true\" class=\"wp-block-spacer\"><\/div>\n\n\n\n<div class=\"wp-block-buttons is-layout-flex wp-block-buttons-is-layout-flex\">\n<div class=\"wp-block-button has-custom-width wp-block-button__width-100 is-style-outline is-style-outline--3\"><a class=\"wp-block-button__link wp-element-button\" href=\"https:\/\/www.youtube.com\/watch?v=846rMF2K17M\" target=\"_blank\" rel=\"noreferrer noopener\"><strong><em>\u201c<em>Polarimetria: Descobrint el que \u00e9s ocult amb llum<\/em>\u201d<\/em><\/strong><\/a><\/div>\n<\/div>\n\n\n\n<p>Dr. Irene Est\u00e9vez&nbsp;&#8211; Dissabtes de la F\u00edsica UAB, Spain (February 2025). <\/p>\n\n\n\n<figure class=\"wp-block-embed is-type-video is-provider-youtube wp-block-embed-youtube wp-embed-aspect-16-9 wp-has-aspect-ratio\"><div class=\"wp-block-embed__wrapper\">\n<iframe loading=\"lazy\" title=\"Dissabtes de la F\u00edsica 2025 (22\/02\/25) Polarimetria: Descobrint el que \u00e9s ocult amb llum\" width=\"580\" height=\"326\" src=\"https:\/\/www.youtube.com\/embed\/846rMF2K17M?feature=oembed\" frameborder=\"0\" allow=\"accelerometer; autoplay; clipboard-write; encrypted-media; gyroscope; picture-in-picture; web-share\" referrerpolicy=\"strict-origin-when-cross-origin\" allowfullscreen><\/iframe>\n<\/div><\/figure>\n\n\n\n<div style=\"height:20px\" aria-hidden=\"true\" class=\"wp-block-spacer\"><\/div>\n\n\n\n<div class=\"wp-block-group is-vertical is-layout-flex wp-container-core-group-is-layout-8cf370e7 wp-block-group-is-layout-flex\">\n<div class=\"wp-block-buttons is-layout-flex wp-block-buttons-is-layout-flex\">\n<div class=\"wp-block-button has-custom-width wp-block-button__width-100 is-style-outline is-style-outline--4\"><a class=\"wp-block-button__link wp-element-button\" href=\"https:\/\/www.youtube.com\/watch?v=1ZzgNPm-BeM\" target=\"_blank\" rel=\"noreferrer noopener\"><strong><em>\u201cAvances en tecnolog\u00edas basadas en la luz. Soluciones a retos globales\u201d<\/em> <\/strong><\/a><\/div>\n<\/div>\n\n\n\n<p>Prof. Mar\u00eda J. Yzuel&nbsp;&#8211; Ateneo de la EINA in Zaragoza, Spain (May 2023). <\/p>\n<\/div>\n\n\n\n<figure class=\"wp-block-embed is-type-video is-provider-youtube wp-block-embed-youtube wp-embed-aspect-16-9 wp-has-aspect-ratio\"><div class=\"wp-block-embed__wrapper\">\n<iframe loading=\"lazy\" title=\"Sesi\u00f3n 351. Ateneo de la EINA. Tecnolog\u00edas basadas en la luz\" width=\"580\" height=\"326\" src=\"https:\/\/www.youtube.com\/embed\/1ZzgNPm-BeM?feature=oembed\" frameborder=\"0\" allow=\"accelerometer; autoplay; clipboard-write; encrypted-media; gyroscope; picture-in-picture; web-share\" referrerpolicy=\"strict-origin-when-cross-origin\" allowfullscreen><\/iframe>\n<\/div><\/figure>\n\n\n\n<div style=\"height:20px\" aria-hidden=\"true\" class=\"wp-block-spacer\"><\/div>\n\n\n\n<div class=\"wp-block-group is-vertical is-layout-flex wp-container-core-group-is-layout-8cf370e7 wp-block-group-is-layout-flex\">\n<div class=\"wp-block-buttons is-layout-flex wp-block-buttons-is-layout-flex\">\n<div class=\"wp-block-button has-custom-width wp-block-button__width-100 is-style-outline is-style-outline--5\"><a class=\"wp-block-button__link wp-element-button\" href=\"https:\/\/youtu.be\/AKzOqklQD4k\" target=\"_blank\" rel=\"noreferrer noopener\"><strong><em>\u201cCaracterizaci\u00f3n de pantallas de cristal l\u00edquido y su uso en diferentes aplicaciones\u201d<\/em><\/strong><\/a><\/div>\n<\/div>\n\n\n\n<p>Prof. Juan Campos&nbsp;&#8211; Roberto Ortega Webminar, ICAT-UNAM, Mexico (April 2023). <\/p>\n<\/div>\n\n\n\n<figure class=\"wp-block-embed is-type-video is-provider-youtube wp-block-embed-youtube wp-embed-aspect-16-9 wp-has-aspect-ratio\"><div class=\"wp-block-embed__wrapper\">\n<iframe loading=\"lazy\" title=\"Caracterizaci\u00f3n de pantallas de cristal l\u00edquido y su uso en diferentes aplicaciones\" width=\"580\" height=\"326\" src=\"https:\/\/www.youtube.com\/embed\/AKzOqklQD4k?feature=oembed\" frameborder=\"0\" allow=\"accelerometer; autoplay; clipboard-write; encrypted-media; gyroscope; picture-in-picture; web-share\" referrerpolicy=\"strict-origin-when-cross-origin\" allowfullscreen><\/iframe>\n<\/div><\/figure>\n\n\n\n<div style=\"height:20px\" aria-hidden=\"true\" class=\"wp-block-spacer\"><\/div>\n\n\n\n<div class=\"wp-block-buttons is-layout-flex wp-block-buttons-is-layout-flex\">\n<div class=\"wp-block-button has-custom-width wp-block-button__width-100 is-style-outline is-style-outline--6\"><a class=\"wp-block-button__link wp-element-button\" href=\"https:\/\/carlahub.eu\/program\/quantum-carla-the-quantum-careers-symposium-barcelona-26-april-2023\/\" target=\"_blank\" rel=\"noreferrer noopener\"><strong><em>Quantum CARLA: The Quantum Careers Symposium<\/em><\/strong><\/a><\/div>\n<\/div>\n\n\n\n<p> Prof. Ver\u00f2nica Ahufinger&nbsp;&#8211; Quantum CARLA, Spain (April 2023).<\/p>\n\n\n\n<div style=\"height:20px\" aria-hidden=\"true\" class=\"wp-block-spacer\"><\/div>\n\n\n\n<div class=\"wp-block-buttons is-layout-flex wp-block-buttons-is-layout-flex\">\n<div class=\"wp-block-button has-custom-width wp-block-button__width-100 is-style-outline is-style-outline--7\"><a class=\"wp-block-button__link wp-element-button\" href=\"https:\/\/youtu.be\/tQolJyxeMVA\" target=\"_blank\" rel=\"noreferrer noopener\"><strong><em>\u201cM\u00e9todos polarim\u00e9tricos para la mejora de imagen en tejidos biol\u00f3gicos\u201d<\/em><\/strong><\/a><\/div>\n<\/div>\n\n\n\n<p><strong> <\/strong>Dr. \u00c1ngel Lizana &#8211; Roberto Ortega Webminar, ICAT-UNAM, Mexico (July 2022).<\/p>\n\n\n\n<figure class=\"wp-block-embed is-type-video is-provider-youtube wp-block-embed-youtube wp-embed-aspect-16-9 wp-has-aspect-ratio\"><div class=\"wp-block-embed__wrapper\">\n<iframe loading=\"lazy\" title=\"M\u00e9todos polarim\u00e9tricos para la mejora de imagen en tejidos biol\u00f3gicos\" width=\"580\" height=\"326\" src=\"https:\/\/www.youtube.com\/embed\/tQolJyxeMVA?feature=oembed\" frameborder=\"0\" allow=\"accelerometer; autoplay; clipboard-write; encrypted-media; gyroscope; picture-in-picture; web-share\" referrerpolicy=\"strict-origin-when-cross-origin\" allowfullscreen><\/iframe>\n<\/div><\/figure>\n\n\n\n<div style=\"height:20px\" aria-hidden=\"true\" class=\"wp-block-spacer\"><\/div>\n\n\n\n<div class=\"wp-block-buttons is-layout-flex wp-block-buttons-is-layout-flex\">\n<div class=\"wp-block-button has-custom-width wp-block-button__width-100 is-style-outline is-style-outline--8\"><a class=\"wp-block-button__link wp-element-button\" href=\"https:\/\/www.youtube.com\/watch?v=0WVzpaBfJO4\" target=\"_blank\" rel=\"noreferrer noopener\"><strong><em>\u201c\u00bfAyuda la polarizaci\u00f3n a la visualizaci\u00f3n de estructuras en im\u00e1genes?<\/em><\/strong><strong><em>\u201d<\/em><\/strong><\/a><\/div>\n<\/div>\n\n\n\n<p>Prof. Mar\u00eda J. Yzuel &#8211; Societat Catalana de F\u00edsica, Institut d&#8217;Estudis Catalans, Barcelona (June 2022).<\/p>\n\n\n\n<figure class=\"wp-block-embed is-type-video is-provider-youtube wp-block-embed-youtube wp-embed-aspect-16-9 wp-has-aspect-ratio\"><div class=\"wp-block-embed__wrapper\">\n<iframe loading=\"lazy\" title=\"Confer\u00e8ncia \u00ab\u00bfAyuda la polarizaci\u00f3n a la visualizaci\u00f3n de estructuras en im\u00e1genes?\u00bb\" width=\"580\" height=\"326\" src=\"https:\/\/www.youtube.com\/embed\/0WVzpaBfJO4?feature=oembed\" frameborder=\"0\" allow=\"accelerometer; autoplay; clipboard-write; encrypted-media; gyroscope; picture-in-picture; web-share\" referrerpolicy=\"strict-origin-when-cross-origin\" allowfullscreen><\/iframe>\n<\/div><\/figure>\n\n\n\n<div style=\"height:20px\" aria-hidden=\"true\" class=\"wp-block-spacer\"><\/div>\n\n\n\n<div class=\"wp-block-group is-vertical is-layout-flex wp-container-core-group-is-layout-8cf370e7 wp-block-group-is-layout-flex\">\n<div class=\"wp-block-buttons is-layout-flex wp-block-buttons-is-layout-flex\">\n<div class=\"wp-block-button has-custom-width wp-block-button__width-100 is-style-outline is-style-outline--9\"><a class=\"wp-block-button__link wp-element-button\"><strong><em>\u201cInvestigaci\u00f3n en imagen \u00f3ptica en la UAB: Celebrando el D\u00eda Internacional de la Luz\u201d<\/em><\/strong> <\/a><\/div>\n<\/div>\n\n\n\n<p class=\"wp-embed-aspect-16-9 wp-has-aspect-ratio\">Prof. Mar\u00eda J. Yzuel&nbsp;&#8211; Roberto Ortega Webminar in ICAT-UNAM, Mexico (May 2022). <\/p>\n<\/div>\n\n\n\n<figure class=\"wp-block-embed is-type-video is-provider-youtube wp-block-embed-youtube wp-embed-aspect-16-9 wp-has-aspect-ratio\"><div class=\"wp-block-embed__wrapper\">\n<iframe loading=\"lazy\" title=\"Investigaci\u00f3n en imagen \u00f3ptica en la UAB: Celebrando el D\u00eda Internacional de la Luz\" width=\"580\" height=\"326\" src=\"https:\/\/www.youtube.com\/embed\/2sVwt9BwjOA?feature=oembed\" frameborder=\"0\" allow=\"accelerometer; autoplay; clipboard-write; encrypted-media; gyroscope; picture-in-picture; web-share\" referrerpolicy=\"strict-origin-when-cross-origin\" allowfullscreen><\/iframe>\n<\/div><\/figure>\n\n\n\n<div style=\"height:20px\" aria-hidden=\"true\" class=\"wp-block-spacer\"><\/div>\n\n\n\n<div class=\"wp-block-buttons is-layout-flex wp-block-buttons-is-layout-flex\">\n<div class=\"wp-block-button has-custom-width wp-block-button__width-100 is-style-outline is-style-outline--10\"><a class=\"wp-block-button__link wp-element-button\" href=\"https:\/\/www.youtube.com\/watch?v=QMfuW84BAgs\" target=\"_blank\" rel=\"noreferrer noopener\"><strong><em>\u201cSimuladors qu\u00e0ntics: imitant la natura i molt m\u00e9s\u201d<\/em><\/strong> <\/a><\/div>\n<\/div>\n\n\n\n<p>Prof. Ver\u00f2nica Ahufinger&nbsp;&#8211; Dissabtes de la F\u00edsica UAB, Spain (February 2022). <a href=\"https:\/\/ddd.uab.cat\/record\/265145?ln=ca\">Dip\u00f2sit UAB<\/a><\/p>\n\n\n\n<figure class=\"wp-block-embed is-type-video is-provider-youtube wp-block-embed-youtube wp-embed-aspect-16-9 wp-has-aspect-ratio\"><div class=\"wp-block-embed__wrapper\">\n<iframe loading=\"lazy\" title=\"Dissabtes de la F\u00edsica UAB  2022 (19\/02\/2022) Teleportaci\u00f3 qu\u00e0ntica\" width=\"580\" height=\"326\" src=\"https:\/\/www.youtube.com\/embed\/QMfuW84BAgs?feature=oembed\" frameborder=\"0\" allow=\"accelerometer; autoplay; clipboard-write; encrypted-media; gyroscope; picture-in-picture; web-share\" referrerpolicy=\"strict-origin-when-cross-origin\" allowfullscreen><\/iframe>\n<\/div><\/figure>\n\n\n\n<div style=\"height:22px\" aria-hidden=\"true\" class=\"wp-block-spacer\"><\/div>\n\n\n\n<div class=\"wp-block-buttons is-layout-flex wp-block-buttons-is-layout-flex\">\n<div class=\"wp-block-button has-custom-width wp-block-button__width-100 is-style-outline is-style-outline--11\"><a class=\"wp-block-button__link wp-element-button\" href=\"https:\/\/www.youtube.com\/watch?v=lfGRWOBrm6c\" target=\"_blank\" rel=\"noreferrer noopener\"><strong><em>\u201cEmerging Gauge Theories in 2D Rydberg Arrays\u201d <\/em><\/strong><\/a><\/div>\n<\/div>\n\n\n\n<p>Dr. Alessio Celi&nbsp;&#8211; Workshop Talk, Albert Einstein Institute in Potsdam Golm, Germany (March 2019). <\/p>\n\n\n\n<figure class=\"wp-block-embed is-type-video is-provider-youtube wp-block-embed-youtube wp-embed-aspect-4-3 wp-has-aspect-ratio\"><div class=\"wp-block-embed__wrapper\">\n<iframe loading=\"lazy\" title=\"Workshop Talk: Alessio Celi &quot;Emerging Gauge Theories in 2D Rydberg Arrays&quot;\" width=\"580\" height=\"435\" src=\"https:\/\/www.youtube.com\/embed\/lfGRWOBrm6c?feature=oembed\" frameborder=\"0\" allow=\"accelerometer; autoplay; clipboard-write; encrypted-media; gyroscope; picture-in-picture; web-share\" referrerpolicy=\"strict-origin-when-cross-origin\" allowfullscreen><\/iframe>\n<\/div><\/figure>\n\n\n\n<div style=\"height:20px\" aria-hidden=\"true\" class=\"wp-block-spacer\"><\/div>\n\n\n\n<div class=\"wp-block-buttons is-layout-flex wp-block-buttons-is-layout-flex\">\n<div class=\"wp-block-button has-custom-width wp-block-button__width-100 is-style-outline is-style-outline--12\"><a class=\"wp-block-button__link wp-element-button\" href=\"https:\/\/www.youtube.com\/watch?v=44niOjOYWEU&amp;t=29s\" target=\"_blank\" rel=\"noreferrer noopener\"><strong><em>\u201cLa luz en la ciencia y en la tecnolog\u00eda\u201d<\/em><\/strong><\/a><\/div>\n<\/div>\n\n\n\n<p>Prof. Mar\u00eda J. Yzuel &#8211; Ciclo Cient\u00edficas brillantes in IFCA CSIC-UC, Spain (April 2019). <\/p>\n\n\n\n<figure class=\"wp-block-embed is-type-video is-provider-youtube wp-block-embed-youtube wp-embed-aspect-16-9 wp-has-aspect-ratio\"><div class=\"wp-block-embed__wrapper\">\n<iframe loading=\"lazy\" title=\"Ciclo &quot;Cient\u00edficas brillantes&quot; - Mar\u00eda Josefa Yzuel: &#039;La luz en la ciencia y en la tecnolog\u00eda&#039;\" width=\"580\" height=\"326\" src=\"https:\/\/www.youtube.com\/embed\/44niOjOYWEU?start=29&#038;feature=oembed\" frameborder=\"0\" allow=\"accelerometer; autoplay; clipboard-write; encrypted-media; gyroscope; picture-in-picture; web-share\" referrerpolicy=\"strict-origin-when-cross-origin\" allowfullscreen><\/iframe>\n<\/div><\/figure>\n\n\n\n<div style=\"height:20px\" aria-hidden=\"true\" class=\"wp-block-spacer\"><\/div>\n\n\n\n<div class=\"wp-block-group is-vertical is-layout-flex wp-container-core-group-is-layout-8cf370e7 wp-block-group-is-layout-flex\">\n<div class=\"wp-block-buttons is-layout-flex wp-block-buttons-is-layout-flex\">\n<div class=\"wp-block-button has-custom-width wp-block-button__width-100 is-style-outline is-style-outline--13\"><a class=\"wp-block-button__link wp-element-button\" href=\"https:\/\/www.youtube.com\/watch?v=evryNCz6rfo\"><strong><strong>\u201cPremi Nobel de F\u00edsica 2013: observaci\u00f3 i manipulaci\u00f3 de sistemes qu\u00e0ntics individuals\u201d<\/strong><\/strong><\/a><\/div>\n<\/div>\n\n\n\n<p>Dr. Jordi Mompart&nbsp;&#8211; Institut d&#8217;Estudis Catalans, Spain (September 2013).<\/p>\n<\/div>\n\n\n\n<figure class=\"wp-block-embed is-type-video is-provider-youtube wp-block-embed-youtube wp-embed-aspect-4-3 wp-has-aspect-ratio\"><div class=\"wp-block-embed__wrapper\">\n<iframe loading=\"lazy\" title=\"Confer\u00e8ncia: \u00abPremi Nobel de F\u00edsica 2012: observaci\u00f3 i manipulaci\u00f3 de sistemes qu\u00e0ntics individuals\u00bb\" width=\"580\" height=\"435\" src=\"https:\/\/www.youtube.com\/embed\/evryNCz6rfo?feature=oembed\" frameborder=\"0\" allow=\"accelerometer; autoplay; clipboard-write; encrypted-media; gyroscope; picture-in-picture; web-share\" referrerpolicy=\"strict-origin-when-cross-origin\" allowfullscreen><\/iframe>\n<\/div><\/figure>\n\n\n\n<div style=\"height:20px\" aria-hidden=\"true\" class=\"wp-block-spacer\"><\/div>\n\n\n\n<div class=\"wp-block-group is-vertical is-layout-flex wp-container-core-group-is-layout-8cf370e7 wp-block-group-is-layout-flex\">\n<div class=\"wp-block-buttons is-layout-flex wp-block-buttons-is-layout-flex\">\n<div class=\"wp-block-button has-custom-width wp-block-button__width-100 is-style-outline is-style-outline--14\"><a class=\"wp-block-button__link wp-element-button\" href=\"https:\/\/www.uab.cat\/Document\/595\/740\/Presentacio_atoms_freds.pdf\" target=\"_blank\" rel=\"noreferrer noopener\"><strong>\u201c<em>Refredant \u00e0toms amb l\u00e1ser:                                                                                                        cap al zero absolut de temperatura<\/em>\u201d<\/strong><\/a><\/div>\n<\/div>\n\n\n\n<p>Dr. Ver\u00f2nica Ahufinger&nbsp;&#8211; <em>Dissabtes de la F\u00edsica<\/em> | Departament de F\u00edsica (UAB), Spain (March 2012).<\/p>\n<\/div>\n\n\n\n<div style=\"height:20px\" aria-hidden=\"true\" class=\"wp-block-spacer\"><\/div>\n","protected":false},"excerpt":{"rendered":"<p>The Optics Group is dedicated to sharing our research work with the public through various outreach presentations. We give several outreach talks every year on various topics related to optics and photonics. These talks explain the basic concepts and applications of optics in an accessible way.<\/p>\n","protected":false},"author":2801,"featured_media":0,"parent":0,"menu_order":0,"comment_status":"closed","ping_status":"closed","template":"","meta":{"footnotes":""},"class_list":["post-830","page","type-page","status-publish","hentry"],"_links":{"self":[{"href":"https:\/\/webs.uab.cat\/optics\/wp-json\/wp\/v2\/pages\/830","targetHints":{"allow":["GET"]}}],"collection":[{"href":"https:\/\/webs.uab.cat\/optics\/wp-json\/wp\/v2\/pages"}],"about":[{"href":"https:\/\/webs.uab.cat\/optics\/wp-json\/wp\/v2\/types\/page"}],"author":[{"embeddable":true,"href":"https:\/\/webs.uab.cat\/optics\/wp-json\/wp\/v2\/users\/2801"}],"replies":[{"embeddable":true,"href":"https:\/\/webs.uab.cat\/optics\/wp-json\/wp\/v2\/comments?post=830"}],"version-history":[{"count":53,"href":"https:\/\/webs.uab.cat\/optics\/wp-json\/wp\/v2\/pages\/830\/revisions"}],"predecessor-version":[{"id":3065,"href":"https:\/\/webs.uab.cat\/optics\/wp-json\/wp\/v2\/pages\/830\/revisions\/3065"}],"wp:attachment":[{"href":"https:\/\/webs.uab.cat\/optics\/wp-json\/wp\/v2\/media?parent=830"}],"curies":[{"name":"wp","href":"https:\/\/api.w.org\/{rel}","templated":true}]}}