{"id":886,"date":"2024-01-22T17:43:12","date_gmt":"2024-01-22T15:43:12","guid":{"rendered":"https:\/\/webs.uab.cat\/optics\/?page_id=886"},"modified":"2024-03-04T18:50:48","modified_gmt":"2024-03-04T16:50:48","slug":"dr-irene-estevez","status":"publish","type":"page","link":"https:\/\/webs.uab.cat\/optics\/dr-irene-estevez\/","title":{"rendered":"Dr. Irene Est\u00e9vez"},"content":{"rendered":"\n<div class=\"wp-block-cover has-small-font-size\" style=\"min-height:368px;aspect-ratio:unset;\"><span aria-hidden=\"true\" class=\"wp-block-cover__background has-negre-eben-background-color has-background-dim-100 has-background-dim\"><\/span><div class=\"wp-block-cover__inner-container is-layout-flow wp-block-cover-is-layout-flow\">\n<p class=\"has-text-align-right has-large-font-size\"><strong><em>Dr. <\/em><\/strong><em><strong>Irene Est\u00e9vez<\/strong><\/em><\/p>\n\n\n<div class=\"wp-block-image is-resized is-style-default\">\n<figure class=\"alignleft size-medium\"><img loading=\"lazy\" decoding=\"async\" width=\"853\" height=\"853\" src=\"https:\/\/webs.uab.cat\/optics\/wp-content\/uploads\/sites\/502\/2024\/02\/irene-edited.png\" alt=\"\" class=\"wp-image-1858\" style=\"aspect-ratio:1;object-fit:cover;width:180px\" srcset=\"https:\/\/webs.uab.cat\/optics\/wp-content\/uploads\/sites\/502\/2024\/02\/irene-edited.png 853w, https:\/\/webs.uab.cat\/optics\/wp-content\/uploads\/sites\/502\/2024\/02\/irene-edited-300x300.png 300w, https:\/\/webs.uab.cat\/optics\/wp-content\/uploads\/sites\/502\/2024\/02\/irene-edited-150x150.png 150w, https:\/\/webs.uab.cat\/optics\/wp-content\/uploads\/sites\/502\/2024\/02\/irene-edited-768x768.png 768w\" sizes=\"auto, (max-width: 853px) 100vw, 853px\" \/><\/figure>\n<\/div>\n\n\n<p class=\"has-text-align-right has-small-font-size\"><strong><em>Position<\/em><\/strong>: Assistant professor<\/p>\n\n\n\n<p class=\"has-text-align-right has-small-font-size\"><strong><em>Office<\/em><\/strong>: C3\/-144&nbsp;<\/p>\n\n\n\n<p class=\"has-text-align-right has-small-font-size\"><strong><em>E-Mail<\/em><\/strong>:\u202f irene.estevez(at)uab.cat<\/p>\n\n\n<div class=\"wp-block-image is-style-rounded\">\n<figure class=\"alignright size-thumbnail is-resized\"><a href=\"https:\/\/scholar.google.es\/citations?user=QBYZvqAAAAAJ&amp;hl=es\"><img loading=\"lazy\" decoding=\"async\" width=\"150\" height=\"150\" src=\"https:\/\/webs.uab.cat\/optics\/wp-content\/uploads\/sites\/502\/2024\/02\/google-scholar-icon-1-10-150x150.png\" alt=\"\" class=\"wp-image-1659\" style=\"width:30px\" srcset=\"https:\/\/webs.uab.cat\/optics\/wp-content\/uploads\/sites\/502\/2024\/02\/google-scholar-icon-1-10-150x150.png 150w, https:\/\/webs.uab.cat\/optics\/wp-content\/uploads\/sites\/502\/2024\/02\/google-scholar-icon-1-10-300x300.png 300w, https:\/\/webs.uab.cat\/optics\/wp-content\/uploads\/sites\/502\/2024\/02\/google-scholar-icon-1-10-1024x1024.png 1024w, https:\/\/webs.uab.cat\/optics\/wp-content\/uploads\/sites\/502\/2024\/02\/google-scholar-icon-1-10-768x768.png 768w, https:\/\/webs.uab.cat\/optics\/wp-content\/uploads\/sites\/502\/2024\/02\/google-scholar-icon-1-10-1536x1536.png 1536w, https:\/\/webs.uab.cat\/optics\/wp-content\/uploads\/sites\/502\/2024\/02\/google-scholar-icon-1-10-1200x1200.png 1200w, https:\/\/webs.uab.cat\/optics\/wp-content\/uploads\/sites\/502\/2024\/02\/google-scholar-icon-1-10-1980x1980.png 1980w, https:\/\/webs.uab.cat\/optics\/wp-content\/uploads\/sites\/502\/2024\/02\/google-scholar-icon-1-10.png 2048w\" sizes=\"auto, (max-width: 150px) 100vw, 150px\" \/><\/a><\/figure>\n<\/div>\n\n<div class=\"wp-block-image is-style-rounded\">\n<figure class=\"alignright size-thumbnail is-resized\"><a href=\"https:\/\/www.webofscience.com\/wos\/author\/record\/ISB-1259-2023\"><img loading=\"lazy\" decoding=\"async\" width=\"150\" height=\"150\" src=\"https:\/\/webs.uab.cat\/optics\/wp-content\/uploads\/sites\/502\/2024\/02\/icono-10-150x150.webp\" alt=\"\" class=\"wp-image-1663\" style=\"width:30px\" srcset=\"https:\/\/webs.uab.cat\/optics\/wp-content\/uploads\/sites\/502\/2024\/02\/icono-10-150x150.webp 150w, https:\/\/webs.uab.cat\/optics\/wp-content\/uploads\/sites\/502\/2024\/02\/icono-10.webp 240w\" sizes=\"auto, (max-width: 150px) 100vw, 150px\" \/><\/a><\/figure>\n<\/div>\n\n<div class=\"wp-block-image is-style-rounded\">\n<figure class=\"alignright size-thumbnail is-resized\"><a href=\"https:\/\/www.scopus.com\/authid\/detail.uri?authorId=56771002800\"><img loading=\"lazy\" decoding=\"async\" width=\"150\" height=\"150\" src=\"https:\/\/webs.uab.cat\/optics\/wp-content\/uploads\/sites\/502\/2024\/02\/scorpus-author-icon-9-150x150.png\" alt=\"\" class=\"wp-image-1666\" style=\"width:30px\" srcset=\"https:\/\/webs.uab.cat\/optics\/wp-content\/uploads\/sites\/502\/2024\/02\/scorpus-author-icon-9-150x150.png 150w, https:\/\/webs.uab.cat\/optics\/wp-content\/uploads\/sites\/502\/2024\/02\/scorpus-author-icon-9.png 225w\" sizes=\"auto, (max-width: 150px) 100vw, 150px\" \/><\/a><\/figure>\n<\/div>\n\n<div class=\"wp-block-image is-style-rounded\">\n<figure class=\"alignright size-thumbnail is-resized\"><a href=\"https:\/\/orcid.org\/0000-0003-3693-8335\"><img loading=\"lazy\" decoding=\"async\" width=\"150\" height=\"150\" src=\"https:\/\/webs.uab.cat\/optics\/wp-content\/uploads\/sites\/502\/2024\/02\/ORCID-icon-13-150x150.png\" alt=\"\" class=\"wp-image-1656\" style=\"width:30px\" srcset=\"https:\/\/webs.uab.cat\/optics\/wp-content\/uploads\/sites\/502\/2024\/02\/ORCID-icon-13-150x150.png 150w, https:\/\/webs.uab.cat\/optics\/wp-content\/uploads\/sites\/502\/2024\/02\/ORCID-icon-13-300x300.png 300w, https:\/\/webs.uab.cat\/optics\/wp-content\/uploads\/sites\/502\/2024\/02\/ORCID-icon-13-1024x1024.png 1024w, https:\/\/webs.uab.cat\/optics\/wp-content\/uploads\/sites\/502\/2024\/02\/ORCID-icon-13-768x768.png 768w, https:\/\/webs.uab.cat\/optics\/wp-content\/uploads\/sites\/502\/2024\/02\/ORCID-icon-13-1536x1536.png 1536w, https:\/\/webs.uab.cat\/optics\/wp-content\/uploads\/sites\/502\/2024\/02\/ORCID-icon-13-1200x1200.png 1200w, https:\/\/webs.uab.cat\/optics\/wp-content\/uploads\/sites\/502\/2024\/02\/ORCID-icon-13-1980x1980.png 1980w, https:\/\/webs.uab.cat\/optics\/wp-content\/uploads\/sites\/502\/2024\/02\/ORCID-icon-13.png 2000w\" sizes=\"auto, (max-width: 150px) 100vw, 150px\" \/><\/a><\/figure>\n<\/div><\/div><\/div>\n\n\n\n<p>Dr. Irene Est\u00e9vez obtained her PhD degree in Physics at the Universitat Aut\u00f2noma de Barcelona (Spain) in December 2018. Her PhD thesis was awarded with the PhD Extraordinary Award. She has been a visiting research scholar at the \u00c9cole Polytechnique (France) for four months in 2016. From 2019 to 2022, she was a postdoctoral researcher at the Physics Center of Minho and Porto Universities (CFUMP) (Portugal). Her postdoctoral research was marked within a collaboration between the CFUMP and the international company BOSCH in the framework of a European project. In 2023, Dr. Est\u00e9vez was a Beatriu de Pin\u00f3s postdoctoral fellow at the Universitat Aut\u00f2noma de Barcelona.&nbsp;&nbsp;<\/p>\n\n\n\n<p>Irene Est\u00e9vez\u2019s research interests include polarimetry (measurement and interpretation of polarized light), optical design and polarized light applications.&nbsp;<\/p>\n\n\n\n<p>She has published fifteen peer-reviewed articles in high-impact journals in the field of optics and multidisciplinary sciences. In addition, she has three patents, two of them transferred to BOSCH. Dr. Irene Est\u00e9vez has also presented some of her research at the most prestigious national and international conferences in the field. She is co-supervisor of 3 Ph.D. Thesis.&nbsp;&nbsp;<\/p>\n\n\n\n<p>Dr. Irene Est\u00e9vez  is member of the SPIE, Optica (formerly OSA) and <em>Sociedad Espa\u00f1ola de \u00d3ptica<\/em> (SEDOPTICA).&nbsp;<\/p>\n","protected":false},"excerpt":{"rendered":"<p>Dr. Irene Est\u00e9vez obtained her PhD degree in Physics at the Universitat Aut\u00f2noma de Barcelona (Spain) in December 2018. Her PhD thesis was awarded with the PhD Extraordinary Award. She has been a visiting research scholar at the \u00c9cole Polytechnique (France) for four months in 2016. From 2019 to 2022, she was a postdoctoral researcher [&hellip;]<\/p>\n","protected":false},"author":2801,"featured_media":0,"parent":0,"menu_order":0,"comment_status":"closed","ping_status":"closed","template":"","meta":{"footnotes":""},"class_list":["post-886","page","type-page","status-publish","hentry"],"_links":{"self":[{"href":"https:\/\/webs.uab.cat\/optics\/wp-json\/wp\/v2\/pages\/886","targetHints":{"allow":["GET"]}}],"collection":[{"href":"https:\/\/webs.uab.cat\/optics\/wp-json\/wp\/v2\/pages"}],"about":[{"href":"https:\/\/webs.uab.cat\/optics\/wp-json\/wp\/v2\/types\/page"}],"author":[{"embeddable":true,"href":"https:\/\/webs.uab.cat\/optics\/wp-json\/wp\/v2\/users\/2801"}],"replies":[{"embeddable":true,"href":"https:\/\/webs.uab.cat\/optics\/wp-json\/wp\/v2\/comments?post=886"}],"version-history":[{"count":49,"href":"https:\/\/webs.uab.cat\/optics\/wp-json\/wp\/v2\/pages\/886\/revisions"}],"predecessor-version":[{"id":1864,"href":"https:\/\/webs.uab.cat\/optics\/wp-json\/wp\/v2\/pages\/886\/revisions\/1864"}],"wp:attachment":[{"href":"https:\/\/webs.uab.cat\/optics\/wp-json\/wp\/v2\/media?parent=886"}],"curies":[{"name":"wp","href":"https:\/\/api.w.org\/{rel}","templated":true}]}}