{"id":49,"date":"2009-05-08T11:22:32","date_gmt":"2009-05-08T09:22:32","guid":{"rendered":"https:\/\/webs.uab.cat\/content\/docencia\/"},"modified":"2024-02-08T10:23:11","modified_gmt":"2024-02-08T08:23:11","slug":"docencia","status":"publish","type":"page","link":"https:\/\/webs.uab.cat\/oroca\/docencia\/","title":{"rendered":"Doc\u00e8ncia"},"content":{"rendered":"\n<p><span style=\"font-size: large\"><span style=\"font-family: comic sans ms,sans-serif\"><strong>Relaci\u00f3 d&#8217;assignatures<\/strong><\/span><\/span><\/p>\n\n\n\n<p><span style=\"font-size: medium\"><span style=\"font-family: comic sans ms,sans-serif\">&nbsp;&nbsp;&nbsp; Assignatura&nbsp; 1: <a href=\"https:\/\/webs.uab.cat\/oroca\/wp-content\/uploads\/sites\/236\/2016\/09\/ECONOMIA-INTERNACIONAl-grups-1-i-3-mati.doc\" data-type=\"attachment\" data-id=\"46\">Economia Internacional<\/a> (ECO i ADE)<\/span><\/span><\/p>\n\n\n\n<p><span style=\"font-size: medium\"><span style=\"font-family: comic sans ms,sans-serif\">\u00a0\u00a0\u00a0 Assignatura\u00a0 2: Economia Aplicada i de l&#8217;Empresa (Publicitat i RRPP)<\/span><\/span><\/p>\n\n\n\n<p><span style=\"font-size: medium\"><span style=\"font-family: comic sans ms,sans-serif\">&nbsp;&nbsp;&nbsp; Assignatura&nbsp; 3: <a href=\"https:\/\/webs.uab.cat\/oroca\/wp-content\/uploads\/sites\/236\/2016\/09\/draft-syllabus-IEP-MEBA-7-sep2011.doc\" data-type=\"attachment\" data-id=\"50\">Infrastructure Economics and Policy<\/a> (MEBA)<\/span><\/span><\/p>\n\n\n\n<p><span style=\"font-size: medium\"><span style=\"font-family: comic sans ms,sans-serif\">\u00a0\u00a0\u00a0 Assignatura\u00a0 4: Introducci\u00f3 a l&#8217;Economia (GEAO)<\/span><\/span><\/p>\n\n\n\n<p><span style=\"font-size: medium\"><span style=\"font-family: comic sans ms,sans-serif\">El material docent \u00e9s accessible a trav\u00e9s del Campus Virtual de la UAB.<\/span><\/span><\/p>\n\n\n\n<p><span style=\"font-size: large\"><span style=\"font-family: comic sans ms,sans-serif\"><strong>Horari de consulta (Departament d&#8217;Economia Aplicada, despatx B3-0124)<\/strong><\/span><\/span><\/p>\n\n\n\n<p><span style=\"font-size: medium\"><span style=\"font-family: comic sans ms,sans-serif\">Primer semestre:&nbsp;&nbsp; Dimarts de 15:30 a 17h i dijous de 12 a 13:30h.<\/span><\/span><\/p>\n\n\n\n<p><span style=\"font-size: medium\"><span style=\"font-family: comic sans ms,sans-serif\">Segon semestre:&nbsp;&nbsp; Dimarts de 12 a 13:30h i dijous de 15:30 a 17h.<\/span><\/span><\/p>\n\n\n\n<p><\/p>\n\n\n\n<p><\/p>\n\n\n\n<p><span style=\"font-size: medium\"><span style=\"font-family: comic sans ms,sans-serif\">&#8211;<\/span><\/span><\/p>\n","protected":false},"excerpt":{"rendered":"<p>Relaci\u00f3 d&#8217;assignatures &nbsp;&nbsp;&nbsp; Assignatura&nbsp; 1: Economia Internacional (ECO i ADE) \u00a0\u00a0\u00a0 Assignatura\u00a0 2: Economia Aplicada i de l&#8217;Empresa (Publicitat i RRPP) &nbsp;&nbsp;&nbsp; Assignatura&nbsp; 3: Infrastructure Economics and Policy (MEBA) \u00a0\u00a0\u00a0 Assignatura\u00a0 4: Introducci\u00f3 a l&#8217;Economia (GEAO) El material docent \u00e9s accessible a trav\u00e9s del Campus Virtual de la UAB. Horari de consulta (Departament d&#8217;Economia Aplicada, [&hellip;]<\/p>\n","protected":false},"author":20,"featured_media":0,"parent":0,"menu_order":0,"comment_status":"closed","ping_status":"closed","template":"","meta":{"footnotes":""},"class_list":["post-49","page","type-page","status-publish","hentry"],"_links":{"self":[{"href":"https:\/\/webs.uab.cat\/oroca\/wp-json\/wp\/v2\/pages\/49","targetHints":{"allow":["GET"]}}],"collection":[{"href":"https:\/\/webs.uab.cat\/oroca\/wp-json\/wp\/v2\/pages"}],"about":[{"href":"https:\/\/webs.uab.cat\/oroca\/wp-json\/wp\/v2\/types\/page"}],"author":[{"embeddable":true,"href":"https:\/\/webs.uab.cat\/oroca\/wp-json\/wp\/v2\/users\/20"}],"replies":[{"embeddable":true,"href":"https:\/\/webs.uab.cat\/oroca\/wp-json\/wp\/v2\/comments?post=49"}],"version-history":[{"count":3,"href":"https:\/\/webs.uab.cat\/oroca\/wp-json\/wp\/v2\/pages\/49\/revisions"}],"predecessor-version":[{"id":102,"href":"https:\/\/webs.uab.cat\/oroca\/wp-json\/wp\/v2\/pages\/49\/revisions\/102"}],"wp:attachment":[{"href":"https:\/\/webs.uab.cat\/oroca\/wp-json\/wp\/v2\/media?parent=49"}],"curies":[{"name":"wp","href":"https:\/\/api.w.org\/{rel}","templated":true}]}}