{"id":17,"date":"2024-02-05T19:04:43","date_gmt":"2024-02-05T17:04:43","guid":{"rendered":"https:\/\/webs.uab.cat\/patmuc\/?page_id=17"},"modified":"2024-02-08T13:26:39","modified_gmt":"2024-02-08T11:26:39","slug":"presentacio","status":"publish","type":"page","link":"https:\/\/webs.uab.cat\/patmuc\/","title":{"rendered":"Presentaci\u00f3"},"content":{"rendered":"\n<p>El Grup de Recerca \u2018Patrimoni Musical de Catalunya: IFMuC-ICMuC\u2019 centra la seva activitat cient\u00edfica en la recuperaci\u00f3, l&#8217;estudi i la difusi\u00f3 de la mem\u00f2ria hist\u00f2rica del patrimoni musical documental (partitures manuscrites i impreses) i iconogr\u00e0fic de Catalunya dels segles XV al XX, amb l&#8217;objectiu de posar-la a l&#8217;abast de la comunitat cient\u00edfica i art\u00edstica mitjan\u00e7ant la descripci\u00f3 de les col\u00b7leccions del repertori musical i iconogr\u00e0fic conservades en els fons dels arxius, museus icentres de documentaci\u00f3 de Catalunya, a trav\u00e9s de les bases de dades <strong>IFMuC <\/strong>(<a href=\"http:\/\/ifmuc.uab.cat\" target=\"_blank\" rel=\"noreferrer noopener\">http:\/\/ifmuc.uab.cat<\/a>) i <strong>IcMuC <\/strong>(<a href=\"http:\/\/icmuc.uab.cat\" target=\"_blank\" rel=\"noreferrer noopener\">http:\/\/icmuc.uab.cat<\/a>).<\/p>\n\n\n\n<p>El Grup de Recerca l\u2019integren els projectes <a href=\"https:\/\/webs.uab.cat\/ifmuc\" target=\"_blank\" rel=\"noreferrer noopener\"><strong>IFMuC<\/strong> <\/a>i <strong><a href=\"http:\/\/icmuc.uab.cat\" target=\"_blank\" rel=\"noreferrer noopener\">ICMuC<\/a><\/strong>. El primer ofereix l\u2019acc\u00e9s a registres de repertori musical conservat en els fons estudiats i publicats en els formats impr\u00e8s (12 volums de la col\u00b7lecci\u00f3 \u2018<a href=\"https:\/\/webs.uab.cat\/ifmuc\/catalegs\/\" target=\"_blank\" rel=\"noreferrer noopener\">Inventaris dels fons Musicals de Catalunya<\/a>\u2019) i digital; mentre el segon duu a terme la catalogaci\u00f3 del <a href=\"https:\/\/icmuc.uab.cat\/\" target=\"_blank\" rel=\"noreferrer noopener\">repertori iconogr\u00e0fic-musical conservat en els museus m\u00e9s rellevants de Catalunya<\/a>.<\/p>\n\n\n\n<p><strong>Paraules clau<\/strong>: Estudis sobre la Hist\u00f2ria de la M\u00fasica a Catalunya, Estudis sobre iconografia musical dels museus\/arxius de Catalunya, recuperaci\u00f3 del patrimoni musical, edici\u00f3 de partitures de m\u00fasica antiga, bases de dades de repertori i iconografia musicals.<\/p>\n\n\n\n<p><strong>Beneficis<\/strong>: Noves recerques sobre patrimoni musical i iconogr\u00e0fic, acc\u00e9s d&#8217;int\u00e8rprets a noves fonts de repertori, difusi\u00f3 de nous repertoris en l&#8217;\u00e0mbit de la gesti\u00f3 musical, ampliaci\u00f3 de trajectes formatius sobre hist\u00f2ria de la m\u00fasica catalana.<\/p>\n","protected":false},"excerpt":{"rendered":"<p>El Grup de Recerca \u2018Patrimoni Musical de Catalunya: IFMuC-ICMuC\u2019 centra la seva activitat cient\u00edfica en la recuperaci\u00f3, l&#8217;estudi i la difusi\u00f3 de la mem\u00f2ria hist\u00f2rica del patrimoni musical documental (partitures manuscrites i impreses) i iconogr\u00e0fic de Catalunya dels segles XV al XX, amb l&#8217;objectiu de posar-la a l&#8217;abast de la comunitat cient\u00edfica i art\u00edstica mitjan\u00e7ant [&hellip;]<\/p>\n","protected":false},"author":126,"featured_media":0,"parent":0,"menu_order":0,"comment_status":"closed","ping_status":"closed","template":"","meta":{"footnotes":""},"class_list":["post-17","page","type-page","status-publish","hentry"],"_links":{"self":[{"href":"https:\/\/webs.uab.cat\/patmuc\/wp-json\/wp\/v2\/pages\/17","targetHints":{"allow":["GET"]}}],"collection":[{"href":"https:\/\/webs.uab.cat\/patmuc\/wp-json\/wp\/v2\/pages"}],"about":[{"href":"https:\/\/webs.uab.cat\/patmuc\/wp-json\/wp\/v2\/types\/page"}],"author":[{"embeddable":true,"href":"https:\/\/webs.uab.cat\/patmuc\/wp-json\/wp\/v2\/users\/126"}],"replies":[{"embeddable":true,"href":"https:\/\/webs.uab.cat\/patmuc\/wp-json\/wp\/v2\/comments?post=17"}],"version-history":[{"count":3,"href":"https:\/\/webs.uab.cat\/patmuc\/wp-json\/wp\/v2\/pages\/17\/revisions"}],"predecessor-version":[{"id":46,"href":"https:\/\/webs.uab.cat\/patmuc\/wp-json\/wp\/v2\/pages\/17\/revisions\/46"}],"wp:attachment":[{"href":"https:\/\/webs.uab.cat\/patmuc\/wp-json\/wp\/v2\/media?parent=17"}],"curies":[{"name":"wp","href":"https:\/\/api.w.org\/{rel}","templated":true}]}}