{"id":22,"date":"2024-02-05T19:09:58","date_gmt":"2024-02-05T17:09:58","guid":{"rendered":"https:\/\/webs.uab.cat\/patmuc\/?page_id=22"},"modified":"2024-02-05T19:24:45","modified_gmt":"2024-02-05T17:24:45","slug":"financament","status":"publish","type":"page","link":"https:\/\/webs.uab.cat\/patmuc\/financament\/","title":{"rendered":"Finan\u00e7ament"},"content":{"rendered":"\n<p>Entre 2003 i 2022, ha comptat amb suport diversos projectes de recerca Micinn\/Mineco per sufragar les despeses d\u2019infraestructura, publicacions, dietes i viatges del projecte:<\/p>\n\n\n\n<ol class=\"wp-block-list\">\n<li>2003-2007: \u201cLa m\u00fasica religiosa en Catalu\u00f1a en el siglo XIX. Estudios sobre patrimonio musical: los fondos musicales de la bas\u00edlica del Esp\u00edritu Santo de Terrassa, la Merced de Barcelona y el Convento de los frailes capuchinos de Sarri\u00e1 (Barcelona)\u201d. BHA2003-03057.<\/li>\n\n\n\n<li>2008-2011: \u201cLa m\u00fasica religiosa en Catalunya en el siglo XIX. Estudios sobre patrimonio musical: los fondos musicales del Archivo Diocesano de Girona, Biblioteca Episcopal de Barcelona, Santa Maria de Matar\u00f3, Sant Esteve d\u2019Olot y Archivo Comarcal de T\u00e0rrega\u201d. HAR2008-03587.<\/li>\n\n\n\n<li>2011-2014 (pr\u00f2rroga 2015): \u201cCatalogaci\u00f3n, estudio y edici\u00f3n de los fondos y del repertorio musical de los siglos XVII-XIX de la Catedral de Tarragona y las bas\u00edlicas de Igualada y Castell\u00f3 d\u2019Emp\u00faries\u201d. HAR2011-24195.<\/li>\n\n\n\n<li>2016-2018: \u201cPatrimonio musical en Gerona: catalogaci\u00f3n y estudio de las fuentes musicales conservadas en la catedral, el Archivo Diocesano y el Museu de Arte de Gerona\u201d. HAR2015-64554-P.<\/li>\n\n\n\n<li>2019-2022: \u201cCatalogaci\u00f3n y estudio de los fondos musicales de las bas\u00edlicas del Pino, la Merced y los Santos Justo y Pastor de Barcelona y los fondos iconogr\u00e1ficos del MNAC y Museo Mar\u00e9s\u201d. PGC2018-094724-B-100.<\/li>\n\n\n\n<li>2020-2023: &#8220;Fontes Musicae Cataloniae(IEC): Catalogaci\u00f3, edici\u00f3 i difusi\u00f3 dels repertoris compositius, iconogr\u00e0fics i de tradici\u00f3 oral de Catalunya (1450-1950)&#8221;.<\/li>\n\n\n\n<li>2024-2025: &#8220;Fontes Musicae Cataloniae: Catalogaci\u00f3 dels arxius musicals de les bas\u00edliques de Barcelona i dels fons iconogr\u00e0fics del MNAC&#8221; (Fase I\/2024: Santa Maria del Pi &#8211; Fase II\/2025: Bas\u00edliques de la Merc\u00e8 i Sants Just i Pastor).<\/li>\n<\/ol>\n","protected":false},"excerpt":{"rendered":"<p>Entre 2003 i 2022, ha comptat amb suport diversos projectes de recerca Micinn\/Mineco per sufragar les despeses d\u2019infraestructura, publicacions, dietes i viatges del projecte:<\/p>\n","protected":false},"author":126,"featured_media":0,"parent":0,"menu_order":0,"comment_status":"closed","ping_status":"closed","template":"","meta":{"footnotes":""},"class_list":["post-22","page","type-page","status-publish","hentry"],"_links":{"self":[{"href":"https:\/\/webs.uab.cat\/patmuc\/wp-json\/wp\/v2\/pages\/22","targetHints":{"allow":["GET"]}}],"collection":[{"href":"https:\/\/webs.uab.cat\/patmuc\/wp-json\/wp\/v2\/pages"}],"about":[{"href":"https:\/\/webs.uab.cat\/patmuc\/wp-json\/wp\/v2\/types\/page"}],"author":[{"embeddable":true,"href":"https:\/\/webs.uab.cat\/patmuc\/wp-json\/wp\/v2\/users\/126"}],"replies":[{"embeddable":true,"href":"https:\/\/webs.uab.cat\/patmuc\/wp-json\/wp\/v2\/comments?post=22"}],"version-history":[{"count":3,"href":"https:\/\/webs.uab.cat\/patmuc\/wp-json\/wp\/v2\/pages\/22\/revisions"}],"predecessor-version":[{"id":35,"href":"https:\/\/webs.uab.cat\/patmuc\/wp-json\/wp\/v2\/pages\/22\/revisions\/35"}],"wp:attachment":[{"href":"https:\/\/webs.uab.cat\/patmuc\/wp-json\/wp\/v2\/media?parent=22"}],"curies":[{"name":"wp","href":"https:\/\/api.w.org\/{rel}","templated":true}]}}