{"id":25,"date":"2024-02-05T19:11:35","date_gmt":"2024-02-05T17:11:35","guid":{"rendered":"https:\/\/webs.uab.cat\/patmuc\/?page_id=25"},"modified":"2024-02-05T19:11:35","modified_gmt":"2024-02-05T17:11:35","slug":"publicacions","status":"publish","type":"page","link":"https:\/\/webs.uab.cat\/patmuc\/publicacions\/","title":{"rendered":"Publicacions"},"content":{"rendered":"\n<h2 class=\"wp-block-heading\">LLIBRES<\/h2>\n\n\n\n<p>Anna Maria Anglada i Mas, Carles Badal P\u00e9rez-Alarc\u00f3n, Nil Fern\u00e1ndez Llopis i Josep Maria Gregori i Cifr\u00e9,&nbsp; <em>Inventaris dels fons musicals de Catalunya. Volum 11: Fons de Sant Feliu de Girona, Santuari dels Arcs, Casa Carles, Santa Maria de la Bisbal i Narc\u00eds Figueras de l\u2019Arxiu Dioces\u00e0 de Girona.<\/em> Barcelona: Universitat Aut\u00f2noma de Barcelona-Institut d\u2019Estudis Catalans, 2020.<\/p>\n\n\n\n<p>Irene Aug\u00e9, Jes\u00fas Badia, Mart\u00ed Badia, Josep Nav\u00e0s i Josep Maria Gregori.<em> Inventaris dels fons musicals de Catalunya. Volum 12: Fons de la catedral de Solsona i les esgl\u00e9sies parroquial de Santa Eul\u00e0lia de Berga i Santa Maria de Cornudella de Montsant.<\/em> Barcelona: Universitat Aut\u00f2noma de Barcelona-Institut d\u2019Estudis Catalans, 2021.<\/p>\n\n\n\n<h2 class=\"wp-block-heading\">ARTICLES<\/h2>\n\n\n\n<p>Josep Maria Gregori. \u201cFrancesc Bonastre (1944-2017), impulsor de la recuperaci\u00f3 del patrimoni musical de Catalunya des de la Universitat Aut\u00f2noma de Barcelona\u201d, <em>Revista Catalana de Musicologia<\/em>, XIII (2020), p. 15-41.<\/p>\n\n\n\n<p>Josep Maria Gregori. \u201cEl patronatge musical eclesi\u00e0stic a Catalunya en el marc dels regnes de la Corona Catalano-aragonesa\u201d, a <em>La m\u00fasica de la Corona d\u2019Arag\u00f3: investigaci\u00f3, transfer\u00e8ncia i educaci\u00f3<\/em>. Valencia: Institut de Creativitat i Innovacions Educatives. Universitat de Val\u00e8ncia, 2020, p. 99-120. ISBN 978-09-15985-3.<\/p>\n\n\n\n<p>Josep Maria Gregori \u2013 Carles Badal P\u00e9rez-Alarc\u00f3n. \u201c<em>Inventari dels Fons Musicals de Catalunya<\/em> (IFMuC), un proyecto de la Universitat Aut\u00f2noma de Barcelona al servicio del patrimonio musical de Catalu\u00f1a: balance y bases tecnol\u00f3gicas\u201d, a <em>Musicolog\u00eda en web. Patrimonio Musical y Humanidades Digitales<\/em>, eds. Mar\u00eda Gembero-Ust\u00e1rroz i Emilio Ros-F\u00e1bregas. Kassel: Reichenberger, 2021, p. 267-286. ISBN 978-3-9677280-14-2<\/p>\n\n\n\n<p>Jordi Ballester. \u201cMusical Echoes, Feelings and Emotions: The Total Artwork Ideals in the Late 19th-century Paintings and Writings by Santiago Rusi\u00f1ol (1861-1931)\u201d, a Roberto Illiano (ed.), <em>Music and the Figurative Arts in the Nineteenth Century<\/em> (Turnhout: Brepols, 2020), p. 471-495.<\/p>\n\n\n\n<p>Jordi Ballester, Margarida Genera, Maria Garcia Barber\u00e0, Francesc Lavega i Jordi Aixal\u00e0. \u201cEls aer\u00f2fons en \u00e8poca ib\u00e8rica. Una aproximaci\u00f3 a partir de la iconografia cer\u00e0mica\u201d, <em>Recerques del Museu d\u2019Alcoi<\/em>, 29 (2020), p. 17-38.<\/p>\n\n\n\n<p>Jordi Ballester. \u201cLos instrumentos musicales representados en la siller\u00eda g\u00f3tica del antiguo coro de la catedral de Girona, <em>Revista de Musicologia<\/em>, 44\/2 (2021), p. 435-472. Jordi Ballester. \u201cAlta Fidelitat. Esther Boix i Pons\u201d a Carme Clusellas (ed.) <em>12 mesos 12 obres. Museu d\u2019Art de Girona \u2013 2019. <\/em>Girona: Generalitat de Catalunya &#8211; Museu d\u2019Art de Girona, 2021, p. 52-55. <a href=\"https:\/\/museuart.cat\/wp-content\/uploads\/2021\/01\/12m_12o_19_web.pdf\">https:\/\/museuart.cat\/wp-content\/uploads\/2021\/01\/12m_12o_19_web.pdf<\/a><\/p>\n","protected":false},"excerpt":{"rendered":"<p>LLIBRES Anna Maria Anglada i Mas, Carles Badal P\u00e9rez-Alarc\u00f3n, Nil Fern\u00e1ndez Llopis i Josep Maria Gregori i Cifr\u00e9,&nbsp; Inventaris dels fons musicals de Catalunya. Volum 11: Fons de Sant Feliu de Girona, Santuari dels Arcs, Casa Carles, Santa Maria de la Bisbal i Narc\u00eds Figueras de l\u2019Arxiu Dioces\u00e0 de Girona. Barcelona: Universitat Aut\u00f2noma de Barcelona-Institut [&hellip;]<\/p>\n","protected":false},"author":126,"featured_media":0,"parent":0,"menu_order":0,"comment_status":"closed","ping_status":"closed","template":"","meta":{"footnotes":""},"class_list":["post-25","page","type-page","status-publish","hentry"],"_links":{"self":[{"href":"https:\/\/webs.uab.cat\/patmuc\/wp-json\/wp\/v2\/pages\/25","targetHints":{"allow":["GET"]}}],"collection":[{"href":"https:\/\/webs.uab.cat\/patmuc\/wp-json\/wp\/v2\/pages"}],"about":[{"href":"https:\/\/webs.uab.cat\/patmuc\/wp-json\/wp\/v2\/types\/page"}],"author":[{"embeddable":true,"href":"https:\/\/webs.uab.cat\/patmuc\/wp-json\/wp\/v2\/users\/126"}],"replies":[{"embeddable":true,"href":"https:\/\/webs.uab.cat\/patmuc\/wp-json\/wp\/v2\/comments?post=25"}],"version-history":[{"count":1,"href":"https:\/\/webs.uab.cat\/patmuc\/wp-json\/wp\/v2\/pages\/25\/revisions"}],"predecessor-version":[{"id":26,"href":"https:\/\/webs.uab.cat\/patmuc\/wp-json\/wp\/v2\/pages\/25\/revisions\/26"}],"wp:attachment":[{"href":"https:\/\/webs.uab.cat\/patmuc\/wp-json\/wp\/v2\/media?parent=25"}],"curies":[{"name":"wp","href":"https:\/\/api.w.org\/{rel}","templated":true}]}}