{"id":28,"date":"2024-02-05T19:19:40","date_gmt":"2024-02-05T17:19:40","guid":{"rendered":"https:\/\/webs.uab.cat\/patmuc\/?page_id=28"},"modified":"2024-02-05T19:31:58","modified_gmt":"2024-02-05T17:31:58","slug":"projectes","status":"publish","type":"page","link":"https:\/\/webs.uab.cat\/patmuc\/projectes\/","title":{"rendered":"Projectes"},"content":{"rendered":"\n<h2 class=\"wp-block-heading\"><strong>IFMuC<\/strong><\/h2>\n\n\n\n<p>Catalunya posseeix un riqu\u00edssim llegat de repertori musical que es conserva en nombrosos fons de partitures d\u2019arxius, biblioteques, museus i centres de documentaci\u00f3 escampats en el mapa del seu territori. L\u2019<a href=\"https:\/\/webs.uab.cat\/ifmuc\" target=\"_blank\" rel=\"noreferrer noopener\"><strong>Inventari dels Fons Musicals de Catalunya (IFMuC)<\/strong><\/a> \u00e9s un projecte centrat en la catalogaci\u00f3 dels fons musicals catalans, que t\u00e9 l\u2019objectiu prioritari de facilitar l\u2019acc\u00e9s universal a les descripcions catalogr\u00e0fiques dels seus repertoris. Els continguts descriptius dels fons es presenten reunits en les col\u00b7leccions \u00abmanuscrits d\u2019autor\u00bb, \u00abmanuscrits an\u00f2nims\u00bb, \u00abllibres corals\u00bb, \u00abllibres de faristol\u00bb i \u00abimpresos\u00bb, que es poden consultar a trav\u00e9s del portal web i de la col\u00b7lecci\u00f3 de cat\u00e0legs impresos, patrocinada, entre 2007 i 2010, pel <a href=\"https:\/\/cultura.gencat.cat\/ca\/inici\/\" target=\"_blank\" rel=\"noreferrer noopener\"><strong>Departament de Cultura i Mitjans de Comunicaci\u00f3 de la Generalitat de Catalunya<\/strong><\/a>, des de 2011, pel <a href=\"https:\/\/ciencia.sede.gob.es\/\" target=\"_blank\" rel=\"noreferrer noopener\"><strong>Ministerio de Ciencia, Innovaci\u00f3n y Universidades<\/strong><\/a> i, a partir de 2018, amb el concurs de l\u2019<a href=\"https:\/\/www.iec.cat\/activitats\/entrada.asp\" target=\"_blank\" rel=\"noreferrer noopener\"><strong>Institut d\u2019Estudis Catalans<\/strong><\/a>.<\/p>\n\n\n\n<p>La base de dades\u00a0<a href=\"https:\/\/webs.uab.cat\/ifmuc\" target=\"_blank\" rel=\"noreferrer noopener\"><strong>Inventari dels Fons Musicals de Catalunya\u00a0(IFMuC)<\/strong><\/a> s\u2019integra en el Grup de Recerca Consolidat (SGR)<strong>\u00a0<a href=\"https:\/\/webs.uab.cat\/patmuc\/\">Patrimoni Musical de Catalunya IFMuC-IcMuC<\/a><\/strong>\u00a0de la <a href=\"https:\/\/www.uab.cat\/\" target=\"_blank\" rel=\"noreferrer noopener\"><strong>Universitat Aut\u00f2noma de Barcelona (UAB)<\/strong><\/a>, forma part del Projecte I+D HAR2015-64554-P del <a href=\"https:\/\/ciencia.sede.gob.es\/\" target=\"_blank\" rel=\"noreferrer noopener\"><strong>MICINN<\/strong><\/a> (IP1: Josep Maria Gregori) i participa en el Projecte PRO2018-S01 de l\u2019IEC.<\/p>\n\n\n\n<p>Enlla\u00e7 a la base de dades:&nbsp;<a href=\"https:\/\/ifmuc.uab.cat\/\" target=\"_blank\" rel=\"noreferrer noopener\">https:\/\/ifmuc.uab.cat\/<\/a><\/p>\n\n\n\n<h2 class=\"wp-block-heading\"><strong>ICMuC<\/strong><\/h2>\n\n\n\n<p>El patrimoni musical de Catalunya inclou un ampl\u00edssim repertori de fonts visuals \u2013arts pl\u00e0stiques\u2013 amb representacions musicals. \u00c9s el que, de forma gen\u00e8rica, anomenem&nbsp;<em>iconografia musical<\/em>. La catalogaci\u00f3 d\u2019aquestes fonts (des d\u2019una perspectiva musical) obre la porta a una \u00e0mplia diversitat d\u2019estudis que van de l\u2019organologia (l\u2019estudi dels instruments musicals) a la sociologia de la m\u00fasica. Per als corrents m\u00e9s moderns de la recerca musicol\u00f2gica, la iconografia musical no nom\u00e9s ens d\u00f3na informaci\u00f3 sobre usos i pr\u00e0ctiques musicals, sin\u00f3 que sobretot ens invita a reflexionar sobre el concepte de m\u00fasica que es tenia en una determinada \u00e8poca.<\/p>\n\n\n\n<p>La base de dades<strong>&nbsp;<a href=\"https:\/\/icmuc.uab.cat\/\" target=\"_blank\" rel=\"noreferrer noopener\">Iconografia Musical de Catalunya Catalunya&nbsp;(IcMuC)<\/a> <\/strong>s\u2019integra en el Grup de Recerca Consolidat (SGR)&nbsp;<a href=\"https:\/\/webs.uab.cat\/patmuc\/\"><strong>Patrimoni Musical de Catalunya IFMuC-IcMuC<\/strong>&nbsp;<\/a>de la <a href=\"https:\/\/www.uab.cat\/\" target=\"_blank\" rel=\"noreferrer noopener\"><strong>Universitat Aut\u00f2noma de Barcelona (UAB)<\/strong><\/a>, forma part del Projecte I+D HAR2015-64554-P del <a href=\"https:\/\/ciencia.sede.gob.es\/\" target=\"_blank\" rel=\"noreferrer noopener\"><strong>MICINN<\/strong><\/a> (IP2: Jordi Ballester) i participa en el Projecte PRO2018-S01 de l\u2019IEC.<\/p>\n\n\n\n<p>Enlla\u00e7 a la base de dades:&nbsp;<a href=\"http:\/\/icmuc.uab.cat\/\" target=\"_blank\" rel=\"noreferrer noopener\">http:\/\/icmuc.uab.cat<\/a>.<\/p>\n\n\n\n<h2 class=\"wp-block-heading\"><strong>Fontes Musicae Cataloniae<\/strong><\/h2>\n\n\n\n<p><strong>Fontes Musicae Cataloniae <\/strong>\u00e9s el portal de refer\u00e8ncia sobre el Patrimoni Musical de Catalunya de <strong>l\u2019<\/strong><a href=\"https:\/\/www.iec.cat\/activitats\/entrada.asp\" target=\"_blank\" rel=\"noreferrer noopener\"><strong>Institut d\u2019Estudis Catalans<\/strong><\/a>, creat amb la voluntat de mostrar i facilitar, de forma conjunta, el <a href=\"https:\/\/www.uab.cat\/web\/recerca\/open-access-uab\/presentacio\/que-es-1345691498324.html\">lliure acc\u00e9s<\/a> a diferents recursos en l\u2019\u00e0mbit de la <a href=\"https:\/\/fontes-musicae-cataloniae.iec.cat\/projectes\/\" target=\"_blank\" rel=\"noreferrer noopener\">catalogaci\u00f3, la recerca i la difusi\u00f3 del repertori musical i iconogr\u00e0fic de Catalunya<\/a> i\u00a0que actualment desenvolupen institucions capdavanteres en el camp de la recuperaci\u00f3 del <a href=\"https:\/\/fontes-musicae-cataloniae.iec.cat\/qui-som\/\" target=\"_blank\" rel=\"noreferrer noopener\">patrimoni musical catal\u00e0<\/a>.<\/p>\n\n\n\n<p>Enlla\u00e7 al portal: <a href=\"https:\/\/fontes-musicae-cataloniae.iec.cat\/\" target=\"_blank\" rel=\"noreferrer noopener\">https:\/\/fontes-musicae-cataloniae.iec.cat\/<\/a><\/p>\n","protected":false},"excerpt":{"rendered":"<p>IFMuC Catalunya posseeix un riqu\u00edssim llegat de repertori musical que es conserva en nombrosos fons de partitures d\u2019arxius, biblioteques, museus i centres de documentaci\u00f3 escampats en el mapa del seu territori. L\u2019Inventari dels Fons Musicals de Catalunya (IFMuC) \u00e9s un projecte centrat en la catalogaci\u00f3 dels fons musicals catalans, que t\u00e9 l\u2019objectiu prioritari de facilitar [&hellip;]<\/p>\n","protected":false},"author":126,"featured_media":0,"parent":0,"menu_order":0,"comment_status":"closed","ping_status":"closed","template":"","meta":{"footnotes":""},"class_list":["post-28","page","type-page","status-publish","hentry"],"_links":{"self":[{"href":"https:\/\/webs.uab.cat\/patmuc\/wp-json\/wp\/v2\/pages\/28","targetHints":{"allow":["GET"]}}],"collection":[{"href":"https:\/\/webs.uab.cat\/patmuc\/wp-json\/wp\/v2\/pages"}],"about":[{"href":"https:\/\/webs.uab.cat\/patmuc\/wp-json\/wp\/v2\/types\/page"}],"author":[{"embeddable":true,"href":"https:\/\/webs.uab.cat\/patmuc\/wp-json\/wp\/v2\/users\/126"}],"replies":[{"embeddable":true,"href":"https:\/\/webs.uab.cat\/patmuc\/wp-json\/wp\/v2\/comments?post=28"}],"version-history":[{"count":3,"href":"https:\/\/webs.uab.cat\/patmuc\/wp-json\/wp\/v2\/pages\/28\/revisions"}],"predecessor-version":[{"id":41,"href":"https:\/\/webs.uab.cat\/patmuc\/wp-json\/wp\/v2\/pages\/28\/revisions\/41"}],"wp:attachment":[{"href":"https:\/\/webs.uab.cat\/patmuc\/wp-json\/wp\/v2\/media?parent=28"}],"curies":[{"name":"wp","href":"https:\/\/api.w.org\/{rel}","templated":true}]}}