{"id":31,"date":"2024-02-05T19:21:12","date_gmt":"2024-02-05T17:21:12","guid":{"rendered":"https:\/\/webs.uab.cat\/patmuc\/?page_id=31"},"modified":"2024-02-05T19:21:12","modified_gmt":"2024-02-05T17:21:12","slug":"linies-de-recerca","status":"publish","type":"page","link":"https:\/\/webs.uab.cat\/patmuc\/linies-de-recerca\/","title":{"rendered":"L\u00ednies de recerca"},"content":{"rendered":"\n<h2 class=\"wp-block-heading\">L\u00ednia 1<\/h2>\n\n\n\n<p>Catalogaci\u00f3 dels fons musicals conservats en arxius, biblioteques i centres de documentaci\u00f3 de Catalunya.<\/p>\n\n\n\n<h2 class=\"wp-block-heading\">L\u00ednia 2<\/h2>\n\n\n\n<p>Catalogaci\u00f3 de les obres d&#8217;art amb iconografia musical conservades als museus de Catalunya.<\/p>\n\n\n\n<h2 class=\"wp-block-heading\">L\u00ednia 3<\/h2>\n\n\n\n<p>Estudi i edici\u00f3 del repertori compositiu dels mestres catalans antics dels segles XV al XIX.<\/p>\n","protected":false},"excerpt":{"rendered":"<p>L\u00ednia 1 Catalogaci\u00f3 dels fons musicals conservats en arxius, biblioteques i centres de documentaci\u00f3 de Catalunya. L\u00ednia 2 Catalogaci\u00f3 de les obres d&#8217;art amb iconografia musical conservades als museus de Catalunya. L\u00ednia 3 Estudi i edici\u00f3 del repertori compositiu dels mestres catalans antics dels segles XV al XIX.<\/p>\n","protected":false},"author":126,"featured_media":0,"parent":0,"menu_order":0,"comment_status":"closed","ping_status":"closed","template":"","meta":{"footnotes":""},"class_list":["post-31","page","type-page","status-publish","hentry"],"_links":{"self":[{"href":"https:\/\/webs.uab.cat\/patmuc\/wp-json\/wp\/v2\/pages\/31","targetHints":{"allow":["GET"]}}],"collection":[{"href":"https:\/\/webs.uab.cat\/patmuc\/wp-json\/wp\/v2\/pages"}],"about":[{"href":"https:\/\/webs.uab.cat\/patmuc\/wp-json\/wp\/v2\/types\/page"}],"author":[{"embeddable":true,"href":"https:\/\/webs.uab.cat\/patmuc\/wp-json\/wp\/v2\/users\/126"}],"replies":[{"embeddable":true,"href":"https:\/\/webs.uab.cat\/patmuc\/wp-json\/wp\/v2\/comments?post=31"}],"version-history":[{"count":1,"href":"https:\/\/webs.uab.cat\/patmuc\/wp-json\/wp\/v2\/pages\/31\/revisions"}],"predecessor-version":[{"id":32,"href":"https:\/\/webs.uab.cat\/patmuc\/wp-json\/wp\/v2\/pages\/31\/revisions\/32"}],"wp:attachment":[{"href":"https:\/\/webs.uab.cat\/patmuc\/wp-json\/wp\/v2\/media?parent=31"}],"curies":[{"name":"wp","href":"https:\/\/api.w.org\/{rel}","templated":true}]}}