{"id":36,"date":"2024-02-05T19:28:29","date_gmt":"2024-02-05T17:28:29","guid":{"rendered":"https:\/\/webs.uab.cat\/patmuc\/?page_id=36"},"modified":"2024-02-05T19:28:29","modified_gmt":"2024-02-05T17:28:29","slug":"membres","status":"publish","type":"page","link":"https:\/\/webs.uab.cat\/patmuc\/membres\/","title":{"rendered":"Membres"},"content":{"rendered":"\n<h2 class=\"wp-block-heading\"><strong>PERSONAL INVESTIGADOR<\/strong><\/h2>\n\n\n\n<p>Josep Maria Gregori i Cifr\u00e9<\/p>\n\n\n\n<p>Jordi Ballester i Gibert (\u2020 2023)<\/p>\n\n\n\n<p>Jordi Rif\u00e9 i Santal\u00f3<\/p>\n\n\n\n<p>Aur\u00e8lia Pessarrodona P\u00e9rez<\/p>\n\n\n\n<p>Joaqu\u00edn R\u00f3denas Calopa<\/p>\n\n\n\n<p>Bernat Cabr\u00e9 i Cerc\u00f3s<\/p>\n\n\n\n<h2 class=\"wp-block-heading\"><strong>PERSONAL COL\u00b7LABORADOR<\/strong><\/h2>\n\n\n\n<p>Carles Badal P\u00e9rez-Alarc\u00f3n<\/p>\n\n\n\n<p>\u00c0ngel Monasterio Garc\u00eda<\/p>\n\n\n\n<h2 class=\"wp-block-heading\"><strong>PERSONAL DOCTORAND<\/strong><\/h2>\n\n\n\n<p>Anna Maria Anglada Mas<\/p>\n\n\n\n<p>Eudald Dant\u00ed Roura<\/p>\n","protected":false},"excerpt":{"rendered":"<p>PERSONAL INVESTIGADOR Josep Maria Gregori i Cifr\u00e9 Jordi Ballester i Gibert (\u2020 2023) Jordi Rif\u00e9 i Santal\u00f3 Aur\u00e8lia Pessarrodona P\u00e9rez Joaqu\u00edn R\u00f3denas Calopa Bernat Cabr\u00e9 i Cerc\u00f3s PERSONAL COL\u00b7LABORADOR Carles Badal P\u00e9rez-Alarc\u00f3n \u00c0ngel Monasterio Garc\u00eda PERSONAL DOCTORAND Anna Maria Anglada Mas Eudald Dant\u00ed Roura<\/p>\n","protected":false},"author":126,"featured_media":0,"parent":0,"menu_order":0,"comment_status":"closed","ping_status":"closed","template":"","meta":{"footnotes":""},"class_list":["post-36","page","type-page","status-publish","hentry"],"_links":{"self":[{"href":"https:\/\/webs.uab.cat\/patmuc\/wp-json\/wp\/v2\/pages\/36","targetHints":{"allow":["GET"]}}],"collection":[{"href":"https:\/\/webs.uab.cat\/patmuc\/wp-json\/wp\/v2\/pages"}],"about":[{"href":"https:\/\/webs.uab.cat\/patmuc\/wp-json\/wp\/v2\/types\/page"}],"author":[{"embeddable":true,"href":"https:\/\/webs.uab.cat\/patmuc\/wp-json\/wp\/v2\/users\/126"}],"replies":[{"embeddable":true,"href":"https:\/\/webs.uab.cat\/patmuc\/wp-json\/wp\/v2\/comments?post=36"}],"version-history":[{"count":1,"href":"https:\/\/webs.uab.cat\/patmuc\/wp-json\/wp\/v2\/pages\/36\/revisions"}],"predecessor-version":[{"id":37,"href":"https:\/\/webs.uab.cat\/patmuc\/wp-json\/wp\/v2\/pages\/36\/revisions\/37"}],"wp:attachment":[{"href":"https:\/\/webs.uab.cat\/patmuc\/wp-json\/wp\/v2\/media?parent=36"}],"curies":[{"name":"wp","href":"https:\/\/api.w.org\/{rel}","templated":true}]}}