{"id":14,"date":"2024-10-28T17:19:40","date_gmt":"2024-10-28T15:19:40","guid":{"rendered":"https:\/\/webs.uab.cat\/patrimoni-artistic\/?page_id=14"},"modified":"2026-04-15T12:42:02","modified_gmt":"2026-04-15T10:42:02","slug":"seus","status":"publish","type":"page","link":"https:\/\/webs.uab.cat\/patrimoni-artistic\/seus\/","title":{"rendered":"Seus"},"content":{"rendered":"\n<h3 class=\"wp-block-heading has-text-align-center has-larger-font-size\">El Campus de Patrimoni Art\u00edstic de la UAB agrupa diferents museus del territori on la Universitat desenvolupa recerca i doc\u00e8ncia.<\/h3>\n\n\n\n<div class=\"wp-block-columns alignwide is-layout-flex wp-container-core-columns-is-layout-9d6595d7 wp-block-columns-is-layout-flex\">\n<div class=\"wp-block-column has-verd-tropic-transparent-background-color has-background is-layout-flow wp-block-column-is-layout-flow\">\n<h3 class=\"wp-block-heading\">Biblioteca Museu V\u00edctor Balaguer<\/h3>\n\n\n\n<p>El&nbsp;<a href=\"https:\/\/victorbalaguer.cat\/es\/inicio\/\" target=\"_blank\" rel=\"noreferrer noopener\">Museu Balaguer<\/a>, com a equipament del segle XXI, es compromet a preservar i difondre el llegat cultural hereu de V\u00edctor Balaguer, tot promovent l&#8217;acc\u00e9s al coneixement i la cultura per a tothom.<\/p>\n<\/div>\n\n\n\n<div class=\"wp-block-column has-verd-tropic-transparent-background-color has-background is-layout-flow wp-block-column-is-layout-flow\">\n<h3 class=\"wp-block-heading\">Casa Museu Verdaguer<\/h3>\n\n\n\n<p>La&nbsp;<a href=\"https:\/\/www.verdaguer.cat\/nosaltres\/casa-museu\" target=\"_blank\" rel=\"noreferrer noopener\">Casa Museu Verdaguer<\/a>, la llar d\u2019infantesa del poeta Jacint Verdaguer, mostra elements per entendre i interpretar el llegat del poeta que va posar les bases de la llengua liter\u00e0ria a la Catalunya moderna.<\/p>\n<\/div>\n\n\n\n<div class=\"wp-block-column has-verd-tropic-transparent-background-color has-background is-layout-flow wp-block-column-is-layout-flow\">\n<h3 class=\"wp-block-heading\">Fundaci\u00f3 Hospital Illa de l&#8217;Illa del Rei<\/h3>\n\n\n\n<p>La&nbsp;<a href=\"https:\/\/www.islahospitalmenorca.org\/ca\/inici\/\" target=\"_blank\" rel=\"noreferrer noopener\">Fundaci\u00f3 Hospital Illa de l\u2019illa del Rei<\/a>&nbsp;\u00e9s una entitat privada, sense \u00e1nim de lucre, per defensar i promoure L&#8217;illa del Rei de Menorca i promocionar&nbsp;i organitzar&nbsp;actes relacionats amb l&#8217;Illa.<\/p>\n<\/div>\n\n\n\n<div class=\"wp-block-column has-verd-tropic-transparent-background-color has-background is-layout-flow wp-block-column-is-layout-flow\">\n<h3 class=\"wp-block-heading\">Museu Abell\u00f3 de&nbsp;Mollet del Vall\u00e8s<\/h3>\n\n\n\n<p>El&nbsp;<a href=\"https:\/\/www.museuabello.cat\/\" target=\"_blank\" rel=\"noreferrer noopener\">Museu Abell\u00f3<\/a>&nbsp;est\u00e0 empla\u00e7at en un edifici modernista constru\u00eft el 1908 i reformat els anys noranta, moment en qu\u00e8 es convert\u00ed en un espai modern i funcional. Inaugurat el 27 de mar\u00e7 de 1999, acull una part del fons de la col\u00b7lecci\u00f3 que Joan Abell\u00f3 va donar a la ciutat de Mollet.<\/p>\n<\/div>\n<\/div>\n\n\n\n<div class=\"wp-block-columns alignwide is-layout-flex wp-container-core-columns-is-layout-9d6595d7 wp-block-columns-is-layout-flex\">\n<div class=\"wp-block-column has-verd-tropic-transparent-background-color has-background is-layout-flow wp-block-column-is-layout-flow\">\n<h3 class=\"wp-block-heading\">Museu Arxiu Tom\u00e0s Blavey de Cardedeu<\/h3>\n\n\n\n<p>El&nbsp;<a href=\"http:\/\/www.museudecardedeu.cat\/\" target=\"_blank\" rel=\"noreferrer noopener\">Museu Arxiu Tom\u00e0s Blavey de Cardedeu<\/a>&nbsp;\u2013MATBC- \u00e9s titular de col.leccions molt diverses, entre les quals destaca el seu element m\u00e9s singular: l\u2019antiga farm\u00e0cia Balvey, formada pel mobiliari original de 1780 i per m\u00e9s de 200 pots de cer\u00e0mica de 1827.<\/p>\n<\/div>\n\n\n\n<div class=\"wp-block-column has-verd-tropic-transparent-background-color has-background is-layout-flow wp-block-column-is-layout-flow\">\n<h3 class=\"wp-block-heading\">Museu d&#8217;Arenys de Mar<\/h3>\n\n\n\n<p>El&nbsp;<a href=\"https:\/\/museu.arenysdemar.cat\/\" target=\"_blank\" rel=\"noreferrer noopener\">Museu d&#8217;Arenys de Mar<\/a>&nbsp;t\u00e9 dos equipaments vinculats al territori i que preserven el patrimoni natural i immaterial de Catalunya: el Museu Mar\u00e8s de la Punta mostra una de les artesanies m\u00e9s populars al nostre pais, les puntes de coix\u00ed, i el Museu Mollfulleda de Mineralogia \u00e9s una mostra de la riquesa natural del nostre territori.<\/p>\n<\/div>\n\n\n\n<div class=\"wp-block-column has-verd-tropic-transparent-background-color has-background is-layout-flow wp-block-column-is-layout-flow\">\n<h3 class=\"wp-block-heading\">Museu d&#8217;Art de Cerdanyola<\/h3>\n\n\n\n<p>El&nbsp;<a href=\"https:\/\/mac.cerdanyola.cat\/\" target=\"_blank\" rel=\"noreferrer noopener\">Museu d\u2019Art de Cerdanyola<\/a>&nbsp;planteja un discurs centrat en l\u2019art catal\u00e0, especialment d\u2019\u00e8poca modernista i noucentista, amb un programa expositiu que mant\u00e9 un di\u00e0leg constant entre passat i present, tot defensant una perspectiva social de l\u2019art com a element integrador de la societat.<\/p>\n<\/div>\n\n\n\n<div class=\"wp-block-column has-verd-tropic-transparent-background-color has-background is-layout-flow wp-block-column-is-layout-flow\">\n<h3 class=\"wp-block-heading\">Museu del C\u00e0ntir d&#8217;Argentona<\/h3>\n\n\n\n<p>El&nbsp;<a href=\"http:\/\/www.museucantir.org\/\" target=\"_blank\" rel=\"noreferrer noopener\">Museu del C\u00e0ntir d&#8217;Argentona<\/a>&nbsp;\u00e9s una instituci\u00f3 p\u00fablica de l\u2019Ajuntament d\u2019Argentona, gestionada per un Patronat Municipal.&nbsp;El museu consta amb el n\u00fam. 23 dels 188 museus del Registre de Museus de Catalunya, gestionat pel Departament de Cultura de la Generalitat. Tamb\u00e9 forma part de la Xarxa de Museus Locals de la Diputaci\u00f3 de Barcelona des de l\u2019any 1994.<\/p>\n<\/div>\n<\/div>\n\n\n\n<div class=\"wp-block-columns alignwide is-layout-flex wp-container-core-columns-is-layout-9d6595d7 wp-block-columns-is-layout-flex\">\n<div class=\"wp-block-column has-verd-tropic-transparent-background-color has-background is-layout-flow wp-block-column-is-layout-flow\">\n<h3 class=\"wp-block-heading\">Museu d&#8217;Esplugues<\/h3>\n\n\n\n<p>Amb el nom de <a href=\"https:\/\/museus.esplugues.cat\/\" target=\"_blank\" rel=\"noreferrer noopener\">Museu d\u2019Esplugues<\/a> encabim dos equipaments muse\u00edstics: Can Tintur\u00e9 i \u201cLa Rajoleta\u201d; ambd\u00f3s comparteixen la mateixa tem\u00e0tica i complementen un mateix discurs sobre la cer\u00e0mica de construcci\u00f3. Els dos espais estan empla\u00e7ats geogr\u00e0ficament l\u2019un al davant de l\u2019altre, separats pel pas del carrer de l\u2019 Esgl\u00e9sia.<\/p>\n<\/div>\n\n\n\n<div class=\"wp-block-column has-verd-tropic-transparent-background-color has-background is-layout-flow wp-block-column-is-layout-flow\">\n<h3 class=\"wp-block-heading\">Museu d&#8217;Hist\u00f2ria de Sant Feliu de Gu\u00edxols<\/h3>\n\n\n\n<p>El&nbsp;<a href=\"https:\/\/museu.guixols.cat\/\" target=\"_blank\" rel=\"noreferrer noopener\">Museu d&#8217;Hist\u00f2ria de Sant Feliu de Gu\u00edxols<\/a><strong>&nbsp;<\/strong>\u00e9s una instituci\u00f3 muse\u00edstica de car\u00e0cter local que t\u00e9 l\u2019Antic Hospital Municipal&nbsp;com a seu principal, juntament amb dues altres seus: la primera planta del&nbsp;Monestir de Sant Feliu de Gu\u00edxols&nbsp;i la caseta del&nbsp;Salvament Mar\u00edtim.<\/p>\n<\/div>\n\n\n\n<div class=\"wp-block-column has-verd-tropic-transparent-background-color has-background is-layout-flow wp-block-column-is-layout-flow\">\n<h3 class=\"wp-block-heading\">Museu de Montserrat<\/h3>\n\n\n\n<p>El&nbsp;<a href=\"https:\/\/www.museudemontserrat.com\/\" target=\"_blank\" rel=\"noreferrer noopener\">Museu de Montserrat<\/a>&nbsp;exposa i difon el patrimoni art\u00edstic i arqueol\u00f2gic de l\u2019Abadia com a pres\u00e8ncia i contribuci\u00f3 al m\u00f3n de la cultura, d\u2019acord amb la seva tradici\u00f3 secular.Tipologia de les col\u00b7leccions del fons del museu: Arqueologia de l\u2019orient mitj\u00e0 (Egipte, Palestina, Messopot\u00e0mia), pintura antiga, moderna i contempor\u00e0nia.<\/p>\n<\/div>\n\n\n\n<div class=\"wp-block-column has-verd-tropic-transparent-background-color has-background is-layout-flow wp-block-column-is-layout-flow\">\n<h3 class=\"wp-block-heading\">Museu de Terrassa<\/h3>\n\n\n\n<p>El <a href=\"https:\/\/www.terrassa.cat\/es\/museu\" target=\"_blank\" rel=\"noreferrer noopener\">Museu de Terrassa<\/a> est\u00e0 format per cinc equipaments, la mem\u00f2ria dels quals configura la hist\u00f2ria de la ciutat de Terrassa (el Castell Cartoixa de Vallparad\u00eds, la Seu d&#8217;\u00c8gara, la Casa Alegre de Sagrera, la Torre del Palau i el Centre d&#8217;Interpretaci\u00f3 de la vila medieval de Terrassa, el Claustre del convent de Sant Francesc).<\/p>\n<\/div>\n<\/div>\n\n\n\n<div class=\"wp-block-columns alignwide is-layout-flex wp-container-core-columns-is-layout-9d6595d7 wp-block-columns-is-layout-flex\">\n<div class=\"wp-block-column has-verd-tropic-transparent-background-color has-background is-layout-flow wp-block-column-is-layout-flow\">\n<h3 class=\"wp-block-heading\">Museu Dioces\u00e0 de Barcelona<\/h3>\n\n\n\n<p>El <a href=\"https:\/\/museudiocesa.esglesia.barcelona\/\" target=\"_blank\" rel=\"noreferrer noopener\">Museu Dioces\u00e0 de Barcelona<\/a> recull una extensa col\u00b7lecci\u00f3 d&#8217;obres d&#8217;art d&#8217;esgl\u00e9sies del Bisbat de Barcelona des del seu inici fins als nostres dies. La col\u00b7lecci\u00f3 \u00e9s complexa i complerta, des de taules i retaules g\u00f2tics, passant per barrocs i neocl\u00e0ssics, pintures sobre tela, escultures diverses, elements d\u2019arts decoratives, teixits, instruments musicals i l\u2019arxiu.<\/p>\n<\/div>\n\n\n\n<div class=\"wp-block-column has-verd-tropic-transparent-background-color has-background is-layout-flow wp-block-column-is-layout-flow\">\n<h3 class=\"wp-block-heading\">Museu Episcopal de Vic<\/h3>\n\n\n\n<p>Fundat el 1891, el <a href=\"https:\/\/museuartmedieval.cat\/\" target=\"_blank\" rel=\"noreferrer noopener\">Museu Episcopal de Vic<\/a> t\u00e9 com a principal objectiu la preservaci\u00f3, l&#8217;estudi i la difusi\u00f3 del patrimoni art\u00edstic i cultural relacionat amb l&#8217;Esgl\u00e9sia i amb la hist\u00f2ria de la ciutat i la comarca. La col\u00b7lecci\u00f3 del MEV inclou una \u00e0mplia gamma d&#8217;obres d&#8217;art que abasten des de l&#8217;Art Rom\u00e0nic fins a la pintura i escultura de les \u00e8poques modernes.<\/p>\n<\/div>\n\n\n\n<div class=\"wp-block-column has-verd-tropic-transparent-background-color has-background is-layout-flow wp-block-column-is-layout-flow\">\n<h3 class=\"wp-block-heading\">Museu Etnogr\u00e0fic de Ripoll<\/h3>\n\n\n\n<p>La missi\u00f3 del&nbsp;<a href=\"https:\/\/www.museuderipoll.org\/\" target=\"_blank\" rel=\"noreferrer noopener\">Museu Etnogr\u00e0fic de Ripoll<\/a>&nbsp;\u00e9s documentar, estudiar, difondre i conservar el patrimoni etnol\u00f2gic material i immaterial, especialment del Ripoll\u00e8s, abastant el Pirineu Oriental i destacar-ne aquells aspectes originals que ens permeten explicar el passat i l\u2019evoluci\u00f3 social, cultural, econ\u00f2mica i t\u00e8cnica de la zona.<\/p>\n<\/div>\n\n\n\n<div class=\"wp-block-column has-verd-tropic-transparent-background-color has-background is-layout-flow wp-block-column-is-layout-flow\">\n<h3 class=\"wp-block-heading\">Museu Municipal de Ll\u00edvia<\/h3>\n\n\n\n<p>El\u00a0<a href=\"https:\/\/museullivia.net\/\" target=\"_blank\" rel=\"noreferrer noopener\">Museu Municipal de Ll\u00edvia<\/a>\u00a0compta amb un exposici\u00f3 permanent que consisteix de tres sales: la primera explica la hist\u00f2ria de Ll\u00edvia, la segona, ens narra la hist\u00f2ria de la Farm\u00e0cia, i l\u2019\u00faltima en explica la hist\u00f2ria de la Farm\u00e0cia Esteva, regentada des d\u2019almenys el 1704, el seu patrimoni moble i el museu.\u00a0<\/p>\n<\/div>\n<\/div>\n\n\n\n<div class=\"wp-block-columns alignwide is-layout-flex wp-container-core-columns-is-layout-9d6595d7 wp-block-columns-is-layout-flex\">\n<div class=\"wp-block-column has-verd-tropic-transparent-background-color has-background is-layout-flow wp-block-column-is-layout-flow\">\n<h3 class=\"wp-block-heading\">Reial Acad\u00e8mia Catalana de Belles Arts de Sant Jordi<\/h3>\n\n\n\n<p>La <a href=\"https:\/\/www.racba.org\/es\/\" target=\"_blank\" rel=\"noreferrer noopener\">Reial Acad\u00e8mia Catalana de Belles Arts de Sant Jordi<\/a> \u00e9s una instituci\u00f3 cultural creada a Barcelona el 1775 com a Escola Gratu\u00efta de Disseny. El 1849 per llei va passar a denominar-se Acad\u00e8mia Provincial de Belles Arts. \u00c9s des del 1929 que s&#8217;anomena Reial Acad\u00e8mia Catalana de Belles Arts de Sant Jordi. L&#8217;objectiu \u00e9s promoure l&#8217;ensenyament de les belles arts, aix\u00ed com preservar i fomentar el patrimoni art\u00edstic. Se situa en el segon pis d&#8217;un edifici hist\u00f2ric d&#8217;estil neocl\u00e0ssic, la Casa Llotja, i \u00e9s una de les institucions m\u00e9s importants del m\u00f3n de les arts a Catalunya. &nbsp;<\/p>\n<\/div>\n\n\n\n<div class=\"wp-block-column has-verd-tropic-transparent-background-color has-background is-layout-flow wp-block-column-is-layout-flow\">\n<h3 class=\"wp-block-heading has-text-align-left\">Adhoc cultura<\/h3>\n\n\n\n<p><a href=\"https:\/\/www.adhoc-cultura.cat\/\">Adhoc Cultura<\/a> \u00e9s una empresa especialitzada en l&#8217;estrat\u00e8gia, gesti\u00f3, mediaci\u00f3 i innovaci\u00f3 cultural que treballa per apropar la cultura i el patrimoni a la societat mitjan\u00e7ant metodologies participatives i estrat\u00e8gies d\u2019impacte social. Desenvolupem projectes a mida per a museus, institucions i territoris, promovent l\u2019accessibilitat, la sostenibilitat i la creaci\u00f3 de comunitats al voltant de la cultura. <\/p>\n<\/div>\n\n\n\n<div class=\"wp-block-column has-verd-tropic-transparent-background-color has-background is-layout-flow wp-block-column-is-layout-flow\">\n<h3 class=\"wp-block-heading\">Museu del Barroc de Catalunya<\/h3>\n\n\n\n<p>Ubicat a l\u2019antic col\u00b7legi de Sant Ignasi de Manresa, el <a href=\"https:\/\/museudelbarroc.cat\/\" target=\"_blank\" rel=\"noreferrer noopener\">Museu del Barroc de Catalunya<\/a> acull algunes de les obres m\u00e9s representatives del barroc catal\u00e0. Format per obres de la col\u00b7lecci\u00f3 pr\u00f2pia i d\u2019altres cedides per diversos museus, fa de Manresa un lloc de refer\u00e8ncia per al coneixement de l\u2019art barroc catal\u00e0.\u200b<\/p>\n<\/div>\n\n\n\n<div class=\"wp-block-column has-verd-tropic-transparent-background-color has-background is-layout-flow wp-block-column-is-layout-flow\">\n<h3 class=\"wp-block-heading\">Museus de Sitges<\/h3>\n\n\n\n<p>El <a href=\"https:\/\/museusdesitges.cat\/ca\/el-consorci-del-patrimoni-de-sitges\" target=\"_blank\" rel=\"noreferrer noopener\">Consorci del Patrimoni de Sitges (CPS)<\/a> \u00e9s un ens consorcial p\u00fablic de car\u00e0cter local i la unitat de gesti\u00f3 dels museus de Sitges (el Museu del Cau Ferrat, el Museu Rom\u00e0ntic Can Llopis i el Museu de Maricel) i de les col\u00b7leccions art\u00edstiques que tenen adscrites, i la gesti\u00f3 del Palau de Maricel i dels b\u00e9ns culturals i art\u00edstics que cont\u00e9.<\/p>\n<\/div>\n<\/div>\n\n\n\n<div class=\"wp-block-columns alignwide is-layout-flex wp-container-core-columns-is-layout-9d6595d7 wp-block-columns-is-layout-flex\">\n<div class=\"wp-block-column has-verd-tropic-transparent-background-color has-background is-layout-flow wp-block-column-is-layout-flow\">\n<h3 class=\"wp-block-heading\">Museu del Renaixement<\/h3>\n\n\n\n<p>El <a href=\"https:\/\/www.museudelrenaixement.cat\/\" target=\"_blank\" rel=\"noreferrer noopener\">Palau de Requesens de Molins de Rei<\/a> acull una interessant col\u00b7lecci\u00f3 de pintures, escultures i objectes de l\u2019\u00e8poca del Renaixement de la vila de Molins de Rei i dels fons d\u2019altres museus amb els quals col\u00b7labora.<\/p>\n<\/div>\n\n\n\n<div class=\"wp-block-column has-verd-tropic-transparent-background-color has-background is-layout-flow wp-block-column-is-layout-flow\">\n<h3 class=\"wp-block-heading\">Museu dera Val d&#8217;Aran<\/h3>\n\n\n\n<p>El <a href=\"https:\/\/visitmuseum.gencat.cat\/amz\/museum\/museu-dera-val-d-aran\/other-headquarters\" target=\"_blank\" rel=\"noreferrer noopener\">Museu dera Val d&#8217;Aran<\/a> \u00e9s l\u2019instituci\u00f3 muse\u00edstica principal del territori aran\u00e8s, amb seu a l\u2019antiga casa fortificada del segle XVII coneguda com a Tor deth Generau Martinhon, al nucli antic de Vielha e Mijaran. Des de la seva fundaci\u00f3 l\u2019any 1984, el museu ha ofert un recorregut cronol\u00f2gic per la hist\u00f2ria de la vall: des de la prehist\u00f2ria fins a l\u2019actualitat, articulant narratives sobre arqueologia, etnografia, hist\u00f2ria, societat i cultura aranesa.<\/p>\n<\/div>\n\n\n\n<div class=\"wp-block-column has-verd-tropic-transparent-background-color has-background is-layout-flow wp-block-column-is-layout-flow\">\n<h3 class=\"wp-block-heading has-text-align-left\">Museu d&#8217;Art de Sabadell<\/h3>\n\n\n\n<p>El <a href=\"https:\/\/museus.sabadell.cat\/museu-art\" target=\"_blank\" rel=\"noreferrer noopener\">Museu d&#8217;Art de Sabadell<\/a> \u2014amb seu a l\u2019antiga Casa\u2011f\u00e0brica Turull\u2014 representa l\u2019evoluci\u00f3 de l\u2019art local i la seva vinculaci\u00f3 amb les tend\u00e8ncies art\u00edstiques catalanes i nacionals des del segle XIX fins a l\u2019actualitat. La seva col\u00b7lecci\u00f3, que ha crescut fins a superar les 13.000 peces entre pintura, escultura, arts gr\u00e0fiques, fotografia, arts decoratives i mobiliari, recull tant la producci\u00f3 d\u2019artistes sabadellencs com de creadors de fora que han influ\u00eft en l\u2019escena local.&nbsp;<\/p>\n<\/div>\n\n\n\n<div class=\"wp-block-column has-verd-tropic-transparent-background-color has-background is-layout-flow wp-block-column-is-layout-flow\">\n<h3 class=\"wp-block-heading\"><strong>Associaci\u00f3 per a l&#8217;Estudi del Moble<\/strong><\/h3>\n\n\n\n<p>L\u2019<a href=\"https:\/\/www.estudidelmoble.com\/\" target=\"_blank\" rel=\"noreferrer noopener\">Associaci\u00f3 per a l\u2019Estudi del Moble (AEM)<\/a> es dedica a la investigaci\u00f3, la formaci\u00f3 i la salvaguarda del moble antic i contemporani, que emmarca la seva activitat d\u2019acord amb diversos valors com s\u00f3n la sostenibilitat, la responsabilitat social, la igualtat de g\u00e8nere, la cultura de la pau i la professionalitat.<\/p>\n<\/div>\n<\/div>\n\n\n\n<p><\/p>\n","protected":false},"excerpt":{"rendered":"<p>El Campus de Patrimoni Art\u00edstic de la UAB agrupa diferents museus del territori on la Universitat desenvolupa recerca i doc\u00e8ncia. Biblioteca Museu V\u00edctor Balaguer El&nbsp;Museu Balaguer, com a equipament del segle XXI, es compromet a preservar i difondre el llegat cultural hereu de V\u00edctor Balaguer, tot promovent l&#8217;acc\u00e9s al coneixement i la cultura per a [&hellip;]<\/p>\n","protected":false},"author":73,"featured_media":0,"parent":0,"menu_order":0,"comment_status":"closed","ping_status":"closed","template":"","meta":{"footnotes":""},"class_list":["post-14","page","type-page","status-publish","hentry"],"yoast_head":"<!-- This site is optimized with the Yoast SEO plugin v26.8 - https:\/\/yoast.com\/product\/yoast-seo-wordpress\/ -->\n<title>Seus - Campus de Patrimoni Art\u00edstic<\/title>\n<meta name=\"robots\" content=\"index, follow, max-snippet:-1, max-image-preview:large, max-video-preview:-1\" \/>\n<link rel=\"canonical\" href=\"https:\/\/webs.uab.cat\/patrimoni-artistic\/seus\/\" \/>\n<meta property=\"og:locale\" content=\"ca_ES\" \/>\n<meta property=\"og:type\" content=\"article\" \/>\n<meta property=\"og:title\" content=\"Seus - Campus de Patrimoni Art\u00edstic\" \/>\n<meta property=\"og:description\" content=\"El Campus de Patrimoni Art\u00edstic de la UAB agrupa diferents museus del territori on la Universitat desenvolupa recerca i doc\u00e8ncia. Biblioteca Museu V\u00edctor Balaguer El&nbsp;Museu Balaguer, com a equipament del segle XXI, es compromet a preservar i difondre el llegat cultural hereu de V\u00edctor Balaguer, tot promovent l&#8217;acc\u00e9s al coneixement i la cultura per a [&hellip;]\" \/>\n<meta property=\"og:url\" content=\"https:\/\/webs.uab.cat\/patrimoni-artistic\/seus\/\" \/>\n<meta property=\"og:site_name\" content=\"Campus de Patrimoni Art\u00edstic\" \/>\n<meta property=\"article:modified_time\" content=\"2026-04-15T10:42:02+00:00\" \/>\n<meta name=\"twitter:card\" content=\"summary_large_image\" \/>\n<meta name=\"twitter:label1\" content=\"Temps estimat de lectura\" \/>\n\t<meta name=\"twitter:data1\" content=\"8 minuts\" \/>\n<script type=\"application\/ld+json\" class=\"yoast-schema-graph\">{\"@context\":\"https:\/\/schema.org\",\"@graph\":[{\"@type\":\"WebPage\",\"@id\":\"https:\/\/webs.uab.cat\/patrimoni-artistic\/seus\/\",\"url\":\"https:\/\/webs.uab.cat\/patrimoni-artistic\/seus\/\",\"name\":\"Seus - Campus de Patrimoni Art\u00edstic\",\"isPartOf\":{\"@id\":\"https:\/\/webs.uab.cat\/patrimoni-artistic\/#website\"},\"datePublished\":\"2024-10-28T15:19:40+00:00\",\"dateModified\":\"2026-04-15T10:42:02+00:00\",\"breadcrumb\":{\"@id\":\"https:\/\/webs.uab.cat\/patrimoni-artistic\/seus\/#breadcrumb\"},\"inLanguage\":\"ca\",\"potentialAction\":[{\"@type\":\"ReadAction\",\"target\":[\"https:\/\/webs.uab.cat\/patrimoni-artistic\/seus\/\"]}]},{\"@type\":\"BreadcrumbList\",\"@id\":\"https:\/\/webs.uab.cat\/patrimoni-artistic\/seus\/#breadcrumb\",\"itemListElement\":[{\"@type\":\"ListItem\",\"position\":1,\"name\":\"Inici\",\"item\":\"https:\/\/webs.uab.cat\/patrimoni-artistic\/\"},{\"@type\":\"ListItem\",\"position\":2,\"name\":\"Seus\"}]},{\"@type\":\"WebSite\",\"@id\":\"https:\/\/webs.uab.cat\/patrimoni-artistic\/#website\",\"url\":\"https:\/\/webs.uab.cat\/patrimoni-artistic\/\",\"name\":\"Campus de Patrimoni Art\u00edstic\",\"description\":\"\",\"potentialAction\":[{\"@type\":\"SearchAction\",\"target\":{\"@type\":\"EntryPoint\",\"urlTemplate\":\"https:\/\/webs.uab.cat\/patrimoni-artistic\/?s={search_term_string}\"},\"query-input\":{\"@type\":\"PropertyValueSpecification\",\"valueRequired\":true,\"valueName\":\"search_term_string\"}}],\"inLanguage\":\"ca\"}]}<\/script>\n<!-- \/ Yoast SEO plugin. -->","yoast_head_json":{"title":"Seus - Campus de Patrimoni Art\u00edstic","robots":{"index":"index","follow":"follow","max-snippet":"max-snippet:-1","max-image-preview":"max-image-preview:large","max-video-preview":"max-video-preview:-1"},"canonical":"https:\/\/webs.uab.cat\/patrimoni-artistic\/seus\/","og_locale":"ca_ES","og_type":"article","og_title":"Seus - Campus de Patrimoni Art\u00edstic","og_description":"El Campus de Patrimoni Art\u00edstic de la UAB agrupa diferents museus del territori on la Universitat desenvolupa recerca i doc\u00e8ncia. Biblioteca Museu V\u00edctor Balaguer El&nbsp;Museu Balaguer, com a equipament del segle XXI, es compromet a preservar i difondre el llegat cultural hereu de V\u00edctor Balaguer, tot promovent l&#8217;acc\u00e9s al coneixement i la cultura per a [&hellip;]","og_url":"https:\/\/webs.uab.cat\/patrimoni-artistic\/seus\/","og_site_name":"Campus de Patrimoni Art\u00edstic","article_modified_time":"2026-04-15T10:42:02+00:00","twitter_card":"summary_large_image","twitter_misc":{"Temps estimat de lectura":"8 minuts"},"schema":{"@context":"https:\/\/schema.org","@graph":[{"@type":"WebPage","@id":"https:\/\/webs.uab.cat\/patrimoni-artistic\/seus\/","url":"https:\/\/webs.uab.cat\/patrimoni-artistic\/seus\/","name":"Seus - Campus de Patrimoni Art\u00edstic","isPartOf":{"@id":"https:\/\/webs.uab.cat\/patrimoni-artistic\/#website"},"datePublished":"2024-10-28T15:19:40+00:00","dateModified":"2026-04-15T10:42:02+00:00","breadcrumb":{"@id":"https:\/\/webs.uab.cat\/patrimoni-artistic\/seus\/#breadcrumb"},"inLanguage":"ca","potentialAction":[{"@type":"ReadAction","target":["https:\/\/webs.uab.cat\/patrimoni-artistic\/seus\/"]}]},{"@type":"BreadcrumbList","@id":"https:\/\/webs.uab.cat\/patrimoni-artistic\/seus\/#breadcrumb","itemListElement":[{"@type":"ListItem","position":1,"name":"Inici","item":"https:\/\/webs.uab.cat\/patrimoni-artistic\/"},{"@type":"ListItem","position":2,"name":"Seus"}]},{"@type":"WebSite","@id":"https:\/\/webs.uab.cat\/patrimoni-artistic\/#website","url":"https:\/\/webs.uab.cat\/patrimoni-artistic\/","name":"Campus de Patrimoni Art\u00edstic","description":"","potentialAction":[{"@type":"SearchAction","target":{"@type":"EntryPoint","urlTemplate":"https:\/\/webs.uab.cat\/patrimoni-artistic\/?s={search_term_string}"},"query-input":{"@type":"PropertyValueSpecification","valueRequired":true,"valueName":"search_term_string"}}],"inLanguage":"ca"}]}},"_links":{"self":[{"href":"https:\/\/webs.uab.cat\/patrimoni-artistic\/wp-json\/wp\/v2\/pages\/14","targetHints":{"allow":["GET"]}}],"collection":[{"href":"https:\/\/webs.uab.cat\/patrimoni-artistic\/wp-json\/wp\/v2\/pages"}],"about":[{"href":"https:\/\/webs.uab.cat\/patrimoni-artistic\/wp-json\/wp\/v2\/types\/page"}],"author":[{"embeddable":true,"href":"https:\/\/webs.uab.cat\/patrimoni-artistic\/wp-json\/wp\/v2\/users\/73"}],"replies":[{"embeddable":true,"href":"https:\/\/webs.uab.cat\/patrimoni-artistic\/wp-json\/wp\/v2\/comments?post=14"}],"version-history":[{"count":30,"href":"https:\/\/webs.uab.cat\/patrimoni-artistic\/wp-json\/wp\/v2\/pages\/14\/revisions"}],"predecessor-version":[{"id":292,"href":"https:\/\/webs.uab.cat\/patrimoni-artistic\/wp-json\/wp\/v2\/pages\/14\/revisions\/292"}],"wp:attachment":[{"href":"https:\/\/webs.uab.cat\/patrimoni-artistic\/wp-json\/wp\/v2\/media?parent=14"}],"curies":[{"name":"wp","href":"https:\/\/api.w.org\/{rel}","templated":true}]}}