{"id":15,"date":"2018-01-24T09:55:58","date_gmt":"2018-01-24T07:55:58","guid":{"rendered":"https:\/\/webs.uab.cat\/pcidleal\/inici\/"},"modified":"2022-12-15T23:58:49","modified_gmt":"2022-12-15T21:58:49","slug":"inici","status":"publish","type":"page","link":"https:\/\/webs.uab.cat\/pcidleal\/","title":{"rendered":"PRESENTACI\u00d3"},"content":{"rendered":"\n<h3 class=\"wp-block-heading\"><img decoding=\"async\" class=\" size-full wp-image-14\" style=\"float: right;\" src=\"https:\/\/webs.uab.cat\/pcidleal\/wp-content\/uploads\/sites\/310\/2018\/01\/pilar-cid-img_3820.jpeg\" alt=\"250-pilar-cid.jpg\" width=\"300\" srcset=\"https:\/\/webs.uab.cat\/pcidleal\/wp-content\/uploads\/sites\/310\/2018\/01\/pilar-cid-img_3820.jpeg 466w, https:\/\/webs.uab.cat\/pcidleal\/wp-content\/uploads\/sites\/310\/2018\/01\/pilar-cid-img_3820-233x300.jpeg 233w\" sizes=\"(max-width: 466px) 100vw, 466px\" \/><\/h3>\n\n\n\n<h3 class=\"wp-block-heading\"><span style=\"color: #b22222;\"><strong>M\u00aa Pilar Cid Leal<\/strong><\/span><\/h3>\n\n\n\n<ul class=\"wp-block-list\"><li>Professora Titular d\u2019Universitat (Universitat Aut\u00f2nma de Barcelona), Departament de Filologia Catalana, \u00c1rea de Documentaci\u00f3.&nbsp;Coordinadora del Grau en Traducci\u00f3 i Interpretaci\u00f3 de la <a href=\"https:\/\/www.uab.cat\/traducciointerpretacio\/\" target=\"_blank\" rel=\"noopener\">FTI<\/a><\/li><li>Membre del <a href=\"http:\/\/grupsderecerca.uab.cat\/tradumatica\/\" target=\"_blank\" rel=\"noopener\">Grup de Recerca Tradum\u00e0tica<\/a>.<\/li><li>Sotsdirectora de la <a href=\"http:\/\/revistes.uab.cat\/tradumatica\/index\" target=\"_blank\" rel=\"noopener\">Revista Tradum\u00e0tica: tecnologies de la traducci\u00f3<\/a>.<\/li><li>Membre de l\u2019<a href=\"https:\/\/www.uab.cat\/ire\/\" target=\"_blank\" rel=\"noopener\">Institut de Recerca de l\u2019Esport IRE-UAB<\/a>&nbsp;&nbsp;<\/li><\/ul>\n\n\n\n<h3 class=\"wp-block-heading\"><span style=\"color: #b22222;\"><strong>Formaci\u00f3&nbsp;acad\u00e8mica<\/strong><\/span><\/h3>\n\n\n\n<ul class=\"wp-block-list\"><li>Doctora en Ci\u00e8ncies de la Informaci\u00f3 (1995). Universitat Aut\u00f2noma de Barcelona.<br>Tesi doctoral: <em>El movimiento ol\u00edmpico y la informaci\u00f3n documental<\/em>.&nbsp;<\/li><li>Diplomada en Biblioteconomia i Documentaci\u00f3 (1991). Universitat de Barcelona.<\/li><li>Llicenciada en Geografia i Hist\u00f2ria, secci\u00f3 contempor\u00e0nia (1986). Universitat de Barcelona.<\/li><\/ul>\n\n\n\n<h3 class=\"wp-block-heading\"><span style=\"color: #b22222;\"><strong>Experi\u00e8ncia professional<\/strong><\/span><\/h3>\n\n\n\n<ul class=\"wp-block-list\"><li>1998 fins a l\u2019actualitat, Professora titular d\u2019Universitat, UAB.<\/li><li>1993 &#8211; 1998. Professora Ajudant de Facultat (1a i 2a etapa), UAB.<\/li><li>1990 &#8211; 1993. Bec\u00e0ria de Formaci\u00f3 Personal Investigador (FPI), UAB.<\/li><li>1978 &#8211; 1989. Sector privat.<\/li><\/ul>\n\n\n\n<h3 class=\"wp-block-heading\"><span style=\"color: #b22222;\"><strong>L\u00ednies de recerca actuals<\/strong><\/span><\/h3>\n\n\n\n<ul class=\"wp-block-list\"><li>Documentaci\u00f3 aplicada a la Traducci\u00f3.<\/li><li>Recuperaci\u00f3 i acc\u00e9s a la informaci\u00f3<\/li><\/ul>\n\n\n\n<h3 class=\"wp-block-heading\"><span style=\"color: #b22222;\"><strong>CONTACTE<\/strong><\/span><\/h3>\n\n\n\n<p>Universitat Aut\u00f2noma de Barcelona<br>Facultat de Traducci\u00f3 i d\u2019Interpretaci\u00f3<br>Edifici K, campus s\/n<br>08193 Bellaterra (Cerdanyola del Vall\u00e8s), Espanya.<br>Tel\u00e8fon: +34 93 581 2784<br>Correu electr\u00f2nic: <a href=\"mailto:pilar.cid@uab.cat\">pilar.cid@uab.cat<\/a><\/p>\n","protected":false},"excerpt":{"rendered":"<p>M\u00aa Pilar Cid Leal Professora Titular d\u2019Universitat (Universitat Aut\u00f2nma de Barcelona), Departament de Filologia Catalana, \u00c1rea de Documentaci\u00f3.&nbsp;Coordinadora del Grau en Traducci\u00f3 i Interpretaci\u00f3 de la FTI Membre del Grup de Recerca Tradum\u00e0tica. Sotsdirectora de la Revista Tradum\u00e0tica: tecnologies de la traducci\u00f3. Membre de l\u2019Institut de Recerca de l\u2019Esport IRE-UAB&nbsp;&nbsp; Formaci\u00f3&nbsp;acad\u00e8mica Doctora en Ci\u00e8ncies de [&hellip;]<\/p>\n","protected":false},"author":20,"featured_media":0,"parent":0,"menu_order":0,"comment_status":"closed","ping_status":"closed","template":"","meta":{"footnotes":""},"class_list":["post-15","page","type-page","status-publish","hentry"],"_links":{"self":[{"href":"https:\/\/webs.uab.cat\/pcidleal\/wp-json\/wp\/v2\/pages\/15","targetHints":{"allow":["GET"]}}],"collection":[{"href":"https:\/\/webs.uab.cat\/pcidleal\/wp-json\/wp\/v2\/pages"}],"about":[{"href":"https:\/\/webs.uab.cat\/pcidleal\/wp-json\/wp\/v2\/types\/page"}],"author":[{"embeddable":true,"href":"https:\/\/webs.uab.cat\/pcidleal\/wp-json\/wp\/v2\/users\/20"}],"replies":[{"embeddable":true,"href":"https:\/\/webs.uab.cat\/pcidleal\/wp-json\/wp\/v2\/comments?post=15"}],"version-history":[{"count":1,"href":"https:\/\/webs.uab.cat\/pcidleal\/wp-json\/wp\/v2\/pages\/15\/revisions"}],"predecessor-version":[{"id":50,"href":"https:\/\/webs.uab.cat\/pcidleal\/wp-json\/wp\/v2\/pages\/15\/revisions\/50"}],"wp:attachment":[{"href":"https:\/\/webs.uab.cat\/pcidleal\/wp-json\/wp\/v2\/media?parent=15"}],"curies":[{"name":"wp","href":"https:\/\/api.w.org\/{rel}","templated":true}]}}