{"id":16,"date":"2018-01-24T10:03:31","date_gmt":"2018-01-24T08:03:31","guid":{"rendered":"https:\/\/webs.uab.cat\/pcidleal\/publicacions\/"},"modified":"2022-12-16T00:04:49","modified_gmt":"2022-12-15T22:04:49","slug":"publicacions","status":"publish","type":"page","link":"https:\/\/webs.uab.cat\/pcidleal\/publicacions\/","title":{"rendered":"PUBLICACIONS"},"content":{"rendered":"\n<p><a href=\"https:\/\/webs.uab.cat\/pcidleal\/traduccio\/\" data-type=\"page\" data-id=\"21\">TRADUCCI\u00d3<\/a><\/p>\n\n\n\n<p><a href=\"https:\/\/webs.uab.cat\/pcidleal\/informacio-i-documentacio\/\" data-type=\"page\" data-id=\"22\">INFORMACI\u00d3 I DOCUMENTACI\u00d3<\/a><\/p>\n\n\n\n<p><a href=\"https:\/\/webs.uab.cat\/pcidleal\/formacio-universitaria\/\" data-type=\"page\" data-id=\"23\">FORMACI\u00d3 UNIVERSIT\u00c0RIA<\/a><\/p>\n\n\n\n<p><a href=\"https:\/\/webs.uab.cat\/pcidleal\/miscellania\/\" data-type=\"page\" data-id=\"24\">MISCEL\u00b7L\u00c0NIA<\/a><\/p>\n","protected":false},"excerpt":{"rendered":"<p>TRADUCCI\u00d3 INFORMACI\u00d3 I DOCUMENTACI\u00d3 FORMACI\u00d3 UNIVERSIT\u00c0RIA MISCEL\u00b7L\u00c0NIA<\/p>\n","protected":false},"author":20,"featured_media":0,"parent":0,"menu_order":0,"comment_status":"closed","ping_status":"closed","template":"","meta":{"footnotes":""},"class_list":["post-16","page","type-page","status-publish","hentry"],"_links":{"self":[{"href":"https:\/\/webs.uab.cat\/pcidleal\/wp-json\/wp\/v2\/pages\/16","targetHints":{"allow":["GET"]}}],"collection":[{"href":"https:\/\/webs.uab.cat\/pcidleal\/wp-json\/wp\/v2\/pages"}],"about":[{"href":"https:\/\/webs.uab.cat\/pcidleal\/wp-json\/wp\/v2\/types\/page"}],"author":[{"embeddable":true,"href":"https:\/\/webs.uab.cat\/pcidleal\/wp-json\/wp\/v2\/users\/20"}],"replies":[{"embeddable":true,"href":"https:\/\/webs.uab.cat\/pcidleal\/wp-json\/wp\/v2\/comments?post=16"}],"version-history":[{"count":5,"href":"https:\/\/webs.uab.cat\/pcidleal\/wp-json\/wp\/v2\/pages\/16\/revisions"}],"predecessor-version":[{"id":63,"href":"https:\/\/webs.uab.cat\/pcidleal\/wp-json\/wp\/v2\/pages\/16\/revisions\/63"}],"wp:attachment":[{"href":"https:\/\/webs.uab.cat\/pcidleal\/wp-json\/wp\/v2\/media?parent=16"}],"curies":[{"name":"wp","href":"https:\/\/api.w.org\/{rel}","templated":true}]}}