{"id":24,"date":"2018-01-24T10:22:54","date_gmt":"2018-01-24T08:22:54","guid":{"rendered":"https:\/\/webs.uab.cat\/pcidleal\/miscel%c2%b7lania\/"},"modified":"2022-12-16T00:04:21","modified_gmt":"2022-12-15T22:04:21","slug":"miscellania","status":"publish","type":"page","link":"https:\/\/webs.uab.cat\/pcidleal\/miscellania\/","title":{"rendered":"MISCEL\u00b7L\u00c0NIA"},"content":{"rendered":"\n<p>Cid-Leal, Pilar; Recoder-Sellar\u00e9s, M\u00aa Jos\u00e9; Cruz Palacios, Emilio. (2015). <em>El esoterismo y la adivinaci\u00f3n como fen\u00f3meno comunicativo en la televisi\u00f3n espa\u00f1ola<\/em>. Bellaterra. 24 p.&nbsp;<a href=\"http:\/\/ddd.uab.cat\/record\/146222\" target=\"_blank\" rel=\"noopener\">Enlla\u00e7<\/a><\/p>\n\n\n\n<p>Cid-Leal, Pilar; Aparicio Granero, Dolors; Elvira Quezada, Roc\u00edo. (1998). \u00abL\u2019impacte dels Jocs Ol\u00edmpics a l\u2019Esport per Tots: utilitzaci\u00f3 i gesti\u00f3 de les instal\u00b7lacions ol\u00edmpiques a Catalunya despr\u00e9s dels JJ.OO. de 1992 = El impacto de los Juegos Ol\u00edmpicos en el Deporte para Todos: utilizaci\u00f3n y gesti\u00f3n de las instalaciones ol\u00edmpicas en Catalunya despu\u00e9s de los JJ.OO. de 1992\u00bb. A: <em>Estudis d\u2019Investigaci\u00f3 becats per la Fundaci\u00f3 Barcelona Ol\u00edmpica 1996. <\/em>Barcelona: Fundaci\u00f3 Barcelona Ol\u00edmpica. P. 12-172.<br>Resum a&nbsp;<a href=\"https:\/\/ddd.uab.cat\/record\/199584?ln=ca\" target=\"_blank\" rel=\"noopener\">Enlla\u00e7<\/a><\/p>\n","protected":false},"excerpt":{"rendered":"<p>Cid-Leal, Pilar; Recoder-Sellar\u00e9s, M\u00aa Jos\u00e9; Cruz Palacios, Emilio. (2015). El esoterismo y la adivinaci\u00f3n como fen\u00f3meno comunicativo en la televisi\u00f3n espa\u00f1ola. Bellaterra. 24 p.&nbsp;Enlla\u00e7 Cid-Leal, Pilar; Aparicio Granero, Dolors; Elvira Quezada, Roc\u00edo. (1998). \u00abL\u2019impacte dels Jocs Ol\u00edmpics a l\u2019Esport per Tots: utilitzaci\u00f3 i gesti\u00f3 de les instal\u00b7lacions ol\u00edmpiques a Catalunya despr\u00e9s dels JJ.OO. de 1992 [&hellip;]<\/p>\n","protected":false},"author":20,"featured_media":0,"parent":0,"menu_order":0,"comment_status":"closed","ping_status":"closed","template":"","meta":{"footnotes":""},"class_list":["post-24","page","type-page","status-publish","hentry"],"_links":{"self":[{"href":"https:\/\/webs.uab.cat\/pcidleal\/wp-json\/wp\/v2\/pages\/24","targetHints":{"allow":["GET"]}}],"collection":[{"href":"https:\/\/webs.uab.cat\/pcidleal\/wp-json\/wp\/v2\/pages"}],"about":[{"href":"https:\/\/webs.uab.cat\/pcidleal\/wp-json\/wp\/v2\/types\/page"}],"author":[{"embeddable":true,"href":"https:\/\/webs.uab.cat\/pcidleal\/wp-json\/wp\/v2\/users\/20"}],"replies":[{"embeddable":true,"href":"https:\/\/webs.uab.cat\/pcidleal\/wp-json\/wp\/v2\/comments?post=24"}],"version-history":[{"count":1,"href":"https:\/\/webs.uab.cat\/pcidleal\/wp-json\/wp\/v2\/pages\/24\/revisions"}],"predecessor-version":[{"id":55,"href":"https:\/\/webs.uab.cat\/pcidleal\/wp-json\/wp\/v2\/pages\/24\/revisions\/55"}],"wp:attachment":[{"href":"https:\/\/webs.uab.cat\/pcidleal\/wp-json\/wp\/v2\/media?parent=24"}],"curies":[{"name":"wp","href":"https:\/\/api.w.org\/{rel}","templated":true}]}}