{"id":203,"date":"2019-01-14T12:59:47","date_gmt":"2019-01-14T12:59:47","guid":{"rendered":"https:\/\/webs.uab.cat\/pensarlaimagen\/inici\/"},"modified":"2022-08-05T09:29:08","modified_gmt":"2022-08-05T09:29:08","slug":"inici","status":"publish","type":"page","link":"https:\/\/webs.uab.cat\/pensarlaimagen\/es\/","title":{"rendered":"Inicio"},"content":{"rendered":"\n<p>Desde hace algunos a\u00f1os, especialistas de diversos \u00e1mbitos de la cultura han venido resaltando el papel cada vez m\u00e1s relevante que tiene la imagen en el mundo contempor\u00e1neo, dominado por las tecnolog\u00edas de la comunicaci\u00f3n, el espect\u00e1culo y el simulacro. De igual modo, estos mismos autores han subrayado la urgencia de comprender el impacto y la influencia que esta hiperinflaci\u00f3n visual y esta sobreexposici\u00f3n medi\u00e1tica tienen en la sociedad y en la construcci\u00f3n del imaginario colectivo, as\u00ed como de interpretar estas representaciones como signos o s\u00edntomas de una ideolog\u00eda, una \u00e9poca o una cultura. De ah\u00ed el enorme desarrollo que en tiempos recientes han tenido, en el terreno de las disciplinas human\u00edsticas y de la comunicaci\u00f3n, las perspectivas comparadas que ponen el foco en lo visivo, ya se trate de los estudios visuales, intermedia o del denominado \u00abgiro ic\u00f3nico\u00bb. El seminario Pensar la imagen. Humanidades y cultura visual propone esta \u00f3ptica transversal y pluridisciplinar dentro del Grado de Humanidades.<\/p>\n\n\n\n<p>&nbsp;<\/p>\n\n\n\n<p>\u00a0<strong><a href=\"https:\/\/webs.uab.cat\/pensarlaimagen\/es\/edicion-2019-0\/\" data-type=\"page\" data-id=\"171\">EDICI\u00d3N 2019<\/a><\/strong><\/p>\n\n\n\n<p>\u00a0<\/p>\n","protected":false},"excerpt":{"rendered":"<p>Desde hace algunos a\u00f1os, especialistas de diversos \u00e1mbitos de la cultura han venido resaltando el papel cada vez m\u00e1s relevante que tiene la imagen en el mundo contempor\u00e1neo, dominado por las tecnolog\u00edas de la comunicaci\u00f3n, el espect\u00e1culo y el simulacro. De igual modo, estos mismos autores han subrayado la urgencia de comprender el impacto y [&hellip;]<\/p>\n","protected":false},"author":20,"featured_media":121,"parent":0,"menu_order":0,"comment_status":"closed","ping_status":"closed","template":"","meta":{"footnotes":""},"class_list":["post-203","page","type-page","status-publish","has-post-thumbnail","hentry"],"_links":{"self":[{"href":"https:\/\/webs.uab.cat\/pensarlaimagen\/es\/wp-json\/wp\/v2\/pages\/203","targetHints":{"allow":["GET"]}}],"collection":[{"href":"https:\/\/webs.uab.cat\/pensarlaimagen\/es\/wp-json\/wp\/v2\/pages"}],"about":[{"href":"https:\/\/webs.uab.cat\/pensarlaimagen\/es\/wp-json\/wp\/v2\/types\/page"}],"author":[{"embeddable":true,"href":"https:\/\/webs.uab.cat\/pensarlaimagen\/es\/wp-json\/wp\/v2\/users\/20"}],"replies":[{"embeddable":true,"href":"https:\/\/webs.uab.cat\/pensarlaimagen\/es\/wp-json\/wp\/v2\/comments?post=203"}],"version-history":[{"count":1,"href":"https:\/\/webs.uab.cat\/pensarlaimagen\/es\/wp-json\/wp\/v2\/pages\/203\/revisions"}],"predecessor-version":[{"id":204,"href":"https:\/\/webs.uab.cat\/pensarlaimagen\/es\/wp-json\/wp\/v2\/pages\/203\/revisions\/204"}],"wp:featuredmedia":[{"embeddable":true,"href":"https:\/\/webs.uab.cat\/pensarlaimagen\/es\/wp-json\/wp\/v2\/media\/121"}],"wp:attachment":[{"href":"https:\/\/webs.uab.cat\/pensarlaimagen\/es\/wp-json\/wp\/v2\/media?parent=203"}],"curies":[{"name":"wp","href":"https:\/\/api.w.org\/{rel}","templated":true}]}}