{"id":104,"date":"2023-10-13T12:38:45","date_gmt":"2023-10-13T10:38:45","guid":{"rendered":"https:\/\/webs.uab.cat\/personenviromentinteractionlab\/?page_id=104"},"modified":"2025-07-25T12:00:22","modified_gmt":"2025-07-25T10:00:22","slug":"projects","status":"publish","type":"page","link":"https:\/\/webs.uab.cat\/personenviromentinteractionlab\/scientific-activity\/projects\/","title":{"rendered":"Funded Research Projects"},"content":{"rendered":"\n<h2 class=\"wp-block-heading\">Excellence Research Networks<\/h2>\n\n\n\n<p><strong>Xarxa d&#8217;Innovaci\u00f3 de Noves Tecnologies en Salut Mental (TECSAM)<\/strong>. 2021XARDI00005. Fundaci\u00f3 Sant Joan de D\u00e9u (SJD). Secretaria d\u2019Universitats i Recerca del Departament d\u2019Empresa i Coneixement&nbsp;&#8211; Generalitat de Catalunya. 2023-25. <em>CO-IP in the group &#8220;Person-Environment Interaction in Risk and Resilience in Mental Health&#8221;<\/em><\/p>\n\n\n\n<p><strong><strong>Recognition as a Consolidated Research Group: Person-Environment Interaction in Risk and<\/strong> Resilience for Mental Health &#8211; (SGR 2021)<\/strong>.&nbsp;2021SGR01010. Agencia de Gesti\u00f3 d\u2019Ajuts Universitaris i de Recerca (AGAUR) &#8211; Generalitat de Catalunya. 2022 &#8211; 24. <em>Principal investigator.<\/em><\/p>\n\n\n\n<p><strong>Recognition as a Consolidated Research Group: Person-Environment Interaction in Risk and Resilience for Mental Health &#8211; (SGR 2017)<\/strong>.  2017SGR1612. Agencia de Gesti\u00f3 d\u2019Ajuts Universitaris i de Recerca (AGAUR) &#8211; Generalitat de Catalu\u00f1a.  2018 &#8211; 2021. <em>Principal investigator.<\/em><\/p>\n\n\n\n<p><strong>Consolidated Research Group: Person-Environment Interaction in Psychopathology, Suport als Grups de Recerca \u2013 Modaliat Consolidada (SGR 2014)<\/strong>. 2014SGR1070. Agencia de Gesti\u00f3 d\u2019Ajuts Universitaris i de Recerca (AGAUR) &#8211; Generalitat de Catalu\u00f1a. 2014 &#8211; 16. <em>Principal investigator.<\/em><\/p>\n\n\n\n<p><strong>Research Group \u2013 Emergent Modality: Person-Environment Interaction in Psychopathology, Suport als Grups de Recerca (SGR 2009)<\/strong>. 2009SGR672. Agencia de Gesti\u00f3 d\u2019Ajuts Universitaris i de Recerca (AGAUR) &#8211; Generalitat de Catalu\u00f1a. 2009 &#8211; 14. <em> Principal investigator.<\/em><\/p>\n\n\n\n<p><strong>Acciones de Dinamizaci\u00f3n &#8220;Redes de Excelencia&#8221;: Investigacion en Procesos, Mecanismos y Tratamientos Psicologicos para la Promoci\u00f3n de la Salud Mental (PROMOSAM)<\/strong>. PSI2014-56303-REDT. Ministerio de Econom\u00eda y Competitividad (Programa de Fomento de la Investigaci\u00f3n Cient\u00edfica y T\u00e9cnica de Excelencia). 2014 &#8211; 17.<\/p>\n\n\n\n<p><strong>Centro de Investigaci\u00f3n Biom\u00e9dica en Red \u2013 Salud Mental (CIBERSAM)<\/strong> (Spanish Biomedical Research Network on Mental Health), Instituto de Salud Carlos III. Ministerio de Sanidad (Health Ministry). <em>Researcher in the Group CB\/07\/09\/0037 \u201cGenetics of Mental Disorders Research Group\u201d since 2007<\/em><\/p>\n\n\n\n<h2 class=\"wp-block-heading\">As Principal Investigator<\/h2>\n\n\n\n<p><strong>Impact of the psychological sensitivity trait on the psychosocial environment in the mental health continuum: development of assessment measures and psychoeducational resources<\/strong>. 2024 BENES 00025. Ag\u00e8ncia de Gesti\u00f3 d\u2019Ajuts Universitaris i de Recerca (AGAUR) &#8211; Generalitat de Catalunya. 2025 &#8211; 27.<\/p>\n\n\n\n<p><strong>Testing the Shift from a \u2018Disease Risk\u2019 to a \u2018Differential Susceptibility\u2019 Conceptualization of Person-Environment and Gene-Environment Interactions in the Psychosis Continuum:<\/strong> <strong>Phase 2<\/strong>. PID2023-152345OB-I00. Spanish Ministry of Science, Innovation and Universities, Plan Nacional de I+D+i (National Plan of R+D+i). 2024 &#8211; 27.<\/p>\n\n\n\n<p><strong>Testing the Shift from a \u2018Disease Risk\u2019 to a \u2018Differential Susceptibility\u2019 Conceptualization of Person-Environment and Gene-Environment Interactions in the Psychosis Continuum<\/strong>. PID2020-119211RB-I00. Spanish Ministry of Science, Innovation and Universities, Plan Nacional de I+D+i (National Plan of R+D+i). 2021 &#8211; 24.<\/p>\n\n\n\n<p><strong>A New Approach to the Concept and Study of Risk in Psychosis<\/strong>. PSI2017-91814-EXP.  Spanish Ministry of Science, Innovation and Universities, Plan Nacional de I+D+i (National Plan of R+D+i), \u201cScience Explora\u201d Call. 2018-21<\/p>\n\n\n\n<p><strong>Trajectories of Risk and Resilience to Psychosis: Integrative study of Gene-Person-Environment Interactions across the Extended Psychosis Phenotype<\/strong>. PSI2017-87512-C2-00. Spanish Ministry of Economy and Competitiveness (MINECO), Plan Nacional de I+D+I (National Plan of R+D). 2018-21<\/p>\n\n\n\n<p><strong>Ecological, Clinical, Psychometric and Longitudinal Trajectories Assessment of Psychosis-Proneness across the Extended Psychosis Phenotype<\/strong>. PSI2014-54009-R. Ministerio de Econom\u00eda y Competitividad, Plan Nacional de I+D+i. 2015-18.<\/p>\n\n\n\n<p><strong>A Follow-Up Integrative Study of Gene-Person-Environment Factors and their Interactions Underlying Symptom Formation and Outcome across the Nonclinical and Clinical Continuum of Psychosis<\/strong>. PSI2011-30321-C02-00. Spanish Ministry of Economy and Competitiveness (MINECO), Plan Nacional de I+D+I (National Plan of R+D). 2012-15.<\/p>\n\n\n\n<p><strong>The Interaction between Daily-Life Stressors and Subjective Appraisals of Psychotic-Like Symptoms in the Psychosis Prodrome during One Year Follow-up: Ecological and Dynamic Evaluation with the Experience Sampling Methodology and Analysis of Gene-Environment (Stress) Interactions<\/strong>. 091110. Fundaci\u00f3 La Marat\u00f3 de TV3 (Mental Health); Scientific Assessment:&nbsp; Catalan Agency for Health Information, Assessment and Quality. 2010-15.<\/p>\n\n\n\n<p><strong>Association between Early Environmental Adversity and Schizotypy: Mechanisms of Attachment, Stress-sensitivity, Cognition, and Role of Genetic Variability in Non-clinical Individuals<\/strong>. PSI2008-04178. Ministerio de Ciencia e Innovaci\u00f3n, Plan Nacional de I+D+i. 2009 &#8211; 12.<\/p>\n\n\n\n<p><strong>Person, Enviroment, Genes and their Interaction in the Genesis of Depressive and Psychotic Symptoms in a Non-clinical Population<\/strong>. EME2007-25. Universidad Aut\u00f3noma de Barcelona \u2013 Programa de Grupos de Investigaci\u00f3n Emergentes. 2007 &#8211; 09. <\/p>\n\n\n\n<p><strong>Early Detection of Psychotic Disorders of Early-onset in Adolescence<\/strong>. AATM-17E\/99. SENY Foundation Approved by the Scientific Comitte \u201cAgencia de Evaluaci\u00f3n de Tecnolog\u00edas M\u00e9dicas (AATM) de la Generalitat de Catalu\u00f1a &#8211; AATRM). 2000-03.<\/p>\n\n\n\n<h2 class=\"wp-block-heading\">As a Site Coordinator in an International Multi-site Project<\/h2>\n\n\n\n<p><strong>European Network of National Schizophrenia Networks Studying Gene-Environment Interactions (EU-GEI)<br><\/strong>European Community\u2019s Seventh Framework Programme under grant agreement No. HEALTH-F2-2010-241909 (Project EU-GEI). <em>General Project Coordinator<\/em>: Prof. Jim van Os. <em>Barcelona site coordinator WP5<\/em>: Prof. Neus Barrantes-Vidal (incoporated to the project on November 2011). 2010 &#8211; 15.<\/p>\n\n\n\n<h2 class=\"wp-block-heading\">As a Researcher<\/h2>\n\n\n\n<p><strong><em>Prevention and community literacy in mental health to improve early detection of serious mental disorders, reduce stigma and promote the search for timely professional care<\/em><\/strong>. Ref. 3205. Consejo Nacional de Ciencia y Tecnolog\u00eda de M\u00e9xico (<em>CONACYT<\/em>). 2020-24.<\/p>\n\n\n\n<p><strong><em>Emotional reasoning in persecutory delusions: process interventions and neurological basis<\/em><\/strong><em>. <\/em>Ref. PSI2014-61744-EXP. Plan Nacional I+D+i del MINECO, Spanish Goverment. 2015-2017. <\/p>\n\n\n\n<p><strong><em>Study of neuropsychological profiles in a general population sample sociodemographically stratified in repect to a sample of schizophrenia patients and their relatives<\/em><\/strong><em>: Extension of the project conceded by the Fundaci\u00f3 La Marat\u00f3 de TV3.<\/em>  Ref. 014430\/31.  Fundaci\u00f3 Seny. 2006-2008. <\/p>\n\n\n\n<p><strong><em>Study of predictive factors of the treatment response in depression and their correlates with the linfocitarian genetic expression pattern for candidate genes (NCS and HHA axis)<\/em><\/strong>.  Ref. SAF 2005-07852-C02-01. Ministry of Education and Science, Spanish Goverment. 2006 &#8211; 2008. <\/p>\n\n\n\n<p><strong><em>Psychoeducation and early detection of psychotic disorders of early-onset in adolescence<\/em>.<em> Follow-up Phase 2<\/em><\/strong>. Ministry of Science and Technology. 2003-2006.<\/p>\n\n\n\n<p><strong><em>Audovisual approach to the teaching of psychopathology<\/em><\/strong>. Catalan Agency of University Grants for Research (Ag\u00e8ncia de Gesti\u00f3 d\u2019Ajuts Universitaris i de Recerca). 2003-2005. <\/p>\n\n\n\n<p><em><strong>Psychoeducation and early detection of psychotic disorders of early-onset in adolescence<\/strong>.<\/em> Ref. 163868.  Marato TV3 Research Foundation. 2001-2004. <\/p>\n\n\n\n<p><strong><em>Identification of risk genotypes for schizophrenia and other psychoses: psychopathological redefinition of the phenotypes and approach to current aetiopathogenic models.<\/em><\/strong> Ref. 014430\/31.  Marato TV3 Research Foundation. 2001-2004<em>. <\/em><\/p>\n\n\n\n<p><strong><em>Prospective study with SPECT of the changes in the regional blood flow and their neuropsychological correlates in type I bipolar disorder<\/em><\/strong>. Ref. FIS 00-1069. Ministry of Health, Spanish Government. 1999-2002. <\/p>\n\n\n\n<p><strong><em>Study of neurocognitive deficit and genetic disfunctions related to the development of the CNS and the neuronal adoptosis as an aetiopathogenic model of some types of schizophrenia.<\/em><\/strong> Ref. 99-111-00. La Caixa Foundation. 1999-2002. <\/p>\n\n\n\n<p><strong><em>Psychobiological risk markers and early detection of schizophrenia spectrum disorders. Phase III<\/em>.<\/strong> Ref. FIS96-0899 DGESIC PB98-0908. Ministry of Education and Culture, Spanish Government. 1999 \u2013 2002. <\/p>\n\n\n\n<p><strong><em>Psychobiological risk markers and early detection of schizophrenia spectrum disorders. Phase II<\/em>.<\/strong> Ref. FIS96-0899. Ministry of Health, Spanish Government. 1996-1998.<\/p>\n\n\n\n<p><strong><em>Psychobiological risk markers and early detection of schizophrenia spectrum disorders. Phase I<\/em>.<\/strong> Ref. DGICYT PM92-00691995-1997. Ministry of Health, Spanish Government. 1995-1997.<\/p>\n\n\n\n<p><strong><em>Epidemiological study of mental health in Formentera Island<\/em><\/strong>. Ref. PB-94\/1171. Ministry of Education and Science , Spanish Government. 1994 &#8211; 1995.<\/p>\n\n\n\n<p><strong><em>Efficacy of the repetitive transcranial magnetic stimulation in the treatment of chronic schizophrenia<\/em><\/strong>. Hospital Clinic i Provincial de Barcelona. 1996.<\/p>\n","protected":false},"excerpt":{"rendered":"<p>Excellence Research Networks Xarxa d&#8217;Innovaci\u00f3 de Noves Tecnologies en Salut Mental (TECSAM). 2021XARDI00005. Fundaci\u00f3 Sant Joan de D\u00e9u (SJD). Secretaria d\u2019Universitats i Recerca del Departament d\u2019Empresa i Coneixement&nbsp;&#8211; Generalitat de Catalunya. 2023-25. CO-IP in the group &#8220;Person-Environment Interaction in Risk and Resilience in Mental Health&#8221; Recognition as a Consolidated Research Group: Person-Environment Interaction in Risk [&hellip;]<\/p>\n","protected":false},"author":2571,"featured_media":0,"parent":97,"menu_order":0,"comment_status":"closed","ping_status":"closed","template":"","meta":{"footnotes":""},"class_list":["post-104","page","type-page","status-publish","hentry"],"_links":{"self":[{"href":"https:\/\/webs.uab.cat\/personenviromentinteractionlab\/wp-json\/wp\/v2\/pages\/104","targetHints":{"allow":["GET"]}}],"collection":[{"href":"https:\/\/webs.uab.cat\/personenviromentinteractionlab\/wp-json\/wp\/v2\/pages"}],"about":[{"href":"https:\/\/webs.uab.cat\/personenviromentinteractionlab\/wp-json\/wp\/v2\/types\/page"}],"author":[{"embeddable":true,"href":"https:\/\/webs.uab.cat\/personenviromentinteractionlab\/wp-json\/wp\/v2\/users\/2571"}],"replies":[{"embeddable":true,"href":"https:\/\/webs.uab.cat\/personenviromentinteractionlab\/wp-json\/wp\/v2\/comments?post=104"}],"version-history":[{"count":24,"href":"https:\/\/webs.uab.cat\/personenviromentinteractionlab\/wp-json\/wp\/v2\/pages\/104\/revisions"}],"predecessor-version":[{"id":742,"href":"https:\/\/webs.uab.cat\/personenviromentinteractionlab\/wp-json\/wp\/v2\/pages\/104\/revisions\/742"}],"up":[{"embeddable":true,"href":"https:\/\/webs.uab.cat\/personenviromentinteractionlab\/wp-json\/wp\/v2\/pages\/97"}],"wp:attachment":[{"href":"https:\/\/webs.uab.cat\/personenviromentinteractionlab\/wp-json\/wp\/v2\/media?parent=104"}],"curies":[{"name":"wp","href":"https:\/\/api.w.org\/{rel}","templated":true}]}}