{"id":108,"date":"2023-10-13T12:40:27","date_gmt":"2023-10-13T10:40:27","guid":{"rendered":"https:\/\/webs.uab.cat\/personenviromentinteractionlab\/?page_id=108"},"modified":"2023-10-30T14:17:30","modified_gmt":"2023-10-30T12:17:30","slug":"phd-thesis","status":"publish","type":"page","link":"https:\/\/webs.uab.cat\/personenviromentinteractionlab\/scientific-activity\/phd-thesis\/","title":{"rendered":"Phd Theses"},"content":{"rendered":"\n<ul class=\"wp-block-list\">\n<li>Gizdic, A. A Comprehensive Approach to Heightened Stress-reactivity as a Psychosis Proneness Mechanism.\u00a0PhD Program in Clinical and Health Psychology, UAB. 04\/09\/2023. <\/li>\n\n\n\n<li>Torrecilla, P. Testing Novel Models of Gene-environment Interaction in Psychosis. PhD Program in Clinical and Health Psychology, UAB. 31\/05\/2023.\u00a0<\/li>\n\n\n\n<li>Racioppi, A. Longitudinal Trajectories of Positive and Negative Schizotypy Dimensions. UAB. 15\/6\/2020. <\/li>\n\n\n\n<li>Monsonet, M. Estudio de la Fenomenolog\u00eda y Din\u00e1mica de los Mecanismos Psicol\u00f3gicos Implicados en la Psicosis Incipiente.\u00a0UAB. 28\/10\/2019. <\/li>\n\n\n\n<li>Hinojosa, L. Family Environment in Early Psychosis. In Search of the Psychological Mechanisms Underlying the Manifestation of Expressed Emotion in At-Risk and Onset Stages of Psychosis. UAB. 27\/11\/2018.\u00a0<\/li>\n\n\n\n<li>Narv\u00e1ez, P.\u00a0 Impact of Gene-Environment Interaction on the Real-World Expression of Psychosis Risk: Linking Genetic Variation, Childhood Adversity and Daily-Life Experiences across the Extended Psychosis Phenotype. UAB. 29\/11\/2016. <\/li>\n\n\n\n<li>Campanera Reig, S.\u00a0 Neuropsychological Endophenotypes in First-degree Relatives of Schizophrenia Patients. (Co-supervised). UAB. 12\/12\/2014. <\/li>\n\n\n\n<li>Vilagr\u00e0 Ruiz, R. Los Estados Mentales Psic\u00f3ticos y las Anomal\u00edas de la Experiencia Subjetiva: Relaci\u00f3n entre los S\u00edntomas B\u00e1sicos de Huber de Alto Riesgo y la Sintomatolog\u00eda Cl\u00ednica a lo Largo del Cont\u00ednuum de la Psicosis. UAB. 3\/12\/ 2015. <\/li>\n\n\n\n<li>Sheinbaum, T. A Prospective Study of the Role of Attachment Style in Schizotypy and the Early Stages of Psychosis. UAB. 4\/11\/2014. <\/li>\n\n\n\n<li>Quijada Inostroza, Y.\u00a0 Attachment Styles and Psychosis: Impact on Treatment Outcome in the Early Phases of Psychosis. UAB. 28\/9\/2012. <\/li>\n\n\n\n<li>Dom\u00ednguez Mart\u00ednez, T. The Early Stages of Psychosis: Characterization of At-Risk Mental State and First-Episode Psychosis Patients and the Effect of Family Environment on Outcome. UAB. 21\/9\/2012.<\/li>\n\n\n\n<li>Bedoya Cardona, E. Apego y Esquizotipia en Poblaci\u00f3n No Cl\u00ednica.&nbsp;UAB. 21\/9\/2012. <\/li>\n\n\n\n<li>Ros Morente, A. The Continuum Hypothesis of Psychosis: Schizotypy Dimensions in Nonclinical Individuals: Affective, Psychopathological and Functional Correlates and Measurement Issues. UAB. 11\/ 2010.\u00a0<\/li>\n\n\n\n<li>De Regil, L. Predictors of Outcome in the Early Course of First-Episode Psychosis. UAB. 11\/2010. Excellent Cum Laude (Outstanding with honors)&nbsp;.<\/li>\n\n\n\n<li>Aquilera, M. C. Personality Dimensions, Neurocognitive Domains, and Variability in Brain Expressed Genes in the Understanding of Mental Disorders.\u00a0(Co-supervised). UAB. 2009. <\/li>\n<\/ul>\n","protected":false},"excerpt":{"rendered":"","protected":false},"author":2571,"featured_media":0,"parent":97,"menu_order":0,"comment_status":"closed","ping_status":"closed","template":"","meta":{"footnotes":""},"class_list":["post-108","page","type-page","status-publish","hentry"],"_links":{"self":[{"href":"https:\/\/webs.uab.cat\/personenviromentinteractionlab\/wp-json\/wp\/v2\/pages\/108","targetHints":{"allow":["GET"]}}],"collection":[{"href":"https:\/\/webs.uab.cat\/personenviromentinteractionlab\/wp-json\/wp\/v2\/pages"}],"about":[{"href":"https:\/\/webs.uab.cat\/personenviromentinteractionlab\/wp-json\/wp\/v2\/types\/page"}],"author":[{"embeddable":true,"href":"https:\/\/webs.uab.cat\/personenviromentinteractionlab\/wp-json\/wp\/v2\/users\/2571"}],"replies":[{"embeddable":true,"href":"https:\/\/webs.uab.cat\/personenviromentinteractionlab\/wp-json\/wp\/v2\/comments?post=108"}],"version-history":[{"count":7,"href":"https:\/\/webs.uab.cat\/personenviromentinteractionlab\/wp-json\/wp\/v2\/pages\/108\/revisions"}],"predecessor-version":[{"id":594,"href":"https:\/\/webs.uab.cat\/personenviromentinteractionlab\/wp-json\/wp\/v2\/pages\/108\/revisions\/594"}],"up":[{"embeddable":true,"href":"https:\/\/webs.uab.cat\/personenviromentinteractionlab\/wp-json\/wp\/v2\/pages\/97"}],"wp:attachment":[{"href":"https:\/\/webs.uab.cat\/personenviromentinteractionlab\/wp-json\/wp\/v2\/media?parent=108"}],"curies":[{"name":"wp","href":"https:\/\/api.w.org\/{rel}","templated":true}]}}