{"id":81,"date":"2023-10-09T21:23:13","date_gmt":"2023-10-09T19:23:13","guid":{"rendered":"https:\/\/webs.uab.cat\/personenviromentinteractionlab\/?page_id=81"},"modified":"2026-04-13T16:50:45","modified_gmt":"2026-04-13T14:50:45","slug":"research-group","status":"publish","type":"page","link":"https:\/\/webs.uab.cat\/personenviromentinteractionlab\/research-group\/","title":{"rendered":"Research group"},"content":{"rendered":"\n<h2 class=\"wp-block-heading\">Principal investigator<\/h2>\n\n\n\n<div class=\"wp-block-group\"><div class=\"wp-block-group__inner-container is-layout-constrained wp-block-group-is-layout-constrained\">\n<div class=\"wp-block-columns is-layout-flex wp-container-core-columns-is-layout-9d6595d7 wp-block-columns-is-layout-flex\">\n<div class=\"wp-block-column is-layout-flow wp-block-column-is-layout-flow\">\n<div class=\"wp-block-media-text is-stacked-on-mobile\" style=\"grid-template-columns:19% auto\"><figure class=\"wp-block-media-text__media\"><img loading=\"lazy\" decoding=\"async\" width=\"1017\" height=\"1024\" src=\"https:\/\/webs.uab.cat\/personenviromentinteractionlab\/wp-content\/uploads\/sites\/446\/2025\/04\/Neus-Vidal-Barrantes-2-1-1017x1024.jpeg\" alt=\"\" class=\"wp-image-705 size-full\" srcset=\"https:\/\/webs.uab.cat\/personenviromentinteractionlab\/wp-content\/uploads\/sites\/446\/2025\/04\/Neus-Vidal-Barrantes-2-1-1017x1024.jpeg 1017w, https:\/\/webs.uab.cat\/personenviromentinteractionlab\/wp-content\/uploads\/sites\/446\/2025\/04\/Neus-Vidal-Barrantes-2-1-298x300.jpeg 298w, https:\/\/webs.uab.cat\/personenviromentinteractionlab\/wp-content\/uploads\/sites\/446\/2025\/04\/Neus-Vidal-Barrantes-2-1-150x150.jpeg 150w, https:\/\/webs.uab.cat\/personenviromentinteractionlab\/wp-content\/uploads\/sites\/446\/2025\/04\/Neus-Vidal-Barrantes-2-1-768x773.jpeg 768w, https:\/\/webs.uab.cat\/personenviromentinteractionlab\/wp-content\/uploads\/sites\/446\/2025\/04\/Neus-Vidal-Barrantes-2-1-1525x1536.jpeg 1525w, https:\/\/webs.uab.cat\/personenviromentinteractionlab\/wp-content\/uploads\/sites\/446\/2025\/04\/Neus-Vidal-Barrantes-2-1-2034x2048.jpeg 2034w, https:\/\/webs.uab.cat\/personenviromentinteractionlab\/wp-content\/uploads\/sites\/446\/2025\/04\/Neus-Vidal-Barrantes-2-1-1200x1208.jpeg 1200w, https:\/\/webs.uab.cat\/personenviromentinteractionlab\/wp-content\/uploads\/sites\/446\/2025\/04\/Neus-Vidal-Barrantes-2-1-1980x1994.jpeg 1980w\" sizes=\"auto, (max-width: 1017px) 100vw, 1017px\" \/><\/figure><div class=\"wp-block-media-text__content\">\n<p><a href=\"https:\/\/webs.uab.cat\/personenviromentinteractionlab\/home\/50-2\/\" target=\"_blank\" rel=\"noreferrer noopener\">Dr. Neus Vidal Barrantes<\/a> <br>(please note: <em>\u201cBarrantes-Vidal\u201d<\/em> in publications)<br><a href=\"https:\/\/orcid.org\/0000-0002-8671-1238\">ORCID<\/a>\/ <a href=\"https:\/\/www.researchgate.net\/profile\/Neus-Barrantes-Vidal\">Research Gate<\/a> \/ <a href=\"https:\/\/pubmed.ncbi.nlm.nih.gov\/?sort=date&amp;term=Barrantes-Vidal+N&amp;cauthor_id=40037823\">PubMed<\/a><br>Email: neus.barrantes@uab.cat<\/p>\n<\/div><\/div>\n<\/div>\n<\/div>\n<\/div><\/div>\n\n\n\n<h2 class=\"wp-block-heading\">Postdoctoral Researchers<\/h2>\n\n\n\n<div class=\"wp-block-media-text is-stacked-on-mobile\" style=\"grid-template-columns:15% auto\"><figure class=\"wp-block-media-text__media\"><img loading=\"lazy\" decoding=\"async\" width=\"172\" height=\"252\" src=\"https:\/\/webs.uab.cat\/personenviromentinteractionlab\/wp-content\/uploads\/sites\/446\/2025\/09\/Foto-Manel3.jpg\" alt=\"\" class=\"wp-image-799 size-full\" \/><\/figure><div class=\"wp-block-media-text__content\">\n<p>Dr. Manel Monsonet<br><strong>Current position<\/strong>: Lecturer at Autonomous University of Barcelona<br><\/p>\n<\/div><\/div>\n\n\n\n<div class=\"wp-block-media-text is-stacked-on-mobile\" style=\"grid-template-columns:15% auto\"><figure class=\"wp-block-media-text__media\"><img loading=\"lazy\" decoding=\"async\" width=\"766\" height=\"1024\" src=\"https:\/\/webs.uab.cat\/personenviromentinteractionlab\/wp-content\/uploads\/sites\/446\/2025\/07\/DSC_0032_OK-2-766x1024.jpg\" alt=\"\" class=\"wp-image-722 size-full\" srcset=\"https:\/\/webs.uab.cat\/personenviromentinteractionlab\/wp-content\/uploads\/sites\/446\/2025\/07\/DSC_0032_OK-2-766x1024.jpg 766w, https:\/\/webs.uab.cat\/personenviromentinteractionlab\/wp-content\/uploads\/sites\/446\/2025\/07\/DSC_0032_OK-2-224x300.jpg 224w, https:\/\/webs.uab.cat\/personenviromentinteractionlab\/wp-content\/uploads\/sites\/446\/2025\/07\/DSC_0032_OK-2-768x1026.jpg 768w, https:\/\/webs.uab.cat\/personenviromentinteractionlab\/wp-content\/uploads\/sites\/446\/2025\/07\/DSC_0032_OK-2.jpg 1106w\" sizes=\"auto, (max-width: 766px) 100vw, 766px\" \/><\/figure><div class=\"wp-block-media-text__content\">\n<p>Dr. Pilar Torrecilla <br><a href=\"https:\/\/orcid.org\/0000-0003-2017-6014\">ORCID <\/a>\/ <a href=\"https:\/\/www.researchgate.net\/profile\/Pilar-Torrecilla\">Research Gate<\/a> \/ Email: pilar.torrecilla@uab.cat<br><strong>Current position<\/strong>: Lecturer at Autonomous University of Barcelona<br><\/p>\n<\/div><\/div>\n\n\n\n<h2 class=\"wp-block-heading\">Graduate Students<\/h2>\n\n\n\n<div class=\"wp-block-media-text is-stacked-on-mobile\" style=\"grid-template-columns:15% auto\"><figure class=\"wp-block-media-text__media\"><img loading=\"lazy\" decoding=\"async\" width=\"879\" height=\"1024\" src=\"https:\/\/webs.uab.cat\/personenviromentinteractionlab\/wp-content\/uploads\/sites\/446\/2025\/07\/WhatsApp-Image-2025-07-25-at-10.48.25-879x1024.jpeg\" alt=\"\" class=\"wp-image-723 size-full\" srcset=\"https:\/\/webs.uab.cat\/personenviromentinteractionlab\/wp-content\/uploads\/sites\/446\/2025\/07\/WhatsApp-Image-2025-07-25-at-10.48.25-879x1024.jpeg 879w, https:\/\/webs.uab.cat\/personenviromentinteractionlab\/wp-content\/uploads\/sites\/446\/2025\/07\/WhatsApp-Image-2025-07-25-at-10.48.25-258x300.jpeg 258w, https:\/\/webs.uab.cat\/personenviromentinteractionlab\/wp-content\/uploads\/sites\/446\/2025\/07\/WhatsApp-Image-2025-07-25-at-10.48.25-768x895.jpeg 768w, https:\/\/webs.uab.cat\/personenviromentinteractionlab\/wp-content\/uploads\/sites\/446\/2025\/07\/WhatsApp-Image-2025-07-25-at-10.48.25.jpeg 1200w\" sizes=\"auto, (max-width: 879px) 100vw, 879px\" \/><\/figure><div class=\"wp-block-media-text__content\">\n<p>Valeria Lav\u00edn <br><a href=\"https:\/\/orcid.org\/0000-0001-9954-8524\">ORCID <\/a>\/ <a href=\"https:\/\/www.researchgate.net\/profile\/Valeria-Lavin-Gutierrez?ev=hdr_xprf\">Research Gate<\/a> \/ Email: valeria.lavin@uab.cat<br>PhD student<\/p>\n<\/div><\/div>\n\n\n\n<div class=\"wp-block-media-text is-stacked-on-mobile\" style=\"grid-template-columns:16% auto\"><figure class=\"wp-block-media-text__media\"><img loading=\"lazy\" decoding=\"async\" width=\"1024\" height=\"870\" src=\"https:\/\/webs.uab.cat\/personenviromentinteractionlab\/wp-content\/uploads\/sites\/446\/2025\/07\/Foto-1024x870.jpg\" alt=\"\" class=\"wp-image-724 size-full\" srcset=\"https:\/\/webs.uab.cat\/personenviromentinteractionlab\/wp-content\/uploads\/sites\/446\/2025\/07\/Foto-1024x870.jpg 1024w, https:\/\/webs.uab.cat\/personenviromentinteractionlab\/wp-content\/uploads\/sites\/446\/2025\/07\/Foto-300x255.jpg 300w, https:\/\/webs.uab.cat\/personenviromentinteractionlab\/wp-content\/uploads\/sites\/446\/2025\/07\/Foto-768x652.jpg 768w, https:\/\/webs.uab.cat\/personenviromentinteractionlab\/wp-content\/uploads\/sites\/446\/2025\/07\/Foto-1536x1305.jpg 1536w, https:\/\/webs.uab.cat\/personenviromentinteractionlab\/wp-content\/uploads\/sites\/446\/2025\/07\/Foto-2048x1740.jpg 2048w, https:\/\/webs.uab.cat\/personenviromentinteractionlab\/wp-content\/uploads\/sites\/446\/2025\/07\/Foto-1200x1019.jpg 1200w, https:\/\/webs.uab.cat\/personenviromentinteractionlab\/wp-content\/uploads\/sites\/446\/2025\/07\/Foto-1980x1682.jpg 1980w\" sizes=\"auto, (max-width: 1024px) 100vw, 1024px\" \/><\/figure><div class=\"wp-block-media-text__content\">\n<p>Karen Fagian<br><a href=\"https:\/\/orcid.org\/0009-0006-5591-5277\">ORCID <\/a>\/ <a href=\"https:\/\/www.researchgate.net\/profile\/Karen-Nunez-17\">Research Gate<\/a> \/ Email: Karen.fagian@uab.cat<br>PhD student<\/p>\n<\/div><\/div>\n\n\n\n<div class=\"wp-block-media-text is-stacked-on-mobile\" style=\"grid-template-columns:16% auto\"><figure class=\"wp-block-media-text__media\"><img loading=\"lazy\" decoding=\"async\" width=\"768\" height=\"1024\" src=\"https:\/\/webs.uab.cat\/personenviromentinteractionlab\/wp-content\/uploads\/sites\/446\/2025\/07\/shared-image-1-768x1024.jpg\" alt=\"\" class=\"wp-image-725 size-full\" srcset=\"https:\/\/webs.uab.cat\/personenviromentinteractionlab\/wp-content\/uploads\/sites\/446\/2025\/07\/shared-image-1-768x1024.jpg 768w, https:\/\/webs.uab.cat\/personenviromentinteractionlab\/wp-content\/uploads\/sites\/446\/2025\/07\/shared-image-1-225x300.jpg 225w, https:\/\/webs.uab.cat\/personenviromentinteractionlab\/wp-content\/uploads\/sites\/446\/2025\/07\/shared-image-1-1152x1536.jpg 1152w, https:\/\/webs.uab.cat\/personenviromentinteractionlab\/wp-content\/uploads\/sites\/446\/2025\/07\/shared-image-1-1536x2048.jpg 1536w, https:\/\/webs.uab.cat\/personenviromentinteractionlab\/wp-content\/uploads\/sites\/446\/2025\/07\/shared-image-1-1200x1600.jpg 1200w, https:\/\/webs.uab.cat\/personenviromentinteractionlab\/wp-content\/uploads\/sites\/446\/2025\/07\/shared-image-1-1980x2640.jpg 1980w, https:\/\/webs.uab.cat\/personenviromentinteractionlab\/wp-content\/uploads\/sites\/446\/2025\/07\/shared-image-1-scaled.jpg 1920w\" sizes=\"auto, (max-width: 768px) 100vw, 768px\" \/><\/figure><div class=\"wp-block-media-text__content\">\n<p>Giulia Busato<br>ORCID \/ Research Gate \/ Email: giulia.busato@uab.cat<br>PhD student<\/p>\n<\/div><\/div>\n\n\n\n<div class=\"wp-block-media-text is-stacked-on-mobile\" style=\"grid-template-columns:16% auto\"><figure class=\"wp-block-media-text__media\"><img loading=\"lazy\" decoding=\"async\" width=\"768\" height=\"1024\" src=\"https:\/\/webs.uab.cat\/personenviromentinteractionlab\/wp-content\/uploads\/sites\/446\/2025\/07\/IMG_3778-4.jpg\" alt=\"\" class=\"wp-image-726 size-full\" srcset=\"https:\/\/webs.uab.cat\/personenviromentinteractionlab\/wp-content\/uploads\/sites\/446\/2025\/07\/IMG_3778-4.jpg 768w, https:\/\/webs.uab.cat\/personenviromentinteractionlab\/wp-content\/uploads\/sites\/446\/2025\/07\/IMG_3778-4-225x300.jpg 225w\" sizes=\"auto, (max-width: 768px) 100vw, 768px\" \/><\/figure><div class=\"wp-block-media-text__content\">\n<p>Cristiana Francesca Raileanu<br>ORCID \/Research Gate\/ Email: francesca.raileanu@uab.cat<br>PhD student<\/p>\n<\/div><\/div>\n\n\n\n<div class=\"wp-block-media-text is-stacked-on-mobile\" style=\"grid-template-columns:16% auto\"><figure class=\"wp-block-media-text__media\"><img loading=\"lazy\" decoding=\"async\" width=\"762\" height=\"1024\" src=\"https:\/\/webs.uab.cat\/personenviromentinteractionlab\/wp-content\/uploads\/sites\/446\/2025\/07\/\u4e2a\u4eba\u8bc1\u4ef6\u7167-762x1024.png\" alt=\"\" class=\"wp-image-727 size-full\" srcset=\"https:\/\/webs.uab.cat\/personenviromentinteractionlab\/wp-content\/uploads\/sites\/446\/2025\/07\/\u4e2a\u4eba\u8bc1\u4ef6\u7167-762x1024.png 762w, https:\/\/webs.uab.cat\/personenviromentinteractionlab\/wp-content\/uploads\/sites\/446\/2025\/07\/\u4e2a\u4eba\u8bc1\u4ef6\u7167-223x300.png 223w, https:\/\/webs.uab.cat\/personenviromentinteractionlab\/wp-content\/uploads\/sites\/446\/2025\/07\/\u4e2a\u4eba\u8bc1\u4ef6\u7167-768x1032.png 768w, https:\/\/webs.uab.cat\/personenviromentinteractionlab\/wp-content\/uploads\/sites\/446\/2025\/07\/\u4e2a\u4eba\u8bc1\u4ef6\u7167-1144x1536.png 1144w, https:\/\/webs.uab.cat\/personenviromentinteractionlab\/wp-content\/uploads\/sites\/446\/2025\/07\/\u4e2a\u4eba\u8bc1\u4ef6\u7167-1525x2048.png 1525w, https:\/\/webs.uab.cat\/personenviromentinteractionlab\/wp-content\/uploads\/sites\/446\/2025\/07\/\u4e2a\u4eba\u8bc1\u4ef6\u7167-1200x1612.png 1200w, https:\/\/webs.uab.cat\/personenviromentinteractionlab\/wp-content\/uploads\/sites\/446\/2025\/07\/\u4e2a\u4eba\u8bc1\u4ef6\u7167.png 1603w\" sizes=\"auto, (max-width: 762px) 100vw, 762px\" \/><\/figure><div class=\"wp-block-media-text__content\">\n<p>Xuan Ji<br>ORCID \/ Research Gate \/ Email: xuan.ji@autonoma.cat<br>PhD student<\/p>\n<\/div><\/div>\n\n\n\n<div class=\"wp-block-media-text is-stacked-on-mobile\" style=\"grid-template-columns:16% auto\"><figure class=\"wp-block-media-text__media\"><img loading=\"lazy\" decoding=\"async\" width=\"768\" height=\"1024\" src=\"https:\/\/webs.uab.cat\/personenviromentinteractionlab\/wp-content\/uploads\/sites\/446\/2026\/04\/Javiera-Vasquez_TOUCH-Website-768x1024.jpg\" alt=\"\" class=\"wp-image-806 size-full\" srcset=\"https:\/\/webs.uab.cat\/personenviromentinteractionlab\/wp-content\/uploads\/sites\/446\/2026\/04\/Javiera-Vasquez_TOUCH-Website-768x1024.jpg 768w, https:\/\/webs.uab.cat\/personenviromentinteractionlab\/wp-content\/uploads\/sites\/446\/2026\/04\/Javiera-Vasquez_TOUCH-Website-225x300.jpg 225w, https:\/\/webs.uab.cat\/personenviromentinteractionlab\/wp-content\/uploads\/sites\/446\/2026\/04\/Javiera-Vasquez_TOUCH-Website-1152x1536.jpg 1152w, https:\/\/webs.uab.cat\/personenviromentinteractionlab\/wp-content\/uploads\/sites\/446\/2026\/04\/Javiera-Vasquez_TOUCH-Website-1536x2048.jpg 1536w, https:\/\/webs.uab.cat\/personenviromentinteractionlab\/wp-content\/uploads\/sites\/446\/2026\/04\/Javiera-Vasquez_TOUCH-Website-1200x1600.jpg 1200w, https:\/\/webs.uab.cat\/personenviromentinteractionlab\/wp-content\/uploads\/sites\/446\/2026\/04\/Javiera-Vasquez_TOUCH-Website-1980x2640.jpg 1980w, https:\/\/webs.uab.cat\/personenviromentinteractionlab\/wp-content\/uploads\/sites\/446\/2026\/04\/Javiera-Vasquez_TOUCH-Website-scaled.jpg 1920w\" sizes=\"auto, (max-width: 768px) 100vw, 768px\" \/><\/figure><div class=\"wp-block-media-text__content\">\n<p>Javiera Vasquez Nu\u00f1ez<br>ORCID\/Research Gate\/ Email: javiera.vasquez@uab.cat<br>PhD student<\/p>\n<\/div><\/div>\n\n\n\n<h2 class=\"wp-block-heading\">Former Lab Members<\/h2>\n\n\n\n<div class=\"wp-block-media-text is-stacked-on-mobile\" style=\"grid-template-columns:16% auto\"><figure class=\"wp-block-media-text__media\"><img loading=\"lazy\" decoding=\"async\" width=\"512\" height=\"515\" src=\"https:\/\/webs.uab.cat\/personenviromentinteractionlab\/wp-content\/uploads\/sites\/446\/2025\/07\/Jackie.png\" alt=\"\" class=\"wp-image-738 size-full\" srcset=\"https:\/\/webs.uab.cat\/personenviromentinteractionlab\/wp-content\/uploads\/sites\/446\/2025\/07\/Jackie.png 512w, https:\/\/webs.uab.cat\/personenviromentinteractionlab\/wp-content\/uploads\/sites\/446\/2025\/07\/Jackie-298x300.png 298w, https:\/\/webs.uab.cat\/personenviromentinteractionlab\/wp-content\/uploads\/sites\/446\/2025\/07\/Jackie-150x150.png 150w\" sizes=\"auto, (max-width: 512px) 100vw, 512px\" \/><\/figure><div class=\"wp-block-media-text__content\">\n<p>Jacqueline Grace Nonweiler<br><a href=\"https:\/\/orcid.org\/0000-0003-1851-7844\">ORCID <\/a>\/ <a href=\"https:\/\/www.researchgate.net\/profile\/Jacqueline-Nonweiler\">Research Gate <\/a><br>Email: jacquelinegrace.Nonweiler@uab.cat                                <strong>Current position<\/strong>: Postdoctoral Research Associate at the Institute of Psychiatry, Psychology &amp; Neuroscience, King\u2019s College, London, United Kingdom<br><\/p>\n<\/div><\/div>\n\n\n\n<div class=\"wp-block-media-text is-stacked-on-mobile\" style=\"grid-template-columns:15% auto\"><figure class=\"wp-block-media-text__media\"><img loading=\"lazy\" decoding=\"async\" width=\"699\" height=\"1024\" src=\"https:\/\/webs.uab.cat\/personenviromentinteractionlab\/wp-content\/uploads\/sites\/446\/2025\/07\/image0-1-1-699x1024.jpeg\" alt=\"\" class=\"wp-image-730 size-full\" srcset=\"https:\/\/webs.uab.cat\/personenviromentinteractionlab\/wp-content\/uploads\/sites\/446\/2025\/07\/image0-1-1-699x1024.jpeg 699w, https:\/\/webs.uab.cat\/personenviromentinteractionlab\/wp-content\/uploads\/sites\/446\/2025\/07\/image0-1-1-205x300.jpeg 205w, https:\/\/webs.uab.cat\/personenviromentinteractionlab\/wp-content\/uploads\/sites\/446\/2025\/07\/image0-1-1.jpeg 750w\" sizes=\"auto, (max-width: 699px) 100vw, 699px\" \/><\/figure><div class=\"wp-block-media-text__content\">\n<p>Alena Gizdic, PhD.<br><a href=\"https:\/\/orcid.org\/0000-0002-0901-7226\">ORCID<\/a> \/ <a href=\"https:\/\/www.researchgate.net\/profile\/Alena-Gizdic-2\">Research Gate<\/a> \/ Email: agizdic@fhs.hr<br><strong>Current position<\/strong>: Assistant Professor at University of Zagreb. Faculty of Croatian Studies, Department of Psycholoy, Zagreb, Croatia.<\/p>\n<\/div><\/div>\n\n\n\n<div class=\"wp-block-media-text is-stacked-on-mobile\" style=\"grid-template-columns:16% auto\"><figure class=\"wp-block-media-text__media\"><img loading=\"lazy\" decoding=\"async\" width=\"768\" height=\"1024\" src=\"https:\/\/webs.uab.cat\/personenviromentinteractionlab\/wp-content\/uploads\/sites\/446\/2025\/07\/Foto-Tecelli-768x1024.png\" alt=\"\" class=\"wp-image-732 size-full\" srcset=\"https:\/\/webs.uab.cat\/personenviromentinteractionlab\/wp-content\/uploads\/sites\/446\/2025\/07\/Foto-Tecelli-768x1024.png 768w, https:\/\/webs.uab.cat\/personenviromentinteractionlab\/wp-content\/uploads\/sites\/446\/2025\/07\/Foto-Tecelli-225x300.png 225w, https:\/\/webs.uab.cat\/personenviromentinteractionlab\/wp-content\/uploads\/sites\/446\/2025\/07\/Foto-Tecelli-1152x1536.png 1152w, https:\/\/webs.uab.cat\/personenviromentinteractionlab\/wp-content\/uploads\/sites\/446\/2025\/07\/Foto-Tecelli-1536x2048.png 1536w, https:\/\/webs.uab.cat\/personenviromentinteractionlab\/wp-content\/uploads\/sites\/446\/2025\/07\/Foto-Tecelli-1200x1600.png 1200w, https:\/\/webs.uab.cat\/personenviromentinteractionlab\/wp-content\/uploads\/sites\/446\/2025\/07\/Foto-Tecelli-1980x2640.png 1980w\" sizes=\"auto, (max-width: 768px) 100vw, 768px\" \/><\/figure><div class=\"wp-block-media-text__content\">\n<p>Tecelli Dom\u00ednguez, PhD.<br><a href=\"https:\/\/orcid.org\/0000-0003-4369-8288\">ORCID <\/a>\/ <a href=\"https:\/\/www.researchgate.net\/profile\/Tecelli-Dominguez-Martinez-2\">Research Gate<\/a> \/ Email: <a href=\"mailto:tdominguez@inprf.gob.mx\" target=\"_blank\" rel=\"noreferrer noopener\">tdominguez@inprf.gob.mx<\/a><br><strong>Current position<\/strong>: Medical Science Researcher. Center for Global Mental Health Research, Directorate of Epidemiological and Psychosocial Research, National Institute of Psychiatry Ram\u00f3n de la Fuente Mu\u00f1iz, Mexico City (Mexico).<\/p>\n<\/div><\/div>\n\n\n\n<div class=\"wp-block-media-text is-stacked-on-mobile\" style=\"grid-template-columns:16% auto\"><figure class=\"wp-block-media-text__media\"><img loading=\"lazy\" decoding=\"async\" width=\"561\" height=\"700\" src=\"https:\/\/webs.uab.cat\/personenviromentinteractionlab\/wp-content\/uploads\/sites\/446\/2025\/07\/Tamara-Sheinbaum-700x700-1.jpg\" alt=\"\" class=\"wp-image-731 size-full\" srcset=\"https:\/\/webs.uab.cat\/personenviromentinteractionlab\/wp-content\/uploads\/sites\/446\/2025\/07\/Tamara-Sheinbaum-700x700-1.jpg 561w, https:\/\/webs.uab.cat\/personenviromentinteractionlab\/wp-content\/uploads\/sites\/446\/2025\/07\/Tamara-Sheinbaum-700x700-1-240x300.jpg 240w\" sizes=\"auto, (max-width: 561px) 100vw, 561px\" \/><\/figure><div class=\"wp-block-media-text__content\">\n<p>Tamara Sheinbaum, PhD.<br><a href=\"https:\/\/orcid.org\/0000-0002-2268-7697\">ORCID <\/a>\/ <a href=\"https:\/\/www.researchgate.net\/profile\/Tamara-Sheinbaum\">Research Gate<\/a> \/ Email: tsheinbaum@gmail.com<br><\/p>\n<\/div><\/div>\n\n\n\n<ul class=\"wp-block-list\">\n<li>Paula Crist\u00f3bal, PhD.\n<ul class=\"wp-block-list\">\n<li><a href=\"https:\/\/orcid.org\/0000-0001-8184-6347\">ORCID <\/a>\/ <a href=\"https:\/\/www.researchgate.net\/profile\/Paula-Cristobal-Narvaez\">Research Gate<\/a><\/li>\n\n\n\n<li><strong>Current position<\/strong>: Researcher at the Research, Teaching and Innovation Unit of the Hospital Parc Sanitari de Sant Joan de D\u00e9u -Mental Health Services, Barcelona, Spain.<br><\/li>\n<\/ul>\n<\/li>\n\n\n\n<li>Mari Aguilera Ruiz, PhD\n<ul class=\"wp-block-list\">\n<li><a href=\"https:\/\/orcid.org\/0000-0003-2656-2688\">ORCID <\/a>\/ Research Gate<\/li>\n\n\n\n<li><strong>Current position:<\/strong> Associate Professor at the Universitat de Barcelona (Spain)<br><\/li>\n<\/ul>\n<\/li>\n\n\n\n<li>Agn\u00e8s Ros Morente, PhD\n<ul class=\"wp-block-list\">\n<li><a href=\"https:\/\/orcid.org\/0000-0002-5533-4564\">ORCID <\/a>\/ Research Gate<\/li>\n\n\n\n<li><strong>Current position<\/strong>: Associate Professor at the Universitat de Lleida (Spain) \u00a0<br><\/li>\n<\/ul>\n<\/li>\n\n\n\n<li>Yanette Quijada Inostroza, PhD.\n<ul class=\"wp-block-list\">\n<li>ORCID \/ Research Gate<\/li>\n\n\n\n<li><strong>Current position<\/strong>: Researcher at Universidad San Sebasti\u00e1n, Concepci\u00f3n, Chile.<br><\/li>\n<\/ul>\n<\/li>\n\n\n\n<li>Lizzette G\u00f3mez de Regil, PhD\n<ul class=\"wp-block-list\">\n<li><a href=\"https:\/\/orcid.org\/0000-0002-2889-2843\">ORCID <\/a>\/ Research Gate<\/li>\n\n\n\n<li><strong>Current position<\/strong>: Level 1 Researcher of the Mexican National System of Research working at the IMSS Bienestar &#8211; Hospital Regional de Alta Especialidad de la Pen\u00ednsula de Yucat\u00e1n (M\u00e9xico) and member of the &#8220;International Health Digital Alliance&#8221;<br><\/li>\n<\/ul>\n<\/li>\n\n\n\n<li>L\u00eddia Hinojosa-Marqu\u00e9s, PhD\n<ul class=\"wp-block-list\">\n<li><a href=\"https:\/\/orcid.org\/0000-0002-1778-8522\">ORCID <\/a>\/ Research Gate<\/li>\n\n\n\n<li><strong>Current position: <\/strong>Associate Professor at UNIR (online unviersity in Spain) and General Health Psychologist practitioner<br><\/li>\n<\/ul>\n<\/li>\n\n\n\n<li>Erika Bedoya, PhD\n<ul class=\"wp-block-list\">\n<li><a href=\"https:\/\/orcid.org\/0000-0002-8975-038X\">ORCID <\/a>\/ Research Gate<\/li>\n\n\n\n<li><strong>Current position:<\/strong> Associate Professor at the Universidad Cooperativa de Colombia, Colombia.<br><\/li>\n<\/ul>\n<\/li>\n\n\n\n<li>Ra\u00fcl Vilagr\u00e0 Ruiz, PhD\n<ul class=\"wp-block-list\">\n<li><a href=\"https:\/\/orcid.org\/0000-0002-5251-5052\">ORCID <\/a>\/ Research Gate<\/li>\n\n\n\n<li><strong>Current position:\u00a0<\/strong>Certified Clinical Psychologist and clinical researcher at Hospital de Manresa<\/li>\n<\/ul>\n<\/li>\n<\/ul>\n\n\n\n<ul class=\"wp-block-list\"><\/ul>\n\n\n\n<p><\/p>\n","protected":false},"excerpt":{"rendered":"<p>Principal investigator Dr. Neus Vidal Barrantes (please note: \u201cBarrantes-Vidal\u201d in publications)ORCID\/ Research Gate \/ PubMedEmail: neus.barrantes@uab.cat Postdoctoral Researchers Dr. Manel MonsonetCurrent position: Lecturer at Autonomous University of Barcelona Dr. Pilar Torrecilla ORCID \/ Research Gate \/ Email: pilar.torrecilla@uab.catCurrent position: Lecturer at Autonomous University of Barcelona Graduate Students Valeria Lav\u00edn ORCID \/ Research Gate \/ Email: [&hellip;]<\/p>\n","protected":false},"author":2571,"featured_media":0,"parent":0,"menu_order":0,"comment_status":"closed","ping_status":"closed","template":"","meta":{"footnotes":""},"class_list":["post-81","page","type-page","status-publish","hentry"],"_links":{"self":[{"href":"https:\/\/webs.uab.cat\/personenviromentinteractionlab\/wp-json\/wp\/v2\/pages\/81","targetHints":{"allow":["GET"]}}],"collection":[{"href":"https:\/\/webs.uab.cat\/personenviromentinteractionlab\/wp-json\/wp\/v2\/pages"}],"about":[{"href":"https:\/\/webs.uab.cat\/personenviromentinteractionlab\/wp-json\/wp\/v2\/types\/page"}],"author":[{"embeddable":true,"href":"https:\/\/webs.uab.cat\/personenviromentinteractionlab\/wp-json\/wp\/v2\/users\/2571"}],"replies":[{"embeddable":true,"href":"https:\/\/webs.uab.cat\/personenviromentinteractionlab\/wp-json\/wp\/v2\/comments?post=81"}],"version-history":[{"count":15,"href":"https:\/\/webs.uab.cat\/personenviromentinteractionlab\/wp-json\/wp\/v2\/pages\/81\/revisions"}],"predecessor-version":[{"id":807,"href":"https:\/\/webs.uab.cat\/personenviromentinteractionlab\/wp-json\/wp\/v2\/pages\/81\/revisions\/807"}],"wp:attachment":[{"href":"https:\/\/webs.uab.cat\/personenviromentinteractionlab\/wp-json\/wp\/v2\/media?parent=81"}],"curies":[{"name":"wp","href":"https:\/\/api.w.org\/{rel}","templated":true}]}}