{"id":75,"date":"2024-05-15T09:41:56","date_gmt":"2024-05-15T07:41:56","guid":{"rendered":"https:\/\/webs.uab.cat\/peutransp\/?page_id=75"},"modified":"2024-05-22T12:08:32","modified_gmt":"2024-05-22T10:08:32","slug":"contact","status":"publish","type":"page","link":"https:\/\/webs.uab.cat\/peutransp\/contact\/","title":{"rendered":"Contact"},"content":{"rendered":"\n<div class=\"wp-block-media-text is-stacked-on-mobile is-vertically-aligned-top\" style=\"grid-template-columns:35% auto\"><figure class=\"wp-block-media-text__media\"><img loading=\"lazy\" decoding=\"async\" width=\"1024\" height=\"904\" src=\"https:\/\/webs.uab.cat\/peutransp\/wp-content\/uploads\/sites\/568\/2024\/05\/call-center-7040784_1280-1024x904.png\" alt=\"\" class=\"wp-image-103 size-full\" srcset=\"https:\/\/webs.uab.cat\/peutransp\/wp-content\/uploads\/sites\/568\/2024\/05\/call-center-7040784_1280-1024x904.png 1024w, https:\/\/webs.uab.cat\/peutransp\/wp-content\/uploads\/sites\/568\/2024\/05\/call-center-7040784_1280-300x265.png 300w, https:\/\/webs.uab.cat\/peutransp\/wp-content\/uploads\/sites\/568\/2024\/05\/call-center-7040784_1280-768x678.png 768w, https:\/\/webs.uab.cat\/peutransp\/wp-content\/uploads\/sites\/568\/2024\/05\/call-center-7040784_1280-1200x1059.png 1200w, https:\/\/webs.uab.cat\/peutransp\/wp-content\/uploads\/sites\/568\/2024\/05\/call-center-7040784_1280.png 1280w\" sizes=\"auto, (max-width: 1024px) 100vw, 1024px\" \/><\/figure><div class=\"wp-block-media-text__content\">\n<p><strong>Nuria Font Borras<\/strong> <a href=\"mailto:Nuria.Font@uab.cat\">Nuria.Font@uab.cat<\/a><\/p>\n\n\n\n<p><strong>Universitat Aut\u00f2noma de Barcelona<br><\/strong>Departament de Ci\u00e8ncia Pol\u00edtica i Dret Public<br>Edifici B, Carrer de la Fortuna s\/n<br>08193 Bellaterra (Cerdanyola del Vall\u00e8s)<\/p>\n\n\n\n<p><\/p>\n<\/div><\/div>\n","protected":false},"excerpt":{"rendered":"<p>Nuria Font Borras Nuria.Font@uab.cat Universitat Aut\u00f2noma de BarcelonaDepartament de Ci\u00e8ncia Pol\u00edtica i Dret PublicEdifici B, Carrer de la Fortuna s\/n08193 Bellaterra (Cerdanyola del Vall\u00e8s)<\/p>\n","protected":false},"author":1385,"featured_media":0,"parent":0,"menu_order":0,"comment_status":"closed","ping_status":"closed","template":"","meta":{"footnotes":""},"class_list":["post-75","page","type-page","status-publish","hentry"],"_links":{"self":[{"href":"https:\/\/webs.uab.cat\/peutransp\/wp-json\/wp\/v2\/pages\/75","targetHints":{"allow":["GET"]}}],"collection":[{"href":"https:\/\/webs.uab.cat\/peutransp\/wp-json\/wp\/v2\/pages"}],"about":[{"href":"https:\/\/webs.uab.cat\/peutransp\/wp-json\/wp\/v2\/types\/page"}],"author":[{"embeddable":true,"href":"https:\/\/webs.uab.cat\/peutransp\/wp-json\/wp\/v2\/users\/1385"}],"replies":[{"embeddable":true,"href":"https:\/\/webs.uab.cat\/peutransp\/wp-json\/wp\/v2\/comments?post=75"}],"version-history":[{"count":10,"href":"https:\/\/webs.uab.cat\/peutransp\/wp-json\/wp\/v2\/pages\/75\/revisions"}],"predecessor-version":[{"id":108,"href":"https:\/\/webs.uab.cat\/peutransp\/wp-json\/wp\/v2\/pages\/75\/revisions\/108"}],"wp:attachment":[{"href":"https:\/\/webs.uab.cat\/peutransp\/wp-json\/wp\/v2\/media?parent=75"}],"curies":[{"name":"wp","href":"https:\/\/api.w.org\/{rel}","templated":true}]}}