{"id":11,"date":"2023-04-16T15:39:21","date_gmt":"2023-04-16T13:39:21","guid":{"rendered":"https:\/\/webs.uab.cat\/pleelab\/?page_id=11"},"modified":"2023-04-16T19:25:14","modified_gmt":"2023-04-16T17:25:14","slug":"publications","status":"publish","type":"page","link":"https:\/\/webs.uab.cat\/pleelab\/publications\/","title":{"rendered":"Publications"},"content":{"rendered":"\n<blockquote class=\"wp-block-quote has-text-align-left is-layout-flow wp-block-quote-is-layout-flow\"><p><em>Find the wonder even in the most common place<\/em><\/p><cite>Carl von Linn\u00e9<\/cite><\/blockquote>\n\n\n\n<p class=\"has-text-align-center\"><strong>2022<\/strong><\/p>\n\n\n\n<div class=\"wp-block-group\"><div class=\"wp-block-group__inner-container is-layout-flow wp-block-group-is-layout-flow\">\n<div class=\"wp-block-media-text alignwide has-verd-tropic-transparent-background-color has-background\" style=\"grid-template-columns:15% auto\"><figure class=\"wp-block-media-text__media\"><img loading=\"lazy\" decoding=\"async\" width=\"110\" height=\"164\" src=\"https:\/\/webs.uab.cat\/pleelab\/wp-content\/uploads\/sites\/399\/2023\/04\/car.webp\" alt=\"\" class=\"wp-image-142 size-full\" \/><\/figure><div class=\"wp-block-media-text__content\">\n<p class=\"has-small-font-size\">D Arias, A Ortega, C Gonz\u00e1lez-Calquin, L F Quiroz, J Moreno-Romero, J Mart\u00ednez-Garc\u00eda, C Stange. 2022.&nbsp;<em>Development and carotenoid synthesis in dark-grown carrot taproots require PHYTOCHROME RAPIDLY REGULATED1<\/em>.&nbsp;<strong><em>Plant Physiology<\/em><\/strong>. 189(3):1450-1465 <br>doi: <a rel=\"noreferrer noopener\" href=\"https:\/\/doi.org\/10.1093\/plphys\/kiac097\" target=\"_blank\">10.1093\/plphys\/kiac097<\/a><\/p>\n<\/div><\/div>\n\n\n\n<div class=\"wp-block-media-text alignwide has-media-on-the-right has-verd-tropic-transparent-background-color has-background\" style=\"grid-template-columns:auto 15%\"><figure class=\"wp-block-media-text__media\"><img loading=\"lazy\" decoding=\"async\" width=\"110\" height=\"164\" src=\"https:\/\/webs.uab.cat\/pleelab\/wp-content\/uploads\/sites\/399\/2023\/04\/reb.webp\" alt=\"\" class=\"wp-image-141 size-full\" \/><\/figure><div class=\"wp-block-media-text__content\">\n<p class=\"has-small-font-size\">K Vives Hern\u00e1ndez, J Moreno-Romero, M Hern\u00e1ndez de la Torre, C P\u00e9rez Manr\u00edquez, D R\u00edos Leal, J Mart\u00ednez-Garcia. 2022.&nbsp;<em>Effect of light intensity on steviol glycosides production in leaves of&nbsp;<em>Stevia rebaudiana<\/em>&nbsp;plants<\/em>.&nbsp;<strong><em>Phytochemistry<\/em><\/strong>. 194:113027 <br>doi: <a rel=\"noreferrer noopener\" href=\"https:\/\/www.sciencedirect.com\/science\/article\/abs\/pii\/S0031942221003769?via%3Dihub\" target=\"_blank\">10.1016\/j.phytochem.2021.113027<\/a><\/p>\n<\/div><\/div>\n\n\n\n<p class=\"has-text-align-center\"><strong>2020<\/strong><\/p>\n\n\n\n<div class=\"wp-block-media-text alignwide has-verd-tropic-transparent-background-color has-background\" style=\"grid-template-columns:15% auto\"><figure class=\"wp-block-media-text__media\"><img loading=\"lazy\" decoding=\"async\" width=\"117\" height=\"155\" src=\"https:\/\/webs.uab.cat\/pleelab\/wp-content\/uploads\/sites\/399\/2023\/04\/pplcover-1.webp\" alt=\"\" class=\"wp-image-112 size-full\" \/><\/figure><div class=\"wp-block-media-text__content\">\n<p class=\"has-small-font-size\">J Mart\u00ednez-Garcia and&nbsp;<strong>J Moreno-Romero<\/strong>. 2020.&nbsp;<em>Shedding light on the chromatin changes that modulate shade responses<\/em>.&nbsp;<strong><em>Physiologia Plantarum<\/em><\/strong>. 169(3):407-417<br>doi: <a rel=\"noreferrer noopener\" href=\"https:\/\/onlinelibrary.wiley.com\/doi\/10.1111\/ppl.13101\" target=\"_blank\">10.1111\/ppl.13101<\/a><\/p>\n<\/div><\/div>\n\n\n\n<div class=\"wp-block-media-text alignwide has-media-on-the-right has-verd-tropic-transparent-background-color has-background\" style=\"grid-template-columns:auto 15%\"><figure class=\"wp-block-media-text__media\"><img loading=\"lazy\" decoding=\"async\" width=\"373\" height=\"480\" src=\"https:\/\/webs.uab.cat\/pleelab\/wp-content\/uploads\/sites\/399\/2023\/04\/capt1.webp\" alt=\"\" class=\"wp-image-116 size-full\" srcset=\"https:\/\/webs.uab.cat\/pleelab\/wp-content\/uploads\/sites\/399\/2023\/04\/capt1.webp 373w, https:\/\/webs.uab.cat\/pleelab\/wp-content\/uploads\/sites\/399\/2023\/04\/capt1-233x300.webp 233w\" sizes=\"auto, (max-width: 373px) 100vw, 373px\" \/><\/figure><div class=\"wp-block-media-text__content\">\n<p class=\"has-small-font-size\"><strong>J Moreno-Romero<\/strong>, AV Probst, I Trindade, Kalyanikrishna, J Engelhorn, S Farrona. 2020.&nbsp;<em>Looking At the Past and Heading to the Future: Meeting Summary of the 6th European Workshop on Plant Chromatin 2019 in Cologne, Germany<\/em>.<em>&nbsp;<strong>Frontiers in Plant Science<\/strong><\/em><strong>.<\/strong>&nbsp;10: 1795<br>doi: <a href=\"https:\/\/www.frontiersin.org\/articles\/10.3389\/fpls.2019.01795\/full\" target=\"_blank\" rel=\"noreferrer noopener\">10.3389\/fpls.2019.01795<\/a><\/p>\n<\/div><\/div>\n\n\n\n<p class=\"has-text-align-center\"><strong>2019<\/strong><\/p>\n\n\n\n<div class=\"wp-block-media-text alignwide\" style=\"grid-template-columns:15% auto\"><figure class=\"wp-block-media-text__media\"><img loading=\"lazy\" decoding=\"async\" width=\"116\" height=\"166\" src=\"https:\/\/webs.uab.cat\/pleelab\/wp-content\/uploads\/sites\/399\/2023\/04\/phe1.webp\" alt=\"\" class=\"wp-image-118 size-full\" \/><\/figure><div class=\"wp-block-media-text__content\">\n<p class=\"has-small-font-size\">RA Batista,&nbsp;<strong>J Moreno-Romero<\/strong>, Y Qiu, J van Boven, J Santos-Gonz\u00e1lez, DD Figueiredo, C K\u00f6hler. 2019.&nbsp;<em>The MADS-box transcription factor PHERES1 controls imprinting in the endosperm by binding to domesticated transposons<\/em>.&nbsp;<strong><em>eLife<\/em><\/strong>. 8:e50541.<br>doi: <a href=\"https:\/\/elifesciences.org\/articles\/50541\" target=\"_blank\" rel=\"noreferrer noopener\">10.7554\/eLife.50541<\/a><\/p>\n<\/div><\/div>\n\n\n\n<div class=\"wp-block-media-text alignwide has-media-on-the-right\" style=\"grid-template-columns:auto 15%\"><figure class=\"wp-block-media-text__media\"><img loading=\"lazy\" decoding=\"async\" width=\"116\" height=\"155\" src=\"https:\/\/webs.uab.cat\/pleelab\/wp-content\/uploads\/sites\/399\/2023\/04\/capt2-1.webp\" alt=\"\" class=\"wp-image-119 size-full\" \/><\/figure><div class=\"wp-block-media-text__content\">\n<p class=\"has-small-font-size\"><strong>J Moreno-Romero<\/strong>, G Del Toro-De Le\u00f3n, VK Yadav, J Santos-Gonz\u00e1lez, C K\u00f6hler. 2019.&nbsp;<em>Epigenetic signatures associated with imprinted paternally expressed genes in the Arabidopsis endosperm<\/em>.&nbsp;<strong><em>Genome Biology<\/em><\/strong>. 20(1):41.<br>doi: <a href=\"https:\/\/genomebiology.biomedcentral.com\/articles\/10.1186\/s13059-019-1652-0\" target=\"_blank\" rel=\"noreferrer noopener\">10.1186\/s13059-019-1652-0<\/a><\/p>\n<\/div><\/div>\n\n\n\n<div class=\"wp-block-media-text alignwide has-verd-tropic-transparent-background-color has-background\" style=\"grid-template-columns:15% auto\"><figure class=\"wp-block-media-text__media\"><img loading=\"lazy\" decoding=\"async\" width=\"118\" height=\"177\" src=\"https:\/\/webs.uab.cat\/pleelab\/wp-content\/uploads\/sites\/399\/2023\/04\/cap3.webp\" alt=\"\" class=\"wp-image-120 size-full\" \/><\/figure><div class=\"wp-block-media-text__content\">\n<p class=\"has-small-font-size\">MJ Molina-Contreras, S Pauli\u0161i\u0107, C Then,&nbsp;<strong>J Moreno-Romero<\/strong>, P Pastor-Andreu, L Morelli, I Roig-Villanova, H Jenkins, A Hallab, X Gan, A Gomez-Cadenas, M Tsiantis, M Rodr\u00edguez-Concepci\u00f3n, JF Mart\u00ednez-Garc\u00eda. 2019.&nbsp;<em>Photoreceptor Activity Contributes to Contrasting Responses to Shade in Cardamine and Arabidopsis Seedlings<\/em>.&nbsp;<strong><em>Plant Cell<\/em><\/strong>. 31(11):2649\u20132663.<br>doi: 10.1105\/tpc.19.00275<\/p>\n<\/div><\/div>\n\n\n\n<p class=\"has-text-align-center\"><strong>2018<\/strong><\/p>\n\n\n\n<div class=\"wp-block-media-text alignwide has-media-on-the-right\" style=\"grid-template-columns:auto 15%\"><figure class=\"wp-block-media-text__media\"><img loading=\"lazy\" decoding=\"async\" width=\"273\" height=\"427\" src=\"https:\/\/webs.uab.cat\/pleelab\/wp-content\/uploads\/sites\/399\/2023\/04\/cap4-1.webp\" alt=\"\" class=\"wp-image-122 size-full\" srcset=\"https:\/\/webs.uab.cat\/pleelab\/wp-content\/uploads\/sites\/399\/2023\/04\/cap4-1.webp 273w, https:\/\/webs.uab.cat\/pleelab\/wp-content\/uploads\/sites\/399\/2023\/04\/cap4-1-192x300.webp 192w\" sizes=\"auto, (max-width: 273px) 100vw, 273px\" \/><\/figure><div class=\"wp-block-media-text__content\">\n<p class=\"has-small-font-size\">A G\u00f3mez-Zambrano, P Crevill\u00e9n, JM Franco-Zorrilla, JA L\u00f3pez,&nbsp;<strong>J Moreno-Romero<\/strong>, P Roszak, J Santos-Gonz\u00e1lez, S Jurado, J V\u00e1zquez, C K\u00f6hler, R Solano, M Pi\u00f1eiro, JA Jarillo. 2018.&nbsp;<em>Arabidopsis SWC4 binds DNA and recruits the SWR1 complex to modulate histone H2A.Z deposition at key regulatory genes<\/em>.&nbsp;<strong><em>Molecular Plant<\/em><\/strong>. 11(6):815-832.<br>doi: <a href=\"https:\/\/www.cell.com\/molecular-plant\/fulltext\/S1674-2052(18)30122-9\" target=\"_blank\" rel=\"noreferrer noopener\">10.1016\/j.molp.2018.03.014<\/a><\/p>\n<\/div><\/div>\n\n\n\n<div class=\"wp-block-media-text alignwide\" style=\"grid-template-columns:15% auto\"><figure class=\"wp-block-media-text__media\"><img loading=\"lazy\" decoding=\"async\" width=\"107\" height=\"140\" src=\"https:\/\/webs.uab.cat\/pleelab\/wp-content\/uploads\/sites\/399\/2023\/04\/cap5.webp\" alt=\"\" class=\"wp-image-123 size-full\" \/><\/figure><div class=\"wp-block-media-text__content\">\n<p class=\"has-small-font-size\">G Martinez, P Wolff, Z Wang,&nbsp;<strong>J Moreno-Romero<\/strong>, J Santos-Gonz\u00e1lez, LL Conze, C DeFraia, RK Slotkin, C K\u00f6hler. 2018.&nbsp;<em>Paternal easiRNAs regulate parental genome dosage in Arabidopsis<\/em>.&nbsp;<strong><em>Nature Genetics<\/em><\/strong>. 50(2):193-198.<br>doi: <a href=\"https:\/\/www.nature.com\/articles\/s41588-017-0033-4\" target=\"_blank\" rel=\"noreferrer noopener\">10.1038\/s41588-017-0033-4<\/a><\/p>\n<\/div><\/div>\n\n\n\n<p class=\"has-text-align-center\"><strong>2017<\/strong><\/p>\n\n\n\n<div class=\"wp-block-media-text alignwide has-media-on-the-right\" style=\"grid-template-columns:auto 15%\"><figure class=\"wp-block-media-text__media\"><img loading=\"lazy\" decoding=\"async\" width=\"108\" height=\"150\" src=\"https:\/\/webs.uab.cat\/pleelab\/wp-content\/uploads\/sites\/399\/2023\/04\/cap6.webp\" alt=\"\" class=\"wp-image-124 size-full\" \/><\/figure><div class=\"wp-block-media-text__content\">\n<p class=\"has-small-font-size\">H Jiang,<strong>&nbsp;J Moreno-Romero<\/strong>, J Santos-Gonz\u00e1lez, G De Jaeger, K Gevaert, E Van De Slijke and C K\u00f6hler. 2017.&nbsp;<em>Ectopic application of the repressive histone modification H3K9me2 establishes postzygotic reproductive isolation in Arabidopsis thaliana.<\/em><strong><em>&nbsp;Genes and Development<\/em><\/strong>. 31(12):1272-1287.<br>doi: <a href=\"http:\/\/genesdev.cshlp.org\/content\/31\/12\/1272\" target=\"_blank\" rel=\"noreferrer noopener\">10.1101\/gad.299347.117<\/a><\/p>\n<\/div><\/div>\n\n\n\n<div class=\"wp-block-media-text alignwide\" style=\"grid-template-columns:15% auto\"><figure class=\"wp-block-media-text__media\"><img loading=\"lazy\" decoding=\"async\" width=\"106\" height=\"138\" src=\"https:\/\/webs.uab.cat\/pleelab\/wp-content\/uploads\/sites\/399\/2023\/04\/cap7.webp\" alt=\"\" class=\"wp-image-126 size-full\" \/><\/figure><div class=\"wp-block-media-text__content\">\n<p class=\"has-small-font-size\"><strong>J Moreno-Romero<\/strong>, J Santos-Gonz\u00e1lez, L Hennig and&nbsp;C K\u00f6hler. 2017.&nbsp;<em>Applying the INTACT method to purify endosperm nuclei and to generate parental-specific epigenome profiles<\/em>.&nbsp;<strong><em>Nature Protocols<\/em><\/strong>. 12(2):238-254.<br>doi: <a href=\"https:\/\/www.nature.com\/articles\/nprot.2016.167\" target=\"_blank\" rel=\"noreferrer noopener\">10.1038\/nprot.2016.167<\/a><\/p>\n<\/div><\/div>\n\n\n\n<div class=\"wp-block-media-text alignwide has-media-on-the-right\" style=\"grid-template-columns:auto 15%\"><figure class=\"wp-block-media-text__media\"><img loading=\"lazy\" decoding=\"async\" width=\"104\" height=\"165\" src=\"https:\/\/webs.uab.cat\/pleelab\/wp-content\/uploads\/sites\/399\/2023\/04\/cap8.webp\" alt=\"\" class=\"wp-image-127 size-full\" \/><\/figure><div class=\"wp-block-media-text__content\">\n<p class=\"has-small-font-size\">MS Trejo-Arellano, W Mahrez, M Nakamura,&nbsp;<strong>J Moreno-Romero<\/strong>, P Nanni, C K\u00f6hler and L Hennig. 2017.&nbsp;<em>H3K23me1 is an evolutionarily conserved histone modification associated with CG DNA methylation in Arabidopsis<\/em>.&nbsp;<em><strong>Plant Journal<\/strong><\/em>. 90(2):293-303.<br>doi: <a href=\"https:\/\/onlinelibrary.wiley.com\/doi\/full\/10.1111\/tpj.13489\" target=\"_blank\" rel=\"noreferrer noopener\">10.1111\/tpj.13489<\/a><\/p>\n<\/div><\/div>\n\n\n\n<p class=\"has-text-align-center\"><strong>2016<\/strong><\/p>\n\n\n\n<div class=\"wp-block-media-text alignwide\" style=\"grid-template-columns:15% auto\"><figure class=\"wp-block-media-text__media\"><img loading=\"lazy\" decoding=\"async\" width=\"470\" height=\"580\" src=\"https:\/\/webs.uab.cat\/pleelab\/wp-content\/uploads\/sites\/399\/2023\/04\/cap9.webp\" alt=\"\" class=\"wp-image-128 size-full\" srcset=\"https:\/\/webs.uab.cat\/pleelab\/wp-content\/uploads\/sites\/399\/2023\/04\/cap9.webp 470w, https:\/\/webs.uab.cat\/pleelab\/wp-content\/uploads\/sites\/399\/2023\/04\/cap9-243x300.webp 243w\" sizes=\"auto, (max-width: 470px) 100vw, 470px\" \/><\/figure><div class=\"wp-block-media-text__content\">\n<p class=\"has-small-font-size\">M Castellano, G Martinez,&nbsp;<strong>J Moreno-Romero<\/strong>, C K\u00f6hler, V Pallas, and G G\u00f3mez. 2016.&nbsp;<em>Changes in the DNA methylation pattern of the host male gametophyte induced by a pathogenic long non-coding RNA<\/em>.&nbsp;<strong><em>Journal of Experimental Botany<\/em><\/strong>. 67(19):5857-5868.<br>doi: <a href=\"https:\/\/academic.oup.com\/jxb\/article\/67\/19\/5857\/2236510\" target=\"_blank\" rel=\"noreferrer noopener\">10.1093\/jxb\/erw353<\/a><\/p>\n<\/div><\/div>\n\n\n\n<div class=\"wp-block-media-text alignwide has-media-on-the-right\" style=\"grid-template-columns:auto 15%\"><figure class=\"wp-block-media-text__media\"><img loading=\"lazy\" decoding=\"async\" width=\"300\" height=\"392\" src=\"https:\/\/webs.uab.cat\/pleelab\/wp-content\/uploads\/sites\/399\/2023\/04\/cap10.webp\" alt=\"\" class=\"wp-image-129 size-full\" srcset=\"https:\/\/webs.uab.cat\/pleelab\/wp-content\/uploads\/sites\/399\/2023\/04\/cap10.webp 300w, https:\/\/webs.uab.cat\/pleelab\/wp-content\/uploads\/sites\/399\/2023\/04\/cap10-230x300.webp 230w\" sizes=\"auto, (max-width: 300px) 100vw, 300px\" \/><\/figure><div class=\"wp-block-media-text__content\">\n<p class=\"has-small-font-size\"><strong>J Moreno-Romero<\/strong>, H Jiang, J Santos-Gonz\u00e1lez and C K\u00f6hler<em>.&nbsp;<\/em>2016.&nbsp;<em>Parental epigenetic asymmetry of PRC2-mediated histone modifications in the Arabidopsis endosperm<\/em>.&nbsp;<strong><em>EMBO Journal<\/em><\/strong>. 35(12): 1298\u20131311.<br>doi: <a href=\"https:\/\/www.embopress.org\/doi\/full\/10.15252\/embj.201593534\" target=\"_blank\" rel=\"noreferrer noopener\">10.15252\/embj.201593534<\/a><\/p>\n<\/div><\/div>\n\n\n\n<div class=\"wp-block-media-text alignwide\" style=\"grid-template-columns:15% auto\"><figure class=\"wp-block-media-text__media\"><img loading=\"lazy\" decoding=\"async\" width=\"97\" height=\"141\" src=\"https:\/\/webs.uab.cat\/pleelab\/wp-content\/uploads\/sites\/399\/2023\/04\/cap11.webp\" alt=\"\" class=\"wp-image-130 size-full\" \/><\/figure><div class=\"wp-block-media-text__content\">\n<p class=\"has-small-font-size\">W Mahrez, MS Trejo Arellano,&nbsp;<strong>J Moreno-Romero<\/strong>, M Nakamura, H Shu, P Nanni, C K\u00f6hler, W Gruissem and L Hennig. 2016.&nbsp;<em>H3K36ac is an evolutionary conserved plant histone modification that marks active genes<\/em>.&nbsp;<strong><em>Plant Physiology<\/em>.<\/strong>&nbsp;170(3):1566-1577.<br>doi: <a href=\"http:\/\/www.plantphysiol.org\/content\/170\/3\/1566\" target=\"_blank\" rel=\"noreferrer noopener\">10.1104\/pp.15.01744<\/a><\/p>\n<\/div><\/div>\n\n\n\n<div class=\"wp-block-media-text alignwide has-media-on-the-right\" style=\"grid-template-columns:auto 15%\"><figure class=\"wp-block-media-text__media\"><img loading=\"lazy\" decoding=\"async\" width=\"106\" height=\"158\" src=\"https:\/\/webs.uab.cat\/pleelab\/wp-content\/uploads\/sites\/399\/2023\/04\/cap12.webp\" alt=\"\" class=\"wp-image-131 size-full\" \/><\/figure><div class=\"wp-block-media-text__content\">\n<p class=\"has-small-font-size\">H Rodr\u00edguez-Sanz,&nbsp;<strong>J Moreno-Romero<\/strong>, MT Sol\u00eds, C K\u00f6hler, MC Risue\u00f1o and PS Testillano. 2014.&nbsp;<em>Changes in histone methylation and acetylation during microspore reprogramming to embryogenesis occur concomitantly with bnHKMT and bnHAT expression and are associated with cell totipotency, proliferation, and differentiation in Brassica napus<\/em>.&nbsp;<strong><em>Cytogenetic and Genome Research<\/em><\/strong>. 143(1-3):209-218.<br>doi: <a href=\"https:\/\/www.karger.com\/Article\/Abstract\/365261\" target=\"_blank\" rel=\"noreferrer noopener\">10.1159\/000365261<\/a><\/p>\n<\/div><\/div>\n\n\n\n<p class=\"has-text-align-center\"><strong>2013<\/strong><\/p>\n\n\n\n<div class=\"wp-block-media-text alignwide\" style=\"grid-template-columns:15% auto\"><figure class=\"wp-block-media-text__media\"><img loading=\"lazy\" decoding=\"async\" width=\"77\" height=\"108\" src=\"https:\/\/webs.uab.cat\/pleelab\/wp-content\/uploads\/sites\/399\/2023\/04\/cap19-1.webp\" alt=\"\" class=\"wp-image-132 size-full\" \/><\/figure><div class=\"wp-block-media-text__content\">\n<p class=\"has-small-font-size\">L Armengot&nbsp;and&nbsp;<strong>J Moreno-Romero<\/strong>.&nbsp;<em>Micrococcal Nuclease (MNase) Assay of&nbsp;<em>Arabidopsis thaliana<\/em>&nbsp;nuclei<\/em>.&nbsp;<strong><em>Bio-protocol<\/em><\/strong>. 3(7):e455.<br>doi: <a href=\"https:\/\/bio-protocol.org\/e455\" target=\"_blank\" rel=\"noreferrer noopener\">10.21769\/BioProtoc.455<\/a><\/p>\n<\/div><\/div>\n\n\n\n<p class=\"has-text-align-center\"><strong>2012<\/strong><\/p>\n\n\n\n<div class=\"wp-block-media-text alignwide has-media-on-the-right\" style=\"grid-template-columns:auto 15%\"><figure class=\"wp-block-media-text__media\"><img loading=\"lazy\" decoding=\"async\" width=\"322\" height=\"328\" src=\"https:\/\/webs.uab.cat\/pleelab\/wp-content\/uploads\/sites\/399\/2023\/04\/cap13.webp\" alt=\"\" class=\"wp-image-133 size-full\" srcset=\"https:\/\/webs.uab.cat\/pleelab\/wp-content\/uploads\/sites\/399\/2023\/04\/cap13.webp 322w, https:\/\/webs.uab.cat\/pleelab\/wp-content\/uploads\/sites\/399\/2023\/04\/cap13-295x300.webp 295w\" sizes=\"auto, (max-width: 322px) 100vw, 322px\" \/><\/figure><div class=\"wp-block-media-text__content\">\n<p class=\"has-small-font-size\"><strong>J Moreno-Romero<\/strong>, L Armengot, MM Marques-Bueno, A Britt and MC Mart\u00ednez. 2012.&nbsp;<em>CK2-defective Arabidopsis plants exhibit enhanced double-strand- break repair rates and reduced survival after exposure to ionizing radiation<\/em>.&nbsp;<strong><em>Plant Journal<\/em><\/strong>. 71(4):627-638.<br>doi: <a href=\"https:\/\/onlinelibrary.wiley.com\/doi\/full\/10.1111\/j.1365-313X.2012.05019.x\" target=\"_blank\" rel=\"noreferrer noopener\">10.1111\/j.1365-313X.2012.05019.x<\/a><\/p>\n<\/div><\/div>\n\n\n\n<p class=\"has-text-align-center\"><strong>2011<\/strong><\/p>\n\n\n\n<div class=\"wp-block-media-text alignwide\" style=\"grid-template-columns:15% auto\"><figure class=\"wp-block-media-text__media\"><img loading=\"lazy\" decoding=\"async\" width=\"101\" height=\"131\" src=\"https:\/\/webs.uab.cat\/pleelab\/wp-content\/uploads\/sites\/399\/2023\/04\/cover.webp\" alt=\"\" class=\"wp-image-134 size-full\" \/><\/figure><div class=\"wp-block-media-text__content\">\n<p class=\"has-small-font-size\">MM Marques-Bueno,&nbsp;<strong>J Moreno-Romero<\/strong>, L Abas, R de Michele and MC Mart\u00ednez. 2011.&nbsp;<em>A dominant negative mutant of protein kinase CK2 exhibits altered auxin responses in Arabidopsis<\/em>.&nbsp;<em><strong>Plant Journal<\/strong><\/em>. 67:1, 169-180.<br>doi: <a href=\"https:\/\/onlinelibrary.wiley.com\/doi\/10.1111\/j.1365-313X.2011.04585.x\" target=\"_blank\" rel=\"noreferrer noopener\">10.1111\/j.1365-313X.2011.04585.x<\/a><\/p>\n<\/div><\/div>\n\n\n\n<div class=\"wp-block-media-text alignwide has-media-on-the-right\" style=\"grid-template-columns:auto 15%\"><figure class=\"wp-block-media-text__media\"><img loading=\"lazy\" decoding=\"async\" width=\"109\" height=\"158\" src=\"https:\/\/webs.uab.cat\/pleelab\/wp-content\/uploads\/sites\/399\/2023\/04\/cap14.webp\" alt=\"\" class=\"wp-image-135 size-full\" \/><\/figure><div class=\"wp-block-media-text__content\">\n<p class=\"has-small-font-size\"><strong>J Moreno-Romero<\/strong>, L Armengot, MM Marques-Bueno, M Cadavid-Ord\u00f3\u00f1ez and MC Mart\u00ednez. 2011.&nbsp;<em>About the role of CK2 in plant signal transduction<\/em>.&nbsp;<strong><em>Molecular and cellular Biochemistry<\/em><\/strong>. 356(1-2):233-240.<br>doi: <a href=\"https:\/\/link.springer.com\/article\/10.1007\/s11010-011-0970-7\" target=\"_blank\" rel=\"noreferrer noopener\">10.1007\/s11010-011-0970-7<\/a><\/p>\n<\/div><\/div>\n\n\n\n<div class=\"wp-block-media-text alignwide\" style=\"grid-template-columns:15% auto\"><figure class=\"wp-block-media-text__media\"><img loading=\"lazy\" decoding=\"async\" width=\"104\" height=\"156\" src=\"https:\/\/webs.uab.cat\/pleelab\/wp-content\/uploads\/sites\/399\/2023\/04\/cap15.webp\" alt=\"\" class=\"wp-image-136 size-full\" \/><\/figure><div class=\"wp-block-media-text__content\">\n<p class=\"has-small-font-size\">MM Marques-Bueno,&nbsp;<strong>J Moreno-Romero<\/strong>, R de Michele and MC Mart\u00ednez. 2011.&nbsp;<em>Linking protein kinase CK2 and auxin transport<\/em>.&nbsp;<em><strong>Plant Signaling &amp; Behavior<\/strong><\/em>. 6(10):1603-1605.&nbsp;<br>doi: <a href=\"https:\/\/www.tandfonline.com\/doi\/full\/10.4161\/psb.6.10.17136\" target=\"_blank\" rel=\"noreferrer noopener\">10.4161\/psb.6.10.17136<\/a><\/p>\n<\/div><\/div>\n\n\n\n<p class=\"has-text-align-center\"><strong>2008<\/strong><\/p>\n\n\n\n<div class=\"wp-block-media-text alignwide has-media-on-the-right\" style=\"grid-template-columns:auto 15%\"><figure class=\"wp-block-media-text__media\"><img loading=\"lazy\" decoding=\"async\" width=\"100\" height=\"155\" src=\"https:\/\/webs.uab.cat\/pleelab\/wp-content\/uploads\/sites\/399\/2023\/04\/cap16.webp\" alt=\"\" class=\"wp-image-137 size-full\" \/><\/figure><div class=\"wp-block-media-text__content\">\n<p class=\"has-small-font-size\"><strong>J Moreno-Romero<\/strong>, MC Espunya, M Platara, J Ari\u00f1o and MC Mart\u00ednez. 2008.&nbsp;<em>A role for protein kinase CK2 in plant development: evidence obtained using a dominant negative mutant<\/em>.&nbsp;<strong><em>Plant Journal<\/em><\/strong>. 55(1):118-130.<br>doi: <a href=\"https:\/\/onlinelibrary.wiley.com\/doi\/full\/10.1111\/j.1365-313X.2008.03494.x\" target=\"_blank\" rel=\"noreferrer noopener\">10.1111\/j.1365-313X.2008.03494.x<\/a><\/p>\n<\/div><\/div>\n\n\n\n<div class=\"wp-block-media-text alignwide\" style=\"grid-template-columns:15% auto\"><figure class=\"wp-block-media-text__media\"><img loading=\"lazy\" decoding=\"async\" width=\"96\" height=\"134\" src=\"https:\/\/webs.uab.cat\/pleelab\/wp-content\/uploads\/sites\/399\/2023\/04\/cap17.webp\" alt=\"\" class=\"wp-image-138 size-full\" \/><\/figure><div class=\"wp-block-media-text__content\">\n<p class=\"has-small-font-size\"><strong>J Moreno-Romero<\/strong>&nbsp;and MC Martinez. 2008.&nbsp;<em>Is there a link between protein kinase CK2 and auxin signaling?&nbsp;<\/em><strong><em>Plant Signaling &amp; Behavior<\/em>.<\/strong>&nbsp;3(9): 695-697.<br>doi: <a href=\"https:\/\/www.tandfonline.com\/doi\/full\/10.4161\/psb.3.9.6343\" target=\"_blank\" rel=\"noreferrer noopener\">10.4161\/psb.3.9.6343<\/a><\/p>\n<\/div><\/div>\n\n\n\n<p class=\"has-text-align-center\"><strong>2006<\/strong><\/p>\n\n\n\n<div class=\"wp-block-media-text alignwide has-media-on-the-right\" style=\"grid-template-columns:auto 15%\"><figure class=\"wp-block-media-text__media\"><img loading=\"lazy\" decoding=\"async\" width=\"110\" height=\"164\" src=\"https:\/\/webs.uab.cat\/pleelab\/wp-content\/uploads\/sites\/399\/2023\/04\/cap18.webp\" alt=\"\" class=\"wp-image-139 size-full\" \/><\/figure><div class=\"wp-block-media-text__content\">\n<p class=\"has-small-font-size\">MC Espunya, M D\u00edaz,<strong>&nbsp;J Moreno-Romero<\/strong>, MC Mart\u00ednez. 2006.&nbsp;<em>Modification of intracellular levels of glutathione-dependent formaldehyde dehydrogenase alters glutathione homeostasis and root development<\/em>.&nbsp;<em><strong>Plant Cell and Environment<\/strong><\/em>. 29(5):1002-1011.<br>doi: <a href=\"https:\/\/onlinelibrary.wiley.com\/doi\/abs\/10.1111\/j.1365-3040.2006.01497.x\" target=\"_blank\" rel=\"noreferrer noopener\">10.1111\/j.1365-3040.2006.01497.x<\/a><\/p>\n<\/div><\/div>\n<\/div><\/div>\n\n\n\n<div class=\"wp-block-columns is-layout-flex wp-container-core-columns-is-layout-9d6595d7 wp-block-columns-is-layout-flex\">\n<div class=\"wp-block-column is-layout-flow wp-block-column-is-layout-flow\"><\/div>\n<\/div>\n","protected":false},"excerpt":{"rendered":"<p>Find the wonder even in the most common place Carl von Linn\u00e9 2022 D Arias, A Ortega, C Gonz\u00e1lez-Calquin, L F Quiroz, J Moreno-Romero, J Mart\u00ednez-Garc\u00eda, C Stange. 2022.&nbsp;Development and carotenoid synthesis in dark-grown carrot taproots require PHYTOCHROME RAPIDLY REGULATED1.&nbsp;Plant Physiology. 189(3):1450-1465 doi: 10.1093\/plphys\/kiac097 K Vives Hern\u00e1ndez, J Moreno-Romero, M Hern\u00e1ndez de la Torre, C [&hellip;]<\/p>\n","protected":false},"author":2616,"featured_media":0,"parent":0,"menu_order":0,"comment_status":"closed","ping_status":"closed","template":"","meta":{"footnotes":""},"class_list":["post-11","page","type-page","status-publish","hentry"],"_links":{"self":[{"href":"https:\/\/webs.uab.cat\/pleelab\/wp-json\/wp\/v2\/pages\/11","targetHints":{"allow":["GET"]}}],"collection":[{"href":"https:\/\/webs.uab.cat\/pleelab\/wp-json\/wp\/v2\/pages"}],"about":[{"href":"https:\/\/webs.uab.cat\/pleelab\/wp-json\/wp\/v2\/types\/page"}],"author":[{"embeddable":true,"href":"https:\/\/webs.uab.cat\/pleelab\/wp-json\/wp\/v2\/users\/2616"}],"replies":[{"embeddable":true,"href":"https:\/\/webs.uab.cat\/pleelab\/wp-json\/wp\/v2\/comments?post=11"}],"version-history":[{"count":15,"href":"https:\/\/webs.uab.cat\/pleelab\/wp-json\/wp\/v2\/pages\/11\/revisions"}],"predecessor-version":[{"id":148,"href":"https:\/\/webs.uab.cat\/pleelab\/wp-json\/wp\/v2\/pages\/11\/revisions\/148"}],"wp:attachment":[{"href":"https:\/\/webs.uab.cat\/pleelab\/wp-json\/wp\/v2\/media?parent=11"}],"curies":[{"name":"wp","href":"https:\/\/api.w.org\/{rel}","templated":true}]}}