{"id":5,"date":"2023-04-16T13:13:04","date_gmt":"2023-04-16T11:13:04","guid":{"rendered":"https:\/\/webs.uab.cat\/pleelab\/?page_id=5"},"modified":"2025-02-07T19:08:50","modified_gmt":"2025-02-07T17:08:50","slug":"team-and-collabs","status":"publish","type":"page","link":"https:\/\/webs.uab.cat\/pleelab\/team-and-collabs\/","title":{"rendered":"Team and Collabs"},"content":{"rendered":"<h2>PI<\/h2>\n\n\n<div class=\"wp-block-columns is-layout-flex wp-container-core-columns-is-layout-9d6595d7 wp-block-columns-is-layout-flex\">\n<div class=\"wp-block-column is-layout-flow wp-block-column-is-layout-flow\" style=\"flex-basis:33.33%\">\n<figure class=\"wp-block-image size-large\"><img loading=\"lazy\" decoding=\"async\" width=\"598\" height=\"1024\" src=\"https:\/\/webs.uab.cat\/pleelab\/wp-content\/uploads\/sites\/399\/2023\/04\/Jordi-M-R-with-lab-logo-598x1024.jpg\" alt=\"\" class=\"wp-image-63\" srcset=\"https:\/\/webs.uab.cat\/pleelab\/wp-content\/uploads\/sites\/399\/2023\/04\/Jordi-M-R-with-lab-logo-598x1024.jpg 598w, https:\/\/webs.uab.cat\/pleelab\/wp-content\/uploads\/sites\/399\/2023\/04\/Jordi-M-R-with-lab-logo-175x300.jpg 175w, https:\/\/webs.uab.cat\/pleelab\/wp-content\/uploads\/sites\/399\/2023\/04\/Jordi-M-R-with-lab-logo-768x1314.jpg 768w, https:\/\/webs.uab.cat\/pleelab\/wp-content\/uploads\/sites\/399\/2023\/04\/Jordi-M-R-with-lab-logo-898x1536.jpg 898w, https:\/\/webs.uab.cat\/pleelab\/wp-content\/uploads\/sites\/399\/2023\/04\/Jordi-M-R-with-lab-logo-1197x2048.jpg 1197w, https:\/\/webs.uab.cat\/pleelab\/wp-content\/uploads\/sites\/399\/2023\/04\/Jordi-M-R-with-lab-logo-1200x2054.jpg 1200w, https:\/\/webs.uab.cat\/pleelab\/wp-content\/uploads\/sites\/399\/2023\/04\/Jordi-M-R-with-lab-logo-1980x3389.jpg 1980w, https:\/\/webs.uab.cat\/pleelab\/wp-content\/uploads\/sites\/399\/2023\/04\/Jordi-M-R-with-lab-logo-scaled.jpg 1496w\" sizes=\"auto, (max-width: 598px) 100vw, 598px\" \/><\/figure>\n<\/div>\n\n\n\n<div class=\"wp-block-column is-layout-flow wp-block-column-is-layout-flow\" style=\"flex-basis:66.66%\">\n<h5><strong>Jordi Moreno-Romero<\/strong><\/h5>\n<p>PhD in Biochemistry and Molecular Biology<\/p>\n<p>ORCID: <strong><a href=\"https:\/\/orcid.org\/0000-0002-7352-1507\" target=\"_blank\" rel=\"noreferrer noopener\">0000-0002-7352-1507<\/a><\/strong><\/p>\n<\/div>\n<\/div>\n\n\n<h2>Team members<\/h2>\n\n\n<div class=\"wp-block-columns has-marro-stradivari-transparent-background-color has-background is-layout-flex wp-container-core-columns-is-layout-9d6595d7 wp-block-columns-is-layout-flex\">\n<div class=\"wp-block-column is-layout-flow wp-block-column-is-layout-flow\" style=\"flex-basis:33.33%\">\n<figure class=\"wp-block-image size-full\"><img loading=\"lazy\" decoding=\"async\" width=\"1024\" height=\"491\" src=\"https:\/\/webs.uab.cat\/pleelab\/wp-content\/uploads\/sites\/399\/2025\/02\/Poonam-1.jpg\" alt=\"\" class=\"wp-image-198\" srcset=\"https:\/\/webs.uab.cat\/pleelab\/wp-content\/uploads\/sites\/399\/2025\/02\/Poonam-1.jpg 1024w, https:\/\/webs.uab.cat\/pleelab\/wp-content\/uploads\/sites\/399\/2025\/02\/Poonam-1-300x144.jpg 300w, https:\/\/webs.uab.cat\/pleelab\/wp-content\/uploads\/sites\/399\/2025\/02\/Poonam-1-768x368.jpg 768w\" sizes=\"auto, (max-width: 1024px) 100vw, 1024px\" \/><\/figure>\n<\/div>\n\n\n\n<div class=\"wp-block-column is-layout-flow wp-block-column-is-layout-flow\" style=\"flex-basis:66.66%\">\n<h5>Poonam Nebhnani<\/h5>\n<p>Postdoc<\/p>\n<\/div>\n<\/div>\n\n\n\n<div class=\"wp-block-columns has-marro-stradivari-transparent-background-color has-background is-layout-flex wp-container-core-columns-is-layout-9d6595d7 wp-block-columns-is-layout-flex\">\n<div class=\"wp-block-column is-layout-flow wp-block-column-is-layout-flow\" style=\"flex-basis:33.33%\">\n<figure class=\"wp-block-image size-full\"><img loading=\"lazy\" decoding=\"async\" width=\"1024\" height=\"491\" src=\"https:\/\/webs.uab.cat\/pleelab\/wp-content\/uploads\/sites\/399\/2025\/02\/Logo-Jordi_Gran-1024x491-1.jpg\" alt=\"\" class=\"wp-image-199\" srcset=\"https:\/\/webs.uab.cat\/pleelab\/wp-content\/uploads\/sites\/399\/2025\/02\/Logo-Jordi_Gran-1024x491-1.jpg 1024w, https:\/\/webs.uab.cat\/pleelab\/wp-content\/uploads\/sites\/399\/2025\/02\/Logo-Jordi_Gran-1024x491-1-300x144.jpg 300w, https:\/\/webs.uab.cat\/pleelab\/wp-content\/uploads\/sites\/399\/2025\/02\/Logo-Jordi_Gran-1024x491-1-768x368.jpg 768w\" sizes=\"auto, (max-width: 1024px) 100vw, 1024px\" \/><\/figure>\n<\/div>\n\n\n\n<div class=\"wp-block-column is-layout-flow wp-block-column-is-layout-flow\" style=\"flex-basis:66.66%\">\n<h5>Binman Liu<\/h5>\n<p>PhD student, UAB<\/p>\n<\/div>\n<\/div>\n\n\n\n<div class=\"wp-block-columns has-marro-stradivari-transparent-background-color has-background is-layout-flex wp-container-core-columns-is-layout-9d6595d7 wp-block-columns-is-layout-flex\">\n<div class=\"wp-block-column is-layout-flow wp-block-column-is-layout-flow\" style=\"flex-basis:33.33%\">\n<figure class=\"wp-block-image size-large\"><img loading=\"lazy\" decoding=\"async\" width=\"1024\" height=\"491\" src=\"https:\/\/webs.uab.cat\/pleelab\/wp-content\/uploads\/sites\/399\/2023\/04\/Logo-Jordi_Gran-1024x491.jpg\" alt=\"\" class=\"wp-image-7\" srcset=\"https:\/\/webs.uab.cat\/pleelab\/wp-content\/uploads\/sites\/399\/2023\/04\/Logo-Jordi_Gran-1024x491.jpg 1024w, https:\/\/webs.uab.cat\/pleelab\/wp-content\/uploads\/sites\/399\/2023\/04\/Logo-Jordi_Gran-300x144.jpg 300w, https:\/\/webs.uab.cat\/pleelab\/wp-content\/uploads\/sites\/399\/2023\/04\/Logo-Jordi_Gran-768x368.jpg 768w, https:\/\/webs.uab.cat\/pleelab\/wp-content\/uploads\/sites\/399\/2023\/04\/Logo-Jordi_Gran-1536x737.jpg 1536w, https:\/\/webs.uab.cat\/pleelab\/wp-content\/uploads\/sites\/399\/2023\/04\/Logo-Jordi_Gran-2048x982.jpg 2048w, https:\/\/webs.uab.cat\/pleelab\/wp-content\/uploads\/sites\/399\/2023\/04\/Logo-Jordi_Gran-1200x576.jpg 1200w, https:\/\/webs.uab.cat\/pleelab\/wp-content\/uploads\/sites\/399\/2023\/04\/Logo-Jordi_Gran-1980x950.jpg 1980w\" sizes=\"auto, (max-width: 1024px) 100vw, 1024px\" \/><\/figure>\n<\/div>\n\n\n\n<div class=\"wp-block-column is-layout-flow wp-block-column-is-layout-flow\" style=\"flex-basis:66.66%\">\n<h5>Rafia Urooj<\/h5>\n<p>PhD student, CRAG-UAB<\/p>\n<\/div>\n<\/div>\n\n\n<h2>Exchange students<\/h2>\n\n\n<div class=\"wp-block-columns has-marro-stradivari-transparent-background-color has-background is-layout-flex wp-container-core-columns-is-layout-9d6595d7 wp-block-columns-is-layout-flex\">\n<div class=\"wp-block-column is-layout-flow wp-block-column-is-layout-flow\" style=\"flex-basis:33.33%\">\n<figure class=\"wp-block-image size-large\"><img loading=\"lazy\" decoding=\"async\" width=\"1024\" height=\"491\" src=\"https:\/\/webs.uab.cat\/pleelab\/wp-content\/uploads\/sites\/399\/2023\/04\/Logo-Jordi_Gran-1024x491.jpg\" alt=\"\" class=\"wp-image-7\" srcset=\"https:\/\/webs.uab.cat\/pleelab\/wp-content\/uploads\/sites\/399\/2023\/04\/Logo-Jordi_Gran-1024x491.jpg 1024w, https:\/\/webs.uab.cat\/pleelab\/wp-content\/uploads\/sites\/399\/2023\/04\/Logo-Jordi_Gran-300x144.jpg 300w, https:\/\/webs.uab.cat\/pleelab\/wp-content\/uploads\/sites\/399\/2023\/04\/Logo-Jordi_Gran-768x368.jpg 768w, https:\/\/webs.uab.cat\/pleelab\/wp-content\/uploads\/sites\/399\/2023\/04\/Logo-Jordi_Gran-1536x737.jpg 1536w, https:\/\/webs.uab.cat\/pleelab\/wp-content\/uploads\/sites\/399\/2023\/04\/Logo-Jordi_Gran-2048x982.jpg 2048w, https:\/\/webs.uab.cat\/pleelab\/wp-content\/uploads\/sites\/399\/2023\/04\/Logo-Jordi_Gran-1200x576.jpg 1200w, https:\/\/webs.uab.cat\/pleelab\/wp-content\/uploads\/sites\/399\/2023\/04\/Logo-Jordi_Gran-1980x950.jpg 1980w\" sizes=\"auto, (max-width: 1024px) 100vw, 1024px\" \/><\/figure>\n<\/div>\n\n\n\n<div class=\"wp-block-column is-layout-flow wp-block-column-is-layout-flow\" style=\"flex-basis:66.66%\">\n<h5>Natalia Avil\u00e9s<\/h5>\n<p>PhD student<\/p>\n<p>F<span style=\"font-size: revert;letter-spacing: 0.05rem\">rom Rodrigo Hazb\u00fan Lab (University of Concepci\u00f3n, Chile)<\/span><\/p>\n<\/div>\n<\/div>\n\n\n<h2>Alumni<\/h2>\n<h6>visiting Phd students<\/h6>\n<p><strong>Inelvis Castro<\/strong> (exchange PhD student f<span style=\"font-size: revert;color: var(--color-negre);letter-spacing: 0.05rem\">rom University of Concepci\u00f3n, Chile)<\/span><\/p>\n<p><strong>Alicja Tomasiak<\/strong> (exchange PhD student f<span style=\"font-size: revert;color: var(--color-negre);letter-spacing: 0.05rem\">rom Alexander Betekhtin Lab, University of Silesia in Katowice, Poland)<\/span><\/p>\n<h6>master students<\/h6>\n<p><strong>Roberta Selina Charlesworth Healey<\/strong> (MsC student, Plant Biology, Genomics and Biotechnology, UAB-UB-CRAG, Feb-Jun 2024)<\/p>\n<p><strong>Jose \u00c1ngel Mercado Hornos<\/strong> (MsC student, Plant Biology, Genomics and Biotechnology, UAB-UB-CRAG, Feb-Jun 2023)<\/p>\n<h6>Undergraduate students<\/h6>\n<p><strong>Oscar Kruk Gil<\/strong> (VET student, Clinical and Biomedical Laboratory, Oct-Dec 2024)<\/p>\n<p><strong>Mar\u00eda Ram\u00edrez <\/strong>(undergrad student, Genetics, UAB)<\/p>\n<p><strong>Amaia Virg\u00f3s Vicu\u00f1a<\/strong> (undergrad student, Biochemistry, UAB)<\/p>\n<p><strong>Claudia Toledo<\/strong> (undergrad student, Biology, UAB, Jun-Sep 2023)<\/p>\n<p><strong>Biel Benaiges<\/strong> (undergrad student, Biosystems Engineering, UPC, Jun-Sep 2023)<\/p>\n<p><strong>Mario Escavia<\/strong> (undergrad student, Biosystems Engineering, UPC, Feb-Jun 2023)<\/p>\n<p><strong>Eva Reig<\/strong> (undergrad student, Biosystems Engineering, UPC, Feb-Jun 2023)<\/p>\n<p><strong>Miriam Lindez<\/strong> (undergrad student, Microbiology, UAB, Feb-Jun 2023)<\/p>\n<p><strong>Nuria Barrera<\/strong> (undergrad student, Biotechnology, UAB, Feb-Jun 2023)<\/p>\n<p><strong>Paula Lara Mart\u00ednez<\/strong> (undergrad student, Biosystems Engineering, UPC, Apr-Jun 2023)<\/p>\n<p><strong>David Encinas<\/strong> (undergrad student, Biotechnology, UAB, Jun-Sept 2022)<\/p>\n<h2>Collaborators<\/h2>\n<h3>Jaume Mart\u00ednez-Garcia<\/h3>\n<p>PI at IBMCP (Valencia)<br \/><a href=\"https:\/\/ibmcp.upv.es\/research-groups\/light-and-shade-regulation-of-plant-development\/\">Light and shade regulation of plant development<\/a> Group<\/p>\n<h3><span style=\"font-size: revert;letter-spacing: 0.05rem\">Martha Hern\u00e1ndez de la Torre<\/span><\/h3>\n<p>PI at <a href=\"http:\/\/www.forestal.udec.cl\/inicio\/departamentos\/silvicultura\/academicos\/martha-hernandez\/\">Facultat de Ciencias Forestales, Universidad de Concepci\u00f3n<\/a> (Chile)<\/p>\n<h3><span style=\"font-size: revert;letter-spacing: 0.05rem\">Karel Vives<\/span><\/h3>\n<p>Facultad de Ciencias naturales y Oceanograf\u00eda, Universidad de Concepci\u00f3n (Chile)<\/p>\n<h3>Alexander <span style=\"font-size: revert;color: var(--color-negre);letter-spacing: 0.05rem\">Betekhtin<\/span><\/h3>\n<p>PI at University of Silesia in Katowice (Poland)<\/p>\n<h3>Victoria S\u00e1nchez-Vera<\/h3>\n<p><a href=\"https:\/\/www.ihsm.uma-csic.es\/investigadores\/352\">JIN researcher<\/a> at IHSM-UMA (Spain)<\/p>","protected":false},"excerpt":{"rendered":"<p>PI Jordi Moreno-Romero PhD in Biochemistry and Molecular Biology ORCID: 0000-0002-7352-1507 Team members Poonam Nebhnani Postdoc Binman Liu PhD student, UAB Rafia Urooj PhD student, CRAG-UAB Exchange students Natalia Avil\u00e9s PhD student From Rodrigo Hazb\u00fan Lab (University of Concepci\u00f3n, Chile) Alumni visiting Phd students Inelvis Castro (exchange PhD student from University of Concepci\u00f3n, Chile) Alicja [&hellip;]<\/p>\n","protected":false},"author":2616,"featured_media":0,"parent":0,"menu_order":0,"comment_status":"closed","ping_status":"closed","template":"","meta":{"footnotes":""},"class_list":["post-5","page","type-page","status-publish","hentry"],"_links":{"self":[{"href":"https:\/\/webs.uab.cat\/pleelab\/wp-json\/wp\/v2\/pages\/5","targetHints":{"allow":["GET"]}}],"collection":[{"href":"https:\/\/webs.uab.cat\/pleelab\/wp-json\/wp\/v2\/pages"}],"about":[{"href":"https:\/\/webs.uab.cat\/pleelab\/wp-json\/wp\/v2\/types\/page"}],"author":[{"embeddable":true,"href":"https:\/\/webs.uab.cat\/pleelab\/wp-json\/wp\/v2\/users\/2616"}],"replies":[{"embeddable":true,"href":"https:\/\/webs.uab.cat\/pleelab\/wp-json\/wp\/v2\/comments?post=5"}],"version-history":[{"count":28,"href":"https:\/\/webs.uab.cat\/pleelab\/wp-json\/wp\/v2\/pages\/5\/revisions"}],"predecessor-version":[{"id":200,"href":"https:\/\/webs.uab.cat\/pleelab\/wp-json\/wp\/v2\/pages\/5\/revisions\/200"}],"wp:attachment":[{"href":"https:\/\/webs.uab.cat\/pleelab\/wp-json\/wp\/v2\/media?parent=5"}],"curies":[{"name":"wp","href":"https:\/\/api.w.org\/{rel}","templated":true}]}}