{"id":1139,"date":"2023-02-11T16:18:48","date_gmt":"2023-02-11T15:18:48","guid":{"rendered":"https:\/\/webs.uab.cat\/plopez\/?page_id=1139"},"modified":"2023-02-12T12:25:38","modified_gmt":"2023-02-12T11:25:38","slug":"tisa-objetivos","status":"publish","type":"page","link":"https:\/\/webs.uab.cat\/plopez\/tisa-objetivos\/","title":{"rendered":"TISA\/Objetivos"},"content":{"rendered":"\n<h2 class=\"wp-block-heading\">Objetivos del programa formativo<\/h2>\n\n\n\n<p>El programa del TISA ofrece\u00a0una formaci\u00f3n especializada de postgrado destinada al conocimiento y uso de las t\u00e9cnicas de investigaci\u00f3n avanzadas en el campo de las ciencias sociales y humanidades, con una orientaci\u00f3n aplicada y de profesionalizaci\u00f3n. Desde el reconocimiento de la pluralidad de perspectivas metodol\u00f3gicas en la investigaci\u00f3n social, se plantea como objetivo formativo proporcionar una fundamentaci\u00f3n metodol\u00f3gica y t\u00e9cnica de una amplia selecci\u00f3n de procedimientos para la producci\u00f3n y an\u00e1lisis de datos sociales, as\u00ed como de su aplicaci\u00f3n en la pr\u00e1ctica de la investigaci\u00f3n.<\/p>\n\n\n\n<p>El programa del M\u00e1ster TISA&nbsp;y de la Diplomatura de Postgrado tienen como <strong>objetivos generales<\/strong> proporcionar una formaci\u00f3n destinada a:<\/p>\n\n\n\n<ul class=\"wp-block-list\"><li><strong>Conocer <\/strong>los m\u00e9todos y t\u00e9cnicas de investigaci\u00f3n propios de las ciencias sociales y humanidades para su utilizaci\u00f3n en la investigaci\u00f3n social y en estudios organizacionales y de mercado, a trav\u00e9s de una formaci\u00f3n amplia, completa y actualizada, y desde una perspectiva tanto <strong>te\u00f3rica<\/strong> como <strong>aplicada<\/strong>.<\/li><li><strong>Profundizar <\/strong>los estudios de grado en relaci\u00f3n a las <strong>diferentes perspectivas<\/strong> metodol\u00f3gicas de la investigaci\u00f3n social: ya sea con una orientaci\u00f3n de investigaci\u00f3n <strong>cuantitativa<\/strong> como <strong>cualitativa<\/strong> y <strong>participativa<\/strong>., as\u00ed como en los dise\u00f1os <strong>mixtos<\/strong>. Se pondr\u00e1 el acento en el dise\u00f1o, el an\u00e1lisis y la interpretaci\u00f3n de los datos en el contexto de estudios sociales aplicados y para satisfacer las necesidades de conocimiento, planificaci\u00f3n y acci\u00f3n propias de las empresas y las instituciones.<\/li><li><strong>Obtener<\/strong> una formaci\u00f3n especializada orientada a la <strong>inserci\u00f3n<\/strong> en el mercado de trabajo de graduados\/as, al mismo tiempo que una <strong>formaci\u00f3n continua<\/strong> para los profesionales y los t\u00e9cnicos\/as de empresas e instituciones dedicadas a la investigaci\u00f3n social aplicada.<\/li><\/ul>\n","protected":false},"excerpt":{"rendered":"<p>Objetivos del programa formativo El programa del TISA ofrece\u00a0una formaci\u00f3n especializada de postgrado destinada al conocimiento y uso de las t\u00e9cnicas de investigaci\u00f3n avanzadas en el campo de las ciencias sociales y humanidades, con una orientaci\u00f3n aplicada y de profesionalizaci\u00f3n. Desde el reconocimiento de la pluralidad de perspectivas metodol\u00f3gicas en la investigaci\u00f3n social, se plantea [&hellip;]<\/p>\n","protected":false},"author":88,"featured_media":0,"parent":0,"menu_order":0,"comment_status":"closed","ping_status":"closed","template":"","meta":{"footnotes":""},"class_list":["post-1139","page","type-page","status-publish","hentry"],"_links":{"self":[{"href":"https:\/\/webs.uab.cat\/plopez\/wp-json\/wp\/v2\/pages\/1139","targetHints":{"allow":["GET"]}}],"collection":[{"href":"https:\/\/webs.uab.cat\/plopez\/wp-json\/wp\/v2\/pages"}],"about":[{"href":"https:\/\/webs.uab.cat\/plopez\/wp-json\/wp\/v2\/types\/page"}],"author":[{"embeddable":true,"href":"https:\/\/webs.uab.cat\/plopez\/wp-json\/wp\/v2\/users\/88"}],"replies":[{"embeddable":true,"href":"https:\/\/webs.uab.cat\/plopez\/wp-json\/wp\/v2\/comments?post=1139"}],"version-history":[{"count":3,"href":"https:\/\/webs.uab.cat\/plopez\/wp-json\/wp\/v2\/pages\/1139\/revisions"}],"predecessor-version":[{"id":1165,"href":"https:\/\/webs.uab.cat\/plopez\/wp-json\/wp\/v2\/pages\/1139\/revisions\/1165"}],"wp:attachment":[{"href":"https:\/\/webs.uab.cat\/plopez\/wp-json\/wp\/v2\/media?parent=1139"}],"curies":[{"name":"wp","href":"https:\/\/api.w.org\/{rel}","templated":true}]}}