{"id":168,"date":"2009-05-08T11:25:32","date_gmt":"2009-05-08T11:25:32","guid":{"rendered":"https:\/\/webs.uab.cat\/plopez\/inicio\/"},"modified":"2023-02-20T14:44:48","modified_gmt":"2023-02-20T13:44:48","slug":"inicio","status":"publish","type":"page","link":"https:\/\/webs.uab.cat\/plopez\/","title":{"rendered":"Bienvenidos\/as&#8230; | Benvinguts\/des&#8230; | Welcome&#8230; | Bienvenus\/es&#8230;"},"content":{"rendered":"\n<p class=\"has-text-align-center has-large-font-size\"><strong><mark style=\"background-color:#fff\" class=\"has-inline-color has-accent-color\">Dr. Pedro L\u00f3pez-Rold\u00e1n<\/mark><\/strong>   <a href=\"https:\/\/webs.uab.cat\/plopez\/cv\/\" target=\"_blank\" rel=\"noreferrer noopener\"><img loading=\"lazy\" decoding=\"async\" width=\"200\" height=\"200\" class=\"wp-image-1311\" style=\"width: 30px\" src=\"https:\/\/webs.uab.cat\/plopez\/wp-content\/uploads\/sites\/156\/2023\/02\/CV3.png\" alt=\"\" srcset=\"https:\/\/webs.uab.cat\/plopez\/wp-content\/uploads\/sites\/156\/2023\/02\/CV3.png 200w, https:\/\/webs.uab.cat\/plopez\/wp-content\/uploads\/sites\/156\/2023\/02\/CV3-150x150.png 150w\" sizes=\"auto, (max-width: 200px) 100vw, 200px\" \/><\/a><\/p>\n\n\n\n<p class=\"has-text-align-center\"><a rel=\"noreferrer noopener\" href=\"http:\/\/www.uab.cat\/departament\/sociologia\/\" target=\"_blank\">Departament de Sociologia<\/a><br><a rel=\"noreferrer noopener\" href=\"http:\/\/www.uab.cat\/politiques-sociologia\/\" target=\"_blank\">Facultat de Ci\u00e8ncies Pol\u00edtiques i de Sociologia<\/a>&nbsp;<\/p>\n\n\n\n<div class=\"wp-block-columns are-vertically-aligned-center is-layout-flex wp-container-core-columns-is-layout-9d6595d7 wp-block-columns-is-layout-flex\">\n<div class=\"wp-block-column is-vertically-aligned-center is-layout-flow wp-block-column-is-layout-flow\" style=\"flex-basis:80%\">\n<figure class=\"wp-block-image is-resized\"><a href=\"http:\/\/quit.uab.cat\" target=\"_blank\" rel=\"noreferrer noopener\"><img loading=\"lazy\" decoding=\"async\" src=\"https:\/\/webs.uab.cat\/plopez\/wp-content\/uploads\/sites\/156\/2009\/05\/quittop.jpg\" alt=\"\" class=\"wp-image-165\" width=\"666\" height=\"82\" srcset=\"https:\/\/webs.uab.cat\/plopez\/wp-content\/uploads\/sites\/156\/2009\/05\/quittop-300x38.jpg 300w, https:\/\/webs.uab.cat\/plopez\/wp-content\/uploads\/sites\/156\/2009\/05\/quittop-768x96.jpg 768w\" sizes=\"auto, (max-width: 666px) 100vw, 666px\" \/><\/a><\/figure>\n<\/div>\n\n\n\n<div class=\"wp-block-column is-vertically-aligned-center is-layout-flow wp-block-column-is-layout-flow\" style=\"flex-basis:20%\"><div class=\"wp-block-image\">\n<figure class=\"aligncenter size-full is-resized\"><a href=\"https:\/\/iet.uab.cat\/\" target=\"_blank\" rel=\"noreferrer noopener\"><img loading=\"lazy\" decoding=\"async\" src=\"https:\/\/webs.uab.cat\/plopez\/wp-content\/uploads\/sites\/156\/2012\/01\/iet_1.png\" alt=\"\" class=\"wp-image-189\" width=\"240\" height=\"88\" srcset=\"https:\/\/webs.uab.cat\/plopez\/wp-content\/uploads\/sites\/156\/2012\/01\/iet_1.png 433w, https:\/\/webs.uab.cat\/plopez\/wp-content\/uploads\/sites\/156\/2012\/01\/iet_1-300x111.png 300w\" sizes=\"auto, (max-width: 240px) 100vw, 240px\" \/><\/a><\/figure>\n<\/div><\/div>\n<\/div>\n\n\n\n<p class=\"has-text-align-center\">Espacio de recursos para la docencia y la investigaci\u00f3n en Ciencias Sociales, centrada en los m\u00e9todos y t\u00e9cnicas de investigaci\u00f3n desde la perspectiva sociol\u00f3gica.<\/p>\n\n\n\n<p class=\"has-text-align-left\"><mark style=\"background-color:#fff\" class=\"has-inline-color has-accent-color\"><strong>Contenido<\/strong><\/mark>:<br>\u2013 <a rel=\"noreferrer noopener\" href=\"http:\/\/pagines.uab.cat\/plopez\/content\/biblioteca-selecci%C3%B3n-de-enlaces\" target=\"_blank\">Biblioteca<\/a>: bibliotecas, \u00edndices de impacto, derechos de autor, e-learning<br>\u2013 <a rel=\"noreferrer noopener\" href=\"https:\/\/webs.uab.cat\/plopez\/catalegs\/\" target=\"_blank\">Cat\u00e1logos y revistas<\/a>: cat\u00e1logos tem\u00e1ticos y selecci\u00f3n de revistas<br>\u2013 <a rel=\"noreferrer noopener\" href=\"https:\/\/webs.uab.cat\/plopez\/fuentes-de-datos-para-la-investigacion-y-la-docencia\/\" target=\"_blank\">Fuentes de datos<\/a>:\u00a0bases de datos y enlaces para la investigaci\u00f3n y la docencia<br>\u2013 <a rel=\"noreferrer noopener\" href=\"https:\/\/webs.uab.cat\/plopez\/encuestas-e-investigacion-de-mercados\/\" data-type=\"page\" data-id=\"245\" target=\"_blank\">Encuestas<\/a> : enlaces sobre encuestas e investigaci\u00f3n de mercados<br>\u2013 <a rel=\"noreferrer noopener\" href=\"https:\/\/webs.uab.cat\/plopez\/asociaciones-y-organizaciones-nacionales-e-internacionales\/\" data-type=\"page\" data-id=\"246\" target=\"_blank\">Asociaciones y Organizaciones<\/a>: selecci\u00f3n a nivel nacional e internacional<br>\u2013 <a rel=\"noreferrer noopener\" href=\"https:\/\/webs.uab.cat\/plopez\/manual-misc\/\" data-type=\"page\" data-id=\"291\" target=\"_blank\">Manual MISC<\/a>:\u00a0<mark style=\"background-color:#fff\" class=\"has-inline-color has-accent-color\">Metodolog\u00eda de la Investigaci\u00f3n Social Cuantitativa<\/mark><\/p>\n\n\n\n<p><\/p>\n\n\n\n<p>   <\/p>\n\n\n\n<hr class=\"wp-block-separator has-alpha-channel-opacity\" \/>\n\n\n\n<p class=\"has-text-align-center\" style=\"font-size:15px\">Web creada en una primera versi\u00f3n en el a\u00f1o 2000. Revisada y ampliada en 2010 en Drupal y registrada en el <a rel=\"noreferrer noopener\" href=\"http:\/\/ddd.uab.cat\/record\/89349\" target=\"_blank\">Dip\u00f2sit Digital de Documents<\/a> de la UAB en 2012. En 2023 migrada a WordPress.<\/p>\n\n\n\n<p class=\"has-text-align-center\" style=\"font-size:15px\"><img loading=\"lazy\" decoding=\"async\" width=\"118\" height=\"41\" class=\"wp-image-617\" style=\"width: 60px\" src=\"https:\/\/webs.uab.cat\/plopez\/wp-content\/uploads\/sites\/156\/2012\/02\/by-nc-nd.eu_petit.png\" alt=\"by-nc-nd\">  Licensed under a <a rel=\"noreferrer noopener\" href=\"http:\/\/creativecommons.org\/licenses\/by-nc-sa\/4.0\/\" target=\"_blank\">Creative Commons<\/a><\/p>\n","protected":false},"excerpt":{"rendered":"<p>Dr. Pedro L\u00f3pez-Rold\u00e1n Departament de SociologiaFacultat de Ci\u00e8ncies Pol\u00edtiques i de Sociologia&nbsp; Espacio de recursos para la docencia y la investigaci\u00f3n en Ciencias Sociales, centrada en los m\u00e9todos y t\u00e9cnicas de investigaci\u00f3n desde la perspectiva sociol\u00f3gica. Contenido:\u2013 Biblioteca: bibliotecas, \u00edndices de impacto, derechos de autor, e-learning\u2013 Cat\u00e1logos y revistas: cat\u00e1logos tem\u00e1ticos y selecci\u00f3n de revistas\u2013 [&hellip;]<\/p>\n","protected":false},"author":20,"featured_media":0,"parent":0,"menu_order":0,"comment_status":"closed","ping_status":"closed","template":"","meta":{"footnotes":""},"class_list":["post-168","page","type-page","status-publish","hentry"],"_links":{"self":[{"href":"https:\/\/webs.uab.cat\/plopez\/wp-json\/wp\/v2\/pages\/168","targetHints":{"allow":["GET"]}}],"collection":[{"href":"https:\/\/webs.uab.cat\/plopez\/wp-json\/wp\/v2\/pages"}],"about":[{"href":"https:\/\/webs.uab.cat\/plopez\/wp-json\/wp\/v2\/types\/page"}],"author":[{"embeddable":true,"href":"https:\/\/webs.uab.cat\/plopez\/wp-json\/wp\/v2\/users\/20"}],"replies":[{"embeddable":true,"href":"https:\/\/webs.uab.cat\/plopez\/wp-json\/wp\/v2\/comments?post=168"}],"version-history":[{"count":61,"href":"https:\/\/webs.uab.cat\/plopez\/wp-json\/wp\/v2\/pages\/168\/revisions"}],"predecessor-version":[{"id":1554,"href":"https:\/\/webs.uab.cat\/plopez\/wp-json\/wp\/v2\/pages\/168\/revisions\/1554"}],"wp:attachment":[{"href":"https:\/\/webs.uab.cat\/plopez\/wp-json\/wp\/v2\/media?parent=168"}],"curies":[{"name":"wp","href":"https:\/\/api.w.org\/{rel}","templated":true}]}}