{"id":17,"date":"2009-05-08T11:14:38","date_gmt":"2009-05-08T11:14:38","guid":{"rendered":"https:\/\/webs.uab.cat\/plopez\/enlaces-de-sociologia\/"},"modified":"2023-02-11T14:08:10","modified_gmt":"2023-02-11T13:08:10","slug":"enlaces-de-sociologia","status":"publish","type":"page","link":"https:\/\/webs.uab.cat\/plopez\/enlaces-de-sociologia\/","title":{"rendered":"Enlaces de Sociolog\u00eda"},"content":{"rendered":"\n<p><img decoding=\"async\" src=\"http:\/\/pagines.uab.cat\/plopez\/sites\/pagines.uab.cat.plopez\/files\/images\/links.jpg\" alt=\"\"><\/p>\n\n\n\n<p>Selecci\u00f3n de recursos de Sociolog\u00eda y Ciencias Sociales en internet.<\/p>\n\n\n\n<ul class=\"wp-block-list\"><li><a rel=\"noreferrer noopener\" href=\"http:\/\/pagines.uab.cat\/plopez\/content\/encuestas-e-investigaci%C3%B3n-de-mercados\" target=\"_blank\">Encuestas | Investigaci\u00f3n de mercados<\/a><\/li><li><a href=\"http:\/\/pagines.uab.cat\/plopez\/content\/fuentes-de-datos-para-la-investigaci%C3%B3n-y-la-docencia\">Fuentes de datos<\/a><\/li><li><a rel=\"noreferrer noopener\" href=\"http:\/\/pagines.uab.cat\/plopez\/content\/an\u00e1lisis\" target=\"_blank\">An\u00e1lisis de datos<\/a><\/li><li><a rel=\"noreferrer noopener\" href=\"http:\/\/pagines.uab.cat\/plopez\/content\/catalegs\" target=\"_blank\">Cat\u00e1logos tem\u00e1ticos y revistas<\/a><\/li><li><a rel=\"noreferrer noopener\" href=\"http:\/\/pagines.uab.cat\/plopez\/content\/asociaciones-y-organizaciones-nacionales-e-internacionales\" target=\"_blank\">Asociaciones y Organizaciones nacionales e internacionales<\/a><\/li><\/ul>\n\n\n\n<p class=\"has-text-align-center\"><img decoding=\"async\" src=\"http:\/\/pagines.uab.cat\/plopez\/sites\/pagines.uab.cat.plopez\/files\/images\/tagxedo.jpg\" alt=\"\"><\/p>\n","protected":false},"excerpt":{"rendered":"<p>Selecci\u00f3n de recursos de Sociolog\u00eda y Ciencias Sociales en internet. Encuestas | Investigaci\u00f3n de mercados Fuentes de datos An\u00e1lisis de datos Cat\u00e1logos tem\u00e1ticos y revistas Asociaciones y Organizaciones nacionales e internacionales<\/p>\n","protected":false},"author":20,"featured_media":0,"parent":0,"menu_order":0,"comment_status":"closed","ping_status":"closed","template":"","meta":{"footnotes":""},"class_list":["post-17","page","type-page","status-publish","hentry"],"_links":{"self":[{"href":"https:\/\/webs.uab.cat\/plopez\/wp-json\/wp\/v2\/pages\/17","targetHints":{"allow":["GET"]}}],"collection":[{"href":"https:\/\/webs.uab.cat\/plopez\/wp-json\/wp\/v2\/pages"}],"about":[{"href":"https:\/\/webs.uab.cat\/plopez\/wp-json\/wp\/v2\/types\/page"}],"author":[{"embeddable":true,"href":"https:\/\/webs.uab.cat\/plopez\/wp-json\/wp\/v2\/users\/20"}],"replies":[{"embeddable":true,"href":"https:\/\/webs.uab.cat\/plopez\/wp-json\/wp\/v2\/comments?post=17"}],"version-history":[{"count":4,"href":"https:\/\/webs.uab.cat\/plopez\/wp-json\/wp\/v2\/pages\/17\/revisions"}],"predecessor-version":[{"id":1133,"href":"https:\/\/webs.uab.cat\/plopez\/wp-json\/wp\/v2\/pages\/17\/revisions\/1133"}],"wp:attachment":[{"href":"https:\/\/webs.uab.cat\/plopez\/wp-json\/wp\/v2\/media?parent=17"}],"curies":[{"name":"wp","href":"https:\/\/api.w.org\/{rel}","templated":true}]}}