{"id":172,"date":"2011-06-22T17:39:59","date_gmt":"2011-06-22T15:39:59","guid":{"rendered":"https:\/\/webs.uab.cat\/plopez\/estadistica\/"},"modified":"2023-02-11T14:02:57","modified_gmt":"2023-02-11T13:02:57","slug":"analisis","status":"publish","type":"page","link":"https:\/\/webs.uab.cat\/plopez\/analisis\/","title":{"rendered":"An\u00e1lisis de datos"},"content":{"rendered":"<p style=\"text-align: left\"><span style=\"color: #cc0000\"><strong>Enlaces a recursos<\/strong><\/span><strong><br \/>\n<\/strong><\/p>\n<ul style=\"text-align: left\">\n<li><a href=\"http:\/\/sct.uab.cat\/estadistica\/\" target=\"_blank\" rel=\"noopener\">Servei d&#8217;Estad\u00edstica de la UAB<\/a><\/li>\n<li><a href=\"http:\/\/www.isi-web.org\/\" target=\"_blank\" rel=\"noopener\">International Statistical Institute<\/a> | Glosario de t\u00e9rmino de estad\u00edstica: <a href=\"http:\/\/isi.cbs.nl\/glossary\/index.htm\" target=\"_blank\" rel=\"noopener\">Glossary<\/a> (<a href=\"http:\/\/isi.cbs.nl\/glossary\/blokca00.htm\" target=\"_blank\" rel=\"noopener\">catal\u00e0<\/a> | <a href=\"http:\/\/isi.cbs.nl\/glossary\/bloksp00.htm\" target=\"_blank\" rel=\"noopener\">castellano<\/a>)<\/li>\n<li><a href=\"http:\/\/www.estadistico.com\/\" target=\"_blank\" rel=\"noopener\">estadistico.com<\/a> Portal de servicios y recursos de estad\u00edstica<\/li>\n<li><a href=\"http:\/\/lib.stat.cmu.edu\/\" target=\"_blank\" rel=\"noopener\">StatLib<\/a>. Data, Software and News from the Statistics Community. Carnegie Mellon University.<\/li>\n<li><a href=\"http:\/\/www.kdnuggets.com\/index.html\" target=\"_blank\" rel=\"noopener\">KDnuggets<\/a>. Portal de Datamining<\/li>\n<li><a href=\"http:\/\/invasiber.org\/EGarcia\/material.html\" target=\"_blank\" rel=\"noopener\">Material Docent d&#8217;Estad\u00edstica<\/a>. E. Garcia Berthou<\/li>\n<li><a href=\"http:\/\/www.ugr.es\/%7Ebatanero\/enlaces.htm\" target=\"_blank\" rel=\"noopener\">Enlaces<\/a> del Grupo de Investigaci\u00f3n sobre Educaci\u00f3n Estad\u00edstica de la Universidad de Granada<\/li>\n<li><a href=\"http:\/\/www.stat.auckland.ac.nz\/%7Eiase\/links\/start\" target=\"_blank\" rel=\"noopener\">Links<\/a>. International Association for Statistical Education &nbsp;<\/li>\n<li><a href=\"http:\/\/statpages.org\/javasta3.html\" target=\"_blank\" rel=\"noopener\">Statistical Books, Manuals and Journals<\/a>. StatPages.net<\/li>\n<li><a href=\"http:\/\/www.stat.ufl.edu\/vlib\/statistics.html\" target=\"_blank\" rel=\"noopener\">Statistics<\/a>. The World Wide Web Virtual Library<\/li>\n<li><a href=\"http:\/\/www.statsci.org\/\" target=\"_blank\" rel=\"noopener\">Statsci<\/a>. Recursos diversos y enlaces de estad\u00edstica<\/li>\n<li><a href=\"http:\/\/statpages.org\/\" target=\"_blank\" rel=\"noopener\">Web Pages that Perform Statistical Calculations<\/a>. StatPages.net<\/li>\n<li><a href=\"http:\/\/www.radstats.org.uk\/\" target=\"_blank\" rel=\"noopener\">Radical Statistics Group<\/a><\/li>\n<li><a href=\"http:\/\/www-groups.dcs.st-and.ac.uk\/%7Ehistory\/\" target=\"_blank\" rel=\"noopener\">Mactutor<\/a> The MacTutor History of Mathematics archive University of St. Andrews Scotland<\/li>\n<li><a href=\"http:\/\/www.york.ac.uk\/depts\/maths\/histstat\/\" target=\"_blank\" rel=\"noopener\">History of Statistics<\/a> Materials for the History of Statistics. York University<\/li>\n<\/ul>\n<p style=\"text-align: left\"><span style=\"color: #cc0000\"><strong>Cursos y manuales en l\u00ednea<\/strong><\/span><strong>&nbsp;<\/strong><\/p>\n<ul style=\"text-align: left\">\n<li><a href=\"http:\/\/e-stadistica.bio.ucm.es\/index_modulos.html\" target=\"_blank\" rel=\"noopener\">Aula Virtual de Bioestad\u00edstica<\/a>. Facultad de Biolog\u00eda, Universidad Complutense de Madrid<\/li>\n<li><a href=\"http:\/\/www.cortland.edu\/flteach\/stats\/stat-sp.html\" target=\"_blank\" rel=\"noopener\">Comprensi\u00f3n y uso de la estad\u00edstica<\/a> Fernando Valdes. Universidad Romulo Gallegos<\/li>\n<li><a href=\"http:\/\/www.aulafacil.com\/CursoEstadistica\/CursoEstadistica.htm\" target=\"_blank\" rel=\"noopener\">Curso de Estad\u00edstica<\/a> AulaFacil.com. Introducci\u00f3n a la estad\u00edstica: descriptiva y probabilidades<\/li>\n<li><a href=\"http:\/\/www.bioestadistica.uma.es\/libro\/\" target=\"_blank\" rel=\"noopener\">Curso de Bioestad\u00edstica<\/a> Universidad de M\u00e1laga, Facultad de Medicina<\/li>\n<li><a href=\"http:\/\/www.statsoft.com\/\" target=\"_blank\" rel=\"noopener\">Statsoft. Statistica<\/a> Electronic Statistics Textbook<\/li>\n<li><a href=\"http:\/\/www.ats.ucla.edu\/stat\/\" target=\"_blank\" rel=\"noopener\">Statistical Computing (UCLA)<\/a><\/li>\n<li><a href=\"http:\/\/www.socialresearchmethods.net\/kb\/\" target=\"_blank\" rel=\"noopener\">Social Research Methods Knowledge Base<\/a> William M. Trochim, Cornell University. El proceso de investigaci\u00f3n<\/li>\n<li><a href=\"http:\/\/onlinestatbook.com\/rvls.html\" target=\"_blank\" rel=\"noopener\">Rice Virtual Lab in Statistics<\/a>: <a href=\"http:\/\/davidmlane.com\/hyperstat\/index.html\" target=\"_blank\" rel=\"noopener\">HyperStat Online Textbook<\/a>&nbsp; | <a href=\"http:\/\/onlinestatbook.com\/stat_sim\/\" target=\"_blank\" rel=\"noopener\">Simulations\/Demonstrations<\/a><\/li>\n<li><a href=\"http:\/\/www.emtech.net\/statistics.htm\" target=\"_blank\" rel=\"noopener\">Emtech<\/a>. Recursos de estad\u00edstica para la ense\u00f1anza<\/li>\n<li><a href=\"http:\/\/faculty.vassar.edu\/lowry\/newcs.html\" target=\"_blank\" rel=\"noopener\">Calculadora del test de khi-quadrat 1<\/a>&nbsp; | <a href=\"http:\/\/www.quantpsy.org\/chisq\/chisq.htm\" target=\"_blank\" rel=\"noopener\">2<\/a><\/li>\n<\/ul>\n<p><span style=\"color: #cc0000\"><strong>Software<\/strong><\/span><strong><em><br \/>\n<\/em><\/strong><\/p>\n<p style=\"text-align: left\"><em><strong>SPSS<\/strong><\/em><\/p>\n<ul style=\"text-align: left\">\n<li>Programari estad\u00edstic per a les ci\u00e8ncies socials: <a href=\"http:\/\/pagines.uab.cat\/plopez\/content\/spss\" target=\"_blank\" rel=\"noopener\">SPSS<\/a><\/li>\n<\/ul>\n<p style=\"text-align: left\"><em><strong>SPAD<\/strong><\/em><\/p>\n<ul>\n<li><a href=\"http:\/\/www.coheris.fr\/fr\/page\/produits\/Spad.html\" target=\"_blank\" rel=\"noopener\">SPAD<\/a>: Syst\u00e8me Pour l&#8217;Analyse des Donn\u00e9es, software estad\u00edstico franc\u00e9s<\/li>\n<li><a href=\"http:\/\/sct.uab.cat\/estadistica\/sites\/sct.uab.cat.estadistica\/files\/manualSPAD.pdf\" target=\"_blank\" rel=\"noopener\">Manual de introducci\u00f3n al SPA<\/a><a href=\"http:\/\/pagines.uab.cat\/plopez\/sites\/pagines.uab.cat.plopez\/files\/SPAD.txt\" target=\"_blank\" rel=\"noopener\">D<\/a> del Servei d&#8217;Estad\u00edstica de la UAB (versi\u00f3n 4.5)<\/li>\n<li><a href=\"http:\/\/www.stat.ucl.ac.be\/ISpersonnel\/lecoutre\/stats\/SPAD\/\" target=\"_blank\" rel=\"noopener\">Manual de SPAD<\/a> (versi\u00f3n 3)<\/li>\n<\/ul>\n<p style=\"text-align: left\"><em><strong>SAS<\/strong><\/em><\/p>\n<ul style=\"text-align: left\">\n<li><a href=\"http:\/\/www.sas.com\/\" target=\"_blank\" rel=\"noopener\">SAS<\/a>: Statistical Analysis System, programari estad\u00edstic<\/li>\n<li><a href=\"http:\/\/sct.uab.cat\/estadistica\/content\/manuals\" target=\"_blank\" rel=\"noopener\">Manuals d&#8217;introducci\u00f3 a SAS<\/a> del Servei d&#8217;Estad\u00edstica de la UAB)<\/li>\n<\/ul>\n<p><em><strong>Altres<\/strong><\/em><\/p>\n<ul style=\"text-align: left\">\n<li><a href=\"http:\/\/pagines.uab.cat\/plopez\/content\/r-0\" target=\"_blank\" rel=\"noopener\">R<\/a>: Software estad\u00edstico libre<\/li>\n<li><a href=\"http:\/\/www.stata.com\/\" target=\"_blank\" rel=\"noopener\">Stata<\/a>: Data Analysis and Statistical Software, software estad\u00edstico<\/li>\n<li><a href=\"http:\/\/www.statsoft.com\" target=\"_blank\" rel=\"noopener\">Statsoft STATISTICA<\/a> Data Analysis Software and Services<\/li>\n<\/ul>\n<p style=\"text-align: left\"><em><strong>Software de muestreo<\/strong><\/em><\/p>\n<ul style=\"text-align: left\">\n<li><a href=\"http:\/\/personal.us.es\/vmanzano\/distribuye\/programas.htm#sotam\" target=\"_blank\" rel=\"noopener\">SOTAM<\/a> Sistema de optimizaci\u00f3n para tama\u00f1os muestrales<\/li>\n<li><a href=\"http:\/\/posdem.com\/\" target=\"_blank\" rel=\"noopener\">POSDEM<\/a>. Software para escoger entre diferentes planes de muestreo probabil\u00edstico<\/li>\n<li><a href=\"http:\/\/www.e-biometria.com\/\" target=\"_blank\" rel=\"noopener\">Ene<\/a>: programa para el c\u00e1lcul0 del tama\u00f1o muestral<\/li>\n<\/ul>\n<p style=\"text-align: left\"><span style=\"color: #cc0000\"><strong>Datos estad\u00edsticos<\/strong><\/span><strong>: <\/strong><a href=\"http:\/\/pagines.uab.cat\/plopez\/content\/bases-de-datos-para-la-investigaci%C3%B3n-y-la-docencia\" target=\"_blank\" rel=\"noopener\">Bases de Datos<\/a><\/p>\n<p style=\"text-align: left\"><span style=\"color: #cc0000\"><strong>Revistas estad\u00edsticas<\/strong><\/span><strong><br \/>\n<\/strong><\/p>\n<ul style=\"text-align: left\">\n<li><a href=\"http:\/\/www.revistaindice.com\/\" target=\"_blank\" rel=\"noopener\">\u00cdndice<\/a>. Revista de Estad\u00edstica y Sociedad de l&#8217;INE<\/li>\n<li><a href=\"http:\/\/www.ine.es\/ss\/Satellite?L=0&amp;c=Page&amp;cid=1254735226759&amp;p=1254735226759&amp;pagename=ProductosYServicios%2FPYSLayout\" target=\"_blank\" title=\"Vincle extern: s'obrir\u00e0 una nova finestra\" rel=\"noopener\">Revista Estad\u00edstica Espa\u00f1ola<\/a><\/li>\n<li><a href=\"http:\/\/www.idescat.cat\/sort\/\" target=\"_blank\" rel=\"noopener\">SORT<\/a> Revista d&#8217;Estad\u00edstica i Investigaci\u00f3 Operativa de l&#8217;Idescat<\/li>\n<li><a href=\"http:\/\/www.wiley.com\/bw\/journal.asp?ref=0012-9682\" target=\"_blank\" rel=\"noopener\">Econometrica<\/a><\/li>\n<li><a href=\"http:\/\/www.blackwellpublishing.com\/journal.asp?ref=1369-7412\" target=\"_blank\" rel=\"noopener\">Journals of the Royal Statistical Society. Series B (Statistical Methodology)<\/a><\/li>\n<li><a href=\"http:\/\/www.amstat.org\/publications\/jasa.cfm\" target=\"_blank\" rel=\"noopener\">Journal of the American Statistical Association<\/a><\/li>\n<li><a href=\"http:\/\/www.amstat.org\/publications\/tas.cfm\" target=\"_blank\" rel=\"noopener\">The American Statistician<\/a><\/li>\n<li><a href=\"http:\/\/www.blackwellpublishing.com\/journal.asp?ref=0964-1998\" target=\"_blank\" rel=\"noopener\">Journal of the Royal Statistical Society. Series A (Statistics in Society)<\/a><\/li>\n<li><a href=\"http:\/\/www.imstat.org\/aos\/\" target=\"_blank\" rel=\"noopener\">Annals of Statistics<\/a><\/li>\n<li><a href=\"http:\/\/biomet.oxfordjournals.org\/\" target=\"_blank\" rel=\"noopener\">Biometrika<\/a><\/li>\n<li><a href=\"http:\/\/www.biometrics.tibs.org\/\" target=\"_blank\" rel=\"noopener\">Biometrics<\/a><\/li>\n<li><a href=\"http:\/\/www.springerlink.com\/content\/100219\/\" target=\"_blank\" rel=\"noopener\">Statistics and Computing<\/a><\/li>\n<li><a href=\"http:\/\/www.blackwellpublishing.com\/journal.asp?ref=0305-9049\" target=\"_blank\" rel=\"noopener\">Oxford Bulletin of Economics &amp; Statistics<\/a><\/li>\n<\/ul>\n","protected":false},"excerpt":{"rendered":"<p>Enlaces a recursos Servei d&#8217;Estad\u00edstica de la UAB International Statistical Institute | Glosario de t\u00e9rmino de estad\u00edstica: Glossary (catal\u00e0 | castellano) estadistico.com Portal de servicios y recursos de estad\u00edstica StatLib. Data, Software and News from the Statistics Community. Carnegie Mellon University. KDnuggets. Portal de Datamining Material Docent d&#8217;Estad\u00edstica. E. Garcia Berthou Enlaces del Grupo de [&hellip;]<\/p>\n","protected":false},"author":20,"featured_media":0,"parent":0,"menu_order":0,"comment_status":"closed","ping_status":"closed","template":"","meta":{"footnotes":""},"class_list":["post-172","page","type-page","status-publish","hentry"],"_links":{"self":[{"href":"https:\/\/webs.uab.cat\/plopez\/wp-json\/wp\/v2\/pages\/172","targetHints":{"allow":["GET"]}}],"collection":[{"href":"https:\/\/webs.uab.cat\/plopez\/wp-json\/wp\/v2\/pages"}],"about":[{"href":"https:\/\/webs.uab.cat\/plopez\/wp-json\/wp\/v2\/types\/page"}],"author":[{"embeddable":true,"href":"https:\/\/webs.uab.cat\/plopez\/wp-json\/wp\/v2\/users\/20"}],"replies":[{"embeddable":true,"href":"https:\/\/webs.uab.cat\/plopez\/wp-json\/wp\/v2\/comments?post=172"}],"version-history":[{"count":1,"href":"https:\/\/webs.uab.cat\/plopez\/wp-json\/wp\/v2\/pages\/172\/revisions"}],"predecessor-version":[{"id":1130,"href":"https:\/\/webs.uab.cat\/plopez\/wp-json\/wp\/v2\/pages\/172\/revisions\/1130"}],"wp:attachment":[{"href":"https:\/\/webs.uab.cat\/plopez\/wp-json\/wp\/v2\/media?parent=172"}],"curies":[{"name":"wp","href":"https:\/\/api.w.org\/{rel}","templated":true}]}}