{"id":173,"date":"2011-06-27T15:29:54","date_gmt":"2011-06-27T13:29:54","guid":{"rendered":"https:\/\/webs.uab.cat\/plopez\/catalegs\/"},"modified":"2023-02-11T14:09:16","modified_gmt":"2023-02-11T13:09:16","slug":"catalegs","status":"publish","type":"page","link":"https:\/\/webs.uab.cat\/plopez\/catalegs\/","title":{"rendered":"Cat\u00e1logos y revistas"},"content":{"rendered":"<table style=\"width: 800px\" border=\"0\">\n<tbody>\n<tr>\n<td valign=\"top\">\n<p><span style=\"color: #cc0000\"><strong>Cat\u00e1logos tem\u00e1ticos de Sociolog\u00eda<\/strong><\/span><strong>&nbsp;<\/strong><\/p>\n<ul>\n<li><a href=\"http:\/\/www.sociologia.org\/olddir\/index.html\">Directorio Gattungswesen<\/a><\/li>\n<li><a href=\"http:\/\/sociologicahumanitatis.wordpress.com\/\">Sociologica Humanitatis<\/a><\/li>\n<li><a href=\"http:\/\/www.trinity.edu\/%7Emkearl\/index.html\" target=\"_blank\" rel=\"noopener\">A Sociological Tour through Cyberspace<\/a><\/li>\n<li><a href=\"http:\/\/www.mpi-fg-koeln.mpg.de\/index_en.asp\" target=\"_blank\" rel=\"noopener\">Max Planck Institute for the Study of Societies<\/a><\/li>\n<li><a href=\"http:\/\/www.sociosite.net\/index.php\">SocioSite<\/a><\/li>\n<li><a href=\"http:\/\/socserv.mcmaster.ca\/w3virtsoclib\/\">WWW Virtual Library: Sociology<\/a><\/li>\n<li><a href=\"http:\/\/www.abacon.com\/socsite\/index.html\">Allyn and Bacon&#8217;s Sociology Links<\/a><\/li>\n<li><a href=\"http:\/\/www.socioweb.com\/\" target=\"_blank\" rel=\"noopener\">The SocioWeb<\/a><\/li>\n<li><a href=\"http:\/\/www.sociolog.com\/\" target=\"_blank\" rel=\"noopener\">The SocioLog<\/a><\/li>\n<li><a href=\"http:\/\/www.appliedsoc.org\/\">Society for Applied Sociology<\/a><\/li>\n<li><a href=\"http:\/\/www.sociologicus.com\">sociologicus.com<\/a><\/li>\n<\/ul>\n<\/td>\n<td valign=\"top\">\n<p><span style=\"color: #cc0000\"><strong>Cat\u00e1logos tem\u00e1ticos de Ciencias Sociales<\/strong><\/span><strong>&nbsp;<\/strong><\/p>\n<ul>\n<li><a href=\"http:\/\/www.ariadne.ac.uk\/issue2\/sosig\/\">Social Science Information Gateway &#8211; SOSIG<\/a><\/li>\n<li><a href=\"http:\/\/www.vl-site.org\/sciences\/index.html\">Social Sciences- WWW Virtual Library<\/a><\/li>\n<li><a href=\"http:\/\/socsciresearch.com\/\">Research Resources for Social Sciences<\/a><\/li>\n<li><a href=\"http:\/\/www-sul.stanford.edu\/\" target=\"_blank\" rel=\"noopener\">Stanford University Libraries<\/a><\/li>\n<li><a href=\"http:\/\/dir.yahoo.com\/Social_Science\" target=\"_blank\" rel=\"noopener\">Yahoo: Social Sciences<\/a><\/li>\n<\/ul>\n<\/td>\n<\/tr>\n<\/tbody>\n<\/table>\n<p><span style=\"color: #cc0000\"><strong>Revistas de Sociolog\u00eda y Ciencias Sociales<\/strong><\/span><em><strong> <br \/><\/strong><\/em><\/p>\n<table style=\"width: 800px\" border=\"0\">\n<tbody>\n<tr>\n<td valign=\"top\">\n<ul>\n<li><a href=\"http:\/\/ddd.uab.es\/record\/35\">Papers. Revista de Sociologia<\/a><\/li>\n<li><a href=\"http:\/\/blocs.iec.cat\/acs\/publicacions\/revista-catalana-de-sociologia\/\">Revista Catalana de Sociologia<\/a><\/li>\n<li><a href=\"http:\/\/www.reis.cis.es\" target=\"_blank\" rel=\"noopener\">Revista Espa\u00f1ola de Investigaciones Sociol\u00f3gicas (REIS)<\/a><\/li>\n<li><a href=\"http:\/\/revintsociologia.revistas.csic.es\/index.php\/revintsociologia\" target=\"_blank\" rel=\"noopener\">Revista Internacional de Sociolog\u00eda (RIS)<\/a><\/li>\n<li><a href=\"http:\/\/www.fes-web.org\/publicaciones\/res\/\">Revista Espa\u00f1ola de Sociolog\u00eda (RES)<\/a><\/li>\n<li><a href=\"http:\/\/revistas.ucm.es\/index.php\/POSO\" target=\"_blank\" rel=\"noopener\">Pol\u00edtica y Sociedad<\/a><\/li>\n<li><a href=\"http:\/\/www.uv.es\/~sociolog\/arxius\/index.html\" target=\"_blank\" rel=\"noopener\">Arxius de Ci\u00e8ncies Socials<\/a><\/li>\n<li><a href=\"http:\/\/www.usc.es\/revistas\/index.php\/rips\" target=\"_blank\" rel=\"noopener\">Revista de Investigaciones Pol\u00edticas y Sociol\u00f3gicas (RIPS)<\/a><\/li>\n<li><a href=\"http:\/\/www.fundacionsistema.com\/Shop\/Issue\/Details\/445\" target=\"_blank\" rel=\"noopener\">Sistema. Revista de Ciencias Sociales<\/a><\/li>\n<li><a href=\"http:\/\/www.praxissociologica.es\/\" target=\"_blank\" rel=\"noopener\">Praxis Sociol\u00f3gica<\/a><\/li>\n<li><a href=\"http:\/\/www.injuve.es\/conocenos\/ediciones-injuve\">Revista de Estudios de Juventud<\/a><\/li>\n<li><a href=\"http:\/\/revistas.ucm.es\/index.php\/CUTS\" target=\"_blank\" rel=\"noopener\">Cuadernos de Trabajo Social<\/a><\/li>\n<li><a href=\"http:\/\/www.luisvivesces.org\/rets\/index.html\" target=\"_blank\" rel=\"noopener\">Revista Espa\u00f1ola del Tercer Sector<\/a><\/li>\n<\/ul>\n<ul>\n<li><a href=\"http:\/\/www.fcs.edu.uy\/revista%20\" target=\"_blank\" rel=\"noopener\">Revista de Ciencias Sociales<\/a><\/li>\n<li><a href=\"http:\/\/publicaciones.sociales.uba.ar\/index.php\/lavboratorio\" target=\"_blank\" rel=\"noopener\">Lavboratorio. Revista de Estudios sobre Cambio Estructural y Desigualdad Social<\/a><\/li>\n<\/ul>\n<\/td>\n<td valign=\"top\">\n<ul>\n<li><a href=\"http:\/\/ddd.uab.es\/record\/35\">European Sociological Review (ESR)<\/a>&nbsp;<\/li>\n<li><a href=\"http:\/\/www.press.uchicago.edu\/ucp\/journals\/journal\/ajs.html\" target=\"_blank\" rel=\"noopener\">American Journal of Sociology (AJS)<\/a><\/li>\n<li><a href=\"http:\/\/asr.sagepub.com\/\" target=\"_blank\" rel=\"noopener\">American Sociological Review (ASR)<\/a><\/li>\n<li><a href=\"http:\/\/www.annualreviews.org\/journal\/soc\" target=\"_blank\" rel=\"noopener\">Annual Review of Sociology (ARS)<\/a><\/li>\n<li><a href=\"http:\/\/www.lse.ac.uk\/BJS\/home.aspx\" target=\"_blank\" rel=\"noopener\">British Journal of Sociology (BJS)<\/a><\/li>\n<li><a href=\"http:\/\/www.arss.fr\/\" target=\"_blank\" rel=\"noopener\">Actes de la Recherche en Sciences Sociales (ARSS)<\/a><\/li>\n<li><a href=\"http:\/\/www.socresonline.org.uk\/home.html\">Sociological Research Online<\/a><\/li>\n<li><a href=\"http:\/\/sf.oxfordjournals.org\/\" target=\"_blank\" rel=\"noopener\">Social Forces<\/a><\/li>\n<li><a href=\"http:\/\/www.journals.elsevier.com\/social-science-research\/\" target=\"_blank\" rel=\"noopener\">Social Science Research<\/a><\/li>\n<li><a href=\"http:\/\/www.journals.elsevier.com\/research-in-social-stratification-and-mobility\/\" target=\"_blank\" rel=\"noopener\">Research in Social Stratification and Mobility<\/a><\/li>\n<li><a href=\"http:\/\/sru.soc.surrey.ac.uk\/\" target=\"_blank\" rel=\"noopener\">Social Research Update<\/a><\/li>\n<li><a href=\"http:\/\/iss.sagepub.com\/\" target=\"_blank\" rel=\"noopener\">International Sociology<\/a><\/li>\n<li><a href=\"http:\/\/csi.sagepub.com\/\" target=\"_blank\" rel=\"noopener\">Current Sociology<\/a><\/li>\n<li><a href=\"http:\/\/poq.oxfordjournals.org\/\" target=\"_blank\" rel=\"noopener\">Public Opinion Quarterly<\/a><\/li>\n<li><a href=\"http:\/\/tso.sagepub.com\/\" target=\"_blank\" rel=\"noopener\">Teaching Sociology<\/a><\/li>\n<\/ul>\n<\/td>\n<\/tr>\n<tr>\n<td style=\"width: 400px\">\n<ul>\n<li><a href=\"http:\/\/ddd.uab.es\/record\/35\" target=\"_blank\" rel=\"noopener\">e-Revist@s<\/a>: Plataforma Open Access de Revista Cient\u00edficas Electr\u00f3nicas Espa\u00f1olas y Latinoamericanas<\/li>\n<\/ul>\n<\/td>\n<td>&nbsp;<\/td>\n<\/tr>\n<\/tbody>\n<\/table>\n<table style=\"width: 800px\" border=\"0\">\n<tbody>\n<tr>\n<td style=\"width: 400px\" valign=\"top\">\n<p>Metodolog\u00eda<\/p>\n<ul>\n<li><a href=\"\/\/dialnet.unirioja.es\/servlet\/revista?codigo=482\" target=\"_blank\" rel=\"noopener\">Empiria. Revista de Metodolog\u00eda de las Ciencias Sociales<\/a><\/li>\n<li><a href=\"http:\/\/revista-redes.rediris.es\/\">Redes. Revista hispana para el an\u00e1lisis de redes sociales<\/a><\/li>\n<li><a href=\"http:\/\/casus.usal.es\/pkp\/index.php\/MdE\" target=\"_blank\" rel=\"noopener\">Metodolog\u00eda de Encuestas<\/a><\/li>\n<li><a href=\"http:\/\/www.psico.uniovi.es\/REMA\/\">Revista Electr\u00f3nica de Metodolog\u00eda Aplicada (REMA)<\/a><\/li>\n<li><a href=\"http:\/\/www.relmecs.fahce.unlp.edu.ar\/\" target=\"_blank\" rel=\"noopener\">Revista Latinoamericana de Metodolog\u00eda de las Ciencias Sociales (Relmecs)<\/a><\/li>\n<li><a href=\"http:\/\/relmis.com.ar\/ojs\/index.php\/relmis\/index\" target=\"_blank\" rel=\"noopener\">Revista Latinoamericana de Metodolog\u00eda de la Investigaci\u00f3n Social (ReLMIS)<\/a><\/li>\n<li><a href=\"http:\/\/bms.revues.org\/\" target=\"_blank\" rel=\"noopener\">Bulletin de M\u00e9thodologie Sociologique (BMS)<\/a><\/li>\n<li><a href=\"http:\/\/www.tandfonline.com\/toc\/tsrm20\/current#.VB6WiRaM2oQ\" target=\"_blank\" rel=\"noopener\">International Journal of Social Research Methodology<\/a><\/li>\n<li><a href=\"http:\/\/link.springer.com\/journal\/11135\" target=\"_blank\" rel=\"noopener\">Quality &amp; Quantity<\/a><\/li>\n<li><a href=\"http:\/\/smx.sagepub.com\/\" target=\"_blank\" rel=\"noopener\">Sociological Methodology (SM)<\/a><\/li>\n<li><a href=\"http:\/\/smr.sagepub.com\/\" target=\"_blank\" rel=\"noopener\">Sociological Methods &amp; Research (SMR)<\/a><\/li>\n<li><a href=\"http:\/\/www.tandfonline.com\/loi\/gmas20#.VB6uZhaM2oQ\" target=\"_blank\" rel=\"noopener\">Journal of Mathematical Sociology<\/a><\/li>\n<li><a href=\"http:\/\/www.tandfonline.com\/toc\/hmes20\/current#.VB6vMxaM2oQ\" target=\"_blank\" rel=\"noopener\">Measurement: Interdisciplinary Research &amp; Perspective<\/a><\/li>\n<li><a href=\"http:\/\/www.hogrefe.com\/periodicals\/methodology\/\" target=\"_blank\" rel=\"noopener\">Methodology: European Journal of Research Methods for The Behavioral and Social Sciences<\/a><\/li>\n<li><a href=\"http:\/\/mmr.sagepub.com\/\" target=\"_blank\" rel=\"noopener\">Journal of Mixed Methods Research<\/a><\/li>\n<li><a href=\"http:\/\/www.slu.edu\/organizations\/qrc\/QRjournals.html\" target=\"_blank\" rel=\"noopener\">Qualitative Research Journals<\/a><\/li>\n<\/ul>\n<\/td>\n<td valign=\"top\">\n<p>Estad\u00edstica<\/p>\n<ul style=\"text-align: left\">\n<li><a href=\"http:\/\/www.revistaindice.com\/\" target=\"_blank\" rel=\"noopener\">\u00cdndice<\/a>. Revista de Estad\u00edstica y Sociedad de l&#8217;INE<\/li>\n<li><a href=\"http:\/\/www.ine.es\/ss\/Satellite?L=0&amp;c=Page&amp;cid=1254735226759&amp;p=1254735226759&amp;pagename=ProductosYServicios%2FPYSLayout\" target=\"_blank\" title=\"Vincle extern: s'obrir\u00e0 una nova finestra\" rel=\"noopener\">Revista Estad\u00edstica Espa\u00f1ola<\/a><\/li>\n<li><a href=\"http:\/\/www.idescat.cat\/sort\/\" target=\"_blank\" rel=\"noopener\">SORT<\/a> Revista d&#8217;Estad\u00edstica i Investigaci\u00f3 Operativa de l&#8217;Idescat<\/li>\n<li><a href=\"http:\/\/www.wiley.com\/bw\/journal.asp?ref=0012-9682\" target=\"_blank\" rel=\"noopener\">Econometrica<\/a><\/li>\n<li><a href=\"http:\/\/www.blackwellpublishing.com\/journal.asp?ref=1369-7412\" target=\"_blank\" rel=\"noopener\">Journals of the Royal Statistical Society. Series B (Statistical Methodology)<\/a><\/li>\n<li><a href=\"http:\/\/www.amstat.org\/publications\/jasa.cfm\" target=\"_blank\" rel=\"noopener\">Journal of the American Statistical Association<\/a><\/li>\n<li><a href=\"http:\/\/www.amstat.org\/publications\/tas.cfm\" target=\"_blank\" rel=\"noopener\">The American Statistician<\/a><\/li>\n<li><a href=\"http:\/\/www.blackwellpublishing.com\/journal.asp?ref=0964-1998\" target=\"_blank\" rel=\"noopener\">Journal of the Royal Statistical Society. Series A (Statistics in Society)<\/a><\/li>\n<li><a href=\"http:\/\/www.imstat.org\/aos\/\" target=\"_blank\" rel=\"noopener\">Annals of Statistics<\/a><\/li>\n<li><a href=\"http:\/\/biomet.oxfordjournals.org\/\" target=\"_blank\" rel=\"noopener\">Biometrika<\/a><\/li>\n<li><a href=\"http:\/\/www.biometrics.tibs.org\/\" target=\"_blank\" rel=\"noopener\">Biometrics<\/a><\/li>\n<li><a href=\"http:\/\/www.springerlink.com\/content\/100219\/\" target=\"_blank\" rel=\"noopener\">Statistics and Computing<\/a><\/li>\n<li><a href=\"http:\/\/www.blackwellpublishing.com\/journal.asp?ref=0305-9049\" target=\"_blank\" rel=\"noopener\">Oxford Bulletin of Economics &amp; Statistics<\/a><\/li>\n<\/ul>\n<\/td>\n<\/tr>\n<\/tbody>\n<\/table>\n<p>Trabajo<\/p>\n<ul>\n<li><a href=\"http:\/\/www.sigloxxieditores.com\/busqueda\/listaLibros.php?codEditorial=5&amp;codColeccion=1018\" target=\"_blank\" rel=\"noopener\">Sociolog\u00eda del Trabajo<\/a><\/li>\n<li><a href=\"http:\/\/revistas.ucm.es\/index.php\/CRLA\" target=\"_blank\" rel=\"noopener\">Cuadernos de Relaciones Laborales<\/a><\/li>\n<li><a href=\"http:\/\/www.ilo.org\/public\/spanish\/revue\/index.htm\" target=\"_blank\" rel=\"noopener\">Revista Internacional del Trabajo<\/a><\/li>\n<li><a href=\"http:\/\/www.uhu.es\/publicaciones\/ojs\/index.php\/trabajo\/index\" target=\"_blank\" rel=\"noopener\">Trabajo. Revista de la Asociaci\u00f3n Estatal de Centros Universitarios de Relaciones Laborales y Ciencias del Trabajo<\/a><\/li>\n<li><a href=\"http:\/\/wes.sagepub.com\/\" target=\"_blank\" rel=\"noopener\">Work, Employment and Society<\/a><\/li>\n<li><a href=\"http:\/\/wox.sagepub.com\/\" target=\"_blank\" rel=\"noopener\">Work and Occupations<\/a><\/li>\n<li><a href=\"http:\/\/trs.sagepub.com\/\" target=\"_blank\" rel=\"noopener\">Transfer: European Review of Labour and Research<\/a><\/li>\n<li><a href=\"http:\/\/ejd.sagepub.com\/\" target=\"_blank\" rel=\"noopener\">European Journal of Industrial Relations<\/a><\/li>\n<li><a href=\"http:\/\/jir.sagepub.com\/\" target=\"_blank\" rel=\"noopener\">Journal of Industrial Relations (JIR)<\/a><\/li>\n<li><a href=\"http:\/\/www.sociologiedutravail.org\/\" target=\"_blank\" rel=\"noopener\">Sociologie du Travail<\/a><\/li>\n<li><a href=\"http:\/\/travail-emploi.gouv.fr\/etudes-recherches-statistiques-de,76\/etudes-et-recherches,77\/publications-dares,98\/revue-travail-et-emploi,103\/\" target=\"_blank\" rel=\"noopener\">Travail et emploi<\/a><\/li>\n<\/ul>\n<p><span style=\"color: #cc0000\"><strong>Nombres propios<\/strong><\/span><strong><em>&nbsp;<\/em><\/strong><\/p>\n<ul>\n<li><a href=\"http:\/\/www.sociosite.net\/topics\/sociologists.php\">SocioSite: Famous Sociologists<\/a><\/li>\n<li><a href=\"http:\/\/www2.pfeiffer.edu\/%7Elridener\/DSS\/INDEX.HTML%20\">Dead Sociologist&#8217;s Index<br \/><\/a><\/li>\n<li><a href=\"http:\/\/www.mzes.uni-mannheim.de\/homepage_e.html\">Mannheim Centre for European Social Research<\/a><\/li>\n<li><a href=\"http:\/\/marx.eserver.org\/\">Marx and Engels&#8217; Writings<\/a><\/li>\n<li><a href=\"http:\/\/www.marxists.org\/archive\/marx\/works\/cw\/index.htm\">Marx\/Engels Collected Works<\/a><\/li>\n<li><a href=\"The%20Stanford%20Center%20on%20Poverty%20and%20Inequality\">The Stanford Center on Poverty and Inequality<\/a><\/li>\n<\/ul>\n<p><span style=\"color: #cc0000\"><strong>Diccionarios y glosarios<\/strong><\/span><strong><em>&nbsp;<\/em><\/strong><\/p>\n<ul>\n<li><a href=\"http:\/\/www.ucm.es\/info\/eurotheo\/diccionario\/index_b.html\">THEORIA-UCM | Diccionario Cr\u00edtico de Ciencias Sociales<\/a><\/li>\n<li><a href=\"http:\/\/www.faculty.rsu.edu\/users\/f\/felwell\/www\/Probweb\/Charts\/socgloss.htm\">Elwell&#8217;s Glossary of Sociology<\/a><\/li>\n<li><a href=\"http:\/\/ciberconta.unizar.es\/leccion\/sociodic\">http:\/\/ciberconta.unizar.es\/leccion\/sociodic<\/a>\/<\/li>\n<li><a href=\"http:\/\/bitbucket.icaap.org\/\">Online Dictionary on Social Sciences<\/a><\/li>\n<li><a href=\"http:\/\/www.enciclopedia.cat\/\" target=\"_blank\" rel=\"noopener\">Diccionari de la Gran Enciclop\u00e8dia Catalana<\/a><\/li>\n<\/ul>\n<p><span style=\"color: #cc0000\"><strong>Humor sociol\u00f3gico<\/strong><\/span><strong><em> <br \/><\/em><\/strong><\/p>\n<ul>\n<li><a href=\"http:\/\/www.trinity.edu\/%7Emkearl\/countdwn.html\" target=\"_blank\" rel=\"noopener\">Thoughts on Cultural Cynicism, the Fin-de-siecle, and the Ozone Hole<\/a><\/li>\n<li><a href=\"http:\/\/www.sociosite.net\/funny.php\" target=\"_blank\" rel=\"noopener\">Sociosite: Funny Science <\/a><\/li>\n<\/ul>\n<p><span style=\"color: #cc0000\"><strong>Otros<\/strong><\/span><strong><em><br \/><\/em><\/strong><\/p>\n<ul>\n<li><a href=\"http:\/\/wuster.uab.es\/assessorament\/guia\/index.html\" target=\"_blank\" rel=\"noopener\">Guia de comunicaci\u00f3 efica\u00e7<\/a><\/li>\n<li><a href=\"http:\/\/www.ces.es\/\" target=\"_blank\" rel=\"noopener\">Consejo Econ\u00f3mico y Social (CES)<\/a><\/li>\n<\/ul>\n<p>&nbsp;<\/p>\n","protected":false},"excerpt":{"rendered":"<p>Cat\u00e1logos tem\u00e1ticos de Sociolog\u00eda&nbsp; Directorio Gattungswesen Sociologica Humanitatis A Sociological Tour through Cyberspace Max Planck Institute for the Study of Societies SocioSite WWW Virtual Library: Sociology Allyn and Bacon&#8217;s Sociology Links The SocioWeb The SocioLog Society for Applied Sociology sociologicus.com Cat\u00e1logos tem\u00e1ticos de Ciencias Sociales&nbsp; Social Science Information Gateway &#8211; SOSIG Social Sciences- WWW Virtual [&hellip;]<\/p>\n","protected":false},"author":20,"featured_media":0,"parent":0,"menu_order":0,"comment_status":"closed","ping_status":"closed","template":"","meta":{"footnotes":""},"class_list":["post-173","page","type-page","status-publish","hentry"],"_links":{"self":[{"href":"https:\/\/webs.uab.cat\/plopez\/wp-json\/wp\/v2\/pages\/173","targetHints":{"allow":["GET"]}}],"collection":[{"href":"https:\/\/webs.uab.cat\/plopez\/wp-json\/wp\/v2\/pages"}],"about":[{"href":"https:\/\/webs.uab.cat\/plopez\/wp-json\/wp\/v2\/types\/page"}],"author":[{"embeddable":true,"href":"https:\/\/webs.uab.cat\/plopez\/wp-json\/wp\/v2\/users\/20"}],"replies":[{"embeddable":true,"href":"https:\/\/webs.uab.cat\/plopez\/wp-json\/wp\/v2\/comments?post=173"}],"version-history":[{"count":1,"href":"https:\/\/webs.uab.cat\/plopez\/wp-json\/wp\/v2\/pages\/173\/revisions"}],"predecessor-version":[{"id":1134,"href":"https:\/\/webs.uab.cat\/plopez\/wp-json\/wp\/v2\/pages\/173\/revisions\/1134"}],"wp:attachment":[{"href":"https:\/\/webs.uab.cat\/plopez\/wp-json\/wp\/v2\/media?parent=173"}],"curies":[{"name":"wp","href":"https:\/\/api.w.org\/{rel}","templated":true}]}}