{"id":18,"date":"2009-05-08T11:16:08","date_gmt":"2009-05-08T09:16:08","guid":{"rendered":"https:\/\/webs.uab.cat\/plopez\/tisa-0\/"},"modified":"2026-02-16T10:29:43","modified_gmt":"2026-02-16T09:29:43","slug":"tisa","status":"publish","type":"page","link":"https:\/\/webs.uab.cat\/plopez\/tisa\/","title":{"rendered":"M\u00e1ster TISA"},"content":{"rendered":"\n<div class=\"wp-block-columns is-layout-flex wp-container-core-columns-is-layout-9d6595d7 wp-block-columns-is-layout-flex\">\n<div class=\"wp-block-column is-layout-flow wp-block-column-is-layout-flow\" style=\"flex-basis:15%\">\n<figure class=\"wp-block-image size-full is-resized\"><img loading=\"lazy\" decoding=\"async\" width=\"77\" height=\"98\" src=\"https:\/\/webs.uab.cat\/plopez\/wp-content\/uploads\/sites\/156\/2009\/05\/tisanimat-e1675754447448.gif\" alt=\"tisanimat\" class=\"wp-image-516\"\/><\/figure>\n<\/div>\n\n\n\n<div class=\"wp-block-column is-layout-flow wp-block-column-is-layout-flow\" style=\"flex-basis:85%\">\n<p>El <strong><mark style=\"background-color:#fff\" class=\"has-inline-color has-accent-color\">M\u00e1ster <\/mark>de Formaci\u00f3n Continuada y el <mark style=\"background-color:#fff\" class=\"has-inline-color has-accent-color\">Diploma <\/mark>de Especializaci\u00f3n en <mark style=\"background-color:#fff\" class=\"has-inline-color has-accent-color\">T\u00e9cnicas de Investigaci\u00f3n Social Aplicada [TISA]<\/mark><\/strong> son una iniciativa conjunta del <a rel=\"noreferrer noopener\" href=\"https:\/\/iet.uab.cat\/\" target=\"_blank\">Instituto de Estudios del Trabajo<\/a> (IET) de la <a rel=\"noreferrer noopener\" href=\"http:\/\/www.uab.es\/\" target=\"_blank\">Universidad Aut\u00f3noma de Barcelona<\/a>, del <a rel=\"noreferrer noopener\" href=\"http:\/\/www.ub.edu\/sociologia\/\" target=\"_blank\">Departamento de Sociolog\u00eda <\/a>de la <a href=\"https:\/\/www.ub.edu\/web\/ub\/ca\/universitat\/campus_fac_dep\/departaments\/s\/depdesociologia.html\">Universidad de Barcelona<\/a>, y del <a rel=\"noreferrer noopener\" href=\"http:\/\/www.colpis.cat\/\" target=\"_blank\">Col\u00b7legi de Professionals de la Ci\u00e8ncia Pol\u00edtica i de la Sociologia de Catalunya<\/a>&nbsp; (Colpis).<\/p>\n<\/div>\n<\/div>\n\n\n\n<div class=\"wp-block-columns are-vertically-aligned-center is-layout-flex wp-container-core-columns-is-layout-9d6595d7 wp-block-columns-is-layout-flex\">\n<div class=\"wp-block-column is-vertically-aligned-center is-layout-flow wp-block-column-is-layout-flow\">\n<figure class=\"wp-block-image size-large is-resized\"><img loading=\"lazy\" decoding=\"async\" width=\"1024\" height=\"205\" src=\"https:\/\/webs.uab.cat\/plopez\/wp-content\/uploads\/sites\/156\/2023\/09\/uab-iet-1024x205.jpg\" alt=\"\" class=\"wp-image-1572\" srcset=\"https:\/\/webs.uab.cat\/plopez\/wp-content\/uploads\/sites\/156\/2023\/09\/uab-iet-1024x205.jpg 1024w, https:\/\/webs.uab.cat\/plopez\/wp-content\/uploads\/sites\/156\/2023\/09\/uab-iet-300x60.jpg 300w, https:\/\/webs.uab.cat\/plopez\/wp-content\/uploads\/sites\/156\/2023\/09\/uab-iet-768x154.jpg 768w, https:\/\/webs.uab.cat\/plopez\/wp-content\/uploads\/sites\/156\/2023\/09\/uab-iet-1200x241.jpg 1200w, https:\/\/webs.uab.cat\/plopez\/wp-content\/uploads\/sites\/156\/2023\/09\/uab-iet.jpg 1306w\" sizes=\"auto, (max-width: 1024px) 100vw, 1024px\" \/><\/figure>\n<\/div>\n\n\n\n<div class=\"wp-block-column is-vertically-aligned-center is-layout-flow wp-block-column-is-layout-flow\">\n<figure class=\"wp-block-image size-full is-resized\"><a href=\"https:\/\/www.ub.edu\/web\/ub\/ca\/universitat\/campus_fac_dep\/departaments\/s\/depdesociologia.html\" target=\"_blank\" rel=\"noreferrer noopener\"><img loading=\"lazy\" decoding=\"async\" width=\"800\" height=\"241\" src=\"https:\/\/webs.uab.cat\/plopez\/wp-content\/uploads\/sites\/156\/2023\/02\/UB.png\" alt=\"\" class=\"wp-image-1105\" srcset=\"https:\/\/webs.uab.cat\/plopez\/wp-content\/uploads\/sites\/156\/2023\/02\/UB.png 800w, https:\/\/webs.uab.cat\/plopez\/wp-content\/uploads\/sites\/156\/2023\/02\/UB-300x90.png 300w, https:\/\/webs.uab.cat\/plopez\/wp-content\/uploads\/sites\/156\/2023\/02\/UB-768x231.png 768w\" sizes=\"auto, (max-width: 800px) 100vw, 800px\" \/><\/a><\/figure>\n<\/div>\n\n\n\n<div class=\"wp-block-column is-vertically-aligned-center is-layout-flow wp-block-column-is-layout-flow\">\n<figure class=\"wp-block-image size-full is-resized\"><a href=\"http:\/\/www.colpis.cat\/\" target=\"_blank\" rel=\"noreferrer noopener\"><img loading=\"lazy\" decoding=\"async\" width=\"437\" height=\"115\" src=\"https:\/\/webs.uab.cat\/plopez\/wp-content\/uploads\/sites\/156\/2023\/02\/colpis.png\" alt=\"\" class=\"wp-image-1106\" srcset=\"https:\/\/webs.uab.cat\/plopez\/wp-content\/uploads\/sites\/156\/2023\/02\/colpis.png 437w, https:\/\/webs.uab.cat\/plopez\/wp-content\/uploads\/sites\/156\/2023\/02\/colpis-300x79.png 300w\" sizes=\"auto, (max-width: 437px) 100vw, 437px\" \/><\/a><\/figure>\n<\/div>\n<\/div>\n\n\n\n<p><span style=\"font-size: revert;text-align: justify;letter-spacing: 0.05rem\">El <strong>objetivo <\/strong>del TISA, a trav\u00e9s del M\u00e1ster (2 a\u00f1os) o del Diploma (1 a\u00f1o), es ofrecer&nbsp;una formaci\u00f3n especializada de postgrado destinada al conocimiento y uso de las t\u00e8cnicas de investigaci\u00f3n avanzadas en el campo de las ciencias sociales, en particular, en el \u00e1mbito de la Sociologia y de la Ciencia Pol\u00edtica, con una orientaci\u00f3n aplicada y de profesionalizaci\u00f3n.<\/span><\/p>\n\n\n\n<p class=\"has-text-align-center has-accent-color has-text-color\"> <img loading=\"lazy\" decoding=\"async\" width=\"225\" height=\"225\" class=\"wp-image-1373\" style=\"width: 40px\" src=\"https:\/\/webs.uab.cat\/plopez\/wp-content\/uploads\/sites\/156\/2023\/03\/video-verde.png\" alt=\"\" srcset=\"https:\/\/webs.uab.cat\/plopez\/wp-content\/uploads\/sites\/156\/2023\/03\/video-verde.png 225w, https:\/\/webs.uab.cat\/plopez\/wp-content\/uploads\/sites\/156\/2023\/03\/video-verde-150x150.png 150w\" sizes=\"auto, (max-width: 225px) 100vw, 225px\" \/> <a rel=\"noreferrer noopener\" href=\"https:\/\/ddd.uab.cat\/record\/272997\" target=\"_blank\">V\u00eddeo de presentaci\u00f3n<\/a>    |       <a rel=\"noreferrer noopener\" href=\"https:\/\/webs.uab.cat\/plopez\/wp-content\/uploads\/sites\/156\/2023\/10\/TISA21.pdf\" target=\"_blank\">Breve presentaci\u00f3n en pdf<\/a><\/p>\n\n\n\n<p class=\"has-text-align-center\">El TISA se imparte desde el curso 2003-04. <br>En noviembre del curso acad\u00e9mico 2025-26 se iniciar\u00e1 la <strong>23\u00aa edici\u00f3n<\/strong>.<\/p>\n\n\n\n<p class=\"has-text-align-center\"><mark style=\"background-color:#fff\" class=\"has-inline-color has-accent-color\"><strong>Sesi\u00f3n informativa<\/strong><\/mark> online: <strong>7 de octubre <\/strong>de 2025, <br>19:00, hora de Espa\u00f1a peninsular. <br><a href=\"mailto:master.tisa@uab.es\" target=\"_blank\" rel=\"noreferrer noopener\">Solicitud del enlace a la reuni\u00f3n<\/a><\/p>\n\n\n\n<p><mark style=\"background-color:#fff\" class=\"has-inline-color has-accent-color\"><strong>Contacto<\/strong><\/mark>: <a href=\"mailto:master.tisa@uab.es\" target=\"_blank\" rel=\"noreferrer noopener\">master.tisa@uab.es<\/a><\/p>\n\n\n\n<p><span style=\"font-size: revert;letter-spacing: 0.05rem\">Informaci\u00f3n y matr\u00edcula en la web de la UAB (espa\u00f1ol):&nbsp; <\/span><a rel=\"noopener\" style=\"font-size: revert;letter-spacing: 0.05rem\" href=\"http:\/\/www.uab.cat\/servlet\/Satellite\/postgrado\/master-en-tecnicas-de-investigacion-social-aplicada\/datos-basicos-1206597472083.html\/param1-1592_es\/param2-2009\/\" target=\"_blank\">M\u00e1ster<\/a><span style=\"font-size: revert;letter-spacing: 0.05rem\"> | <\/span><a rel=\"noopener\" style=\"font-size: revert;letter-spacing: 0.05rem\" href=\"http:\/\/www.uab.cat\/servlet\/Satellite\/postgrado\/diplomatura-de-postgrado-en-tecnicas-de-investigacion-social\/datos-basicos-1206597472083.html\/param1-2591_es\/param2-2009\/\" target=\"_blank\">Diploma<\/a><br><span style=\"font-size: revert;letter-spacing: 0.05rem\">Informaci\u00f3 i matr\u00edcula a la web de la UAB (catal\u00e0):&nbsp; <\/span><a rel=\"noopener\" style=\"font-size: revert;letter-spacing: 0.05rem\" href=\"http:\/\/www.uab.cat\/servlet\/Satellite\/postgrau\/master-en-tecniques-d-investigacio-social-aplicada\/dades-basiques-1203328491238.html\/param1-1592_ca\/param2-2009\/\" target=\"_blank\">M\u00e0ster<\/a><span style=\"font-size: revert;letter-spacing: 0.05rem\"> | <\/span><a rel=\"noopener\" style=\"font-size: revert;letter-spacing: 0.05rem\" href=\"http:\/\/www.uab.cat\/servlet\/Satellite\/postgrau\/diplomatura-de-postgrau-en-tecniques-d-investigacio-social\/dades-basiques-1203328491238.html\/param1-2591_ca\/param2-2009\/\" target=\"_blank\">Diploma<\/a><\/p>\n\n\n\n<p>R\u00e1nquines: <a href=\"https:\/\/www.ub.edu\/web\/portal\/ca\/la-ub\/la-universitat\/sobre-la-ub\/la-ub-en-xifres\/\">R\u00e1nquin UB<\/a> | <a rel=\"noreferrer noopener\" href=\"http:\/\/www.uab.es\/servlet\/Satellite?cid=1296221315422&amp;pagename=w-CEI%2FPage%2FTemplatePageInterior2ColumnsCEI\" target=\"_blank\">R\u00e1nquin UAB<\/a><\/p>\n","protected":false},"excerpt":{"rendered":"<p>El M\u00e1ster de Formaci\u00f3n Continuada y el Diploma de Especializaci\u00f3n en T\u00e9cnicas de Investigaci\u00f3n Social Aplicada [TISA] son una iniciativa conjunta del Instituto de Estudios del Trabajo (IET) de la Universidad Aut\u00f3noma de Barcelona, del Departamento de Sociolog\u00eda de la Universidad de Barcelona, y del Col\u00b7legi de Professionals de la Ci\u00e8ncia Pol\u00edtica i de la [&hellip;]<\/p>\n","protected":false},"author":20,"featured_media":0,"parent":0,"menu_order":0,"comment_status":"closed","ping_status":"closed","template":"","meta":{"footnotes":""},"class_list":["post-18","page","type-page","status-publish","hentry"],"_links":{"self":[{"href":"https:\/\/webs.uab.cat\/plopez\/wp-json\/wp\/v2\/pages\/18","targetHints":{"allow":["GET"]}}],"collection":[{"href":"https:\/\/webs.uab.cat\/plopez\/wp-json\/wp\/v2\/pages"}],"about":[{"href":"https:\/\/webs.uab.cat\/plopez\/wp-json\/wp\/v2\/types\/page"}],"author":[{"embeddable":true,"href":"https:\/\/webs.uab.cat\/plopez\/wp-json\/wp\/v2\/users\/20"}],"replies":[{"embeddable":true,"href":"https:\/\/webs.uab.cat\/plopez\/wp-json\/wp\/v2\/comments?post=18"}],"version-history":[{"count":34,"href":"https:\/\/webs.uab.cat\/plopez\/wp-json\/wp\/v2\/pages\/18\/revisions"}],"predecessor-version":[{"id":1642,"href":"https:\/\/webs.uab.cat\/plopez\/wp-json\/wp\/v2\/pages\/18\/revisions\/1642"}],"wp:attachment":[{"href":"https:\/\/webs.uab.cat\/plopez\/wp-json\/wp\/v2\/media?parent=18"}],"curies":[{"name":"wp","href":"https:\/\/api.w.org\/{rel}","templated":true}]}}