{"id":245,"date":"2012-02-24T19:35:22","date_gmt":"2012-02-24T19:35:22","guid":{"rendered":"https:\/\/webs.uab.cat\/plopez\/encuestas-e-investigacion-de-mercados\/"},"modified":"2012-02-24T19:35:22","modified_gmt":"2012-02-24T19:35:22","slug":"encuestas-e-investigacion-de-mercados","status":"publish","type":"page","link":"https:\/\/webs.uab.cat\/plopez\/encuestas-e-investigacion-de-mercados\/","title":{"rendered":"Encuestas e investigaci\u00f3n de mercados"},"content":{"rendered":"<p><span style=\"color: #cc0000;\"><strong>Encuestas<\/strong><\/span><\/p>\n<ul style=\"text-align: left;\">\n<li><a href=\"http:\/\/www.statcan.gc.ca\/bsolc\/olc-cel\/olc-cel?catno=12-001-XPB&amp;lang=eng\">Survey Methodology<\/a><\/li>\n<li><a href=\"http:\/\/www.enquestadecondicionsdevida.cat\/index.htm\" target=\"_blank\" rel=\"noopener\">Enquesta de condicions de vida i h\u00e0bits de la poblaci\u00f3 de Catalunya<\/a> de l&#8217;<a href=\"http:\/\/www.iermb.uab.cat\/\" target=\"_blank\" rel=\"noopener\">IERMB<\/a><\/li>\n<li><a href=\"http:\/\/www.obdesigualtats.cat\/\" target=\"_blank\" rel=\"noopener\">Panel de Desigualtats a Catalunya (PaD)<\/a> de la <a href=\"http:\/\/www.fbofill.cat\/\" target=\"_blank\" rel=\"noopener\">Fundaci\u00f3 Jaume Bofill<\/a><\/li>\n<li><a href=\"http:\/\/www.amstat.org\/sections\/SRMS\/index.html\" target=\"_blank\" rel=\"noopener\">Survey Research Methods Section (SRMS) de la American Statistical Association (ASA)<\/a><\/li>\n<li><a href=\"http:\/\/www3.norc.org\/GSS+Website\/\" target=\"_blank\" rel=\"noopener\">General Social Survey<\/a> (USA)<\/li>\n<li><a href=\"http:\/\/www.jpsm.umd.edu\/jpsm\/\" target=\"_blank\" rel=\"noopener\">The Joint Program in Survey Methodology<\/a><\/li>\n<li><a href=\"http:\/\/www.src.isr.umich.edu\/\" target=\"_blank\" rel=\"noopener\">Survey Research Center<\/a><\/li>\n<li><a href=\"http:\/\/statcomp.ats.ucla.edu\/survey\/\" target=\"_blank\" rel=\"noopener\">Survey Data Analysis Portal<\/a><\/li>\n<li><a href=\"http:\/\/www.socresonline.org.uk\/2\/2\/cass.html\" target=\"_blank\" rel=\"noopener\">Centre for Applied Social Survey (CASS)<\/a><\/li>\n<li><a href=\"http:\/\/www.isr.umich.edu\/src\/smp\/asda\/\" target=\"_blank\" rel=\"noopener\">Applied Survey Data Analysis<\/a><\/li>\n<li><a href=\"http:\/\/www.international-survey.org\/\" target=\"_blank\" rel=\"noopener\">International Survey Center<\/a><\/li>\n<li><a href=\"http:\/\/ec.europa.eu\/public_opinion\/index_en.htm\" target=\"_blank\" rel=\"noopener\">Public Opinion Analysis sector of the European Commission<\/a><\/li>\n<li><a href=\"World%20Association%20for%20Public%20Opinion%20Research\" target=\"_blank\" rel=\"noopener\">World Association for Public Opinion Research<\/a><\/li>\n<li><a href=\"http:\/\/members.tripod.com\/%7Efrede_dast\/conseil_a\/links.html\" target=\"_blank\" rel=\"noopener\">Guide to Questionnaires and Surveys. Links about surveys<\/a><\/li>\n<li><a href=\"http:\/\/www.gesis.org\/en\/home\/\" target=\"_blank\" rel=\"noopener\">Leibniz Institute for the Social Sciences (GESIS)<\/a>&nbsp;<\/li>\n<li><a href=\"http:\/\/www.aedemo.es\/aedemo\/index.php?option=com_content&amp;task=view&amp;id=43&amp;Itemid=125\" target=\"_blank\" rel=\"noopener\">C\u00f3digos y Gu\u00edas ESOMAR<\/a> (AEDEMO)<\/li>\n<\/ul>\n<p style=\"text-align: left;\"><span style=\"color: #cc0000;\"><strong>Revistas<br \/><\/strong><\/span><\/p>\n<ul>\n<li><a href=\"http:\/\/casus.usal.es\/pkp\/index.php\/MdE\">Revista Metodolog\u00eda de Encuestas<\/a><\/li>\n<li><a href=\"http:\/\/www.amstat.org\/sections\/SRMS\/index.html\" target=\"_blank\" rel=\"noopener\"><\/a><a href=\"http:\/\/w4.ub.uni-konstanz.de\/srm\/\" target=\"_blank\" rel=\"noopener\">Survey Research Methods<\/a><\/li>\n<li><a href=\"http:\/\/poq.oxfordjournals.org\/\" target=\"_blank\" rel=\"noopener\">Public Opinion Quarterly<\/a><\/li>\n<\/ul>\n<p style=\"text-align: left;\"><span style=\"color: #cc0000;\"><strong>Instituciones y empresas<\/strong><\/span><\/p>\n<ul>\n<li><a href=\"http:\/\/ceo.gencat.cat\/\" target=\"_blank\" rel=\"noopener\">Centre d&#8217;Estudis d&#8217;Opini\u00f3<\/a><\/li>\n<li><a href=\"http:\/\/www.cis.es\/\" target=\"_blank\" rel=\"noopener\">Centro de Investigaciones Sociol\u00f3gicas (CIS)<\/a><\/li>\n<li><a href=\"http:\/\/www.ine.es\/\">Instituto Nacional de Estad\u00edstica (INE)<\/a><\/li>\n<li><a href=\"http:\/\/www.sipie.net\/\" target=\"_blank\" rel=\"noopener\">SIPIE<\/a>. Sociedad Internacional de Profesionales de la Investigaci\u00f3n en Encuestas. <a href=\"http:\/\/www.unavarra.es\/congreso\/encuestas\/index.htm\" target=\"_blank\" rel=\"noopener\">IV Congreso ME<\/a><\/li>\n<li><a href=\"http:\/\/isi-web.org\/\" target=\"_blank\" rel=\"noopener\">International Association of Survey Statisticians (IASS)<\/a><\/li>\n<li><a href=\"http:\/\/www.stat.unipg.it\/iasc\/\" target=\"_blank\" rel=\"noopener\">International Association for Statistical Computing (IASC)<\/a><\/li>\n<li><a href=\"http:\/\/www.asc.org.uk\/\" target=\"_blank\" rel=\"noopener\">Association for Survey Computing<\/a><\/li>\n<li><a href=\"http:\/\/www.tns-global.es\/\" target=\"_blank\" rel=\"noopener\">Taylor Nelson Sofres (TNS)<\/a><\/li>\n<li><a href=\"http:\/\/www.opinometre.com\/\" target=\"_blank\" rel=\"noopener\">Institut Opin\u00f3metre<\/a><\/li>\n<li><a href=\"http:\/\/www.gallup.com\" target=\"_blank\" rel=\"noopener\">Gallup<\/a><\/li>\n<li><a href=\"http:\/\/www.aimc.es\/\" target=\"_blank\" rel=\"noopener\">Asociaci\u00f3n para la Investigaci\u00f3n de los Medios de Comunicaci\u00f3n<\/a><\/li>\n<li><a href=\"http:\/\/www.ipsos.com\/\" target=\"_blank\" rel=\"noopener\">IPSOS<\/a><\/li>\n<li><a href=\"http:\/\/www.tesigandia.com\/\">TESI, Proceso de datos<\/a><\/li>\n<\/ul>\n<p><span style=\"color: #cc0000;\"><strong>Investigaci\u00f3n de mercados<\/strong><\/span><\/p>\n<p style=\"text-align: left;\"><strong>Asociaciones profesionales<br \/><\/strong><\/p>\n<ul style=\"text-align: left;\">\n<li><a href=\"http:\/\/www.aedemo.es\/aedemo\/\" target=\"_blank\" rel=\"noopener\">AEDEMO. Asociaci\u00f3n Espa\u00f1ola de Estudios de Mercado, Marketing y Opini\u00f3n<\/a><\/li>\n<li><a href=\"http:\/\/www.aneimo.com\/\" target=\"_blank\" rel=\"noopener\">ANEIMO. Asociaci\u00f3n Nacional de Empresas de Investigaci\u00f3n de Mercados y de la Opini\u00f3n Publica<\/a><\/li>\n<li style=\"text-align: left;\"><a href=\"http:\/\/www.esomar.org\/\" target=\"_blank\" rel=\"noopener\">ESOMAR. World Association of Opinion and Marketing Research Professionals<\/a><\/li>\n<\/ul>\n","protected":false},"excerpt":{"rendered":"<p>Encuestas Survey Methodology Enquesta de condicions de vida i h\u00e0bits de la poblaci\u00f3 de Catalunya de l&#8217;IERMB Panel de Desigualtats a Catalunya (PaD) de la Fundaci\u00f3 Jaume Bofill Survey Research Methods Section (SRMS) de la American Statistical Association (ASA) General Social Survey (USA) The Joint Program in Survey Methodology Survey Research Center Survey Data Analysis [&hellip;]<\/p>\n","protected":false},"author":20,"featured_media":0,"parent":0,"menu_order":0,"comment_status":"closed","ping_status":"closed","template":"","meta":{"footnotes":""},"class_list":["post-245","page","type-page","status-publish","hentry"],"_links":{"self":[{"href":"https:\/\/webs.uab.cat\/plopez\/wp-json\/wp\/v2\/pages\/245","targetHints":{"allow":["GET"]}}],"collection":[{"href":"https:\/\/webs.uab.cat\/plopez\/wp-json\/wp\/v2\/pages"}],"about":[{"href":"https:\/\/webs.uab.cat\/plopez\/wp-json\/wp\/v2\/types\/page"}],"author":[{"embeddable":true,"href":"https:\/\/webs.uab.cat\/plopez\/wp-json\/wp\/v2\/users\/20"}],"replies":[{"embeddable":true,"href":"https:\/\/webs.uab.cat\/plopez\/wp-json\/wp\/v2\/comments?post=245"}],"version-history":[{"count":0,"href":"https:\/\/webs.uab.cat\/plopez\/wp-json\/wp\/v2\/pages\/245\/revisions"}],"wp:attachment":[{"href":"https:\/\/webs.uab.cat\/plopez\/wp-json\/wp\/v2\/media?parent=245"}],"curies":[{"name":"wp","href":"https:\/\/api.w.org\/{rel}","templated":true}]}}