{"id":274,"date":"2012-03-01T20:07:29","date_gmt":"2012-03-01T20:07:29","guid":{"rendered":"https:\/\/webs.uab.cat\/plopez\/biblioteca\/"},"modified":"2022-08-12T10:08:24","modified_gmt":"2022-08-12T10:08:24","slug":"biblioteca","status":"publish","type":"page","link":"https:\/\/webs.uab.cat\/plopez\/biblioteca\/","title":{"rendered":"Biblioteca"},"content":{"rendered":"\n<div class=\"wp-block-columns is-layout-flex wp-container-core-columns-is-layout-9d6595d7 wp-block-columns-is-layout-flex\">\n<div class=\"wp-block-column is-layout-flow wp-block-column-is-layout-flow\">\n<figure class=\"wp-block-image\"><img decoding=\"async\" src=\"http:\/\/pagines.uab.cat\/plopez\/sites\/pagines.uab.cat.plopez\/files\/images\/bibliouab.jpg\" alt=\"\"\/><\/figure>\n<\/div>\n\n\n\n<div class=\"wp-block-column is-layout-flow wp-block-column-is-layout-flow\"><div class=\"wp-block-image\">\n<figure class=\"aligncenter is-resized\"><a href=\"http:\/\/ddd.uab.cat\/\"><img loading=\"lazy\" decoding=\"async\" src=\"http:\/\/pagines.uab.cat\/plopez\/sites\/pagines.uab.cat.plopez\/files\/images\/ddd.jpg\" alt=\"\" width=\"147\" height=\"109\"\/><\/a><\/figure>\n<\/div><\/div>\n\n\n\n<div class=\"wp-block-column is-layout-flow wp-block-column-is-layout-flow\">\n<p><a rel=\"noreferrer noopener\" href=\"http:\/\/www.uab.cat\/servlet\/Satellite?c=Page&amp;cid=1257330527319&amp;pagename=BibUAB%2FPage%2FTemplatePlanaBibUAB\" target=\"_blank\">Biblioteca de CC.SS.<\/a><a rel=\"noreferrer noopener\" href=\"http:\/\/www.bib.uab.es\/premsa\/\" target=\"_blank\">&nbsp;<\/a>&nbsp; | <a rel=\"noreferrer noopener\" href=\"http:\/\/www.bib.uab.es\/premsa\/\" target=\"_blank\">Quiosc<\/a><\/p>\n\n\n\n<p><a rel=\"noreferrer noopener\" href=\"http:\/\/blogs.uab.cat\/bcspolitiques\/\" target=\"_blank\">Bloc de Pol\u00edtiques i Sociologia<\/a><\/p>\n<\/div>\n<\/div>\n\n\n\n<ul class=\"wp-block-list\"><li><a rel=\"noreferrer noopener\" href=\"http:\/\/rebiun.crue.org\/cgi-bin\/rebiun\/O7046\/ID40579602?ACC=101\" target=\"_blank\">Red de Bibliotecas Universitarias<\/a><\/li><li><a rel=\"noreferrer noopener\" href=\"http:\/\/www.loc.gov\/index.html\" target=\"_blank\">Library of Congress<\/a>&nbsp;&nbsp; | <a rel=\"noreferrer noopener\" href=\"http:\/\/www-sul.stanford.edu\/\" target=\"_blank\">Stanford University Library<\/a>&nbsp;&nbsp; | <a rel=\"noreferrer noopener\" href=\"http:\/\/www.bl.uk\/\" target=\"_blank\">The British Library<\/a><\/li><li><a rel=\"noreferrer noopener\" href=\"http:\/\/www.bnf.fr\/fr\/acc\/x.accueil.html\" target=\"_blank\">Biblioth\u00e8que Nationale de France<\/a>&nbsp;&nbsp; | <a rel=\"noreferrer noopener\" href=\"http:\/\/www.bne.es\/\" target=\"_blank\">Biblioteca Nacional de Espa\u00f1a<\/a><\/li><li><a rel=\"noreferrer noopener\" href=\"https:\/\/www.gutenberg.org\/\" target=\"_blank\">Project Gutenberg<\/a><\/li><li><a rel=\"noreferrer noopener\" href=\"http:\/\/www.ibisacademic.com\/\" target=\"_blank\">International Book Information Service (IBIS)<\/a>: Worldwide Academic and Library database<\/li><li><a rel=\"noreferrer noopener\" href=\"http:\/\/dialnet.unirioja.es\/\" target=\"_blank\">Dialnet<\/a>: B\u00fasqueda de fondos documentales&nbsp; | <a rel=\"noreferrer noopener\" href=\"http:\/\/europa.sim.ucm.es\/compludoc\/\" target=\"_blank\">Compludoc<\/a>&nbsp;<\/li><li><a rel=\"noreferrer noopener\" href=\"http:\/\/www.redalyc.org\" target=\"_blank\">Redalyc<\/a>: Red de Revistas Cient\u00edficas de Am\u00e9rica Latina y el Caribe, Espa\u00f1a y Portugal<\/li><li><a rel=\"noreferrer noopener\" href=\"http:\/\/scholar.google.es\/\" target=\"_blank\">Google Acad\u00e9mico<\/a><\/li><li><a rel=\"noreferrer noopener\" href=\"http:\/\/www.crossref.org\/\" target=\"_blank\">Crossref<\/a>: proyecto cooperativo de base de datos de referencias bibliogr\u00e1ficas acad\u00e9micas con DOI<\/li><li><a rel=\"noreferrer noopener\" href=\"http:\/\/biblioteca.universia.net\/%20\" target=\"_blank\">Universia<\/a>: biblioteca de recursos<\/li><li><a rel=\"noreferrer noopener\" href=\"http:\/\/www.mendeley.com\/\" target=\"_blank\">Mendeley<\/a>: gestor gratuito de referencias bibliogr\u00e1ficas y red social acad\u00e9mica<\/li><li><a rel=\"noreferrer noopener\" href=\"https:\/\/xpv.uab.cat\/bcsdigital\/,DanaInfo=.apbilrjyG2jlKon7+\" target=\"_blank\">Llibres electr\u00f2nics UAB-Ci\u00e8ncies Socials<\/a><\/li><\/ul>\n\n\n\n<h2 class=\"wp-block-heading\"><strong>Enciclopedias, Diccionarios y Traductores<\/strong><\/h2>\n\n\n\n<ul class=\"wp-block-list\"><li><a rel=\"noreferrer noopener\" href=\"https:\/\/webs.uab.cat\/plopez\/wp-admin\/Library%20of%20Congress\" target=\"_blank\">http:\/\/www.enciclopedia.cat\/<\/a>&nbsp; | <a rel=\"noreferrer noopener\" href=\"http:\/\/www.diccionari.cat\/\" target=\"_blank\">http:\/\/www.diccionari.cat\/<\/a>&nbsp; | <a rel=\"noreferrer noopener\" href=\"http:\/\/dlc.iec.cat\/\" target=\"_blank\">DIEC<\/a><\/li><li><a rel=\"noreferrer noopener\" href=\"http:\/\/buscon.rae.es\/draeI\/\" target=\"_blank\">RAE<\/a><\/li><li><a rel=\"noreferrer noopener\" href=\"http:\/\/www.wordreference.com\/\" target=\"_blank\">Word Reference<\/a>&nbsp;&nbsp; | <a rel=\"noreferrer noopener\" href=\"https:\/\/webs.uab.cat\/plopez\/wp-admin\/Oxford%20Advanced%20Learner%27s%20Dictionary\" target=\"_blank\">Oxford Advanced Learner&#8217;s Dictionary<\/a><\/li><li><a rel=\"noreferrer noopener\" href=\"http:\/\/www.internostrum.com\/\" target=\"_blank\">Internostrum<\/a>&nbsp;&nbsp; | <a rel=\"noreferrer noopener\" href=\"http:\/\/translate.google.com\" target=\"_blank\">Google Translate<\/a><\/li><\/ul>\n\n\n\n<h2 class=\"wp-block-heading\"><strong>Herramientas bibliom\u00e9tricas y de evaluaci\u00f3n de las publicaciones. \u00cdndices de impacto<\/strong><\/h2>\n\n\n\n<ul class=\"wp-block-list\"><li><a rel=\"noreferrer noopener\" href=\"http:\/\/ddd.uab.es\/record\/86361?ln=es\" target=\"_blank\">Eines i recursos documentals per a la doc\u00e8ncia i la recerca<\/a><\/li><li><a rel=\"noreferrer noopener\" href=\"https:\/\/guides.library.uab.edu\/JournalMetrics\" target=\"_blank\">Journal Metrics UAB<\/a><\/li><li><a rel=\"noreferrer noopener\" href=\"http:\/\/www.fecyt.es\/\" target=\"_blank\">FEYCT<\/a>&nbsp; | Web of Knowledge: <a rel=\"noreferrer noopener\" href=\"http:\/\/www.accesowok.fecyt.es\/\" target=\"_blank\">Portal<\/a>&nbsp; | <a rel=\"noreferrer noopener\" href=\"https:\/\/xpv.uab.cat\/dana\/home\/index.cgi\" target=\"_blank\">Acc\u00e9s<\/a><\/li><li><a rel=\"noreferrer noopener\" href=\"http:\/\/ec3.ugr.es\/in-recs\/\" target=\"_blank\">IN-RECS<\/a> | <a rel=\"noreferrer noopener\" href=\"http:\/\/www.eigenfactor.org\/\" target=\"_blank\">Eigenfactor<\/a>&nbsp; | <a rel=\"noreferrer noopener\" href=\"http:\/\/www.scimagojr.com\/\" target=\"_blank\">Scimago<\/a>&nbsp; | <a rel=\"noreferrer noopener\" href=\"http:\/\/ip-science.thomsonreuters.com\/cgi-bin\/jrnlst\/jloptions.cgi?PC=SS\" target=\"_blank\">SSCI<\/a>&nbsp; | <a rel=\"noreferrer noopener\" href=\"http:\/\/epuc.cchs.csic.es\/dice\/\" target=\"_blank\">DICE<\/a> | <a rel=\"noreferrer noopener\" href=\"http:\/\/www.latindex.unam.mx\/\" target=\"_blank\">Latindex<\/a>&nbsp; | <a rel=\"noreferrer noopener\" href=\"http:\/\/www.scopus.com\/home.url\" target=\"_blank\">Scopus<\/a>&nbsp; | <a rel=\"noreferrer noopener\" href=\"http:\/\/epuc.cchs.csic.es\/resh\/\" target=\"_blank\">RESH<\/a>&nbsp; | <a rel=\"noreferrer noopener\" href=\"https:\/\/www.clasificacioncirc.es\/\" target=\"_blank\">CIRC<\/a>&nbsp;<\/li><li><a rel=\"noreferrer noopener\" href=\"http:\/\/www10.gencat.net\/agaur_web\/AppJava\/catala\/a_info.jsp?contingut=carhus\" target=\"_blank\">CARHUS<\/a>&nbsp; | <a rel=\"noreferrer noopener\" href=\"http:\/\/miar.ub.edu\/\" target=\"_blank\">MIAR<\/a>&nbsp; | <a rel=\"noreferrer noopener\" href=\"http:\/\/www.esf.org\/research-areas\/humanities\/erih-european-reference-index-for-the-humanities.html\" target=\"_blank\">ERIH<\/a>&nbsp; | <a rel=\"noreferrer noopener\" href=\"http:\/\/www.getcited.org\/\" target=\"_blank\">getCITED<\/a>&nbsp; | <a rel=\"noreferrer noopener\" href=\"http:\/\/citeseerx.ist.psu.edu\" target=\"_blank\">CiteSeerX<\/a>&nbsp; |&nbsp;<a rel=\"noreferrer noopener\" href=\"http:\/\/scholar.google.com\" target=\"_blank\">Google Scholar<\/a>&nbsp; | <a rel=\"noreferrer noopener\" href=\"http:\/\/www.researcherid.com\" target=\"_blank\">ResearcherID<\/a><\/li><li><a rel=\"noreferrer noopener\" href=\"http:\/\/ilia.cchs.csic.es\/SPI\/index.html\" target=\"_blank\">Scholarly Publishers Indicators (SPI)<\/a>. Libros en Humanidades y las Ciencias Sociales<\/li><li><a href=\"http:\/\/bddoc.csic.es:8080\/isoc.do\">Base de datos ISOC del CSIC<\/a>: indexaci\u00f3n de revistas espa\u00f1olas en Ciencias Sociales y Humanidades<\/li><li><a rel=\"noreferrer noopener\" href=\"http:\/\/www.iune.es\" target=\"_blank\">IUNE Actividad Investigadora en la Universidad Espa\u00f1ola<\/a><\/li><\/ul>\n\n\n\n<h2 class=\"wp-block-heading\"><strong>Derechos de autor<\/strong><\/h2>\n\n\n\n<ul class=\"wp-block-list\"><li><a rel=\"noreferrer noopener\" href=\"http:\/\/www.uab.cat\/web\/recursos-de-informacion\/propiedad-intelectual-y-derechos-de-autor-1345650279820.html\" target=\"_blank\">Biblioteca UAB<\/a>: Propiedad intelectual y derechos de autor | <a rel=\"noreferrer noopener\" href=\"http:\/\/blogs.uab.cat\/dretsautor\/\" target=\"_blank\">Propietat Intel\u00b7lectual i Acc\u00e9s Obert<\/a><\/li><li><a rel=\"noreferrer noopener\" href=\"http:\/\/creativecommons.org\/\" target=\"_blank\">Creative Commons<\/a> | <a rel=\"noreferrer noopener\" href=\"https:\/\/creativecommons.org\/choose\/\" target=\"_blank\">Elegir licencia<\/a><\/li><\/ul>\n\n\n\n<h2 class=\"wp-block-heading\"><strong>E-learning y recursos virtuales<\/strong><\/h2>\n\n\n\n<ul class=\"wp-block-list\"><li><a rel=\"noreferrer noopener\" href=\"http:\/\/redined.mecd.gob.es\/\" target=\"_blank\">REDINED<\/a>: red de informaci\u00f3n educativa que recoge investigaciones, innovaciones y recursos producidos en Espa\u00f1a<\/li><li><a rel=\"noreferrer noopener\" href=\"http:\/\/www.educause.edu\/\" target=\"_blank\">EDUCAUSE<\/a> association whose mission is to advance higher education through the use of information technology<\/li><li><a rel=\"noreferrer noopener\" href=\"http:\/\/ilearn.senecac.on.ca\/lop\/\" target=\"_blank\">LOP<\/a>: learning objects and repositories portal<\/li><li><a rel=\"noreferrer noopener\" href=\"http:\/\/educalab.es\/intef\" target=\"_blank\">INTEF<\/a>: Instituto Nacional de Tecnolog\u00edas Educativas y de Formaci\u00f3n del Profesorado<\/li><li><a rel=\"noreferrer noopener\" href=\"https:\/\/wiki.creativecommons.org\/DiscoverEd\" target=\"_blank\">DiscoverEd<\/a>: search prototype developed by CC to explore metadata enhanced search, specifically for OER<\/li><li><a rel=\"noreferrer noopener\" href=\"https:\/\/www.oercommons.org\/\" target=\"_blank\">OER<\/a>: Open Education Resources, materials freely available.<\/li><li><a rel=\"noreferrer noopener\" href=\"http:\/\/cnx.org\/\" target=\"_blank\">Connexions | OpenStax<\/a>: open space to share and freely adapt educational materials<\/li><li><a rel=\"noreferrer noopener\" href=\"https:\/\/es.khanacademy.org\/\" target=\"_blank\">Khan Academy<\/a>: provide a free, world\u2011class education for anyone, anywhere<\/li><li>Wiley, D. <a rel=\"noreferrer noopener\" href=\"http:\/\/reusability.org\/read\/\" target=\"_blank\">The Instructional Use of Learning Objects<\/a><\/li><li><a rel=\"noreferrer noopener\" href=\"http:\/\/telos.fundaciontelefonica.com\/telos\/articulocuaderno.asp@idarticulo=10&amp;rev=67.htm\" target=\"_blank\">Recursos y direcciones sobre e-learning y Blended Learning<\/a><\/li><\/ul>\n\n\n\n<div class=\"wp-block-columns is-layout-flex wp-container-core-columns-is-layout-9d6595d7 wp-block-columns-is-layout-flex\">\n<div class=\"wp-block-column is-layout-flow wp-block-column-is-layout-flow\">\n<h2 class=\"wp-block-heading\">V\u00eddeos<\/h2>\n\n\n\n<p><a href=\"http:\/\/www.dailymotion.com\/es\">http:\/\/www.youtube.com\/<\/a><\/p>\n\n\n\n<p><br><a href=\"http:\/\/www.dailymotion.com\/es\">http:\/\/www.dailymotion.com\/es<\/a><\/p>\n\n\n\n<p><br><a href=\"http:\/\/www.vimeo.com\">http:\/\/www.vimeo.com<\/a><br><a href=\"http:\/\/www.dalealplay.com\/\">http:\/\/www.dalealplay.com\/<\/a><\/p>\n\n\n\n<p><br><a href=\"http:\/\/video.google.es\">http:\/\/video.google.es<\/a><br><a href=\"http:\/\/www.moniker.com\/\">http:\/\/www.moniker.com\/<\/a><\/p>\n\n\n\n<p><br><a href=\"http:\/\/www.metacafe.com\/\">http:\/\/www.metacafe.com\/<\/a><\/p>\n<\/div>\n\n\n\n<div class=\"wp-block-column is-layout-flow wp-block-column-is-layout-flow\">\n<h2 class=\"wp-block-heading\">Im\u00e1genes<\/h2>\n\n\n\n<p><a href=\"http:\/\/www.google.es\/imghphttp:\/\/compfight.com\/https:\/\/www.flickr.com\/creativecommons\/\">http:\/\/www.google.es\/imghphttp:\/\/compfight.com\/https:\/\/www.flickr.com\/creativecommons\/<\/a><\/p>\n<\/div>\n\n\n\n<div class=\"wp-block-column is-layout-flow wp-block-column-is-layout-flow\">\n<h2 class=\"wp-block-heading\">Presentaciones<\/h2>\n\n\n\n<p><a href=\"http:\/\/es.slideshare.net\/\">http:\/\/es.slideshare.net\/<\/a><\/p>\n\n\n\n<p><br><a href=\"http:\/\/es.scribd.com\">http:\/\/es.scribd.com<\/a><\/p>\n<\/div>\n<\/div>\n","protected":false},"excerpt":{"rendered":"<p>Biblioteca de CC.SS.&nbsp;&nbsp; | Quiosc Bloc de Pol\u00edtiques i Sociologia Red de Bibliotecas Universitarias Library of Congress&nbsp;&nbsp; | Stanford University Library&nbsp;&nbsp; | The British Library Biblioth\u00e8que Nationale de France&nbsp;&nbsp; | Biblioteca Nacional de Espa\u00f1a Project Gutenberg International Book Information Service (IBIS): Worldwide Academic and Library database Dialnet: B\u00fasqueda de fondos documentales&nbsp; | Compludoc&nbsp; Redalyc: Red [&hellip;]<\/p>\n","protected":false},"author":20,"featured_media":0,"parent":0,"menu_order":0,"comment_status":"closed","ping_status":"closed","template":"","meta":{"footnotes":""},"class_list":["post-274","page","type-page","status-publish","hentry"],"_links":{"self":[{"href":"https:\/\/webs.uab.cat\/plopez\/wp-json\/wp\/v2\/pages\/274","targetHints":{"allow":["GET"]}}],"collection":[{"href":"https:\/\/webs.uab.cat\/plopez\/wp-json\/wp\/v2\/pages"}],"about":[{"href":"https:\/\/webs.uab.cat\/plopez\/wp-json\/wp\/v2\/types\/page"}],"author":[{"embeddable":true,"href":"https:\/\/webs.uab.cat\/plopez\/wp-json\/wp\/v2\/users\/20"}],"replies":[{"embeddable":true,"href":"https:\/\/webs.uab.cat\/plopez\/wp-json\/wp\/v2\/comments?post=274"}],"version-history":[{"count":2,"href":"https:\/\/webs.uab.cat\/plopez\/wp-json\/wp\/v2\/pages\/274\/revisions"}],"predecessor-version":[{"id":758,"href":"https:\/\/webs.uab.cat\/plopez\/wp-json\/wp\/v2\/pages\/274\/revisions\/758"}],"wp:attachment":[{"href":"https:\/\/webs.uab.cat\/plopez\/wp-json\/wp\/v2\/media?parent=274"}],"curies":[{"name":"wp","href":"https:\/\/api.w.org\/{rel}","templated":true}]}}