{"id":291,"date":"2015-01-05T14:54:04","date_gmt":"2015-01-05T14:54:04","guid":{"rendered":"https:\/\/webs.uab.cat\/plopez\/manual-misc\/"},"modified":"2023-09-10T15:02:39","modified_gmt":"2023-09-10T13:02:39","slug":"manual-misc","status":"publish","type":"page","link":"https:\/\/webs.uab.cat\/plopez\/manual-misc\/","title":{"rendered":"[Manual MISC]"},"content":{"rendered":"\n<div class=\"wp-block-media-text is-stacked-on-mobile\" style=\"grid-template-columns:22% auto\"><figure class=\"wp-block-media-text__media\"><img loading=\"lazy\" decoding=\"async\" width=\"370\" height=\"525\" src=\"https:\/\/webs.uab.cat\/plopez\/wp-content\/uploads\/sites\/156\/2015\/01\/Portada.png\" alt=\"MISC\" class=\"wp-image-279 size-full\" srcset=\"https:\/\/webs.uab.cat\/plopez\/wp-content\/uploads\/sites\/156\/2015\/01\/Portada.png 370w, https:\/\/webs.uab.cat\/plopez\/wp-content\/uploads\/sites\/156\/2015\/01\/Portada-211x300.png 211w\" sizes=\"auto, (max-width: 370px) 100vw, 370px\" \/><\/figure><div class=\"wp-block-media-text__content\">\n<p class=\"has-larger-font-size\"><strong><br>Metodolog\u00eda de la Investigaci\u00f3n Social Cuantitativa<\/strong><\/p>\n\n\n\n<p>Pedro L\u00f3pez-Rold\u00e1n<br>Sandra Fachelli<\/p>\n<\/div><\/div>\n\n\n\n<h2 class=\"wp-block-heading\"><strong>&nbsp;Presentaci\u00f3n<\/strong><\/h2>\n\n\n\n<p><span style=\"color: #c0392b\"><em>Metodolog\u00eda de la Investigaci\u00f3n Social Cuantitativa<\/em> [MISC]<\/span> es un manual universitario de m\u00e9todos y t\u00e9cnicas de investigaci\u00f3n social desde la perspectiva metodol\u00f3gica cuantitativa. Surge con la voluntad de ser un manual publicado en abierto, bajo licencia Creative Commons, y en constante evoluci\u00f3n. Se publica como libro digital y se presenta desglosado en sus diferentes cap\u00edtulos en documentos independientes junto a los materiales que los acompa\u00f1an. Se ir\u00e1n actualizando a medida que cada nuevo curso introduzcamos ampliaciones y\/o revisiones que iremos elaborando al hilo de nuevas contribuciones o como resultado de las sugerencias de nuestros lectores y lectoras.<\/p>\n\n\n\n<p>El libro es la expresi\u00f3n de la experiencia como docentes universitarios en teor\u00eda, metodolog\u00eda y t\u00e9cnicas de investigaci\u00f3n social, particularmente en el campo de la Sociolog\u00eda. Y tambi\u00e9n como investigadores sociales en centros de investigaci\u00f3n universitarios: el Centre d\u2019Estudis Sociol\u00f2gics sobre la Vida Quotidiana i el Treball (<a href=\"https:\/\/quit.uab.cat\/es\/\" target=\"_blank\" rel=\"noopener\">QUIT<\/a>), integrado en el Institut d\u2019Estudis del Treball (<a href=\"https:\/\/iet.uab.cat\/\" target=\"_blank\" rel=\"noopener\">IET<\/a>), y el Grup de Recerca en Educaci\u00f3 i Treball (<a href=\"https:\/\/grupsderecerca.uab.cat\/gret\/es\/content\/gret-grup-de-recerca-en-educaci%C3%B3-i-treball-0\">GRET<\/a>).<\/p>\n\n\n\n<p>En febrero de 2015 presentamos los primeros cap\u00edtulos y desde entonces se han ido a\u00f1adiendo el resto hasta el momento que dispongamos de una edici\u00f3n completa.<\/p>\n\n\n\n<p>Esperamos que encontr\u00e9is en este libro una fuente de aprendizaje, de reflexi\u00f3n y de ayuda a la investigaci\u00f3n.<\/p>\n\n\n\n<p>P.L.R. y S.F.<br>Barcelona, febrero de 2015<\/p>\n\n\n\n<div class=\"wp-block-columns is-layout-flex wp-container-core-columns-is-layout-9d6595d7 wp-block-columns-is-layout-flex\">\n<div class=\"wp-block-column is-layout-flow wp-block-column-is-layout-flow\">\n<div class=\"wp-block-media-text alignwide is-stacked-on-mobile\" style=\"grid-template-columns:15% auto\"><figure class=\"wp-block-media-text__media\"><img loading=\"lazy\" decoding=\"async\" width=\"300\" height=\"300\" src=\"https:\/\/webs.uab.cat\/plopez\/wp-content\/uploads\/sites\/156\/2015\/01\/pdf_1.png\" alt=\"pdf_1.png\" class=\"wp-image-282 size-full\" srcset=\"https:\/\/webs.uab.cat\/plopez\/wp-content\/uploads\/sites\/156\/2015\/01\/pdf_1.png 300w, https:\/\/webs.uab.cat\/plopez\/wp-content\/uploads\/sites\/156\/2015\/01\/pdf_1-150x150.png 150w\" sizes=\"auto, (max-width: 300px) 100vw, 300px\" \/><\/figure><div class=\"wp-block-media-text__content\">\n<p class=\"has-normal-font-size\"><a rel=\"noopener\" href=\"https:\/\/ddd.uab.cat\/pub\/llibres\/2015\/129382\/metinvsoccuan_presentacioa2015.pdf\" target=\"_blank\">Documento de la presentaci\u00f3n<\/a><\/p>\n<\/div><\/div>\n<\/div>\n\n\n\n<div class=\"wp-block-column is-layout-flow wp-block-column-is-layout-flow\">\n<div class=\"wp-block-media-text alignwide is-stacked-on-mobile\" style=\"grid-template-columns:15% auto\"><figure class=\"wp-block-media-text__media\"><img loading=\"lazy\" decoding=\"async\" width=\"225\" height=\"225\" src=\"https:\/\/webs.uab.cat\/plopez\/wp-content\/uploads\/sites\/156\/2017\/06\/estadistica.png\" alt=\"estadistica\" class=\"wp-image-319 size-full\" srcset=\"https:\/\/webs.uab.cat\/plopez\/wp-content\/uploads\/sites\/156\/2017\/06\/estadistica.png 225w, https:\/\/webs.uab.cat\/plopez\/wp-content\/uploads\/sites\/156\/2017\/06\/estadistica-150x150.png 150w\" sizes=\"auto, (max-width: 225px) 100vw, 225px\" \/><\/figure><div class=\"wp-block-media-text__content\">\n<p class=\"has-normal-font-size\"><a href=\"#stat\">Estad\u00edstica de descargas<\/a><\/p>\n\n\n\n<p><\/p>\n<\/div><\/div>\n<\/div>\n<\/div>\n\n\n\n<div class=\"wp-block-columns is-layout-flex wp-container-core-columns-is-layout-9d6595d7 wp-block-columns-is-layout-flex\">\n<div class=\"wp-block-column is-layout-flow wp-block-column-is-layout-flow\" style=\"flex-basis:8%\">\n<figure class=\"wp-block-image size-full\"><img loading=\"lazy\" decoding=\"async\" width=\"60\" height=\"60\" src=\"https:\/\/webs.uab.cat\/plopez\/wp-content\/uploads\/sites\/156\/2023\/02\/video1-e1675708365405.png\" alt=\"\" class=\"wp-image-993\" \/><\/figure>\n<\/div>\n\n\n\n<div class=\"wp-block-column is-layout-flow wp-block-column-is-layout-flow\" style=\"flex-basis:90%\">\n<p><a rel=\"noreferrer noopener\" href=\"https:\/\/www.youtube.com\/watch?v=N9wc2ORKPjE&amp;feature=youtu.be\" target=\"_blank\">V\u00eddeo de presentaci\u00f3n en la Biblioteca de CC.SS. de la UAB (Bellaterra, 2017)<\/a><a rel=\"noreferrer noopener\" href=\"http:\/\/savefrom.net\/?url=https%3A%2F%2Fwww.youtube.com%2Fwatch%3Fv%3DN9wc2ORKPjE%26feature%3Dyoutu.be&amp;utm_source=opera-chromium&amp;utm_medium=extensions&amp;utm_campaign=link_modifier\" target=\"_blank\"><\/a><a rel=\"noreferrer noopener\" href=\"http:\/\/savefrom.net\/?url=https%3A%2F%2Fwww.youtube.com%2Fwatch%3Fv%3DN9wc2ORKPjE%26feature%3Dyoutu.be&amp;utm_source=opera-chromium&amp;utm_medium=extensions&amp;utm_campaign=link_modifier\" target=\"_blank\"><\/a><\/p>\n\n\n\n<p><a rel=\"noreferrer noopener\" href=\"https:\/\/www.youtube.com\/watch?v=aM0iB9kRsG0\" target=\"_blank\">V\u00eddeo de presentaci\u00f3n en el Instituto de Investigaciones Gino Germani (Buenos Aires, 2020)<\/a><\/p>\n<\/div>\n<\/div>\n\n\n\n<p><em><strong>C\u00f3mo citar<\/strong>:<\/em><\/p>\n\n\n\n<p>L\u00f3pez-Rold\u00e1n, P.; Fachelli, S. (2015). <em><em>Metodolog\u00eda de la Investigaci\u00f3n Social Cuantitativa<\/em>. <\/em>Bellaterra (Cerdanyola del Vall\u00e8s): Dip\u00f2sit Digital de Documents, Universitat Aut\u00f2noma de Barcelona. <span style=\"color: #0d0d0d\">1\u00aa edici\u00f3n. <\/span>Edici\u00f3n digital: <a href=\"https:\/\/ddd.uab.cat\/record\/129382\" target=\"_blank\" rel=\"noopener\">https:\/\/ddd.uab.cat\/record\/129382<\/a><\/p>\n\n\n\n<p class=\"has-text-align-center\"><em><em><span style=\"font-size: x-small;font-family: book antiqua,palatino\"><a href=\"https:\/\/creativecommons.org\/licenses\/by-nc-nd\/4.0\/\"><img loading=\"lazy\" decoding=\"async\" style=\"border-width: 0;border: 0;vertical-align: middle\" src=\"https:\/\/i.creativecommons.org\/l\/by-nc-nd\/4.0\/88x31.png\" alt=\"Licencia de Creative Commons\" width=\"88\" height=\"31\"><\/a><\/span><\/em><br><em><span style=\"font-size: x-small;font-family: book antiqua,palatino\">Licensed under a <a href=\"https:\/\/creativecommons.org\/licenses\/by-nc-sa\/4.0\/\" rel=\"license\">Creative Commons<\/a><\/span><\/em><\/em><\/p>\n\n\n\n<p class=\"has-text-align-center\"><em>&nbsp;<\/em><\/p>\n\n\n\n<p class=\"has-text-color\" style=\"color:#b60000\"><strong>Estad\u00edstica de descargas<\/strong><\/p>\n\n\n\n<div class=\"wp-block-group\"><div class=\"wp-block-group__inner-container is-layout-flow wp-block-group-is-layout-flow\">\n<div class=\"wp-block-columns is-layout-flex wp-container-core-columns-is-layout-9d6595d7 wp-block-columns-is-layout-flex\">\n<div class=\"wp-block-column is-layout-flow wp-block-column-is-layout-flow\">\n<figure class=\"wp-block-image size-full\"><img loading=\"lazy\" decoding=\"async\" width=\"701\" height=\"676\" src=\"https:\/\/webs.uab.cat\/plopez\/wp-content\/uploads\/sites\/156\/2023\/02\/MISC1.jpg\" alt=\"\" class=\"wp-image-996\" srcset=\"https:\/\/webs.uab.cat\/plopez\/wp-content\/uploads\/sites\/156\/2023\/02\/MISC1.jpg 701w, https:\/\/webs.uab.cat\/plopez\/wp-content\/uploads\/sites\/156\/2023\/02\/MISC1-300x289.jpg 300w\" sizes=\"auto, (max-width: 701px) 100vw, 701px\" \/><\/figure>\n<\/div>\n\n\n\n<div class=\"wp-block-column is-layout-flow wp-block-column-is-layout-flow\">\n<figure class=\"wp-block-image size-full\"><img loading=\"lazy\" decoding=\"async\" width=\"596\" height=\"584\" src=\"https:\/\/webs.uab.cat\/plopez\/wp-content\/uploads\/sites\/156\/2023\/02\/MISC2.jpg\" alt=\"\" class=\"wp-image-989\" srcset=\"https:\/\/webs.uab.cat\/plopez\/wp-content\/uploads\/sites\/156\/2023\/02\/MISC2.jpg 596w, https:\/\/webs.uab.cat\/plopez\/wp-content\/uploads\/sites\/156\/2023\/02\/MISC2-300x294.jpg 300w\" sizes=\"auto, (max-width: 596px) 100vw, 596px\" \/><\/figure>\n<\/div>\n<\/div>\n<\/div><\/div>\n","protected":false},"excerpt":{"rendered":"<p>Metodolog\u00eda de la Investigaci\u00f3n Social Cuantitativa Pedro L\u00f3pez-Rold\u00e1nSandra Fachelli &nbsp;Presentaci\u00f3n Metodolog\u00eda de la Investigaci\u00f3n Social Cuantitativa [MISC] es un manual universitario de m\u00e9todos y t\u00e9cnicas de investigaci\u00f3n social desde la perspectiva metodol\u00f3gica cuantitativa. Surge con la voluntad de ser un manual publicado en abierto, bajo licencia Creative Commons, y en constante evoluci\u00f3n. Se publica como [&hellip;]<\/p>\n","protected":false},"author":20,"featured_media":0,"parent":0,"menu_order":0,"comment_status":"closed","ping_status":"closed","template":"","meta":{"footnotes":""},"class_list":["post-291","page","type-page","status-publish","hentry"],"_links":{"self":[{"href":"https:\/\/webs.uab.cat\/plopez\/wp-json\/wp\/v2\/pages\/291","targetHints":{"allow":["GET"]}}],"collection":[{"href":"https:\/\/webs.uab.cat\/plopez\/wp-json\/wp\/v2\/pages"}],"about":[{"href":"https:\/\/webs.uab.cat\/plopez\/wp-json\/wp\/v2\/types\/page"}],"author":[{"embeddable":true,"href":"https:\/\/webs.uab.cat\/plopez\/wp-json\/wp\/v2\/users\/20"}],"replies":[{"embeddable":true,"href":"https:\/\/webs.uab.cat\/plopez\/wp-json\/wp\/v2\/comments?post=291"}],"version-history":[{"count":14,"href":"https:\/\/webs.uab.cat\/plopez\/wp-json\/wp\/v2\/pages\/291\/revisions"}],"predecessor-version":[{"id":1582,"href":"https:\/\/webs.uab.cat\/plopez\/wp-json\/wp\/v2\/pages\/291\/revisions\/1582"}],"wp:attachment":[{"href":"https:\/\/webs.uab.cat\/plopez\/wp-json\/wp\/v2\/media?parent=291"}],"curies":[{"name":"wp","href":"https:\/\/api.w.org\/{rel}","templated":true}]}}