{"id":346,"date":"2015-02-17T15:35:36","date_gmt":"2015-02-17T15:35:36","guid":{"rendered":"https:\/\/webs.uab.cat\/plopez\/iii-1\/"},"modified":"2023-04-06T13:48:03","modified_gmt":"2023-04-06T11:48:03","slug":"iii-1","status":"publish","type":"page","link":"https:\/\/webs.uab.cat\/plopez\/iii-1\/","title":{"rendered":"III.1 Software para el an\u00e1lisis de datos: SPSS, R y SPAD"},"content":{"rendered":"\n<div class=\"wp-block-media-text is-stacked-on-mobile\" style=\"grid-template-columns:22% auto\"><figure class=\"wp-block-media-text__media\"><img loading=\"lazy\" decoding=\"async\" width=\"370\" height=\"525\" src=\"https:\/\/webs.uab.cat\/plopez\/wp-content\/uploads\/sites\/156\/2015\/01\/Portada.png\" alt=\"MISC\" class=\"wp-image-279 size-full\" srcset=\"https:\/\/webs.uab.cat\/plopez\/wp-content\/uploads\/sites\/156\/2015\/01\/Portada.png 370w, https:\/\/webs.uab.cat\/plopez\/wp-content\/uploads\/sites\/156\/2015\/01\/Portada-211x300.png 211w\" sizes=\"auto, (max-width: 370px) 100vw, 370px\" \/><\/figure><div class=\"wp-block-media-text__content\">\n<p><strong><br>Metodolog\u00eda de la Investigaci\u00f3n Social Cuantitativa<\/strong><\/p>\n\n\n\n<p>Pedro L\u00f3pez-Rold\u00e1n<br>Sandra Fachelli<\/p>\n<\/div><\/div>\n\n\n\n<h2 class=\"wp-block-heading\">Cap\u00edtulo III.1 <br>Software para el an\u00e1lisis de datos: SPSS, R y SPAD<\/h2>\n\n\n\n<p class=\"has-small-font-size\">El primer cap\u00edtulo de la Parte III es una presentaci\u00f3n e introducci\u00f3n a los tres paquetes estad\u00edsticos que se utilizan en este manual: SPSS, R y SPAD. En cada uno de ellos se describen las caracter\u00edsticas principales del entorno de trabajo, la introducci\u00f3n y el an\u00e1lisis de datos, la ayuda y documentaci\u00f3n, as\u00ed como una primera introducci\u00f3n al lenguaje de comandos.<\/p>\n\n\n\n<div class=\"wp-block-columns is-layout-flex wp-container-core-columns-is-layout-9d6595d7 wp-block-columns-is-layout-flex\">\n<div class=\"wp-block-column is-layout-flow wp-block-column-is-layout-flow\" style=\"flex-basis:5%\">\n<figure class=\"wp-block-image size-full\"><img loading=\"lazy\" decoding=\"async\" width=\"300\" height=\"300\" src=\"https:\/\/webs.uab.cat\/plopez\/wp-content\/uploads\/sites\/156\/2023\/02\/pdf.png\" alt=\"\" class=\"wp-image-992\" srcset=\"https:\/\/webs.uab.cat\/plopez\/wp-content\/uploads\/sites\/156\/2023\/02\/pdf.png 300w, https:\/\/webs.uab.cat\/plopez\/wp-content\/uploads\/sites\/156\/2023\/02\/pdf-150x150.png 150w\" sizes=\"auto, (max-width: 300px) 100vw, 300px\" \/><\/figure>\n<\/div>\n\n\n\n<div class=\"wp-block-column is-vertically-aligned-center is-layout-flow wp-block-column-is-layout-flow\" style=\"flex-basis:85%\">\n<p class=\"has-normal-font-size\"><a rel=\"noreferrer noopener\" href=\"http:\/\/ddd.uab.cat\/pub\/caplli\/2015\/129380\/metinvsoccuan_cap3-1a2015.pdf\" target=\"_blank\">Documento del cap\u00edtulo III.1<\/a><\/p>\n<\/div>\n<\/div>\n\n\n\n<div class=\"wp-block-columns is-layout-flex wp-container-core-columns-is-layout-9d6595d7 wp-block-columns-is-layout-flex\">\n<div class=\"wp-block-column is-layout-flow wp-block-column-is-layout-flow\" style=\"flex-basis:5%\">\n<figure class=\"wp-block-image size-full is-resized\"><img loading=\"lazy\" decoding=\"async\" src=\"https:\/\/webs.uab.cat\/plopez\/wp-content\/uploads\/sites\/156\/2015\/02\/documentos1.png\" alt=\"\" class=\"wp-image-334\" width=\"50\" height=\"50\" srcset=\"https:\/\/webs.uab.cat\/plopez\/wp-content\/uploads\/sites\/156\/2015\/02\/documentos1.png 256w, https:\/\/webs.uab.cat\/plopez\/wp-content\/uploads\/sites\/156\/2015\/02\/documentos1-150x150.png 150w\" sizes=\"auto, (max-width: 50px) 100vw, 50px\" \/><\/figure>\n<\/div>\n\n\n\n<div class=\"wp-block-column is-vertically-aligned-center is-layout-flow wp-block-column-is-layout-flow\" style=\"flex-basis:85%\">\n<p class=\"has-normal-font-size\"><strong>Archivos adjuntos:<\/strong><\/p>\n<\/div>\n<\/div>\n\n\n\n<div class=\"wp-block-columns is-layout-flex wp-container-core-columns-is-layout-9d6595d7 wp-block-columns-is-layout-flex\">\n<div class=\"wp-block-column is-layout-flow wp-block-column-is-layout-flow\">\n<p>\u2013 <a rel=\"noreferrer noopener\" href=\"http:\/\/www.cis.es\/cis\/opencm\/ES\/1_encuestas\/estudios\/ver.jsp?estudio=14119\" target=\"_blank\">Bar\u00f3metro del CIS n\u00ba 3041<\/a><br>\u2013 <a rel=\"noreferrer noopener\" href=\"https:\/\/webs.uab.cat\/plopez\/wp-content\/uploads\/sites\/156\/2017\/06\/cues3041.pdf\" data-type=\"attachment\" data-id=\"347\" target=\"_blank\">Cuestionario 3041<\/a><br>\u2013 Datos originales: <a href=\"https:\/\/ddd.uab.cat\/pub\/llibres\/2015\/129382\/DA3041\" target=\"_blank\" rel=\"noreferrer noopener\">DA3041<\/a><br>\u2013 <a rel=\"noreferrer noopener\" href=\"http:\/\/www.cis.es\/cis\/opencms\/ES\/12_NotasInvestigacion\/listadoinvestigaciones.html\" target=\"_blank\">Notas de investigaci\u00f3n<\/a><br>\u2013 <a rel=\"noreferrer noopener\" href=\"http:\/\/www.cis.es\/cis\/opencm\/ES\/11_barometros\/index.jsp\" target=\"_blank\">Bar\u00f3metros del CIS<\/a><br>\u2013 <a href=\"https:\/\/www.cis.es\/cis\/opencms\/ES\/3_publicaciones\/Anuarios\/\" target=\"_blank\" rel=\"noreferrer noopener\">Metodolog\u00eda del Anuario del CIS<\/a><br>\u2013 Sintaxis de SPSS: <a href=\"https:\/\/ddd.uab.cat\/pub\/llibres\/2015\/129382\/ES3041.sps\" target=\"_blank\" rel=\"noreferrer noopener\">ES3041.sps<\/a><br>\u2013 Datos en SPSS: <a href=\"https:\/\/ddd.uab.cat\/pub\/llibres\/2015\/129382\/CIS3041.sav\" target=\"_blank\" rel=\"noreferrer noopener\">CIS3041.sav<\/a><br>\u2013 Datos en R: <a href=\"https:\/\/ddd.uab.cat\/pub\/llibres\/2015\/129382\/CIS3041.rda\" target=\"_blank\" rel=\"noreferrer noopener\">CIS3041.rda<\/a><br>\u2013 Datos en SPAD: <a href=\"https:\/\/ddd.uab.cat\/pub\/llibres\/2015\/129382\/CIS3041.sba\" target=\"_blank\" rel=\"noreferrer noopener\">CIS3041.sba<\/a><\/p>\n<\/div>\n\n\n\n<div class=\"wp-block-column is-layout-flow wp-block-column-is-layout-flow\">\n<p>\u2013 Datos en SPSS: <a href=\"https:\/\/ddd.uab.cat\/pub\/llibres\/2015\/129382\/IDH2014.sav\" target=\"_blank\" rel=\"noreferrer noopener\">IDH2014.sav<\/a><br>\u2013 Datos en R: <a href=\"https:\/\/ddd.uab.cat\/pub\/llibres\/2015\/129382\/IDH2014.rda\" target=\"_blank\" rel=\"noreferrer noopener\">IDH2014.rda<\/a><br>\u2013 Datos en SPAD: <a href=\"https:\/\/ddd.uab.cat\/pub\/llibres\/2015\/129382\/IDH2014.sba\" target=\"_blank\" rel=\"noreferrer noopener\">IDH2014.sba<\/a><br>\u2013 <a href=\"https:\/\/ddd.uab.cat\/pub\/llibres\/2015\/129382\/Encuesta.sav\" target=\"_blank\" rel=\"noreferrer noopener\">Encuesta.sav<\/a><br>\u2013 <a href=\"https:\/\/ddd.uab.cat\/pub\/llibres\/2015\/129382\/Encuesta.sps\" target=\"_blank\" rel=\"noreferrer noopener\">Encuesta.sps<\/a><br>\u2013 <a href=\"https:\/\/ddd.uab.cat\/pub\/llibres\/2015\/129382\/Encuesta.rda\" target=\"_blank\" rel=\"noreferrer noopener\">Encuesta.rda<\/a><\/p>\n<\/div>\n<\/div>\n\n\n\n<p><a href=\"https:\/\/webs.uab.cat\/plopez\/wp-admin\/post.php?post=346&amp;action=edit&amp;lang=ca#inicio\" target=\"_blank\" rel=\"noreferrer noopener\">Enlaces y referencias de software para el an\u00e1lisis de datos<\/a><\/p>\n\n\n\n<p><strong>C\u00f3mo citar este cap\u00edtulo<\/strong>:<br>L\u00f3pez-Rold\u00e1n, P.; Fachelli, S. (2015). Software para el an\u00e1lisis de datos: SPSS, R y SPAD. En P. L\u00f3pez-Rold\u00e1n y S. Fachelli, <em>Metodolog\u00eda de la Investigaci\u00f3n Social Cuantitativa<\/em>. Bellaterra (Cerdanyola del Vall\u00e8s): Dip\u00f2sit Digital de Documents, Universitat Aut\u00f2noma de Barcelona. Cap\u00edtulo III.1. 1\u00aa edici\u00f3n. Edici\u00f3n digital: <a href=\"http:\/\/ddd.uab.cat\/record\/129380\" target=\"_blank\" rel=\"noopener\">http:\/\/ddd.uab.cat\/record\/129380<\/a><\/p>\n\n\n\n<p class=\"has-text-align-center\">1\u00aa edici\u00f3n, febrero de 2015<\/p>\n\n\n\n<p class=\"has-text-align-center\"><em><span style=\"font-size: x-small;font-family: book antiqua,palatino\"><a href=\"http:\/\/creativecommons.org\/licenses\/by-nc-nd\/4.0\/\"><img loading=\"lazy\" decoding=\"async\" style=\"border-width: 0;border: 0;vertical-align: middle\" src=\"https:\/\/i.creativecommons.org\/l\/by-nc-nd\/4.0\/88x31.png\" alt=\"Licencia de Creative Commons\" width=\"77\" height=\"27\"><\/a><\/span><\/em><br><em><span style=\"font-size: x-small;font-family: book antiqua,palatino\">Licensed under a <a href=\"http:\/\/creativecommons.org\/licenses\/by-nc-sa\/4.0\/\" rel=\"license\">Creative Commons<\/a><\/span><\/em><\/p>\n\n\n\n<h2 class=\"wp-block-heading\">Software para el an\u00e1lisis de datos<\/h2>\n\n\n\n<p class=\"has-accent-color has-text-color\"><strong>IBM SPSS<\/strong>: Statistical Package and Service Solution (antes: Statistical Package for Social Sciences)<\/p>\n\n\n\n<p><a rel=\"noreferrer noopener\" href=\"http:\/\/www-01.ibm.com\/software\/analytics\/spss\/\" target=\"_blank\">IBM SPSS<\/a><br><a rel=\"noreferrer noopener\" href=\"https:\/\/www.ibm.com\/es-es\/analytics\/spss-statistics-software\" target=\"_blank\">IBM SPSS Espa\u00f1a<\/a><br><a rel=\"noreferrer noopener\" href=\"https:\/\/www.ibm.com\/support\/pages\/node\/874712\" target=\"_blank\">Manuales de&nbsp;SPSS en pdf<\/a><br><a rel=\"noreferrer noopener\" href=\"https:\/\/www.ibm.com\/docs\/en\/spss-statistics\/28.0.0\" target=\"_blank\">Centro de informaci\u00f3n SPSS 28<\/a><br><a rel=\"noreferrer noopener\" href=\"https:\/\/community.ibm.com\/community\/user\/datascience\/communities\/community-home?CommunityKey=886b6874-0fb1-402c-8243-c70ef8179a99\" target=\"_blank\">SPSS Community<\/a><br><a rel=\"noreferrer noopener\" href=\"https:\/\/www.ibm.com\/products\/spss-statistics\/support\" target=\"_blank\">SPSS Ayuda y soporte<\/a><br><a rel=\"noreferrer noopener\" href=\"https:\/\/www.ibm.com\/mysupport\/s\/forumshome?language=es\" target=\"_blank\">SPSS Foros de soporte<\/a><br><a rel=\"noreferrer noopener\" href=\"http:\/\/www.spsstools.net\/\" target=\"_blank\">http:\/\/www.spsstools.net\/<\/a><br><a rel=\"noreferrer noopener\" href=\"http:\/\/calcnet.mth.cmich.edu\/org\/spss\/toc.htm\" target=\"_blank\">http:\/\/calcnet.mth.cmich.edu\/org\/spss\/toc.htm<\/a><br><a rel=\"noreferrer noopener\" href=\"http:\/\/www.spssusers.co.uk\/\" target=\"_blank\">http:\/\/www.spssusers.co.uk\/<\/a><br><a rel=\"noreferrer noopener\" href=\"http:\/\/spss.wikia.com\/wiki\/SPSS_Wiki\" target=\"_blank\">http:\/\/spss.wikia.com\/wiki\/SPSS_Wiki<\/a><br><a rel=\"noreferrer noopener\" href=\"http:\/\/www.kingdouglas.com\/SPSS.htm\" target=\"_blank\">http:\/\/www.kingdouglas.com\/SPSS.htm<\/a><br><a rel=\"noreferrer noopener\" href=\"http:\/\/groups.google.com.au\/group\/comp.soft-sys.stat.spss\/topics\" target=\"_blank\">http:\/\/groups.google.com.au\/group\/comp.soft-sys.stat.spss\/topics<\/a><br><a rel=\"noreferrer noopener\" href=\"https:\/\/ssc.wisc.edu\/sscc\/pubs\/spss\/classintro\/spss_students1.html\" target=\"_blank\">SPSS for the Classroom: the Basics<\/a><br><a rel=\"noreferrer noopener\" href=\"https:\/\/www.spss-tutorials.com\/\" target=\"_blank\">SPSS Tutorials<\/a><br><a rel=\"noreferrer noopener\" href=\"https:\/\/es.wikipedia.org\/wiki\/SPSS\" target=\"_blank\">Wikipedia SPSS<\/a><br><\/p>\n\n\n\n<p>Alternativa de software libre: el <strong>PSPP<\/strong><br><a rel=\"noreferrer noopener\" href=\"http:\/\/www.gnu.org\/software\/pspp\/\" target=\"_blank\">http:\/\/www.gnu.org\/software\/pspp\/<\/a><\/p>\n\n\n\n<p class=\"has-accent-color has-text-color\"><strong>The R Project for Statistical Computing<\/strong><\/p>\n\n\n\n<p><a rel=\"noreferrer noopener\" href=\"http:\/\/www.r-project.org\/\" target=\"_blank\">http:\/\/www.r-project.org\/<\/a><br><a rel=\"noreferrer noopener\" href=\"http:\/\/cran.r-project.org\/\" target=\"_blank\">http:\/\/cran.r-project.org<\/a> (CRAN: <em>Comprehensive R Archive Network<\/em>)<br><a rel=\"noreferrer noopener\" href=\"http:\/\/en.wikipedia.org\/wiki\/R_%28programming_language%29\" target=\"_blank\">http:\/\/en.wikipedia.org\/wiki\/R_(programming_language)<\/a><br>The R Journal: http:\/\/journal.r-project.org\/<br>CRAN Task View: <a rel=\"noreferrer noopener\" href=\"http:\/\/cran.r-project.org\/web\/views\/SocialSciences.html\" target=\"_blank\">Statistics for the Social Sciences<\/a><br><a rel=\"noreferrer noopener\" href=\"http:\/\/crantastic.org\/\" target=\"_blank\">CRANtastic<\/a>: a community site for R packages<br><a rel=\"noreferrer noopener\" href=\"http:\/\/socserv.mcmaster.ca\/jfox\/\" target=\"_blank\">John Fox&#8217;s Home Page<\/a><br>MRAN &#8211; Managed R Archive Network: <a rel=\"noreferrer noopener\" href=\"http:\/\/mran.revolutionanalytics.com\/documents\/data\/\" target=\"_blank\">Data Sources on the Web<\/a><\/p>\n\n\n\n<p><strong>Editores<\/strong>:<br>Editores d&#8217;R: <a rel=\"noreferrer noopener\" href=\"http:\/\/www.sciviews.org\/Tinn-R\/\" target=\"_blank\">Tinn-R<\/a>&nbsp; | <a rel=\"noreferrer noopener\" href=\"http:\/\/rstudio.org\/\" target=\"_blank\">R-studio<\/a><br>Editores EMACS (Editor de MACroS) + ESS (Emacs Speaks Statistics): <a rel=\"noreferrer noopener\" href=\"http:\/\/ess.r-project.org\/\" target=\"_blank\">ESS R-project<\/a> | <a rel=\"noreferrer noopener\" href=\"http:\/\/vgoulet.act.ulaval.ca\/en\/emacs\/\" target=\"_blank\">Vincent Goulet<\/a><br>Graphic User Interface (GUI): <a rel=\"noreferrer noopener\" href=\"http:\/\/www.deducer.org\" target=\"_blank\">DeduceR<\/a> | <a rel=\"noreferrer noopener\" href=\"http:\/\/www.rcommander.com\/\" target=\"_blank\">R Commander<\/a><br><a rel=\"noreferrer noopener\" href=\"http:\/\/rgg.r-forge.r-project.org\/\" target=\"_blank\">R GUI Generator<\/a><\/p>\n\n\n\n<p><strong>Comunidades<\/strong>:<br><a rel=\"noreferrer noopener\" href=\"http:\/\/www.r-bloggers.com\" target=\"_blank\">R-bloggers<\/a>: a central hub of content collected from bloggers who write about R (in English)<br><a rel=\"noreferrer noopener\" href=\"http:\/\/r-es.org\/Comunidad\" target=\"_blank\">Comunidad R Hispano<\/a>: asociaci\u00f3n de usuarios de R<br><a rel=\"noreferrer noopener\" href=\"http:\/\/rugbcn.wordpress.com\/\" target=\"_blank\">RUG Barcelona<\/a>: Grup d&#8217;usuaris d&#8217;R de Barcelona<br><a rel=\"noreferrer noopener\" href=\"https:\/\/stat.ethz.ch\/mailman\/listinfo\/r-help-es\" target=\"_blank\">R-help-es &#8212; R-help for Spanish Speakers<\/a><\/p>\n\n\n\n<p><strong>Manuales y textos seleccionados<\/strong><br><a rel=\"noreferrer noopener\" href=\"http:\/\/cran.r-project.org\/manuals.html\" target=\"_blank\">Manuales de R<\/a> a <em>cran.r-project.org<\/em><br><a rel=\"noreferrer noopener\" href=\"http:\/\/cran.ma.imperial.ac.uk\/other-docs.html\" target=\"_blank\">Documentaci\u00f3n de R<\/a> a <em>cran.r-project.org<\/em><br><a rel=\"noreferrer noopener\" href=\"https:\/\/www.rdocumentation.org\/\" target=\"_blank\">R Documentation<\/a><br>Viquillibre <a rel=\"noreferrer noopener\" href=\"http:\/\/ca.wikibooks.org\/wiki\/Manual_de_R_%28Estad%C3%ADstica%29\" target=\"_blank\">Manual d&#8217;R<\/a><br><a rel=\"noreferrer noopener\" href=\"http:\/\/www.r-project.org\/doc\/bib\/R-publications.html\" target=\"_blank\">Publications related to R<\/a><\/p>\n\n\n\n<p><strong>Referencias<\/strong>:<br>Cornelissen, J. Data Camp. <a rel=\"noreferrer noopener\" href=\"https:\/\/www.datacamp.com\/courses\/introduction-to-r\" target=\"_blank\">Introduction to R<\/a><br>Correa, J. C.; Gonz\u00e1lez, N. (2002). <a rel=\"noreferrer noopener\" href=\"http:\/\/es.scribd.com\/doc\/78077032\/MANUAL-Rb\" target=\"_blank\">Introducci\u00f3n al R<\/a>.<br>Correa, J. C.; Gonz\u00e1lez, N. (2002). <a rel=\"noreferrer noopener\" href=\"http:\/\/cran.ma.imperial.ac.uk\/doc\/contrib\/grafi3.pdf\" target=\"_blank\">Gr\u00e1ficos Estad\u00edsticos con R<\/a>.<br>Crawley, M. (2012). <a rel=\"noreferrer noopener\" href=\"http:\/\/www.kharms.biology.lsu.edu\/CrawleyMJ_TheRBook.pdf\" target=\"_blank\">The R Book<\/a>. West Sussex (England): Wiley.<br>Dalgaard, P. (2008). <a rel=\"noreferrer noopener\" href=\"http:\/\/www.academia.dk\/BiologiskAntropologi\/Epidemiologi\/PDF\/Introductory_Statistics_with_R__2nd_ed.pdf\" target=\"_blank\">Introductory Statistics with R. Statistics and Computing<\/a>. New York: Springer.<br>L\u00f3pez-Rold\u00e1n, P.; Fachelli, S. (2015). <a rel=\"noreferrer noopener\" href=\"http:\/\/ddd.uab.cat\/record\/129380\" target=\"_blank\"><strong>Software para el an\u00e1lisis de datos: SPSS, R y SPAD<\/strong><\/a><br>L\u00f3pez-Rold\u00e1n, P.; Fachelli, S. (2015). <a rel=\"noreferrer noopener\" href=\"http:\/\/ddd.uab.cat\/record\/129381\" target=\"_blank\"><strong>Preparaci\u00f3n de los datos para el an\u00e1lisi<\/strong><\/a><br>Maindonald, J. (2008). <a rel=\"noreferrer noopener\" href=\"http:\/\/cran.r-project.org\/doc\/contrib\/usingR.pdf\" target=\"_blank\">Using R for Data Analysis and Graphics. Introduction, Code and Commentary<\/a>. Centre for Mathematics and Its Applications,Australian National University.<br>Maurandi, A. et al. (2013). <a rel=\"noreferrer noopener\" href=\"http:\/\/www.bubok.es\/libros\/223207\/Fundamentos-estadisticos-para-investigacionIntroduccion-a-R\" target=\"_blank\">Fundamentos estad\u00edsticos para investigaci\u00f3n. Introducci\u00f3n a R<\/a>. Bubok Publishing.<br>Muenchen, B. (2007). <a rel=\"noreferrer noopener\" href=\"http:\/\/www.et.bs.ehu.es\/~etptupaf\/pub\/R\/RforSAS&amp;SPSSusers.pdf\" target=\"_blank\">R for SAS &amp; SPSS Users<\/a><br>National Center for Ecological Analysis and Synthesis. <a rel=\"noreferrer noopener\" href=\"https:\/\/www.nceas.ucsb.edu\/files\/scicomp\/Dloads\/RProgramming\/BestFirstRTutorial.pdf\" target=\"_blank\">R: A Self Learning Tutorial<\/a><br>Paradis, E. (2002)<em>. <\/em><a rel=\"noreferrer noopener\" href=\"http:\/\/cran.r-project.org\/doc\/contrib\/rdebuts_es.pdf\" target=\"_blank\"><em>R para principiantes<\/em><\/a>, tradu\u00eft al 2003 per J. A. Ahumada de <em><a rel=\"noreferrer noopener\" href=\"http:\/\/cran.ma.imperial.ac.uk\/doc\/contrib\/Paradis-rdebuts_en.pdf\" target=\"_blank\">R for Beginners<\/a><\/em>.<br>R Development Core Team. <a rel=\"noreferrer noopener\" href=\"http:\/\/cran.ma.imperial.ac.uk\/doc\/contrib\/R-intro-1.1.0-espanol.1.pdf\" target=\"_blank\">Introducci\u00f3n a R. Notas sobre R: Un entorno de programaci\u00f3n para An\u00e1lisis de Datos y Gr\u00e1ficos. Versi\u00f3n 1.0.1<\/a>, traducido por A. Gonz\u00e1lez y S. Gonz\u00e1lez del manual con fecha 16-05-2000.<br>Versi\u00f3n actual: <a rel=\"noreferrer noopener\" href=\"http:\/\/cran.r-project.org\/doc\/manuals\/R-intro.html\" target=\"_blank\">pdf<\/a>&nbsp; | <a rel=\"noreferrer noopener\" href=\"http:\/\/cran.r-project.org\/doc\/manuals\/R-intro.html\" target=\"_blank\">html<\/a>.<br>Robinson, A. (2010). <a rel=\"noreferrer noopener\" href=\"http:\/\/cran.r-project.org\/doc\/contrib\/Robinson-icebreaker.pdf\" target=\"_blank\">IcebreakeR<\/a>.<br>S\u00e1ez Castillo, J. A. (2010). <a rel=\"noreferrer noopener\" href=\"http:\/\/cran.ma.imperial.ac.uk\/doc\/contrib\/Saez-Castillo-RRCmdrv21.pdf\" target=\"_blank\">M\u00e9todos Estad\u00edsticos con R y R Commander<\/a>.<br><a rel=\"noreferrer noopener\" href=\"http:\/\/cran.r-project.org\/doc\/contrib\/Short-refcard.pdf\" target=\"_blank\">Tom Short&#8217;s R reference card<\/a><br><a rel=\"noreferrer noopener\" href=\"http:\/\/www.statmethods.net\/\" target=\"_blank\">Quick-R<\/a>: accessing the power of R<br>UCLA-IDRE <a rel=\"noreferrer noopener\" href=\"http:\/\/statistics.ats.ucla.edu\/stat\/r\/\" target=\"_blank\">Resources to help you learn and use R<\/a><br>Verzani, J. (2011). <a rel=\"noreferrer noopener\" href=\"http:\/\/book.isito.kg\/%D0%98%D0%BD%D1%84%D0%BE%D1%80%D0%BC%D0%B0%D1%82%D0%B8%D0%BA%D0%B0\/%D0%9F%D1%80%D0%BE%D0%B3%D1%80%D0%B0%D0%BC%D0%BC%D0%B8%D1%80%D0%BE%D0%B2%D0%B0%D0%BD%D0%B8%D0%B5\/R\/Verzani%20J.%20-%20Getting%20Started%20with%20RStudio%20-%202011.pdf\" target=\"_blank\">Getting Started with RStudio<\/a>. Sebastopol: O\u2019Reilly Media.<br>Vries, A. d; Meys, J. (2012). <em>R For Dummies<\/em>. Chichester: John Wiley &amp; Sons.<\/p>\n\n\n\n<p>Deducer<br>Valero-Mora, P. M.; Ledesma, R. D. (ed.) (2012). <a rel=\"noreferrer noopener\" href=\"http:\/\/www.jstatsoft.org\/v49\" target=\"_blank\">Special Volume: Graphical User Interfaces for R<\/a>. Journal of Statistical Software, 49.<br>Fellows, I. (2012). <a rel=\"noreferrer noopener\" href=\"http:\/\/www.google.es\/url?sa=t&amp;rct=j&amp;q=&amp;esrc=s&amp;source=web&amp;cd=1&amp;cad=rja&amp;ved=0CCgQFjAA&amp;url=http%3A%2F%2Fwww.jstatsoft.org%2Fv49%2Fi08%2Fpaper&amp;ei=WcB3UOj8EMWzhAefjoCgDQ&amp;usg=AFQjCNFBRzkHVNfndeDXWz9BDQRW-_a4Aw\" target=\"_blank\">Deducer: A Data Analysis GUI for R<\/a>. Journal of Statistical Software, 49, 8, 1-15.<br>Fellows, I. <em>et. al. <\/em><a rel=\"noreferrer noopener\" href=\"http:\/\/cran.r-project.org\/web\/packages\/Deducer\/Deducer.pdf\" target=\"_blank\">Package Deducer: Reference Manual<\/a><br>Chapman<em>, G. <\/em><a rel=\"noreferrer noopener\" href=\"http:\/\/www.exploringcs.org\/wp-content\/uploads\/2010\/08\/Deducer-Quick-Start-Guide.pdf\" target=\"_blank\">Deducer Quick Start Guide<\/a><br><a rel=\"noreferrer noopener\" href=\"http:\/\/www.deducer.org\/pmwiki\/pmwiki.php?n=Main.DeducerManual\" target=\"_blank\">Deducer Manual. An R Graphical User Interface (GUI) for Everyone<\/a><br>Badiella, Ll. et al. (2013). <a rel=\"noreferrer noopener\" href=\"http:\/\/sct.uab.cat\/estadistica\/sites\/sct.uab.cat.estadistica\/files\/Manual%20curs%20Deducer.pdf\" target=\"_blank\">Manual de Introducci\u00f3n a Deducer: una interfaz gr\u00e1fica para usuarios de R<\/a>. Servei d\u2019Estad\u00edstica Aplicada de la UAB.<\/p>\n\n\n\n<p class=\"has-accent-color has-text-color\"><strong>SPAD Syst\u00e8me Portable pour l&#8217;Analyse des Donn\u00e9es<\/strong><\/p>\n\n\n\n<p>Software de origen franc\u00e9s para el an\u00e1lisis de datos estad\u00edsticos<\/p>\n\n\n\n<p><a rel=\"noreferrer noopener\" href=\"http:\/\/www.coheris.com\/produits\/analytics\/logiciel-data-mining\/\" target=\"_blank\">Web Coheris<\/a><br>B\u00e9cue, M.; Valls, J. (2003). <a rel=\"noreferrer noopener\" href=\"http:\/\/sct.uab.cat\/estadistica\/sites\/sct.uab.cat.estadistica\/files\/manualSPAD.pdf\" target=\"_blank\">Manual de introducci\u00f3n a los m\u00e9todos factoriales y clasificaci\u00f3n con SPAD<\/a>. Bellaterra (Cerdanyola del Vall\u00e8s): Servei d&#8217;Estad\u00edstica de la Universitat Aut\u00f2noma de Barcelona.<br>L\u00f3pez-Rold\u00e1n, P.; Fachelli, S. (2015). <a rel=\"noreferrer noopener\" href=\"http:\/\/ddd.uab.cat\/record\/129380\" target=\"_blank\"><strong>Software para el an\u00e1lisis de datos: SPSS, R y SPAD<\/strong><\/a><br>Morineau, A. (2012). <a rel=\"noreferrer noopener\" href=\"http:\/\/www.deenov.com\/blog-deenov\/histoire-du-logiciel-spad.aspx\" target=\"_blank\">Histoire du logiciel SPAD &#8211; bref historique<\/a>.<\/p>\n\n\n\n<p class=\"has-accent-color has-text-color\"><strong>LEM Log-linear Models for Event Histories<\/strong><\/p>\n\n\n\n<p>A General Program for the Analysis of Categorical Data<\/p>\n\n\n\n<p><a rel=\"noreferrer noopener\" href=\"http:\/\/members.home.nl\/jeroenvermunt\/\" target=\"_blank\">Publications and Software by Jeroen K. Vermunt<\/a><br><a rel=\"noreferrer noopener\" href=\"http:\/\/members.home.nl\/jeroenvermunt\/#Software\" target=\"_blank\">Software, User Manuals, and Video<\/a><br><a rel=\"noreferrer noopener\" href=\"http:\/\/members.home.nl\/jeroenvermunt\/lemfiles\/lemfiles.zip\" target=\"_blank\">Para bajar el software LEM 1.0<\/a><\/p>\n\n\n\n<p>Es necesario instalarlo en una carpeta (p. ej.<em> lem<\/em>) que cuelgue de la unidad C:\\&nbsp; y ejecutar LEMWIN.EXE<\/p>\n\n\n\n<hr class=\"wp-block-separator has-alpha-channel-opacity\" \/>\n\n\n\n<p class=\"has-text-align-center\">&nbsp;<\/p>\n","protected":false},"excerpt":{"rendered":"<p>Metodolog\u00eda de la Investigaci\u00f3n Social Cuantitativa Pedro L\u00f3pez-Rold\u00e1nSandra Fachelli Cap\u00edtulo III.1 Software para el an\u00e1lisis de datos: SPSS, R y SPAD El primer cap\u00edtulo de la Parte III es una presentaci\u00f3n e introducci\u00f3n a los tres paquetes estad\u00edsticos que se utilizan en este manual: SPSS, R y SPAD. En cada uno de ellos se describen [&hellip;]<\/p>\n","protected":false},"author":20,"featured_media":0,"parent":0,"menu_order":0,"comment_status":"closed","ping_status":"closed","template":"","meta":{"footnotes":""},"class_list":["post-346","page","type-page","status-publish","hentry"],"_links":{"self":[{"href":"https:\/\/webs.uab.cat\/plopez\/wp-json\/wp\/v2\/pages\/346","targetHints":{"allow":["GET"]}}],"collection":[{"href":"https:\/\/webs.uab.cat\/plopez\/wp-json\/wp\/v2\/pages"}],"about":[{"href":"https:\/\/webs.uab.cat\/plopez\/wp-json\/wp\/v2\/types\/page"}],"author":[{"embeddable":true,"href":"https:\/\/webs.uab.cat\/plopez\/wp-json\/wp\/v2\/users\/20"}],"replies":[{"embeddable":true,"href":"https:\/\/webs.uab.cat\/plopez\/wp-json\/wp\/v2\/comments?post=346"}],"version-history":[{"count":16,"href":"https:\/\/webs.uab.cat\/plopez\/wp-json\/wp\/v2\/pages\/346\/revisions"}],"predecessor-version":[{"id":1423,"href":"https:\/\/webs.uab.cat\/plopez\/wp-json\/wp\/v2\/pages\/346\/revisions\/1423"}],"wp:attachment":[{"href":"https:\/\/webs.uab.cat\/plopez\/wp-json\/wp\/v2\/media?parent=346"}],"curies":[{"name":"wp","href":"https:\/\/api.w.org\/{rel}","templated":true}]}}