{"id":360,"date":"2015-04-09T18:10:49","date_gmt":"2015-04-09T18:10:49","guid":{"rendered":"https:\/\/webs.uab.cat\/plopez\/iii-5\/"},"modified":"2023-02-09T09:55:31","modified_gmt":"2023-02-09T08:55:31","slug":"iii-5","status":"publish","type":"page","link":"https:\/\/webs.uab.cat\/plopez\/iii-5\/","title":{"rendered":"III.5 Clasificaci\u00f3n de las t\u00e9cnicas de an\u00e1lisis de datos"},"content":{"rendered":"\n<div class=\"wp-block-media-text is-stacked-on-mobile\" style=\"grid-template-columns:22% auto\"><figure class=\"wp-block-media-text__media\"><img loading=\"lazy\" decoding=\"async\" width=\"370\" height=\"525\" src=\"https:\/\/webs.uab.cat\/plopez\/wp-content\/uploads\/sites\/156\/2015\/01\/Portada.png\" alt=\"MISC\" class=\"wp-image-279 size-full\" srcset=\"https:\/\/webs.uab.cat\/plopez\/wp-content\/uploads\/sites\/156\/2015\/01\/Portada.png 370w, https:\/\/webs.uab.cat\/plopez\/wp-content\/uploads\/sites\/156\/2015\/01\/Portada-211x300.png 211w\" sizes=\"auto, (max-width: 370px) 100vw, 370px\" \/><\/figure><div class=\"wp-block-media-text__content\">\n<p><strong><br>Metodolog\u00eda de la Investigaci\u00f3n Social Cuantitativa<\/strong><\/p>\n\n\n\n<p>Pedro L\u00f3pez-Rold\u00e1n<br>Sandra Fachelli<\/p>\n<\/div><\/div>\n\n\n\n<h2 class=\"wp-block-heading\">Cap\u00edtulo III.5 <br>Clasificaci\u00f3n de las t\u00e9cnicas de an\u00e1lisis de datos<\/h2>\n\n\n\n<p class=\".{{gBlock}} .gutentor-single-column{ padding:0 0px; }\">Cap\u00edtulo destinado a la presentaci\u00f3n general de las t\u00e9cnicas de an\u00e1lisis de datos que luego son tratadas en los cap\u00edtulos posteriores. En una primera parte se realiza una introducci\u00f3n y ejemplificaci\u00f3n de las t\u00e9cnicas de an\u00e1lisis de datos bivariables (tablas de contingencia, an\u00e1lisis de varianza y an\u00e1lisis de regresi\u00f3n). En la segunda parte, tras la caracterizaci\u00f3n de las t\u00e9cnicas de an\u00e1lisis multivariable, se elabora una clasificaci\u00f3n esquem\u00e1tica y se dedica un apartado a presentar una breve rese\u00f1a de las mismas.<\/p>\n\n\n\n<div class=\"wp-block-group\"><div class=\"wp-block-group__inner-container is-layout-flow wp-block-group-is-layout-flow\">\n<div class=\"wp-block-columns .{{gBlock}} .gutentor-single-column{ padding:0 0px; } is-layout-flex wp-container-core-columns-is-layout-9d6595d7 wp-block-columns-is-layout-flex\">\n<div class=\"wp-block-column is-layout-flow wp-block-column-is-layout-flow\">\n<figure class=\"wp-block-image size-full is-resized\"><img loading=\"lazy\" decoding=\"async\" src=\"https:\/\/webs.uab.cat\/plopez\/wp-content\/uploads\/sites\/156\/2023\/02\/pdf.png\" alt=\"\" class=\"wp-image-992\" width=\"60\" height=\"60\" srcset=\"https:\/\/webs.uab.cat\/plopez\/wp-content\/uploads\/sites\/156\/2023\/02\/pdf.png 300w, https:\/\/webs.uab.cat\/plopez\/wp-content\/uploads\/sites\/156\/2023\/02\/pdf-150x150.png 150w\" sizes=\"auto, (max-width: 60px) 100vw, 60px\" \/><\/figure>\n<\/div>\n\n\n\n<div class=\"wp-block-column is-vertically-aligned-center is-layout-flow wp-block-column-is-layout-flow\" style=\"flex-basis:85%\">\n<p class=\"\/* Paragraph spacing *\/ .entry-content p { margin-bottom: 0px; margin-top: 0; } has-normal-font-size\"><a rel=\"noopener\" href=\"http:\/\/ddd.uab.cat\/pub\/caplli\/2015\/131468\/metinvsoccuan_cap3-5a2015.pdf\" target=\"_blank\">Documento del cap\u00edtulo III.5<\/a><\/p>\n<\/div>\n<\/div>\n\n\n\n<div class=\"wp-block-columns is-layout-flex wp-container-core-columns-is-layout-9d6595d7 wp-block-columns-is-layout-flex\">\n<div class=\"wp-block-column is-layout-flow wp-block-column-is-layout-flow\">\n<figure class=\"wp-block-image size-full\"><img loading=\"lazy\" decoding=\"async\" width=\"60\" height=\"60\" src=\"https:\/\/webs.uab.cat\/plopez\/wp-content\/uploads\/sites\/156\/2023\/02\/video1-e1675708365405.png\" alt=\"\" class=\"wp-image-993\" \/><\/figure>\n<\/div>\n\n\n\n<div class=\"wp-block-column is-vertically-aligned-center is-layout-flow wp-block-column-is-layout-flow\" style=\"flex-basis:85%\">\n<p class=\"has-normal-font-size\"><a rel=\"noopener\" href=\"https:\/\/ddd.uab.cat\/record\/233625\" target=\"_blank\">V\u00eddeo de presentaci\u00f3n<\/a><\/p>\n<\/div>\n<\/div>\n<\/div><\/div>\n\n\n\n<p><strong>C\u00f3mo citar este cap\u00edtulo<\/strong>:<br>L\u00f3pez-Rold\u00e1n, P.; Fachelli, S. (2015). Clasificaci\u00f3n de las t\u00e9cnicas de an\u00e1lisis de datos. En P. L\u00f3pez-Rold\u00e1n y S. Fachelli, <em>Metodolog\u00eda de la Investigaci\u00f3n Social Cuantitativa<\/em>. Bellaterra (Cerdanyola del Vall\u00e8s): Dip\u00f2sit Digital de Documents, Universitat Aut\u00f2noma de Barcelona. Cap\u00edtulo III.5. 1\u00aa edici\u00f3n. Edici\u00f3n digital: <a href=\"http:\/\/ddd.uab.cat\/record\/131468\" target=\"_blank\" rel=\"noreferrer noopener\">http:\/\/ddd.uab.cat\/record\/131468<\/a><\/p>\n\n\n\n<p class=\"has-text-align-center\">1\u00aa edici\u00f3n, febrero de 2015<\/p>\n\n\n\n<p class=\"has-text-align-center\"><em><span style=\"font-size: x-small;font-family: book antiqua,palatino\"><a href=\"http:\/\/creativecommons.org\/licenses\/by-nc-nd\/4.0\/\"><img loading=\"lazy\" decoding=\"async\" style=\"border-width: 0;border: 0;vertical-align: middle\" src=\"https:\/\/i.creativecommons.org\/l\/by-nc-nd\/4.0\/88x31.png\" alt=\"Licencia de Creative Commons\" width=\"77\" height=\"27\"><\/a><\/span><\/em><br><em><span style=\"font-size: x-small;font-family: book antiqua,palatino\">Licensed under a <a href=\"http:\/\/creativecommons.org\/licenses\/by-nc-sa\/4.0\/\" rel=\"license\">Creative Commons<\/a><\/span><\/em><\/p>\n","protected":false},"excerpt":{"rendered":"<p>Metodolog\u00eda de la Investigaci\u00f3n Social Cuantitativa Pedro L\u00f3pez-Rold\u00e1nSandra Fachelli Cap\u00edtulo III.5 Clasificaci\u00f3n de las t\u00e9cnicas de an\u00e1lisis de datos Cap\u00edtulo destinado a la presentaci\u00f3n general de las t\u00e9cnicas de an\u00e1lisis de datos que luego son tratadas en los cap\u00edtulos posteriores. En una primera parte se realiza una introducci\u00f3n y ejemplificaci\u00f3n de las t\u00e9cnicas de an\u00e1lisis [&hellip;]<\/p>\n","protected":false},"author":20,"featured_media":0,"parent":0,"menu_order":0,"comment_status":"closed","ping_status":"closed","template":"","meta":{"footnotes":""},"class_list":["post-360","page","type-page","status-publish","hentry"],"_links":{"self":[{"href":"https:\/\/webs.uab.cat\/plopez\/wp-json\/wp\/v2\/pages\/360","targetHints":{"allow":["GET"]}}],"collection":[{"href":"https:\/\/webs.uab.cat\/plopez\/wp-json\/wp\/v2\/pages"}],"about":[{"href":"https:\/\/webs.uab.cat\/plopez\/wp-json\/wp\/v2\/types\/page"}],"author":[{"embeddable":true,"href":"https:\/\/webs.uab.cat\/plopez\/wp-json\/wp\/v2\/users\/20"}],"replies":[{"embeddable":true,"href":"https:\/\/webs.uab.cat\/plopez\/wp-json\/wp\/v2\/comments?post=360"}],"version-history":[{"count":9,"href":"https:\/\/webs.uab.cat\/plopez\/wp-json\/wp\/v2\/pages\/360\/revisions"}],"predecessor-version":[{"id":1023,"href":"https:\/\/webs.uab.cat\/plopez\/wp-json\/wp\/v2\/pages\/360\/revisions\/1023"}],"wp:attachment":[{"href":"https:\/\/webs.uab.cat\/plopez\/wp-json\/wp\/v2\/media?parent=360"}],"curies":[{"name":"wp","href":"https:\/\/api.w.org\/{rel}","templated":true}]}}