{"id":365,"date":"2015-04-09T19:52:31","date_gmt":"2015-04-09T19:52:31","guid":{"rendered":"https:\/\/webs.uab.cat\/plopez\/iii-7\/"},"modified":"2023-04-06T18:37:27","modified_gmt":"2023-04-06T16:37:27","slug":"iii-7","status":"publish","type":"page","link":"https:\/\/webs.uab.cat\/plopez\/iii-7\/","title":{"rendered":"III.7 An\u00e1lisis log-lineal"},"content":{"rendered":"\n<div class=\"wp-block-media-text is-stacked-on-mobile\" style=\"grid-template-columns:22% auto\"><figure class=\"wp-block-media-text__media\"><img loading=\"lazy\" decoding=\"async\" width=\"370\" height=\"525\" src=\"https:\/\/webs.uab.cat\/plopez\/wp-content\/uploads\/sites\/156\/2015\/01\/Portada.png\" alt=\"MISC\" class=\"wp-image-279 size-full\" srcset=\"https:\/\/webs.uab.cat\/plopez\/wp-content\/uploads\/sites\/156\/2015\/01\/Portada.png 370w, https:\/\/webs.uab.cat\/plopez\/wp-content\/uploads\/sites\/156\/2015\/01\/Portada-211x300.png 211w\" sizes=\"auto, (max-width: 370px) 100vw, 370px\" \/><\/figure><div class=\"wp-block-media-text__content\">\n<p class=\"has-normal-font-size\"><strong><br>Metodolog\u00eda de la Investigaci\u00f3n Social Cuantitativa<\/strong><\/p>\n\n\n\n<p>Pedro L\u00f3pez-Rold\u00e1n<br>Sandra Fachelli<\/p>\n<\/div><\/div>\n\n\n\n<h2 class=\"wp-block-heading\">Cap\u00edtulo III.7 <br>An\u00e1lisis log-lineal<\/h2>\n\n\n\n<p>Cap\u00edtulo que presenta los modelos log-lineales para el tratamiento de relaciones de interdependencia o an\u00e1lisis logar\u00edtmico lineal general. Se presentan los principales conceptos de la t\u00e9cnica, los distintos modelos de las relaciones entre dos y tres variables, el procedimiento de c\u00e1lculo y se ilustra a trav\u00e9s de los ejemplos utilizados en el cap\u00edtulo III.6 de tablas de contingencia. Al final del cap\u00edtulo se presenta c\u00f3mo realizar un an\u00e1lisis log-lineal con la ayuda de los softwares estad\u00edsticos SPSS y R.<\/p>\n\n\n\n<div class=\"wp-block-columns is-layout-flex wp-container-core-columns-is-layout-9d6595d7 wp-block-columns-is-layout-flex\">\n<div class=\"wp-block-column is-layout-flow wp-block-column-is-layout-flow\">\n<div class=\"wp-block-columns is-layout-flex wp-container-core-columns-is-layout-9d6595d7 wp-block-columns-is-layout-flex\">\n<div class=\"wp-block-column is-layout-flow wp-block-column-is-layout-flow\" style=\"flex-basis:20%\"><div class=\"wp-block-image\">\n<figure class=\"aligncenter size-full is-resized\"><img loading=\"lazy\" decoding=\"async\" src=\"https:\/\/webs.uab.cat\/plopez\/wp-content\/uploads\/sites\/156\/2023\/02\/image.png\" alt=\"\" class=\"wp-image-1040\" width=\"50\" height=\"50\" srcset=\"https:\/\/webs.uab.cat\/plopez\/wp-content\/uploads\/sites\/156\/2023\/02\/image.png 300w, https:\/\/webs.uab.cat\/plopez\/wp-content\/uploads\/sites\/156\/2023\/02\/image-150x150.png 150w\" sizes=\"auto, (max-width: 50px) 100vw, 50px\" \/><\/figure>\n<\/div><\/div>\n\n\n\n<div class=\"wp-block-column is-vertically-aligned-center is-layout-flow wp-block-column-is-layout-flow\" style=\"flex-basis:40%\">\n<p class=\"has-text-align-left\"><a rel=\"noopener\" href=\"http:\/\/ddd.uab.cat\/pub\/caplli\/2015\/131470\/metinvsoccua_cap3-7a2015v3.pdf\" target=\"_blank\">Documento del cap\u00edtulo III.7<\/a><\/p>\n<\/div>\n<\/div>\n<\/div>\n\n\n\n<div class=\"wp-block-column is-layout-flow wp-block-column-is-layout-flow\">\n<div class=\"wp-block-columns is-layout-flex wp-container-core-columns-is-layout-9d6595d7 wp-block-columns-is-layout-flex\">\n<div class=\"wp-block-column is-layout-flow wp-block-column-is-layout-flow\" style=\"flex-basis:20%\"><div class=\"wp-block-image\">\n<figure class=\"aligncenter size-full is-resized\"><img loading=\"lazy\" decoding=\"async\" src=\"https:\/\/webs.uab.cat\/plopez\/wp-content\/uploads\/sites\/156\/2015\/01\/png-clipart-computer-icons-video-file-format-data-conversion-video-icon-miscellaneous-angle.png\" alt=\"png-clipart-computer-icons-video-file-format-data-conversion-video-icon-miscellaneous-angle.png\" class=\"wp-image-288\" width=\"50\" height=\"50\" srcset=\"https:\/\/webs.uab.cat\/plopez\/wp-content\/uploads\/sites\/156\/2015\/01\/png-clipart-computer-icons-video-file-format-data-conversion-video-icon-miscellaneous-angle.png 900w, https:\/\/webs.uab.cat\/plopez\/wp-content\/uploads\/sites\/156\/2015\/01\/png-clipart-computer-icons-video-file-format-data-conversion-video-icon-miscellaneous-angle-300x300.png 300w, https:\/\/webs.uab.cat\/plopez\/wp-content\/uploads\/sites\/156\/2015\/01\/png-clipart-computer-icons-video-file-format-data-conversion-video-icon-miscellaneous-angle-150x150.png 150w, https:\/\/webs.uab.cat\/plopez\/wp-content\/uploads\/sites\/156\/2015\/01\/png-clipart-computer-icons-video-file-format-data-conversion-video-icon-miscellaneous-angle-768x768.png 768w\" sizes=\"auto, (max-width: 50px) 100vw, 50px\" \/><\/figure>\n<\/div><\/div>\n\n\n\n<div class=\"wp-block-column is-vertically-aligned-center is-layout-flow wp-block-column-is-layout-flow\" style=\"flex-basis:40%\">\n<p><a rel=\"noopener\" href=\"https:\/\/ddd.uab.cat\/record\/233627\" target=\"_blank\">V\u00eddeo de presentaci\u00f3n<\/a><\/p>\n<\/div>\n<\/div>\n<\/div>\n<\/div>\n\n\n\n<div class=\"wp-block-columns is-layout-flex wp-container-core-columns-is-layout-9d6595d7 wp-block-columns-is-layout-flex\">\n<div class=\"wp-block-column is-layout-flow wp-block-column-is-layout-flow\" style=\"flex-basis:5%\">\n<figure class=\"wp-block-image size-full is-resized\"><img loading=\"lazy\" decoding=\"async\" src=\"https:\/\/webs.uab.cat\/plopez\/wp-content\/uploads\/sites\/156\/2015\/02\/documentos1.png\" alt=\"\" class=\"wp-image-334\" width=\"50\" height=\"50\" srcset=\"https:\/\/webs.uab.cat\/plopez\/wp-content\/uploads\/sites\/156\/2015\/02\/documentos1.png 256w, https:\/\/webs.uab.cat\/plopez\/wp-content\/uploads\/sites\/156\/2015\/02\/documentos1-150x150.png 150w\" sizes=\"auto, (max-width: 50px) 100vw, 50px\" \/><\/figure>\n<\/div>\n\n\n\n<div class=\"wp-block-column is-vertically-aligned-center is-layout-flow wp-block-column-is-layout-flow\" style=\"flex-basis:85%\">\n<p class=\"has-normal-font-size\"><strong>Archivos adjuntos:<\/strong><\/p>\n<\/div>\n<\/div>\n\n\n\n<div class=\"wp-block-columns is-layout-flex wp-container-core-columns-is-layout-9d6595d7 wp-block-columns-is-layout-flex\">\n<div class=\"wp-block-column is-layout-flow wp-block-column-is-layout-flow\">\n<p>\u2013 <a rel=\"noreferrer noopener\" href=\"https:\/\/ddd.uab.cat\/pub\/llibres\/2015\/129382\/CIS3041+.sav\" target=\"_blank\">CIS3041+.sav<\/a><br>\u2013 <a rel=\"noreferrer noopener\" href=\"https:\/\/ddd.uab.cat\/pub\/llibres\/2015\/129382\/Ingresos.sav\" target=\"_blank\">Ingresos.sav<\/a><br>\u2013 <a rel=\"noreferrer noopener\" href=\"https:\/\/ddd.uab.cat\/pub\/llibres\/2015\/129382\/Sentimiento.sav\" target=\"_blank\">Sentimiento.sav<\/a><br>\u2013 <a rel=\"noreferrer noopener\" href=\"https:\/\/ddd.uab.cat\/pub\/llibres\/2015\/129382\/ALL-Abandono.sps\" target=\"_blank\">ALL-Abandono.sps<\/a><br>\u2013 <a rel=\"noreferrer noopener\" href=\"https:\/\/ddd.uab.cat\/pub\/llibres\/2015\/129382\/ALL-Actitud.sps\" target=\"_blank\">ALL-Actitud.sps<\/a><br>\u2013 <a rel=\"noreferrer noopener\" href=\"https:\/\/ddd.uab.cat\/pub\/llibres\/2015\/129382\/ALL-Coche.sps\" target=\"_blank\">ALL-Coche.sps<\/a><br>\u2013 <a rel=\"noreferrer noopener\" href=\"https:\/\/ddd.uab.cat\/pub\/llibres\/2015\/129382\/ALL-Ingresos.sps\" target=\"_blank\">ALL-Ingresos.sps<\/a><br>\u2013 <a rel=\"noreferrer noopener\" href=\"https:\/\/ddd.uab.cat\/pub\/llibres\/2015\/129382\/ALL-Ordenador.sps\" target=\"_blank\">ALL-Ordenador.sps<\/a><br>\u2013 <a rel=\"noreferrer noopener\" href=\"https:\/\/ddd.uab.cat\/pub\/llibres\/2015\/129382\/ALL-Penalty.sps\" target=\"_blank\">ALL-Penalty.sps<\/a><br>\u2013 <a rel=\"noreferrer noopener\" href=\"https:\/\/ddd.uab.cat\/pub\/llibres\/2015\/129382\/ALL-Berkeley.sps\" target=\"_blank\">ALL-Berkeley.sps<\/a><br>\u2013 <a rel=\"noreferrer noopener\" href=\"https:\/\/ddd.uab.cat\/pub\/llibres\/2015\/129382\/ALL-Ordenador.xlsx\" target=\"_blank\">ALL-Ordenador.xlsx<\/a><\/p>\n<\/div>\n\n\n\n<div class=\"wp-block-column is-layout-flow wp-block-column-is-layout-flow\">\n<p>\u2013 <a rel=\"noreferrer noopener\" href=\"https:\/\/ddd.uab.cat\/pub\/llibres\/2015\/129382\/CIS3041a.rda\" target=\"_blank\">CIS3041a.rda<\/a><br>\u2013 <a rel=\"noreferrer noopener\" href=\"https:\/\/ddd.uab.cat\/pub\/llibres\/2015\/129382\/Abandono.rda\" target=\"_blank\">Abandono.rda<\/a><br>\u2013 <a rel=\"noreferrer noopener\" href=\"https:\/\/ddd.uab.cat\/pub\/llibres\/2015\/129382\/Actitud.rda\" target=\"_blank\">Actitud.rda<\/a><br>\u2013 <a rel=\"noreferrer noopener\" href=\"https:\/\/ddd.uab.cat\/pub\/llibres\/2015\/129382\/Berkeley.rda\" target=\"_blank\">Berkeley.rda<\/a><br>\u2013 <a rel=\"noreferrer noopener\" href=\"https:\/\/ddd.uab.cat\/pub\/llibres\/2015\/129382\/Coche.rda\" target=\"_blank\">Coche.rda<\/a><br>\u2013 <a rel=\"noreferrer noopener\" href=\"https:\/\/ddd.uab.cat\/pub\/llibres\/2015\/129382\/Sentimiento.rda\" target=\"_blank\">Sentimiento.rda<\/a><br>\u2013 <a rel=\"noreferrer noopener\" href=\"https:\/\/ddd.uab.cat\/pub\/llibres\/2015\/129382\/Ingresos.rda\" target=\"_blank\">Ingresos.rda<\/a><br>\u2013 <a rel=\"noreferrer noopener\" href=\"https:\/\/ddd.uab.cat\/pub\/llibres\/2015\/129382\/Penalty.rda\" target=\"_blank\">Penalty.rda<\/a><br>\u2013 <a rel=\"noreferrer noopener\" href=\"https:\/\/ddd.uab.cat\/pub\/llibres\/2015\/129382\/AMS_ECV2011.rda\" target=\"_blank\">AMS_ECV2011.rda<\/a><br>\u2013 <a rel=\"noreferrer noopener\" href=\"https:\/\/ddd.uab.cat\/pub\/llibres\/2015\/129382\/ALL-Coche.R\" target=\"_blank\">ALL-Coche.R<\/a><br>\u2013 <a rel=\"noreferrer noopener\" href=\"https:\/\/ddd.uab.cat\/pub\/llibres\/2015\/129382\/ALL-Coche1.R\" target=\"_blank\">ALL-Coche1.R<\/a><br>\u2013<a href=\"https:\/\/ddd.uab.cat\/pub\/llibres\/2015\/129382\/Sentimiento.R\" target=\"_blank\" rel=\"noreferrer noopener\"> ALL-Sentimiento.R<\/a><br>\u2013 <a rel=\"noreferrer noopener\" href=\"https:\/\/ddd.uab.cat\/pub\/llibres\/2015\/129382\/ALL-Ingresos.R\" target=\"_blank\">ALL-Ingresos.R<\/a><br>\u2013 <a href=\"https:\/\/ddd.uab.cat\/pub\/llibres\/2015\/129382\/ALL-Abandono.R\" target=\"_blank\" rel=\"noreferrer noopener\">ALL-Abandono.R<\/a><br>\u2013 <a rel=\"noreferrer noopener\" href=\"https:\/\/ddd.uab.cat\/pub\/llibres\/2015\/129382\/ALL-Penalty.R\" target=\"_blank\">ALL-Penalty.R<\/a><\/p>\n<\/div>\n<\/div>\n\n\n\n<p><strong>C\u00f3mo citar este cap\u00edtulo<\/strong>:<br>L\u00f3pez-Rold\u00e1n, P.; Fachelli, S. (2015). An\u00e1lisis log-lineal. En P. L\u00f3pez-Rold\u00e1n y S. Fachelli, <em>Metodolog\u00eda de la Investigaci\u00f3n Social Cuantitativa<\/em>. Bellaterra (Cerdanyola del Vall\u00e8s): Dip\u00f2sit Digital de Documents, Universitat Aut\u00f2noma de Barcelona. Cap\u00edtulo III.1. 1\u00aa edici\u00f3n. Versi\u00f3n 3 corregida. Edici\u00f3n digital: http:\/\/ddd.uab.cat\/record\/131470<\/p>\n\n\n\n<p class=\"has-text-align-center\">1\u00aa edici\u00f3n, febrero de 2015<\/p>\n\n\n\n<p class=\"has-text-align-center\"><em><span style=\"font-size: x-small;font-family: book antiqua,palatino\"><a href=\"http:\/\/creativecommons.org\/licenses\/by-nc-nd\/4.0\/\"><img loading=\"lazy\" decoding=\"async\" style=\"border-width: 0;border: 0;vertical-align: middle\" src=\"https:\/\/i.creativecommons.org\/l\/by-nc-nd\/4.0\/88x31.png\" alt=\"Licencia de Creative Commons\" width=\"77\" height=\"27\"><\/a><\/span><\/em><br><em><span style=\"font-size: x-small;font-family: book antiqua,palatino\">Licensed under a <a href=\"http:\/\/creativecommons.org\/licenses\/by-nc-sa\/4.0\/\" rel=\"license\">Creative Commons<\/a><\/span><\/em><\/p>\n","protected":false},"excerpt":{"rendered":"<p>Metodolog\u00eda de la Investigaci\u00f3n Social Cuantitativa Pedro L\u00f3pez-Rold\u00e1nSandra Fachelli Cap\u00edtulo III.7 An\u00e1lisis log-lineal Cap\u00edtulo que presenta los modelos log-lineales para el tratamiento de relaciones de interdependencia o an\u00e1lisis logar\u00edtmico lineal general. Se presentan los principales conceptos de la t\u00e9cnica, los distintos modelos de las relaciones entre dos y tres variables, el procedimiento de c\u00e1lculo y [&hellip;]<\/p>\n","protected":false},"author":20,"featured_media":0,"parent":0,"menu_order":0,"comment_status":"closed","ping_status":"closed","template":"","meta":{"footnotes":""},"class_list":["post-365","page","type-page","status-publish","hentry"],"_links":{"self":[{"href":"https:\/\/webs.uab.cat\/plopez\/wp-json\/wp\/v2\/pages\/365","targetHints":{"allow":["GET"]}}],"collection":[{"href":"https:\/\/webs.uab.cat\/plopez\/wp-json\/wp\/v2\/pages"}],"about":[{"href":"https:\/\/webs.uab.cat\/plopez\/wp-json\/wp\/v2\/types\/page"}],"author":[{"embeddable":true,"href":"https:\/\/webs.uab.cat\/plopez\/wp-json\/wp\/v2\/users\/20"}],"replies":[{"embeddable":true,"href":"https:\/\/webs.uab.cat\/plopez\/wp-json\/wp\/v2\/comments?post=365"}],"version-history":[{"count":10,"href":"https:\/\/webs.uab.cat\/plopez\/wp-json\/wp\/v2\/pages\/365\/revisions"}],"predecessor-version":[{"id":1446,"href":"https:\/\/webs.uab.cat\/plopez\/wp-json\/wp\/v2\/pages\/365\/revisions\/1446"}],"wp:attachment":[{"href":"https:\/\/webs.uab.cat\/plopez\/wp-json\/wp\/v2\/media?parent=365"}],"curies":[{"name":"wp","href":"https:\/\/api.w.org\/{rel}","templated":true}]}}