{"id":372,"date":"2015-04-17T13:41:47","date_gmt":"2015-04-17T13:41:47","guid":{"rendered":"https:\/\/webs.uab.cat\/plopez\/iii-11\/"},"modified":"2025-10-02T07:05:38","modified_gmt":"2025-10-02T05:05:38","slug":"iii-11","status":"publish","type":"page","link":"https:\/\/webs.uab.cat\/plopez\/iii-11\/","title":{"rendered":"III.11 An\u00e1lisis factorial"},"content":{"rendered":"\n<div class=\"wp-block-media-text is-stacked-on-mobile\" style=\"grid-template-columns:22% auto\"><figure class=\"wp-block-media-text__media\"><img loading=\"lazy\" decoding=\"async\" width=\"370\" height=\"525\" src=\"https:\/\/webs.uab.cat\/plopez\/wp-content\/uploads\/sites\/156\/2015\/01\/Portada.png\" alt=\"MISC\" class=\"wp-image-279 size-full\" srcset=\"https:\/\/webs.uab.cat\/plopez\/wp-content\/uploads\/sites\/156\/2015\/01\/Portada.png 370w, https:\/\/webs.uab.cat\/plopez\/wp-content\/uploads\/sites\/156\/2015\/01\/Portada-211x300.png 211w\" sizes=\"auto, (max-width: 370px) 100vw, 370px\" \/><\/figure><div class=\"wp-block-media-text__content\">\n<p><strong><br>Metodolog\u00eda de la Investigaci\u00f3n Social Cuantitativa<\/strong><\/p>\n\n\n\n<p>Pedro L\u00f3pez-Rold\u00e1n<br>Sandra Fachelli<\/p>\n<\/div><\/div>\n\n\n\n<h2 class=\"wp-block-heading\">Cap\u00edtulo III.11 <br>An\u00e1lisis factorial<\/h2>\n\n\n\n<p>Cap\u00edtulo destinado al an\u00e1lisis de interdependencia con las t\u00e9cnicas de an\u00e1lisis factorial. Se presenta una primera panor\u00e1mica de las diferentes t\u00e9cnicas que recoge esta denominaci\u00f3n gen\u00e9rica y profundiza en dos de ellas: el an\u00e1lisis de componentes principales, que relaciona variables cuantitativas, y el an\u00e1lisis de correspondencias (simples y m\u00faltiples) para relacionar variables cualitativas. El cap\u00edtulo concluye dando cuenta de la utilizaci\u00f3n del software estad\u00edstico para trabajar con estas t\u00e9cnicas en SPSS, SPAD y R.<\/p>\n\n\n\n<div class=\"wp-block-columns is-layout-flex wp-container-core-columns-is-layout-9d6595d7 wp-block-columns-is-layout-flex\">\n<div class=\"wp-block-column is-layout-flow wp-block-column-is-layout-flow\" style=\"flex-basis:5%\">\n<figure class=\"wp-block-image size-full\"><img loading=\"lazy\" decoding=\"async\" width=\"300\" height=\"300\" src=\"https:\/\/webs.uab.cat\/plopez\/wp-content\/uploads\/sites\/156\/2023\/02\/pdf.png\" alt=\"\" class=\"wp-image-992\" srcset=\"https:\/\/webs.uab.cat\/plopez\/wp-content\/uploads\/sites\/156\/2023\/02\/pdf.png 300w, https:\/\/webs.uab.cat\/plopez\/wp-content\/uploads\/sites\/156\/2023\/02\/pdf-150x150.png 150w\" sizes=\"auto, (max-width: 300px) 100vw, 300px\" \/><\/figure>\n<\/div>\n\n\n\n<div class=\"wp-block-column is-vertically-aligned-center is-layout-flow wp-block-column-is-layout-flow\" style=\"flex-basis:85%\">\n<p class=\"has-normal-font-size\"><a rel=\"noopener\" href=\"http:\/\/ddd.uab.cat\/pub\/caplli\/2015\/142928\/metinvsoccua_cap3-11a2016v3.pdf\" target=\"_blank\">Documento del cap\u00edtulo III.11<\/a><\/p>\n<\/div>\n<\/div>\n\n\n\n<div class=\"wp-block-columns is-layout-flex wp-container-core-columns-is-layout-9d6595d7 wp-block-columns-is-layout-flex\">\n<div class=\"wp-block-column is-layout-flow wp-block-column-is-layout-flow\" style=\"flex-basis:5%\">\n<figure class=\"wp-block-image size-full\"><img loading=\"lazy\" decoding=\"async\" width=\"60\" height=\"60\" src=\"https:\/\/webs.uab.cat\/plopez\/wp-content\/uploads\/sites\/156\/2023\/02\/video1-e1675708365405.png\" alt=\"\" class=\"wp-image-993\" \/><\/figure>\n<\/div>\n\n\n\n<div class=\"wp-block-column is-vertically-aligned-center is-layout-flow wp-block-column-is-layout-flow\" style=\"flex-basis:85%\">\n<p class=\"has-normal-font-size\"><a rel=\"noreferrer noopener\" href=\"https:\/\/ddd.uab.cat\/record\/233616\" target=\"_blank\">V\u00eddeo de presentaci\u00f3n del ACP<\/a><br><a rel=\"noreferrer noopener\" href=\"https:\/\/ddd.uab.cat\/record\/233617\" target=\"_blank\">V\u00eddeo de presentaci\u00f3n del ACO<\/a><\/p>\n<\/div>\n<\/div>\n\n\n\n<div class=\"wp-block-columns is-layout-flex wp-container-core-columns-is-layout-9d6595d7 wp-block-columns-is-layout-flex\">\n<div class=\"wp-block-column is-layout-flow wp-block-column-is-layout-flow\" style=\"flex-basis:5%\">\n<figure class=\"wp-block-image size-full is-resized\"><img loading=\"lazy\" decoding=\"async\" width=\"256\" height=\"256\" src=\"https:\/\/webs.uab.cat\/plopez\/wp-content\/uploads\/sites\/156\/2015\/02\/documentos1.png\" alt=\"\" class=\"wp-image-334\" style=\"width:50px;height:50px\" srcset=\"https:\/\/webs.uab.cat\/plopez\/wp-content\/uploads\/sites\/156\/2015\/02\/documentos1.png 256w, https:\/\/webs.uab.cat\/plopez\/wp-content\/uploads\/sites\/156\/2015\/02\/documentos1-150x150.png 150w\" sizes=\"auto, (max-width: 256px) 100vw, 256px\" \/><\/figure>\n<\/div>\n\n\n\n<div class=\"wp-block-column is-vertically-aligned-center is-layout-flow wp-block-column-is-layout-flow\" style=\"flex-basis:85%\">\n<p class=\"has-normal-font-size\"><strong>Archivos adjuntos:<\/strong><\/p>\n<\/div>\n<\/div>\n\n\n\n<div class=\"wp-block-columns is-layout-flex wp-container-core-columns-is-layout-9d6595d7 wp-block-columns-is-layout-flex\">\n<div class=\"wp-block-column is-layout-flow wp-block-column-is-layout-flow\">\n<p class=\"has-accent-color has-text-color\"><strong>An\u00e1lisis de componentes principales<\/strong><\/p>\n\n\n\n<p>\u2013 <a href=\"https:\/\/ddd.uab.cat\/pub\/llibres\/2015\/129382\/RMB1986.sav\" target=\"_blank\" rel=\"noreferrer noopener\">RMB1986.sav<\/a><br>\u2013 <a href=\"https:\/\/ddd.uab.cat\/pub\/llibres\/2015\/129382\/ACP-ECVHP.sps\" target=\"_blank\" rel=\"noreferrer noopener\">ACP-ECVHP.sps<\/a><br>\u2013 <a href=\"https:\/\/ddd.uab.cat\/pub\/llibres\/2015\/129382\/RMB1986.rda\" target=\"_blank\" rel=\"noreferrer noopener\">RMB1986.rda<\/a><br>\u2013 <a href=\"https:\/\/ddd.uab.cat\/pub\/llibres\/2015\/129382\/ACP-ECVHP.R\" target=\"_blank\" rel=\"noreferrer noopener\">ACP-ECVHP.R<\/a><br>\u2013 <a href=\"https:\/\/ddd.uab.cat\/pub\/llibres\/2015\/129382\/RMB1986F1.rda\" target=\"_blank\" rel=\"noreferrer noopener\">RMB1986F1.rda<\/a><br>\u2013 <a href=\"https:\/\/ddd.uab.cat\/pub\/llibres\/2015\/129382\/RMB1986F2.rda\" target=\"_blank\" rel=\"noreferrer noopener\">RMB1986F2.rda<\/a><\/p>\n\n\n\n<p class=\"has-small-font-size\">Censo 2001 Catalunya<br>\u2013 <a rel=\"noreferrer noopener\" href=\"https:\/\/ddd.uab.cat\/pub\/llibres\/2015\/129382\/Barcelona.SAV\" target=\"_blank\">Barcelona<\/a><br>\u2013 <a rel=\"noreferrer noopener\" href=\"https:\/\/ddd.uab.cat\/pub\/llibres\/2015\/129382\/Alt_Emporda.sav\" target=\"_blank\">Alt Empord\u00e0<\/a><br>\u2013 <a rel=\"noreferrer noopener\" href=\"https:\/\/ddd.uab.cat\/pub\/llibres\/2015\/129382\/Baix_Llobregat.sav\" target=\"_blank\">Baix Llobregat<\/a><br>\u2013 <a rel=\"noreferrer noopener\" href=\"https:\/\/ddd.uab.cat\/pub\/llibres\/2015\/129382\/Bages.sav\" target=\"_blank\">Bages<\/a><br>\u2013 <a rel=\"noreferrer noopener\" href=\"https:\/\/ddd.uab.cat\/pub\/llibres\/2015\/129382\/Girones.sav\" target=\"_blank\">Giron\u00e8s<\/a><br>\u2013 <a rel=\"noreferrer noopener\" href=\"https:\/\/ddd.uab.cat\/pub\/llibres\/2015\/129382\/Maresme.sav\" target=\"_blank\">Maresme<\/a><br>\u2013 <a rel=\"noreferrer noopener\" href=\"https:\/\/ddd.uab.cat\/pub\/llibres\/2015\/129382\/Segria.sav\" target=\"_blank\">Segri\u00e0<\/a><br>\u2013 <a rel=\"noreferrer noopener\" href=\"https:\/\/ddd.uab.cat\/pub\/llibres\/2015\/129382\/Vall%C3%A8s%20Occidental.sav\" target=\"_blank\">Vall\u00e8s Occi<\/a><a href=\"https:\/\/ddd.uab.cat\/pub\/llibres\/2015\/129382\/Valles_Occidental.sav\">dental<\/a><br>\u2013 <a rel=\"noreferrer noopener\" href=\"https:\/\/ddd.uab.cat\/pub\/llibres\/2015\/129382\/Valles_Oriental.sav\" target=\"_blank\">Vall\u00e8s Oriental<\/a><br>\u2013 <a rel=\"noreferrer noopener\" href=\"https:\/\/ddd.uab.cat\/pub\/llibres\/2015\/129382\/Catalunya.sav\" target=\"_blank\">Catalunya<\/a><\/p>\n\n\n\n<p>\u2013 <a href=\"https:\/\/ddd.uab.cat\/pub\/llibres\/2015\/129382\/IDH2014.sav\">IDH2014.sav<\/a><br>\u2013 <a rel=\"noreferrer noopener\" href=\"https:\/\/ddd.uab.cat\/pub\/llibres\/2015\/129382\/CIS3041+.sav\" target=\"_blank\">CIS3041+.sav<\/a><br>\u2013 <a rel=\"noreferrer noopener\" href=\"https:\/\/ddd.uab.cat\/pub\/llibres\/2015\/129382\/Alcobendas.sav\" target=\"_blank\">Alcobendas.sav<\/a><br>\u2013 <a rel=\"noreferrer noopener\" href=\"https:\/\/ddd.uab.cat\/pub\/llibres\/2015\/129382\/AlcobendasF.sav\" target=\"_blank\">AlcobendasF.sav<\/a><br>\u2013 <a rel=\"noreferrer noopener\" href=\"https:\/\/ddd.uab.cat\/pub\/llibres\/2015\/129382\/ACP-Alcobendas.sps\" target=\"_blank\">ACP-Alcobendas.sps<\/a><br>\u2013 <a rel=\"noreferrer noopener\" href=\"https:\/\/ddd.uab.cat\/pub\/llibres\/2015\/129382\/Alcobendas.rda\" target=\"_blank\">Alcobendas.rda<\/a><br>\u2013 <a rel=\"noreferrer noopener\" href=\"https:\/\/ddd.uab.cat\/pub\/llibres\/2015\/129382\/Alcobendas1.rda\" target=\"_blank\">Alcobendas1.rda<\/a><\/p>\n\n\n\n<p>Datos de Argentina:<br>\u2013 <a rel=\"noreferrer noopener\" href=\"http:\/\/ddd.uab.cat\/pub\/artpub\/2015\/132095\/pobbueair_a2015n21p7iSPA_postprint.pdf\" target=\"_blank\">Art\u00edculo Mapa Social<\/a><br>\u2013 <a rel=\"noreferrer noopener\" href=\"https:\/\/ddd.uab.cat\/pub\/llibres\/2015\/129382\/CABA-Censo2010.sav\" target=\"_blank\">CABA-Censo2010.sav<\/a><br>\u2013 <a rel=\"noreferrer noopener\" href=\"https:\/\/ddd.uab.cat\/pub\/llibres\/2015\/129382\/ACP-CABA.sps\" target=\"_blank\">ACP-CABA.sps<\/a><br>\u2013 <a rel=\"noreferrer noopener\" href=\"https:\/\/ddd.uab.cat\/pub\/llibres\/2015\/129382\/ACP-Torres.pdf\" target=\"_blank\">Pr\u00e1ctica ACP Torres<\/a><br>\u2013 <a rel=\"noreferrer noopener\" href=\"https:\/\/webs.uab.cat\/plopez\/wp-content\/uploads\/sites\/156\/2018\/04\/Practica_PPoint_CABA_2010.pdf\" target=\"_blank\">Pr\u00e1ctica ACP Torres &#8211; p-p<\/a><br>\u2013 <a href=\"https:\/\/ddd.uab.cat\/pub\/llibres\/2015\/129382\/CABA-Censo2010Torres.sav\">CABA-Censo2010Torres.sav<\/a><br>\u2013 <a href=\"https:\/\/ddd.uab.cat\/pub\/llibres\/2015\/129382\/ACP-Torres.sps\">ACP-Torres.sps<\/a><br>\u2013 <a rel=\"noreferrer noopener\" href=\"https:\/\/webs.uab.cat\/plopez\/wp-content\/uploads\/sites\/156\/2017\/06\/ARGENTINA-Provincias.xlsx\" target=\"_blank\">Provincias.xls<\/a> | <a href=\"https:\/\/ddd.uab.cat\/pub\/llibres\/2015\/129382\/ARGENTINA-Provincias.sav\">Provincias.sav<\/a><br>\u2013 <a rel=\"noreferrer noopener\" href=\"https:\/\/webs.uab.cat\/plopez\/wp-content\/uploads\/sites\/156\/2017\/06\/Redatam.docx\" target=\"_blank\">Gu\u00eda REDATAM<\/a><\/p>\n\n\n\n<p>Datos de Uruguay:<br>\u2013 <a href=\"https:\/\/webs.uab.cat\/plopez\/wp-content\/uploads\/sites\/156\/2017\/06\/Uruguay-Datos.xls\" target=\"_blank\" rel=\"noreferrer noopener\">Uruguay-Datos.xls<\/a><br>\u2013 <a href=\"https:\/\/ddd.uab.cat\/pub\/llibres\/2015\/129382\/Uruguay-Departamentos.sav\" target=\"_blank\" rel=\"noreferrer noopener\">Uruguay-Departamentos.sav<\/a><\/p>\n<\/div>\n\n\n\n<div class=\"wp-block-column is-layout-flow wp-block-column-is-layout-flow\">\n<p class=\"has-accent-color has-text-color\"><strong>An\u00e1lisis de correspondencias<\/strong><\/p>\n\n\n\n<p>Simples<br><span style=\"font-size: revert;letter-spacing: 0.05rem\">\u2013 <\/span><a href=\"https:\/\/ddd.uab.cat\/pub\/llibres\/2015\/129382\/CIS3041-IngresosxOcupacion.sav\" target=\"_blank\" rel=\"noreferrer noopener\">CIS3041-Ingresos x Ocupaci\u00f3n.sav<\/a><br><span style=\"font-size: revert;letter-spacing: 0.05rem\">\u2013 <\/span><a href=\"https:\/\/ddd.uab.cat\/pub\/llibres\/2015\/129382\/ACS-IngresosxOcupacion.sps\" target=\"_blank\" rel=\"noreferrer noopener\">ACS-Ingresos x Ocupaci\u00f3n.sps<\/a><br><span style=\"font-size: revert;letter-spacing: 0.05rem\">\u2013 <\/span><a href=\"https:\/\/ddd.uab.cat\/pub\/llibres\/2015\/129382\/CIS3041-Ingresos%20x%20Ocupacio.sba\" target=\"_blank\" rel=\"noreferrer noopener\">CIS3041-Ingresos x Ocupaci\u00f3n.sba<\/a><br><span style=\"font-size: revert;letter-spacing: 0.05rem\">\u2013 <\/span><a href=\"https:\/\/ddd.uab.cat\/pub\/llibres\/2015\/129382\/ACS-IngresosxOcupacion.R\" target=\"_blank\" rel=\"noreferrer noopener\">ACS-Ingresos x Ocupaci\u00f3n.R<\/a><br><span style=\"font-size: revert;letter-spacing: 0.05rem\">\u2013 <\/span><a href=\"https:\/\/ddd.uab.cat\/pub\/llibres\/2015\/129382\/\/Catala.SBA\" target=\"_blank\" rel=\"noreferrer noopener\">Catal\u00e0.sba<\/a><br><span style=\"font-size: revert;letter-spacing: 0.05rem\">\u2013 <\/span><a href=\"https:\/\/ddd.uab.cat\/pub\/llibres\/2015\/129382\/Distancies-Catalunya.sav\">Dist\u00e0ncies Catalunya.sav<\/a><br><span style=\"font-size: revert;letter-spacing: 0.05rem\">\u2013 <\/span><a href=\"https:\/\/ddd.uab.cat\/pub\/llibres\/2015\/129382\/Distancias-Espana.sav\" target=\"_blank\" rel=\"noreferrer noopener\">Distancias Espa\u00f1a.sav<\/a> <br><span style=\"font-size: revert;letter-spacing: 0.05rem\">\u2013 <\/span><a href=\"https:\/\/ddd.uab.cat\/pub\/llibres\/2015\/129382\/Distancias-Espana.sba\" target=\"_blank\" rel=\"noreferrer noopener\">Distancias Espa\u00f1a.sba<\/a><br><span style=\"font-size: revert;letter-spacing: 0.05rem\">\u2013 <\/span><a href=\"https:\/\/ddd.uab.cat\/pub\/llibres\/2015\/129382\/ACS-Espana.sps\" target=\"_blank\" rel=\"noreferrer noopener\">ACS-Espa\u00f1a.sps<\/a><br><span style=\"font-size: revert;letter-spacing: 0.05rem\">\u2013 <\/span><a href=\"https:\/\/ddd.uab.cat\/pub\/llibres\/2015\/129382\/Espana-ProvinciasxEducacion.sba\">Espa\u00f1a-Provincias x Educaci\u00f3n.sba<\/a><br><span style=\"font-size: revert;letter-spacing: 0.05rem\">\u2013 <\/span><a href=\"https:\/\/ddd.uab.cat\/pub\/llibres\/2015\/129382\/Espana-ProvinciasxEducacion-Sexo.sba\" target=\"_blank\" rel=\"noreferrer noopener\">Espa\u00f1a-ProvinciasxEducacion-Sexo.sba<\/a><br><span style=\"font-size: revert;letter-spacing: 0.05rem\">\u2013 <\/span>Cens 2011 Educaci\u00f3: <a href=\"https:\/\/ddd.uab.cat\/pub\/llibres\/2015\/129382\/Comarques-Educacio.sba\" target=\"_blank\" rel=\"noreferrer noopener\">sba<\/a> | <a href=\"https:\/\/ddd.uab.cat\/pub\/llibres\/2015\/129382\/Comarques-Educacio.sav\" target=\"_blank\" rel=\"noreferrer noopener\">sav<\/a><br>\u2013 Cens 2011 Educaci\u00f3 x Sexe: <a href=\"https:\/\/ddd.uab.cat\/pub\/llibres\/2015\/129382\/Comarques-EducacioxSexe.sba\">sba<\/a> | <a href=\"https:\/\/ddd.uab.cat\/pub\/llibres\/2015\/129382\/Comarques-EducacioxSexe.sav\">sav<\/a><br><span style=\"font-size: revert;letter-spacing: 0.05rem\">\u2013 <\/span><a href=\"https:\/\/ddd.uab.cat\/pub\/llibres\/2015\/129382\/PracticaACS.pdf\" target=\"_blank\" rel=\"noreferrer noopener\">Gu\u00eda Pr\u00e1ctica ACS<\/a><\/p>\n\n\n\n<p>M\u00faltiples<br><span style=\"font-size: revert;letter-spacing: 0.05rem\">\u2013 <\/span><a href=\"https:\/\/ddd.uab.cat\/pub\/llibres\/2015\/129382\/Actitud.sav\" target=\"_blank\" rel=\"noreferrer noopener\">Actitud.sav<\/a> | <a href=\"https:\/\/ddd.uab.cat\/pub\/llibres\/2015\/129382\/Actitud.sba\" target=\"_blank\" rel=\"noreferrer noopener\">Actitud.sba<\/a> | <a href=\"https:\/\/ddd.uab.cat\/pub\/llibres\/2015\/129382\/Actitud.rda\" target=\"_blank\" rel=\"noreferrer noopener\">Actitud.rda<\/a><br><span style=\"font-size: revert;letter-spacing: 0.05rem\">\u2013 <\/span><a href=\"https:\/\/ddd.uab.cat\/pub\/llibres\/2015\/129382\/ACM-Actitud.sps\" target=\"_blank\" rel=\"noreferrer noopener\">ACM-Actitud.sps<\/a><br><span style=\"font-size: revert;letter-spacing: 0.05rem\">\u2013 <\/span><a href=\"https:\/\/ddd.uab.cat\/pub\/llibres\/2015\/129382\/ACM-Actitud.R\" target=\"_blank\" rel=\"noreferrer noopener\">ACM-Actitud.R<\/a><br><span style=\"font-size: revert;letter-spacing: 0.05rem\">\u2013 <\/span><a href=\"https:\/\/ddd.uab.cat\/pub\/llibres\/2015\/129382\/Conciliacio.sav\">Conciliaci\u00f3n.sav<\/a><br><span style=\"font-size: revert;letter-spacing: 0.05rem\">\u2013 <\/span><a href=\"https:\/\/ddd.uab.cat\/pub\/llibres\/2015\/129382\/ConciliacionACM+ACL.sps\">Conciliaci\u00f3n ACM+ACL.sps<\/a><br><span style=\"font-size: revert;letter-spacing: 0.05rem\">\u2013 <\/span><a href=\"https:\/\/ddd.uab.cat\/pub\/llibres\/2015\/129382\/Conciliacion.sba\">Conciliaci\u00f3n.sba<\/a><br><span style=\"font-size: revert;letter-spacing: 0.05rem\">\u2013 <\/span><a href=\"https:\/\/ddd.uab.cat\/pub\/llibres\/2015\/129382\/EPA4T2014-Segmentacion.sav\">EPA4T2014-Segmentaci\u00f3n.sav<\/a><br><span style=\"font-size: revert;letter-spacing: 0.05rem\">\u2013 <\/span><a href=\"https:\/\/ddd.uab.cat\/pub\/llibres\/2015\/129382\/Segmentacion-ACM+ACL.sps\">Segmentaci\u00f3n-ACM+ACL.sps<\/a><br><span style=\"font-size: revert;letter-spacing: 0.05rem\">\u2013 <\/span><a href=\"https:\/\/ddd.uab.cat\/pub\/llibres\/2015\/129382\/EPA4T2014-Segmentacion.sba\">EPA4T2014-Segmentaci\u00f3n.sba<\/a><br><span style=\"font-size: revert;letter-spacing: 0.05rem\">\u2013 <\/span><a href=\"https:\/\/ddd.uab.cat\/pub\/llibres\/2015\/129382\/EPA4T2014-Segmentacion.rda\" target=\"_blank\" rel=\"noreferrer noopener\">EPA4T2014-Segmentaci\u00f3n.rda<\/a><br><span style=\"font-size: revert;letter-spacing: 0.05rem\">\u2013 <\/span><a href=\"https:\/\/ddd.uab.cat\/pub\/llibres\/2015\/129382\/ACM-Segmentacion.R\">ACM-Segmentaci\u00f3n.R<\/a><br><span style=\"font-size: revert;letter-spacing: 0.05rem\">\u2013 <\/span><a href=\"https:\/\/ddd.uab.cat\/pub\/llibres\/2015\/129382\/CIS3041+.sav\" target=\"_blank\" rel=\"noreferrer noopener\">CIS3041+.sav <\/a>\u00a0|\u00a0<a href=\"https:\/\/ddd.uab.cat\/pub\/llibres\/2015\/129382\/CIS3041.sba\" target=\"_blank\" rel=\"noreferrer noopener\">CIS3041+.sba<\/a> | <a href=\"https:\/\/ddd.uab.cat\/pub\/llibres\/2015\/129382\/CIS3041a.rda\" target=\"_blank\" rel=\"noreferrer noopener\">CIS3041a.rda<\/a><br><span style=\"font-size: revert;letter-spacing: 0.05rem\">\u2013 <\/span><a href=\"https:\/\/ddd.uab.cat\/pub\/llibres\/2015\/129382\/Movilidad_AL-EU.sav\" target=\"_blank\" rel=\"noreferrer noopener\">Movilidad_AL-EU.sav<\/a><br><span style=\"font-size: revert;letter-spacing: 0.05rem\">\u2013 <\/span><a href=\"https:\/\/webs.uab.cat\/plopez\/wp-content\/uploads\/sites\/156\/2018\/11\/VPTransformados.xlsx\" target=\"_blank\" rel=\"noreferrer noopener\">Valores propios transformados<\/a><a title=\"View this xlsx file\" href=\"https:\/\/docs.google.com\/viewer?url=https%3A%2F%2Fwebs.uab.cat%2Fplopez%2Fwp-content%2Fuploads%2Fsites%2F156%2F2018%2F11%2FVPTransformados.xlsx&amp;embedded=true&amp;chrome=false&amp;dov=1\" id=\"74db3825-f016-46a7-8846-869a41a10fe6\"><img decoding=\"async\" style=\"margin-left: 3px;width: 16px;height: 16px\" src=\"\/\/gmpljdlgcdkljlppaekciacdmdlhfeon\/images\/beside-link-icon.svg\"><\/a><a title=\"View this xlsx file\" href=\"https:\/\/docs.google.com\/viewer?url=https%3A%2F%2Fwebs.uab.cat%2Fplopez%2Fwp-content%2Fuploads%2Fsites%2F156%2F2018%2F11%2FVPTransformados.xlsx&amp;embedded=true&amp;chrome=false&amp;dov=1\" id=\"986c0b2e-b88b-4491-acac-31085b93dd61\"><img decoding=\"async\" style=\"margin-left: 3px;width: 16px;height: 16px\" src=\"\/\/gmpljdlgcdkljlppaekciacdmdlhfeon\/images\/beside-link-icon.svg\"><\/a><a title=\"View this xlsx file\" href=\"https:\/\/docs.google.com\/viewer?url=https%3A%2F%2Fwebs.uab.cat%2Fplopez%2Fwp-content%2Fuploads%2Fsites%2F156%2F2018%2F11%2FVPTransformados.xlsx&amp;embedded=true&amp;chrome=false&amp;dov=1\" id=\"b5b0fd28-b5e5-4e6e-bcdc-f3034a9420f0\"><img decoding=\"async\" style=\"margin-left: 3px;width: 16px;height: 16px\" src=\"\/\/gmpljdlgcdkljlppaekciacdmdlhfeon\/images\/beside-link-icon.svg\"><\/a><\/p>\n\n\n\n<p>Datos de Argentina:<br><span style=\"font-size: revert;letter-spacing: 0.05rem\">\u2013 <\/span><a rel=\"noreferrer noopener\" href=\"https:\/\/ddd.uab.cat\/pub\/llibres\/2015\/129382\/ARGENTINA-EducaxOcupa.sba\" target=\"_blank\">ARGENTINA-EducaxOcupa.sba<\/a><br><span style=\"font-size: revert;letter-spacing: 0.05rem\">\u2013 <\/span><a rel=\"noreferrer noopener\" href=\"https:\/\/ddd.uab.cat\/pub\/llibres\/2015\/129382\/ARGENTINA-ProvinciasxEduca.sba\" target=\"_blank\">ARGENTINA-ProvinciasxEduca.sba<\/a><br><span style=\"font-size: revert;letter-spacing: 0.05rem\">\u2013 <\/span><a rel=\"noreferrer noopener\" href=\"https:\/\/ddd.uab.cat\/pub\/llibres\/2015\/129382\/ARGENTINA-Provincias-EducaxSexo.sba\" target=\"_blank\">ARGENTINA-Provincias-EducaxSexo.sba<\/a><br><span style=\"font-size: revert;letter-spacing: 0.05rem\">\u2013 <\/span><a rel=\"noreferrer noopener\" href=\"https:\/\/ddd.uab.cat\/pub\/llibres\/2015\/129382\/ARGENTINA-Distancias.sba\" target=\"_blank\">ARGENTINA-Distancias.sba<\/a><br><span style=\"font-size: revert;letter-spacing: 0.05rem\">\u2013 <\/span>EPH Hogar 2006 (2s): <a rel=\"noreferrer noopener\" href=\"https:\/\/ddd.uab.cat\/pub\/llibres\/2015\/129382\/PH%20Hogar_s206.sba\" target=\"_blank\">sba<\/a><br><span style=\"font-size: revert;letter-spacing: 0.05rem\">\u2013 <\/span>EPH Hogar 2010 (4t): <a href=\"https:\/\/ddd.uab.cat\/pub\/llibres\/2015\/129382\/EPH-Hogar_t410.sav\" target=\"_blank\" rel=\"noreferrer noopener\">sav<\/a> | <a href=\"https:\/\/ddd.uab.cat\/pub\/llibres\/2015\/129382\/EPH-Hogar_t410.sba\" target=\"_blank\" rel=\"noreferrer noopener\">sba<\/a><br><span style=\"font-size: revert;letter-spacing: 0.05rem\">\u2013 <\/span><a rel=\"noreferrer noopener\" href=\"https:\/\/webs.uab.cat\/plopez\/wp-content\/uploads\/sites\/156\/2017\/06\/Practica-EPH2010.pdf\" target=\"_blank\">Pr\u00e1ctica EPH 2010<\/a><\/p>\n\n\n\n<p>Datos de Uruguay:<br><span style=\"font-size: revert;letter-spacing: 0.05rem\">\u2013 <\/span><a rel=\"noreferrer noopener\" href=\"https:\/\/ddd.uab.cat\/pub\/llibres\/2015\/129382\/URUGUAY-DepartamentoxSector.sba\" target=\"_blank\">URUGUAY-DepartamentosxSector.sba<\/a><br><span style=\"font-size: revert;letter-spacing: 0.05rem\">\u2013 <\/span><a rel=\"noreferrer noopener\" href=\"https:\/\/ddd.uab.cat\/pub\/llibres\/2015\/129382\/\/URUGUAY-Distancias.sba\" target=\"_blank\">URUGUAY-Distancias.sba<\/a><br><span style=\"font-size: revert;letter-spacing: 0.05rem\">\u2013 <\/span><a rel=\"noreferrer noopener\" href=\"https:\/\/ddd.uab.cat\/pub\/llibres\/2015\/129382\/URUGUAY-Provincias-SexoxEduca.sba\" target=\"_blank\">URUGUAY-Provincias-SexoxEduca.sba<\/a><\/p>\n<\/div>\n<\/div>\n\n\n\n<p><img loading=\"lazy\" decoding=\"async\" width=\"315\" height=\"312\" class=\"wp-image-369\" style=\"width: 60px\" src=\"https:\/\/webs.uab.cat\/plopez\/wp-content\/uploads\/sites\/156\/2015\/04\/link2.png\" alt=\"\" srcset=\"https:\/\/webs.uab.cat\/plopez\/wp-content\/uploads\/sites\/156\/2015\/04\/link2.png 315w, https:\/\/webs.uab.cat\/plopez\/wp-content\/uploads\/sites\/156\/2015\/04\/link2-300x297.png 300w, https:\/\/webs.uab.cat\/plopez\/wp-content\/uploads\/sites\/156\/2015\/04\/link2-150x150.png 150w\" sizes=\"auto, (max-width: 315px) 100vw, 315px\" \/><\/p>\n\n\n\n<p><span style=\"font-size: revert;letter-spacing: 0.05rem\">\u2013  <\/span><a rel=\"noreferrer noopener\" href=\"https:\/\/www.youtube.com\/watch?v=BfTMmoDFXyE\" target=\"_blank\">A layman&#8217;s introduction to principal component analysis<\/a><br><span style=\"font-size: revert;letter-spacing: 0.05rem\">\u2013 <\/span><a rel=\"noreferrer noopener\" href=\"https:\/\/www.youtube.com\/watch?feature=iv&amp;src_vid=K-F19DORO1w&amp;annotation_id=annotation_963680&amp;v=UUxIXU_Ob6E\" target=\"_blank\">Rasmus Bro. Principal Component Analysis Introduction Part 1<\/a>&nbsp; | <a rel=\"noreferrer noopener\" href=\"https:\/\/www.youtube.com\/watch?v=26YhtSJi1qc\" target=\"_blank\">Part 2<\/a><br><span style=\"font-size: revert;letter-spacing: 0.05rem\">\u2013 <\/span><a rel=\"noreferrer noopener\" href=\"https:\/\/www.youtube.com\/watch?v=LI_iQAUa228\" target=\"_blank\">J. L. Vicente Villardon. Explicaci\u00f3n intuitiva del ACP<\/a> | <a rel=\"noreferrer noopener\" href=\"https:\/\/www.youtube.com\/watch?v=Dru4gDLFRyI\" target=\"_blank\">Teor\u00eda del ACP<\/a><br><span style=\"font-size: revert;letter-spacing: 0.05rem\">\u2013 <\/span><a rel=\"noreferrer noopener\" href=\"https:\/\/www.youtube.com\/watch?v=pks8m2ka7Pk&amp;feature=youtu.be\" target=\"_blank\">PCA in practice with FactoMineR<\/a><\/p>\n\n\n\n<p><strong>C\u00f3mo citar este cap\u00edtulo<\/strong>:<br>L\u00f3pez-Rold\u00e1n, P.; Fachelli, S. (2016). An\u00e1lisis factorial. En P. L\u00f3pez-Rold\u00e1n y S. Fachelli, <em>Metodolog\u00eda de la Investigaci\u00f3n Social Cuantitativa<\/em>. Bellaterra (Cerdanyola del Vall\u00e8s): Dip\u00f2sit Digital de Documents, Universitat Aut\u00f2noma de Barcelona. Cap\u00edtulo III.11. 1\u00aa edici\u00f3n. Versi\u00f3n 3 (octubre de 2016). Edici\u00f3n digital: <a href=\"http:\/\/ddd.uab.cat\/record\/142928\" target=\"_blank\" rel=\"noopener\">http:\/\/ddd.uab.cat\/record\/142928<\/a><\/p>\n\n\n\n<p class=\"has-text-align-center\">1\u00aa edici\u00f3n, febrero de 2015<br><em><span style=\"font-size: x-small;font-family: book antiqua,palatino\"><a href=\"http:\/\/creativecommons.org\/licenses\/by-nc-nd\/4.0\/\"><img loading=\"lazy\" decoding=\"async\" width=\"77\" height=\"27\" style=\"border-width: 0;border: 0;vertical-align: middle\" src=\"https:\/\/i.creativecommons.org\/l\/by-nc-nd\/4.0\/88x31.png\" alt=\"Licencia de Creative Commons\"><\/a><\/span><\/em><br><em><span style=\"font-size: x-small;font-family: book antiqua,palatino\">Licensed under a <a rel=\"license\" href=\"http:\/\/creativecommons.org\/licenses\/by-nc-sa\/4.0\/\">Creative Commons<\/a><\/span><\/em><\/p>\n","protected":false},"excerpt":{"rendered":"<p>Metodolog\u00eda de la Investigaci\u00f3n Social Cuantitativa Pedro L\u00f3pez-Rold\u00e1nSandra Fachelli Cap\u00edtulo III.11 An\u00e1lisis factorial Cap\u00edtulo destinado al an\u00e1lisis de interdependencia con las t\u00e9cnicas de an\u00e1lisis factorial. Se presenta una primera panor\u00e1mica de las diferentes t\u00e9cnicas que recoge esta denominaci\u00f3n gen\u00e9rica y profundiza en dos de ellas: el an\u00e1lisis de componentes principales, que relaciona variables cuantitativas, y [&hellip;]<\/p>\n","protected":false},"author":20,"featured_media":0,"parent":0,"menu_order":0,"comment_status":"closed","ping_status":"closed","template":"","meta":{"footnotes":""},"class_list":["post-372","page","type-page","status-publish","hentry"],"_links":{"self":[{"href":"https:\/\/webs.uab.cat\/plopez\/wp-json\/wp\/v2\/pages\/372","targetHints":{"allow":["GET"]}}],"collection":[{"href":"https:\/\/webs.uab.cat\/plopez\/wp-json\/wp\/v2\/pages"}],"about":[{"href":"https:\/\/webs.uab.cat\/plopez\/wp-json\/wp\/v2\/types\/page"}],"author":[{"embeddable":true,"href":"https:\/\/webs.uab.cat\/plopez\/wp-json\/wp\/v2\/users\/20"}],"replies":[{"embeddable":true,"href":"https:\/\/webs.uab.cat\/plopez\/wp-json\/wp\/v2\/comments?post=372"}],"version-history":[{"count":38,"href":"https:\/\/webs.uab.cat\/plopez\/wp-json\/wp\/v2\/pages\/372\/revisions"}],"predecessor-version":[{"id":1637,"href":"https:\/\/webs.uab.cat\/plopez\/wp-json\/wp\/v2\/pages\/372\/revisions\/1637"}],"wp:attachment":[{"href":"https:\/\/webs.uab.cat\/plopez\/wp-json\/wp\/v2\/media?parent=372"}],"curies":[{"name":"wp","href":"https:\/\/api.w.org\/{rel}","templated":true}]}}