{"id":463,"date":"2015-05-06T13:35:58","date_gmt":"2015-05-06T13:35:58","guid":{"rendered":"https:\/\/webs.uab.cat\/plopez\/iii-12\/"},"modified":"2023-04-07T16:29:16","modified_gmt":"2023-04-07T14:29:16","slug":"iii-12","status":"publish","type":"page","link":"https:\/\/webs.uab.cat\/plopez\/iii-12\/","title":{"rendered":"III.12 An\u00e1lisis de clasificaci\u00f3n"},"content":{"rendered":"\n<div class=\"wp-block-media-text is-stacked-on-mobile\" style=\"grid-template-columns:22% auto\"><figure class=\"wp-block-media-text__media\"><img loading=\"lazy\" decoding=\"async\" width=\"370\" height=\"525\" src=\"https:\/\/webs.uab.cat\/plopez\/wp-content\/uploads\/sites\/156\/2015\/01\/Portada.png\" alt=\"MISC\" class=\"wp-image-279 size-full\" srcset=\"https:\/\/webs.uab.cat\/plopez\/wp-content\/uploads\/sites\/156\/2015\/01\/Portada.png 370w, https:\/\/webs.uab.cat\/plopez\/wp-content\/uploads\/sites\/156\/2015\/01\/Portada-211x300.png 211w\" sizes=\"auto, (max-width: 370px) 100vw, 370px\" \/><\/figure><div class=\"wp-block-media-text__content\">\n<p><strong><br>Metodolog\u00eda de la Investigaci\u00f3n Social Cuantitativa<\/strong><\/p>\n\n\n\n<p>Pedro L\u00f3pez-Rold\u00e1n<br>Sandra Fachelli<\/p>\n<\/div><\/div>\n\n\n\n<h2 class=\"wp-block-heading\">Cap\u00edtulo III.12 <br>An\u00e1lisis de clasificaci\u00f3n<\/h2>\n\n\n\n<p>Cap\u00edtulo donde se trata el an\u00e1lisis de clasificaci\u00f3n como t\u00e9cnica multivariable destinada a la construcci\u00f3n de tipolog\u00edas. Se presenta como t\u00e9cnica independiente si bien la empleamos habitualmente de forma complementaria con el an\u00e1lisis factorial. Tras presentar los conceptos de clasificaci\u00f3n, taxonom\u00eda y tipolog\u00eda se recorren las distintas etapas del an\u00e1lisis, desde la selecci\u00f3n de las variables, de la medida de proximidad, de los diferentes m\u00e9todos, la determinaci\u00f3n del n\u00famero de grupos y la validaci\u00f3n de los resultados. El cap\u00edtulo se completa con la presentaci\u00f3n de diversos ejemplos y con la utilizaci\u00f3n del software estad\u00edstico para trabajar con esta t\u00e9cnica en SPSS, SPAD y R.<\/p>\n\n\n\n<div class=\"wp-block-columns is-layout-flex wp-container-core-columns-is-layout-9d6595d7 wp-block-columns-is-layout-flex\">\n<div class=\"wp-block-column is-layout-flow wp-block-column-is-layout-flow\" style=\"flex-basis:5%\">\n<figure class=\"wp-block-image size-full\"><img loading=\"lazy\" decoding=\"async\" width=\"300\" height=\"300\" src=\"https:\/\/webs.uab.cat\/plopez\/wp-content\/uploads\/sites\/156\/2023\/02\/pdf.png\" alt=\"\" class=\"wp-image-992\" srcset=\"https:\/\/webs.uab.cat\/plopez\/wp-content\/uploads\/sites\/156\/2023\/02\/pdf.png 300w, https:\/\/webs.uab.cat\/plopez\/wp-content\/uploads\/sites\/156\/2023\/02\/pdf-150x150.png 150w\" sizes=\"auto, (max-width: 300px) 100vw, 300px\" \/><\/figure>\n<\/div>\n\n\n\n<div class=\"wp-block-column is-vertically-aligned-center is-layout-flow wp-block-column-is-layout-flow\" style=\"flex-basis:85%\">\n<p class=\"has-normal-font-size\"><a rel=\"noreferrer noopener\" href=\"http:\/\/ddd.uab.cat\/pub\/caplli\/2015\/142929\/metinvsoccua_cap3-12a2016v2.pdf\" target=\"_blank\">Documento del cap\u00edtulo III.12<\/a><\/p>\n<\/div>\n<\/div>\n\n\n\n<div class=\"wp-block-columns is-layout-flex wp-container-core-columns-is-layout-9d6595d7 wp-block-columns-is-layout-flex\">\n<div class=\"wp-block-column is-layout-flow wp-block-column-is-layout-flow\" style=\"flex-basis:5%\">\n<figure class=\"wp-block-image size-full\"><img loading=\"lazy\" decoding=\"async\" width=\"60\" height=\"60\" src=\"https:\/\/webs.uab.cat\/plopez\/wp-content\/uploads\/sites\/156\/2023\/02\/video1-e1675708365405.png\" alt=\"\" class=\"wp-image-993\" \/><\/figure>\n<\/div>\n\n\n\n<div class=\"wp-block-column is-vertically-aligned-center is-layout-flow wp-block-column-is-layout-flow\" style=\"flex-basis:85%\">\n<p class=\"has-normal-font-size\"><a rel=\"noreferrer noopener\" href=\"https:\/\/ddd.uab.cat\/record\/233632\" target=\"_blank\">La tipolog\u00eda estructural y articulada<\/a><br><a rel=\"noreferrer noopener\" href=\"https:\/\/ddd.uab.cat\/record\/233620\" target=\"_blank\">V\u00eddeo de presentaci\u00f3n del ACL<\/a><\/p>\n<\/div>\n<\/div>\n\n\n\n<div class=\"wp-block-columns is-layout-flex wp-container-core-columns-is-layout-9d6595d7 wp-block-columns-is-layout-flex\">\n<div class=\"wp-block-column is-layout-flow wp-block-column-is-layout-flow\" style=\"flex-basis:5%\">\n<figure class=\"wp-block-image size-full is-resized\"><img loading=\"lazy\" decoding=\"async\" src=\"https:\/\/webs.uab.cat\/plopez\/wp-content\/uploads\/sites\/156\/2015\/02\/documentos1.png\" alt=\"\" class=\"wp-image-334\" width=\"50\" height=\"50\" srcset=\"https:\/\/webs.uab.cat\/plopez\/wp-content\/uploads\/sites\/156\/2015\/02\/documentos1.png 256w, https:\/\/webs.uab.cat\/plopez\/wp-content\/uploads\/sites\/156\/2015\/02\/documentos1-150x150.png 150w\" sizes=\"auto, (max-width: 50px) 100vw, 50px\" \/><\/figure>\n<\/div>\n\n\n\n<div class=\"wp-block-column is-vertically-aligned-center is-layout-flow wp-block-column-is-layout-flow\" style=\"flex-basis:85%\">\n<p class=\"has-normal-font-size\"><strong>Archivos adjuntos:<\/strong><\/p>\n<\/div>\n<\/div>\n\n\n\n<div class=\"wp-block-columns is-layout-flex wp-container-core-columns-is-layout-9d6595d7 wp-block-columns-is-layout-flex\">\n<div class=\"wp-block-column is-layout-flow wp-block-column-is-layout-flow\">\n<p>\u2013 <a href=\"https:\/\/ddd.uab.cat\/pub\/llibres\/2015\/129382\/RMB1986.sav\" target=\"_blank\" rel=\"noreferrer noopener\">RMB1986.sav<\/a><br>\u2013 <a href=\"https:\/\/ddd.uab.cat\/pub\/llibres\/2015\/129382\/ACL-ECVHP.sps\" target=\"_blank\" rel=\"noreferrer noopener\">ACL-ECVHP.sps<\/a><br>\u2013 <a href=\"https:\/\/ddd.uab.cat\/pub\/llibres\/2015\/129382\/RMB1986F1.rda\" target=\"_blank\" rel=\"noreferrer noopener\">RMB1986F1.rda<\/a><br>\u2013 <a href=\"https:\/\/ddd.uab.cat\/pub\/llibres\/2015\/129382\/RMB1986F2.rda\" target=\"_blank\" rel=\"noreferrer noopener\">RMB1986F2.rda<\/a><br>\u2013 <a href=\"https:\/\/ddd.uab.cat\/pub\/llibres\/2015\/129382\/ACL-ECVHP.R\" target=\"_blank\" rel=\"noreferrer noopener\">ACL-ECVHP.R<\/a><br>\u2013 <a href=\"https:\/\/ddd.uab.cat\/pub\/llibres\/2015\/129382\/RMB1986F2C.rda\" target=\"_blank\" rel=\"noreferrer noopener\">RMB1986F2C.rda<\/a><\/p>\n\n\n\n<p>Censo 2001 Catalunya<br>\u2013 <a rel=\"noreferrer noopener\" href=\"https:\/\/ddd.uab.cat\/pub\/llibres\/2015\/129382\/Barcelona.SAV\" target=\"_blank\">Barcelona<\/a><br>\u2013 <a href=\"https:\/\/ddd.uab.cat\/pub\/llibres\/2015\/129382\/Alt_Emporda.sav\" target=\"_blank\" rel=\"noreferrer noopener\">Alt Empord\u00e0<\/a><br>\u2013 <a rel=\"noreferrer noopener\" href=\"https:\/\/ddd.uab.cat\/pub\/llibres\/2015\/129382\/Baix_Llobregat.sav\" target=\"_blank\">Baix Llobregat<\/a><br>\u2013 <a rel=\"noreferrer noopener\" href=\"https:\/\/ddd.uab.cat\/pub\/llibres\/2015\/129382\/Bages.sav\" target=\"_blank\">Bages<\/a><br>\u2013 <a href=\"https:\/\/ddd.uab.cat\/pub\/llibres\/2015\/129382\/Girones.sav\" target=\"_blank\" rel=\"noreferrer noopener\">Giron\u00e8s<\/a><br>\u2013 <a rel=\"noreferrer noopener\" href=\"https:\/\/ddd.uab.cat\/pub\/llibres\/2015\/129382\/Maresme.sav\" target=\"_blank\">Maresme<\/a><br>\u2013 <a href=\"https:\/\/ddd.uab.cat\/pub\/llibres\/2015\/129382\/Segria.sav\" target=\"_blank\" rel=\"noreferrer noopener\">Segri\u00e0<\/a><br>\u2013 <a href=\"https:\/\/ddd.uab.cat\/pub\/llibres\/2015\/129382\/Vall%C3%A8s%20Occidental.sav\" target=\"_blank\" rel=\"noreferrer noopener\">Vall\u00e8s Occ<\/a><a rel=\"noreferrer noopener\" href=\"https:\/\/ddd.uab.cat\/pub\/llibres\/2015\/129382\/Vall%C3%A8s%20Occidental.sav\" target=\"_blank\">i<\/a><a href=\"https:\/\/ddd.uab.cat\/pub\/llibres\/2015\/129382\/Valles_Occidental.sav\">dental<\/a><br>\u2013 <a href=\"https:\/\/ddd.uab.cat\/pub\/llibres\/2015\/129382\/Valles_Oriental.sav\" target=\"_blank\" rel=\"noreferrer noopener\">Vall\u00e8s Oriental<\/a><br>\u2013 <a href=\"https:\/\/ddd.uab.cat\/pub\/llibres\/2015\/129382\/Catalunya.sav\" target=\"_blank\" rel=\"noreferrer noopener\">Catalunya<\/a><\/p>\n\n\n\n<p>\u2013 <a href=\"https:\/\/ddd.uab.cat\/pub\/llibres\/2015\/129382\/IDH2014.sav\" target=\"_blank\" rel=\"noreferrer noopener\">IDH2014.sav<\/a><br>\u2013 <a rel=\"noreferrer noopener\" href=\"https:\/\/ddd.uab.cat\/pub\/llibres\/2015\/129382\/CIS3041+.sav\" target=\"_blank\">CIS3041+.sav<\/a><br>\u2013 <a rel=\"noreferrer noopener\" href=\"https:\/\/ddd.uab.cat\/pub\/llibres\/2015\/129382\/Alcobendas.sav\" target=\"_blank\">Alcobendas.sav<\/a><br>\u2013 <a rel=\"noreferrer noopener\" href=\"https:\/\/ddd.uab.cat\/pub\/llibres\/2015\/129382\/AlcobendasF.sav\" target=\"_blank\">AlcobendasF.sav<\/a><br>\u2013 <a rel=\"noreferrer noopener\" href=\"https:\/\/ddd.uab.cat\/pub\/llibres\/2015\/129382\/AlcobendasFC.sav\" target=\"_blank\">AlcobendasFC.sav<\/a><br>\u2013 <a href=\"https:\/\/ddd.uab.cat\/pub\/llibres\/2015\/129382\/ACL-Alcobendas.sps\" target=\"_blank\" rel=\"noreferrer noopener\">ACL-Alcobendas.sps<\/a><br>\u2013 <a rel=\"noreferrer noopener\" href=\"https:\/\/ddd.uab.cat\/pub\/llibres\/2015\/129382\/Alcobendas.rda\" target=\"_blank\">Alcobendas.rda<\/a><br>\u2013 <a rel=\"noreferrer noopener\" href=\"https:\/\/ddd.uab.cat\/pub\/llibres\/2015\/129382\/Alcobendas1.rda\" target=\"_blank\">Alcobendas1.rda<\/a><br>\u2013 <a href=\"https:\/\/ddd.uab.cat\/pub\/llibres\/2015\/129382\/Alcobendas2.rda\" target=\"_blank\" rel=\"noreferrer noopener\">Alcobendas2.rda<\/a><br>\u2013 <a href=\"https:\/\/ddd.uab.cat\/pub\/llibres\/2015\/129382\/ACL-Alcobendas.R\" target=\"_blank\" rel=\"noreferrer noopener\">ACL-Alcobendas.R<\/a><\/p>\n<\/div>\n\n\n\n<div class=\"wp-block-column is-layout-flow wp-block-column-is-layout-flow\">\n<p>\u2013 <a rel=\"noreferrer noopener\" href=\"https:\/\/ddd.uab.cat\/pub\/llibres\/2015\/129382\/Conciliacion.sav\" target=\"_blank\">Conciliaci\u00f3n.sav<\/a><br><span style=\"font-size: revert;letter-spacing: 0.05rem\">\u2013 <\/span><a rel=\"noreferrer noopener\" href=\"https:\/\/ddd.uab.cat\/pub\/llibres\/2015\/129382\/ConciliacionACM+ACL.sps\" target=\"_blank\">Conciliaci\u00f3n ACM+ACL.sps<\/a><br>\u2013 <a rel=\"noreferrer noopener\" href=\"https:\/\/ddd.uab.cat\/pub\/llibres\/2015\/129382\/Conciliacion.sba\" target=\"_blank\">Conciliaci\u00f3n.sba<\/a><br>\u2013 <a href=\"https:\/\/ddd.uab.cat\/pub\/llibres\/2015\/129382\/EPA4T2014-Segmentacion.sav\" target=\"_blank\" rel=\"noreferrer noopener\">EPA4T2014-Segmentaci\u00f3n.sav<\/a><br>\u2013 <a rel=\"noreferrer noopener\" href=\"https:\/\/ddd.uab.cat\/pub\/llibres\/2015\/129382\/Segmentacion-ACM+ACL.sps\" target=\"_blank\">Segmentacion-ACM+ACL.sps<\/a><br>\u2013 <a rel=\"noreferrer noopener\" href=\"https:\/\/ddd.uab.cat\/pub\/llibres\/2015\/129382\/EPA4T2014-Segmentacion.sba\" target=\"_blank\">EPA4T2014-Segmentaci\u00f3n.sba<\/a><br>\u2013<a rel=\"noreferrer noopener\" href=\"https:\/\/ddd.uab.cat\/pub\/llibres\/2015\/129382\/CIS3041.sba\" target=\"_blank\">CIS3041+.sba<\/a><\/p>\n\n\n\n<p>\u2013 <a rel=\"noreferrer noopener\" href=\"https:\/\/sway.office.com\/y4GEbIsrgTEDchRh?ref=Link\" target=\"_blank\">Determinaci\u00f3n del n\u00ba de grupos<\/a><br>\u2013 <a href=\"https:\/\/webs.uab.cat\/plopez\/wp-content\/uploads\/sites\/156\/2023\/02\/NGruposACL.xlsx\">NGruposACL.xlsx<\/a><\/p>\n\n\n\n<p>\u2013 <a rel=\"noreferrer noopener\" href=\"https:\/\/ddd.uab.cat\/pub\/llibres\/2015\/129382\/ACL-Metodos.sps\" target=\"_blank\">ACL-M\u00e9todos.sps<\/a><br>\u2013 <a rel=\"noreferrer noopener\" href=\"https:\/\/ddd.uab.cat\/pub\/llibres\/2015\/129382\/EPA4T2014-Segmentacion.rda\" target=\"_blank\">EPA4T2014-Segmentacion.rda<\/a><br>\u2013 <a href=\"https:\/\/ddd.uab.cat\/pub\/llibres\/2015\/129382\/ACM-Segmentacion.R\" target=\"_blank\" rel=\"noreferrer noopener\">ACM-Segmentaci\u00f3n.R<\/a><\/p>\n\n\n\n<p>Datos de Argentina:<br>\u2013 EPH Hogar 2006 (2s): <a href=\"https:\/\/ddd.uab.cat\/pub\/llibres\/2015\/129382\/EPH-Hogar_s206.sba\" target=\"_blank\" rel=\"noreferrer noopener\">sba<\/a><br>\u2013 EPH Hogar 2010 (4t): <a href=\"https:\/\/ddd.uab.cat\/pub\/llibres\/2015\/129382\/EPH-Hogar_t410.sav\" target=\"_blank\" rel=\"noreferrer noopener\">sav<\/a> | <a href=\"https:\/\/ddd.uab.cat\/pub\/llibres\/2015\/129382\/EPH-Hogar_t410.sba\" target=\"_blank\" rel=\"noreferrer noopener\">sba<\/a><br><span style=\"font-size: revert;letter-spacing: 0.05rem\">\u2013 <\/span><a rel=\"noreferrer noopener\" href=\"https:\/\/webs.uab.cat\/plopez\/wp-content\/uploads\/sites\/156\/2017\/06\/Practica-EPH2010.pdf\" target=\"_blank\">Pr\u00e1ctica EPH 2010<\/a><br>\u2013 <a rel=\"noreferrer noopener\" href=\"https:\/\/ddd.uab.cat\/pub\/llibres\/2015\/129382\/CABA-Censo2010Torres.sav\" target=\"_blank\">CABA-Censo2010Torres.sav<\/a><br>\u2013 <a rel=\"noreferrer noopener\" href=\"https:\/\/ddd.uab.cat\/pub\/llibres\/2015\/129382\/ACL-Torres.sps\" target=\"_blank\">ACL-Torres.sps<\/a><\/p>\n<\/div>\n<\/div>\n\n\n\n<p><strong>C\u00f3mo citar este cap\u00edtulo<\/strong>:<br>L\u00f3pez-Rold\u00e1n, P.; Fachelli, S. (2016). An\u00e1lisis de clasificaci\u00f3n. En P. L\u00f3pez-Rold\u00e1n y S. Fachelli, <em>Metodolog\u00eda de la Investigaci\u00f3n Social Cuantitativa<\/em>. Bellaterra (Cerdanyola del Vall\u00e8s): Dip\u00f2sit Digital de Documents, Universitat Aut\u00f2noma de Barcelona. Cap\u00edtulo III.12. 1\u00aa edici\u00f3n. Versi\u00f3n 2. Edici\u00f3n digital: <a href=\"http:\/\/ddd.uab.cat\/record\/142929\" target=\"_blank\" rel=\"noopener\">http:\/\/ddd.uab.cat\/record\/142929<\/a><\/p>\n\n\n\n<p class=\"has-text-align-center\">1\u00aa edici\u00f3n, febrero de 2015<\/p>\n\n\n\n<p class=\"has-text-align-center\"><em><span style=\"font-size: x-small;font-family: book antiqua,palatino\"><a href=\"http:\/\/creativecommons.org\/licenses\/by-nc-nd\/4.0\/\"><img loading=\"lazy\" decoding=\"async\" width=\"77\" height=\"27\" style=\"border-width: 0;border: 0;vertical-align: middle\" src=\"https:\/\/i.creativecommons.org\/l\/by-nc-nd\/4.0\/88x31.png\" alt=\"Licencia de Creative Commons\"><\/a><\/span><\/em><br><em><span style=\"font-size: x-small;font-family: book antiqua,palatino\">Licensed under a <a rel=\"license\" href=\"http:\/\/creativecommons.org\/licenses\/by-nc-sa\/4.0\/\">Creative Commons<\/a><\/span><\/em><\/p>\n\n\n\n<p class=\"has-text-align-center\"><em><span style=\"font-size: x-small;font-family: book antiqua,palatino\"><\/span><\/em><\/p>\n","protected":false},"excerpt":{"rendered":"<p>Metodolog\u00eda de la Investigaci\u00f3n Social Cuantitativa Pedro L\u00f3pez-Rold\u00e1nSandra Fachelli Cap\u00edtulo III.12 An\u00e1lisis de clasificaci\u00f3n Cap\u00edtulo donde se trata el an\u00e1lisis de clasificaci\u00f3n como t\u00e9cnica multivariable destinada a la construcci\u00f3n de tipolog\u00edas. Se presenta como t\u00e9cnica independiente si bien la empleamos habitualmente de forma complementaria con el an\u00e1lisis factorial. Tras presentar los conceptos de clasificaci\u00f3n, taxonom\u00eda [&hellip;]<\/p>\n","protected":false},"author":20,"featured_media":0,"parent":0,"menu_order":0,"comment_status":"closed","ping_status":"closed","template":"","meta":{"footnotes":""},"class_list":["post-463","page","type-page","status-publish","hentry"],"_links":{"self":[{"href":"https:\/\/webs.uab.cat\/plopez\/wp-json\/wp\/v2\/pages\/463","targetHints":{"allow":["GET"]}}],"collection":[{"href":"https:\/\/webs.uab.cat\/plopez\/wp-json\/wp\/v2\/pages"}],"about":[{"href":"https:\/\/webs.uab.cat\/plopez\/wp-json\/wp\/v2\/types\/page"}],"author":[{"embeddable":true,"href":"https:\/\/webs.uab.cat\/plopez\/wp-json\/wp\/v2\/users\/20"}],"replies":[{"embeddable":true,"href":"https:\/\/webs.uab.cat\/plopez\/wp-json\/wp\/v2\/comments?post=463"}],"version-history":[{"count":18,"href":"https:\/\/webs.uab.cat\/plopez\/wp-json\/wp\/v2\/pages\/463\/revisions"}],"predecessor-version":[{"id":1526,"href":"https:\/\/webs.uab.cat\/plopez\/wp-json\/wp\/v2\/pages\/463\/revisions\/1526"}],"wp:attachment":[{"href":"https:\/\/webs.uab.cat\/plopez\/wp-json\/wp\/v2\/media?parent=463"}],"curies":[{"name":"wp","href":"https:\/\/api.w.org\/{rel}","templated":true}]}}