{"id":482,"date":"2015-05-21T21:56:24","date_gmt":"2015-05-21T21:56:24","guid":{"rendered":"https:\/\/webs.uab.cat\/plopez\/iii-10\/"},"modified":"2023-04-06T18:57:48","modified_gmt":"2023-04-06T16:57:48","slug":"iii-10","status":"publish","type":"page","link":"https:\/\/webs.uab.cat\/plopez\/iii-10\/","title":{"rendered":"III.10 An\u00e1lisis de regresi\u00f3n log\u00edstica"},"content":{"rendered":"\n<div class=\"wp-block-media-text is-stacked-on-mobile\" style=\"grid-template-columns:22% auto\"><figure class=\"wp-block-media-text__media\"><img loading=\"lazy\" decoding=\"async\" width=\"370\" height=\"525\" src=\"https:\/\/webs.uab.cat\/plopez\/wp-content\/uploads\/sites\/156\/2015\/01\/Portada.png\" alt=\"MISC\" class=\"wp-image-279 size-full\" srcset=\"https:\/\/webs.uab.cat\/plopez\/wp-content\/uploads\/sites\/156\/2015\/01\/Portada.png 370w, https:\/\/webs.uab.cat\/plopez\/wp-content\/uploads\/sites\/156\/2015\/01\/Portada-211x300.png 211w\" sizes=\"auto, (max-width: 370px) 100vw, 370px\" \/><\/figure><div class=\"wp-block-media-text__content\">\n<p><strong><br>Metodolog\u00eda de la Investigaci\u00f3n Social Cuantitativa<\/strong><\/p>\n\n\n\n<p>Pedro L\u00f3pez-Rold\u00e1n<br>Sandra Fachelli<\/p>\n<\/div><\/div>\n\n\n\n<h2 class=\"wp-block-heading\">Cap\u00edtulo III.10 <br>An\u00e1lisis de regresi\u00f3n log\u00edstica<\/h2>\n\n\n\n<p>Cap\u00edtulo dedicado al an\u00e1lisis de regresi\u00f3n log\u00edstica donde se presentan el an\u00e1lisis de regresi\u00f3n log\u00edstica binaria simple y m\u00faltiple. Se da cuenta de la utilizaci\u00f3n del software estad\u00edstico para trabajar con esta t\u00e9cnica en SPSS.<\/p>\n\n\n\n<div class=\"wp-block-columns is-layout-flex wp-container-core-columns-is-layout-9d6595d7 wp-block-columns-is-layout-flex\">\n<div class=\"wp-block-column is-layout-flow wp-block-column-is-layout-flow\" style=\"flex-basis:5%\">\n<figure class=\"wp-block-image size-full\"><img loading=\"lazy\" decoding=\"async\" width=\"300\" height=\"300\" src=\"https:\/\/webs.uab.cat\/plopez\/wp-content\/uploads\/sites\/156\/2023\/02\/pdf.png\" alt=\"\" class=\"wp-image-992\" srcset=\"https:\/\/webs.uab.cat\/plopez\/wp-content\/uploads\/sites\/156\/2023\/02\/pdf.png 300w, https:\/\/webs.uab.cat\/plopez\/wp-content\/uploads\/sites\/156\/2023\/02\/pdf-150x150.png 150w\" sizes=\"auto, (max-width: 300px) 100vw, 300px\" \/><\/figure>\n<\/div>\n\n\n\n<div class=\"wp-block-column is-vertically-aligned-center is-layout-flow wp-block-column-is-layout-flow\" style=\"flex-basis:85%\">\n<p class=\"has-normal-font-size\"><a rel=\"noopener\" href=\"http:\/\/ddd.uab.cat\/pub\/caplli\/2016\/163570\/metinvsoccua_a2016_cap3-10.pdf\" target=\"_blank\">Documento del cap\u00edtulo III.10<\/a><\/p>\n<\/div>\n<\/div>\n\n\n\n<div class=\"wp-block-columns is-layout-flex wp-container-core-columns-is-layout-9d6595d7 wp-block-columns-is-layout-flex\">\n<div class=\"wp-block-column is-layout-flow wp-block-column-is-layout-flow\" style=\"flex-basis:5%\">\n<figure class=\"wp-block-image size-full is-resized\"><img loading=\"lazy\" decoding=\"async\" src=\"https:\/\/webs.uab.cat\/plopez\/wp-content\/uploads\/sites\/156\/2015\/02\/documentos1.png\" alt=\"\" class=\"wp-image-334\" width=\"50\" height=\"50\" srcset=\"https:\/\/webs.uab.cat\/plopez\/wp-content\/uploads\/sites\/156\/2015\/02\/documentos1.png 256w, https:\/\/webs.uab.cat\/plopez\/wp-content\/uploads\/sites\/156\/2015\/02\/documentos1-150x150.png 150w\" sizes=\"auto, (max-width: 50px) 100vw, 50px\" \/><\/figure>\n<\/div>\n\n\n\n<div class=\"wp-block-column is-vertically-aligned-center is-layout-flow wp-block-column-is-layout-flow\" style=\"flex-basis:85%\">\n<p class=\"has-normal-font-size\"><strong>Archivos adjuntos:<\/strong><\/p>\n<\/div>\n<\/div>\n\n\n\n<div class=\"wp-block-columns is-layout-flex wp-container-core-columns-is-layout-9d6595d7 wp-block-columns-is-layout-flex\">\n<div class=\"wp-block-column is-layout-flow wp-block-column-is-layout-flow\">\n<p>\u2013 <a rel=\"noreferrer noopener\" href=\"https:\/\/ddd.uab.cat\/pub\/llibres\/2015\/129382\/GSS1993.sav\" target=\"_blank\">GSS1993.sav<\/a><br>\u2013 <a href=\"https:\/\/ddd.uab.cat\/pub\/llibres\/2015\/129382\/ARL-Voto.sps\">ARL-Vot<\/a><a rel=\"noreferrer noopener\" href=\"https:\/\/ddd.uab.cat\/pub\/llibres\/2015\/129382\/ARL-Voto.sps\" target=\"_blank\">o<\/a><a rel=\"noreferrer noopener\" href=\"https:\/\/ddd.uab.cat\/pub\/llibres\/2015\/129382\/ARL-Voto.sps\" target=\"_blank\">.sps<\/a><br>\u2013 <a rel=\"noreferrer noopener\" href=\"https:\/\/ddd.uab.cat\/pub\/llibres\/2015\/129382\/ARL-Ingresos.sps\" target=\"_blank\">ARL-Ingresos.sps<\/a><br>\u2013 <a rel=\"noreferrer noopener\" href=\"https:\/\/ddd.uab.cat\/pub\/llibres\/2015\/129382\/ARL-Ejercicios.sps\" target=\"_blank\">ARL-Ejercicios.sps<\/a><br>\u2013 <a rel=\"noreferrer noopener\" href=\"https:\/\/ddd.uab.cat\/pub\/llibres\/2015\/129382\/ARL-Abandono.sps\" target=\"_blank\">ARL-Abandono.sps<\/a><br>\u2013 <a rel=\"noreferrer noopener\" href=\"https:\/\/ddd.uab.cat\/pub\/llibres\/2015\/129382\/ARL-Actitud.sps\" target=\"_blank\">ARL-Actitud.sps<\/a><br>\u2013 <a rel=\"noreferrer noopener\" href=\"https:\/\/ddd.uab.cat\/pub\/llibres\/2015\/129382\/ARL-ECV2005.sav\" target=\"_blank\">ARL-ECV2005.sav<\/a><br>\u2013 <a rel=\"noreferrer noopener\" href=\"https:\/\/ddd.uab.cat\/pub\/llibres\/2015\/129382\/ARL-ECV2005.sps\" target=\"_blank\">ARL-ECV2005.sps<\/a><br>\u2013 <a rel=\"noreferrer noopener\" href=\"https:\/\/ddd.uab.cat\/pub\/llibres\/2015\/129382\/CIS3041+.sav\" target=\"_blank\">CIS3041+.sav <\/a><\/p>\n<\/div>\n\n\n\n<div class=\"wp-block-column is-layout-flow wp-block-column-is-layout-flow\">\n<p>\u2013 <a href=\"https:\/\/ddd.uab.cat\/pub\/llibres\/2015\/129382\/Voto.rda\" target=\"_blank\" rel=\"noreferrer noopener\">Voto.rda<\/a><br>\u2013 <a rel=\"noreferrer noopener\" href=\"https:\/\/ddd.uab.cat\/pub\/llibres\/2015\/129382\/ARLog-Voto.R\" target=\"_blank\">ARLog-Voto.R<\/a><br>\u2013 <a rel=\"noreferrer noopener\" href=\"https:\/\/ddd.uab.cat\/pub\/llibres\/2015\/129382\/Coche.rda\" target=\"_blank\">Coche.rda<\/a><br>\u2013 <a rel=\"noreferrer noopener\" href=\"https:\/\/ddd.uab.cat\/pub\/llibres\/2015\/129382\/ARLog-Coche.R\" target=\"_blank\">ARLog-Coche.R<\/a><\/p>\n<\/div>\n<\/div>\n\n\n\n<p><strong>C\u00f3mo citar este cap\u00edtulo<\/strong>:<br>L\u00f3pez-Rold\u00e1n, P.; Fachelli, S. (2015). An\u00e1lisis de regresi\u00f3n log\u00edstica. En P. L\u00f3pez-Rold\u00e1n y S. Fachelli, <em>Metodolog\u00eda de la Investigaci\u00f3n Social Cuantitativa<\/em>. Bellaterra (Cerdanyola del Vall\u00e8s): Dip\u00f2sit Digital de Documents, Universitat Aut\u00f2noma de Barcelona. Cap\u00edtulo III.10. 1\u00aa edici\u00f3n. Edici\u00f3n digital: <a href=\"http:\/\/ddd.uab.cat\/record\/163570\" target=\"_blank\" rel=\"noopener\">http:\/\/ddd.uab.cat\/record\/163570<\/a><\/p>\n\n\n\n<p class=\"has-text-align-center\">1\u00aa edici\u00f3n, febrero de 2015<\/p>\n\n\n\n<p class=\"has-text-align-center\"><em><span style=\"font-size: x-small;font-family: book antiqua,palatino\"><a href=\"http:\/\/creativecommons.org\/licenses\/by-nc-nd\/4.0\/\"><img loading=\"lazy\" decoding=\"async\" style=\"border-width: 0;border: 0;vertical-align: middle\" src=\"https:\/\/i.creativecommons.org\/l\/by-nc-nd\/4.0\/88x31.png\" alt=\"Licencia de Creative Commons\" width=\"77\" height=\"27\"><\/a><\/span><\/em><br><em><span style=\"font-size: x-small;font-family: book antiqua,palatino\">Licensed under a <a href=\"http:\/\/creativecommons.org\/licenses\/by-nc-sa\/4.0\/\" rel=\"license\">Creative Commons<\/a><\/span><\/em><\/p>\n","protected":false},"excerpt":{"rendered":"<p>Metodolog\u00eda de la Investigaci\u00f3n Social Cuantitativa Pedro L\u00f3pez-Rold\u00e1nSandra Fachelli Cap\u00edtulo III.10 An\u00e1lisis de regresi\u00f3n log\u00edstica Cap\u00edtulo dedicado al an\u00e1lisis de regresi\u00f3n log\u00edstica donde se presentan el an\u00e1lisis de regresi\u00f3n log\u00edstica binaria simple y m\u00faltiple. Se da cuenta de la utilizaci\u00f3n del software estad\u00edstico para trabajar con esta t\u00e9cnica en SPSS. Documento del cap\u00edtulo III.10 Archivos [&hellip;]<\/p>\n","protected":false},"author":20,"featured_media":0,"parent":0,"menu_order":0,"comment_status":"closed","ping_status":"closed","template":"","meta":{"footnotes":""},"class_list":["post-482","page","type-page","status-publish","hentry"],"_links":{"self":[{"href":"https:\/\/webs.uab.cat\/plopez\/wp-json\/wp\/v2\/pages\/482","targetHints":{"allow":["GET"]}}],"collection":[{"href":"https:\/\/webs.uab.cat\/plopez\/wp-json\/wp\/v2\/pages"}],"about":[{"href":"https:\/\/webs.uab.cat\/plopez\/wp-json\/wp\/v2\/types\/page"}],"author":[{"embeddable":true,"href":"https:\/\/webs.uab.cat\/plopez\/wp-json\/wp\/v2\/users\/20"}],"replies":[{"embeddable":true,"href":"https:\/\/webs.uab.cat\/plopez\/wp-json\/wp\/v2\/comments?post=482"}],"version-history":[{"count":8,"href":"https:\/\/webs.uab.cat\/plopez\/wp-json\/wp\/v2\/pages\/482\/revisions"}],"predecessor-version":[{"id":1458,"href":"https:\/\/webs.uab.cat\/plopez\/wp-json\/wp\/v2\/pages\/482\/revisions\/1458"}],"wp:attachment":[{"href":"https:\/\/webs.uab.cat\/plopez\/wp-json\/wp\/v2\/media?parent=482"}],"curies":[{"name":"wp","href":"https:\/\/api.w.org\/{rel}","templated":true}]}}